{"id":906,"date":"2026-02-25T10:59:32","date_gmt":"2026-02-25T10:59:32","guid":{"rendered":"https:\/\/www.agricamper.com\/presse\/"},"modified":"2026-04-21T09:15:52","modified_gmt":"2026-04-21T09:15:52","slug":"press-kit-media-resources","status":"publish","type":"page","link":"https:\/\/www.agricamper.com\/nl\/press-kit-media-resources\/","title":{"rendered":"Persmap en mediabronnen"},"content":{"rendered":"<div class='breakdance'><section class=\"bde-section-906-100 bde-section\">\n  \n  \n\t\n\n\n\n<div class=\"section-container\"><div class=\"bde-div-906-101 bde-div\">\n  \n  \n\t\n\n\n\n<h2 class=\"bde-heading-906-103 bde-heading\">\nBrochure 2026\n<\/h2><div class=\"bde-div-906-102 bde-div\">\n  \n  \n\t\n\n\n\n<div class=\"bde-text-906-104 bde-text\">\n30\/10\/2025\n<\/div><div class=\"bde-button-906-105 bde-button\">\n    \n                                    \n    \n    \n    \n    \n            \n                    \n            \n            \n\n    \n    \n    \n    \n    \n    <a class=\"breakdance-link button-atom button-atom--primary bde-button__button\" href=\"#\" target=\"_self\" data-type=\"url\"  >\n\n    \n        <span class=\"button-atom__text\">T\u00e9l\u00e9charger<\/span>\n\n        \n        \n                <\/a>\n\n    \n\n\n<\/div>\n<\/div>\n<\/div><div class=\"bde-div-906-106 bde-div\">\n  \n  \n\t\n\n\n\n<h2 class=\"bde-heading-906-107 bde-heading\">\nCommuniqu\u00e9 de presse - mars 2026\n<\/h2><div class=\"bde-div-906-108 bde-div\">\n  \n  \n\t\n\n\n\n<div class=\"bde-text-906-109 bde-text\">\n30\/10\/2025\n<\/div><div class=\"bde-button-906-110 bde-button\">\n    \n                                    \n    \n    \n    \n    \n            \n                    \n            \n            \n\n    \n    \n    \n    \n    \n    <a class=\"breakdance-link button-atom button-atom--primary bde-button__button\" href=\"#\" target=\"_self\" data-type=\"url\"  >\n\n    \n        <span class=\"button-atom__text\">T\u00e9l\u00e9charger<\/span>\n\n        \n        \n                <\/a>\n\n    \n\n\n<\/div>\n<\/div>\n<\/div><div class=\"bde-div-906-111 bde-div\">\n  \n  \n\t\n\n\n\n<h2 class=\"bde-heading-906-112 bde-heading\">\nCharte Agricamper\n<\/h2><div class=\"bde-div-906-113 bde-div\">\n  \n  \n\t\n\n\n\n<div class=\"bde-text-906-114 bde-text\">\n30\/10\/2025\n<\/div><div class=\"bde-button-906-115 bde-button\">\n    \n                                    \n    \n    \n    \n    \n            \n                    \n            \n            \n\n    \n    \n    \n    \n    \n    <a class=\"breakdance-link button-atom button-atom--primary bde-button__button\" href=\"#\" target=\"_self\" data-type=\"url\"  >\n\n    \n        <span class=\"button-atom__text\">T\u00e9l\u00e9charger<\/span>\n\n        \n        \n                <\/a>\n\n    \n\n\n<\/div>\n<\/div>\n<\/div><div class=\"bde-div-906-116 bde-div\">\n  \n  \n\t\n\n\n\n<h2 class=\"bde-heading-906-117 bde-heading\">\nLorem ipsum\n<\/h2><div class=\"bde-div-906-118 bde-div\">\n  \n  \n\t\n\n\n\n<div class=\"bde-text-906-119 bde-text\">\n30\/10\/2025\n<\/div><div class=\"bde-button-906-120 bde-button\">\n    \n                                    \n    \n    \n    \n    \n            \n                    \n            \n            \n\n    \n    \n    \n    \n    \n    <a class=\"breakdance-link button-atom button-atom--primary bde-button__button\" href=\"#\" target=\"_self\" data-type=\"url\"  >\n\n    \n        <span class=\"button-atom__text\">T\u00e9l\u00e9charger<\/span>\n\n        \n        \n                <\/a>\n\n    \n\n\n<\/div>\n<\/div>\n<\/div><\/div>\n<\/section><\/div>","protected":false},"excerpt":{"rendered":"<p>Brochure 2026 30\/10\/2025 T\u00e9l\u00e9charger Communiqu\u00e9 de presse &#8211; mars 2026 30\/10\/2025 T\u00e9l\u00e9charger Charte Agricamper 30\/10\/2025 T\u00e9l\u00e9charger Lorem ipsum 30\/10\/2025 T\u00e9l\u00e9charger<\/p>\n","protected":false},"author":1,"featured_media":0,"parent":0,"menu_order":0,"comment_status":"closed","ping_status":"closed","template":"","meta":{"_acf_changed":false,"_breakdance_hide_in_design_set":false,"_breakdance_tags":"","footnotes":""},"class_list":["post-906","page","type-page","status-publish","hentry"],"acf":[],"_links":{"self":[{"href":"https:\/\/www.agricamper.com\/nl\/wp-json\/wp\/v2\/pages\/906","targetHints":{"allow":["GET"]}}],"collection":[{"href":"https:\/\/www.agricamper.com\/nl\/wp-json\/wp\/v2\/pages"}],"about":[{"href":"https:\/\/www.agricamper.com\/nl\/wp-json\/wp\/v2\/types\/page"}],"author":[{"embeddable":true,"href":"https:\/\/www.agricamper.com\/nl\/wp-json\/wp\/v2\/users\/1"}],"replies":[{"embeddable":true,"href":"https:\/\/www.agricamper.com\/nl\/wp-json\/wp\/v2\/comments?post=906"}],"version-history":[{"count":6,"href":"https:\/\/www.agricamper.com\/nl\/wp-json\/wp\/v2\/pages\/906\/revisions"}],"predecessor-version":[{"id":106194,"href":"https:\/\/www.agricamper.com\/nl\/wp-json\/wp\/v2\/pages\/906\/revisions\/106194"}],"wp:attachment":[{"href":"https:\/\/www.agricamper.com\/nl\/wp-json\/wp\/v2\/media?parent=906"}],"curies":[{"name":"wp","href":"https:\/\/api.w.org\/{rel}","templated":true}]}}