{"id":890,"date":"2026-02-25T10:59:08","date_gmt":"2026-02-25T10:59:08","guid":{"rendered":"https:\/\/www.agricamper.com\/partenariats-et-avantages\/"},"modified":"2026-04-02T17:19:34","modified_gmt":"2026-04-02T17:19:34","slug":"partners-en-kortingen","status":"publish","type":"page","link":"https:\/\/www.agricamper.com\/nl\/partners-en-kortingen\/","title":{"rendered":"Partners en kortingen"},"content":{"rendered":"<div class='breakdance'><section class=\"bde-section-890-100 bde-section\">\n  \n  \n\t\n\n\n\n<div class=\"section-container\"><div class=\"bde-rich-text-890-101 bde-rich-text breakdance-rich-text-styles\">\n<p>Op deze pagina vind je de belangrijkste partnerschappen en kortingsafspraken tussen Agricamper Italia en landbouworganisaties, netwerken voor plattelandstoerisme en camping\u2011\/caravanfederaties in Itali\u00eb en de rest van Europa. Dankzij deze samenwerkingen wordt ons netwerk van gratis overnachtingen op boerderijen sterker en profiteren camper\u2011 en buscamperreizigers die voor Agricamper kiezen van extra voordelen.<\/p><h2>Partnerschappen<\/h2><h3>Fondazione Campagna Amica \u2013 Coldiretti<\/h3><p>De <a href=\"https:\/\/www.campagnamica.it\/\" target=\"_blank\" rel=\"noopener noreferrer\">Fondazione Campagna Amica<\/a>, gelanceerd door Coldiretti in 2008, heeft als doel de Italiaanse landbouw en haar rol in de bescherming van milieu, landschap, tradities, cultuur, gezondheid en voedselveiligheid te versterken. Ze zet zich in voor eerlijke toegang tot voedsel, sociale rechtvaardigheid, samenhang en werkgelegenheid op het platteland \u2013 waarden die aansluiten bij rustig, verantwoord reizen met de camper.<\/p><h3>Federazione Italiana Vignaioli Indipendenti (FIVI)<\/h3><p>De <a href=\"https:\/\/fivi.it\/\" target=\"_blank\" rel=\"noopener noreferrer\">Federazione Italiana Vignaioli Indipendenti<\/a> (FIVI) is een non\u2011profitorganisatie die de rol van de onafhankelijke Italiaanse wijnmaker promoot en beschermt. Leden volgen de hele wijncyclus zelf: van wijngaard tot fles en verkoop, waardoor er een directe band ontstaat tussen de streek, de kelder en de consument \u2013 ook voor reizigers die met de camper op ontdekkingstocht langs wijnhuizen gaan.<\/p><h3>Movimento Turismo del Vino<\/h3><p>De <a href=\"https:\/\/movimentoturismovino.it\/\" target=\"_blank\" rel=\"noopener noreferrer\">Movimento Turismo del Vino<\/a> heeft een sleutelrol gespeeld bij de ontwikkeling van wijnbouwtoerisme in Itali\u00eb en bij het openstellen van wijnkelders voor bezoekers. Het netwerk verenigt honderden wijnbedrijven verspreid over heel Itali\u00eb, die bezoekers ontvangen voor rondleidingen, proeverijen en ontmoetingen met de producent \u2013 ideale bestemmingen voor camper- en caravanreizigers.<\/p><h3>Unionbirrai \u2013 Indipendente Artigianale<\/h3><p>Het label \u201cindipendente artigianale \u2013 una garanzia Unionbirrai\u201d markeert onafhankelijke artisanale brouwerijen die zijn erkend door de branchevereniging <a href=\"https:\/\/www.unionbirrai.it\/\" target=\"_blank\" rel=\"noopener noreferrer\">Unionbirrai<\/a>. Het benadrukt twee belangrijke pijlers: de onafhankelijkheid van de brouwerij in haar keuzes en het ambachtelijke karakter van het bier, met natuurlijke productieprocessen.<\/p><h3>Federazione Italiana Sport Equestri (FISE)<\/h3><p>De <a href=\"https:\/\/www.fise.it\/\" target=\"_blank\" rel=\"noopener noreferrer\">Federazione Italiana Sport Equestri<\/a> is door het Italiaanse olympisch comit\u00e9 CONI erkend en bevoegd om alle vormen van paardensport in Itali\u00eb te reguleren: educatief, competitief, recreatief en opleidingsgericht. De federatie is aangesloten bij de FEI, die haar erkent als enige vertegenwoordiger van de paardensport in Itali\u00eb.<\/p><h3>ENGEA \u2013 Ente Nazionale Guide Equestri Ambientali<\/h3><p><a href=\"https:\/\/www.cavalloecavalli.it\/\" target=\"_blank\" rel=\"noopener noreferrer\">ENGEA<\/a> bevordert ruitertoerisme en buitenritten in de natuur via een netwerk van milieuruitergidsen en aangesloten centra in heel Itali\u00eb. De organisatie verzorgt tochten, trektochten en ruiterervaringen waarmee je het platteland op een duurzame manier en met respect voor het landschap ontdekt.<\/p><h3>I Borghi pi\u00f9 belli d\u2019Italia<\/h3><p>De vereniging <a href=\"https:\/\/borghipiubelliditalia.it\/\" target=\"_blank\" rel=\"noopener noreferrer\">I Borghi pi\u00f9 belli d\u2019Italia<\/a> werd in 2001 opgericht op initiatief van de toerismecommissie van de Italiaanse gemeentenbond ANCI. Ze zet zich in voor het behoud en de promotie van het historische, culturele, landschappelijke en traditionele erfgoed van kleine Italiaanse dorpen, vaak buiten de drukste toeristische routes \u2013 perfecte bestemmingen voor camperreizigers die dorpen rustig willen verkennen.<\/p><h3>Lago di Como \u2013 Un mondo unico al mondo<\/h3><p>Het territoriale merk <a href=\"https:\/\/www.marchiolagodicomo.it\/\" target=\"_blank\" rel=\"noopener noreferrer\">\u201cLago di Como \u2013 Un mondo unico al mondo\u201d<\/a> is ontwikkeld door de Kamer van Koophandel van Como\u2011Lecco en de provincie Como om de verschillende economische sectoren rond het Comomeer te promoten. Het merk bundelt de toeristische, landschappelijke, culturele, industri\u00eble en dienstensectoren die met het meer verbonden zijn. Als bedrijf dat gevestigd is in de provincie Lecco deelt Agricamper Italia de waarden van het merk Lago di Como en helpt het gebied te promoten via landelijke camperovernachtingen bij lokale boerderijen.<\/p><h2>Kortingsafspraken<\/h2><p>Agricamper Italia heeft kortingsafspraken met clubs en federaties in de camping- en kampeerwereld, zodat hun leden ons netwerk van gratis camperovernachtingen op boerderijen onder gunstige voorwaarden kunnen ontdekken. Hieronder vind je de belangrijkste partners met wie afspraken zijn gemaakt; staat jouw club er niet tussen, neem dan rechtstreeks contact op om te informeren naar mogelijke kortingen.<\/p><h3>Camperisti Italiani<\/h3><p><a href=\"https:\/\/www.camperisti-italiani.com\/\" target=\"_blank\" rel=\"noopener noreferrer\">Camperisti Italiani<\/a> ontstond in 2008 als Facebookgroep voor iedereen die houdt van \u201cleven terwijl je reist\u201d. Inmiddels telt de community meer dan 170.000 leden en is ze uitgegroeid tot een herkenbaar symbool voor liefhebbers van campers en Italiaanse roadtrips.<\/p><h3>Federazione Nazionale A.C.T.ITALIA<\/h3><p>In 2000 werd A.C.T.I. door de F.I.C.C. erkend als nationale federatie onder de naam <a href=\"https:\/\/www.actitalia.it\/\" target=\"_blank\" rel=\"noopener noreferrer\">\u201cA.C.T.ITALIA Federazione\u201d<\/a>, met 1940 als oprichtingsjaar. Tegenwoordig is het een belangrijke referentie voor de aangesloten clubs, voor individuele leden en voor de bredere wereld van het rondtrekkende toerisme in Itali\u00eb en daarbuiten.<\/p><h3>Confedercampeggio \u2013 Confederazione Italiana Campeggiatori<\/h3><p><a href=\"https:\/\/www.federcampeggio.it\/\" target=\"_blank\" rel=\"noopener noreferrer\">Confedercampeggio<\/a>, de Italiaanse confederatie van kampeerders, is een non\u2011profitorganisatie die in 1950 is opgericht. Ze stimuleert de harmonische ontwikkeling van kamperen in al zijn vormen \u2013 tent, caravan en camper \u2013 en zet zich in voor een vorm van buitenrecreatie die landschap en milieu respecteert.<\/p><h3>F\u00e9d\u00e9ration Fran\u00e7aise de Camping et de Caravaning (FFCC)<\/h3><p>De <a href=\"https:\/\/ffcc.fr\/\" target=\"_blank\" rel=\"noopener noreferrer\">F\u00e9d\u00e9ration Fran\u00e7aise de Camping et de Caravaning<\/a> (FFCC) vertegenwoordigt ongeveer zes miljoen kampeerders en openluchtreizigers in Frankrijk: camper- en caravanreizigers, tentkampeerders, maar ook gasten in huuraccommodaties en mobilhomes. Haar missie is om vakanties in de buitenlucht zo aangenaam mogelijk te maken. De FFCC is erkend door de F.I.C.C.<\/p><h3>\u00d6sterreichische Camping Club (\u00d6CC)<\/h3><p>De <a href=\"https:\/\/www.campingclub.at\/\" target=\"_blank\" rel=\"noopener noreferrer\">\u00d6sterreichische Camping Club<\/a> (\u00d6CC) is de grootste belangenorganisatie voor campers en kampeerders in Oostenrijk. De club werd in 1951 opgericht en is internationaal vertegenwoordigd in de koepelorganisaties F.I.C.C. en F.I.A., waar hij meewerkt aan de ontwikkeling van kamperen in Europa.<\/p><h3>NKC \u2013 Motorhome Club Netherlands<\/h3><p>De <a href=\"https:\/\/www.nkc.nl\/\" target=\"_blank\" rel=\"noopener noreferrer\">NKC<\/a> is het toonaangevende platform voor camperaars in Nederland en een van de grootste camperclubs van Europa. De organisatie informeert, inspireert en verbindt camperaars van alle leeftijden die houden van de vrijheid en het comfort van reizen met de camper.<\/p><h3>Deutsche Camping\u2011Club e.V. (DCC)<\/h3><p>De <a href=\"https:\/\/camping-club.de\/\" target=\"_blank\" rel=\"noopener noreferrer\">Deutsche Camping\u2011Club e.V.<\/a> (DCC) is de grootste Duitse vereniging voor caravan-, camper- en tentkampeerders. De club is onderverdeeld in 21 regionale verenigingen en 188 lokale en districtclubs. Het doel is om kamperen in Duitsland en Europa te promoten als een duurzame en toegankelijke vorm van toerisme.<\/p><p>Ben je lid van een van deze verenigingen of clubs, dan kun je profiteren van de kortingsafspraken die met Agricamper Italia zijn gemaakt. Om je persoonlijke kortingscode te ontvangen, neem je rechtstreeks contact op met je vereniging of club.<\/p><p>Zodra je je code hebt gekregen, kun je die gebruiken op onze website om je Agricamper\u2011lidmaatschap aan te schaffen en te beginnen met gratis overnachtingen op boerderijen in heel Itali\u00eb.<\/p>\n<\/div><\/div>\n<\/section><\/div>","protected":false},"excerpt":{"rendered":"<p>Op deze pagina vind je de belangrijkste partnerschappen en kortingsafspraken tussen Agricamper Italia en landbouworganisaties, netwerken voor plattelandstoerisme en camping\u2011\/caravanfederaties in Itali\u00eb en de rest van Europa. Dankzij deze samenwerkingen wordt ons netwerk van gratis overnachtingen op boerderijen sterker en profiteren camper\u2011 en buscamperreizigers die voor Agricamper kiezen van extra voordelen.PartnerschappenFondazione Campagna Amica \u2013 ColdirettiDe [&hellip;]<\/p>\n","protected":false},"author":1,"featured_media":0,"parent":0,"menu_order":0,"comment_status":"closed","ping_status":"closed","template":"","meta":{"_acf_changed":false,"_breakdance_hide_in_design_set":false,"_breakdance_tags":"","footnotes":""},"class_list":["post-890","page","type-page","status-publish","hentry"],"acf":[],"_links":{"self":[{"href":"https:\/\/www.agricamper.com\/nl\/wp-json\/wp\/v2\/pages\/890","targetHints":{"allow":["GET"]}}],"collection":[{"href":"https:\/\/www.agricamper.com\/nl\/wp-json\/wp\/v2\/pages"}],"about":[{"href":"https:\/\/www.agricamper.com\/nl\/wp-json\/wp\/v2\/types\/page"}],"author":[{"embeddable":true,"href":"https:\/\/www.agricamper.com\/nl\/wp-json\/wp\/v2\/users\/1"}],"replies":[{"embeddable":true,"href":"https:\/\/www.agricamper.com\/nl\/wp-json\/wp\/v2\/comments?post=890"}],"version-history":[{"count":7,"href":"https:\/\/www.agricamper.com\/nl\/wp-json\/wp\/v2\/pages\/890\/revisions"}],"predecessor-version":[{"id":2292,"href":"https:\/\/www.agricamper.com\/nl\/wp-json\/wp\/v2\/pages\/890\/revisions\/2292"}],"wp:attachment":[{"href":"https:\/\/www.agricamper.com\/nl\/wp-json\/wp\/v2\/media?parent=890"}],"curies":[{"name":"wp","href":"https:\/\/api.w.org\/{rel}","templated":true}]}}