{"id":3467,"date":"2021-02-02T14:10:32","date_gmt":"2021-02-02T13:10:32","guid":{"rendered":"http:\/\/agricamper.web02.ipgarde.net\/?page_id=3467"},"modified":"2024-01-24T15:45:31","modified_gmt":"2024-01-24T14:45:31","slug":"buitenlandse-netwerken","status":"publish","type":"page","link":"https:\/\/www.agricamper.com\/nl\/buitenlandse-netwerken\/","title":{"rendered":"Buitenlandse peer-netwerken"},"content":{"rendered":"\n<h2 class=\"wp-block-heading\">Netwerken vergelijkbaar met Agricamper in andere landen<\/h2>\n\n\n\n<p>De\u00a0<a href=\"https:\/\/www.fefi.eu\/\" target=\"_blank\" rel=\"noreferrer noopener\">F\u00e9d\u00e9ration Europ\u00e9enne de la Formule Invitations<\/a>\u00a0(FEFI) verenigt 10 Europese netwerken die de France Passion\u00a0<em>Formule Invitations<\/em>\u00a0in hun respectievelijke landen ontwikkelen. France Passion, ontstaan in 1993, biedt de meest authentieke manier om een land in een camper te bezoeken. France Passion heeft besloten gelijkaardige netwerken te bundelen, hun respectieve ervaringen te delen en samen te werken met collega\u2019s uit\u00a0<a href=\"https:\/\/www.france-passion.com\/\" target=\"_blank\" rel=\"noreferrer noopener\">Frankrijk<\/a>,\u00a0<a href=\"https:\/\/landvergnuegen.com\/\" target=\"_blank\" rel=\"noreferrer noopener\">Duitsland<\/a>,\u00a0<a href=\"https:\/\/www.britstops.com\/\" target=\"_blank\" rel=\"noreferrer noopener\">Groot-Brittanni\u00eb en Ierland<\/a>,\u00a0<a href=\"https:\/\/espana-discovery.es\/\" target=\"_blank\" rel=\"noreferrer noopener\">Spanje<\/a>,\u00a0<a href=\"https:\/\/swissterroir.ch\/\" target=\"_blank\" rel=\"noreferrer noopener\">Zwitserland<\/a>,\u00a0<a href=\"https:\/\/pintrip.eu\/\" target=\"_blank\" rel=\"noreferrer noopener\">Denemarken<\/a>,\u00a0<a href=\"https:\/\/www.swedestops.se\/\" target=\"_blank\" rel=\"noreferrer noopener\">Zweden<\/a>,\u00a0<a href=\"https:\/\/www.bauernleben.at\/\" target=\"_blank\" rel=\"noreferrer noopener\">Oostenrijk<\/a>,\u00a0<a href=\"https:\/\/www.nortrip.no\/\" target=\"_blank\" rel=\"noreferrer noopener\">Noorwegen<\/a>\u00a0en <a href=\"https:\/\/www.agricamper-italia.com\/nl\/product-categorie\/lidmaatschap\/\" title=\"\">Itali\u00eb<\/a>\u2026 Ontdek alle leden in detail op de FEFI-site!<\/p>\n\n\n\n<div class=\"wp-block-buttons is-content-justification-center is-layout-flex wp-container-core-buttons-is-layout-a89b3969 wp-block-buttons-is-layout-flex\">\n<div class=\"wp-block-button\"><a class=\"wp-block-button__link wp-element-button\" href=\"https:\/\/www.agricamper-italia.com\/nl\/product-categorie\/guide-cartacee-turistiche-camper-roulotte-nl\/\">Koop de FEFI-gidsen<\/a><\/div>\n<\/div>\n\n\n\n<div class=\"wp-block-columns is-layout-flex wp-container-core-columns-is-layout-28f84493 wp-block-columns-is-layout-flex\">\n<div class=\"wp-block-column is-layout-flow wp-block-column-is-layout-flow\" style=\"flex-basis:33.33%\">\n<figure class=\"wp-block-image size-full\"><img loading=\"lazy\" decoding=\"async\" width=\"367\" height=\"367\" src=\"https:\/\/www.agricamper.com\/wp-content\/uploads\/2023\/01\/LogoBlack_4x_deb2d15f-4e1e-4278-bbc5-e0351c2d4435.png\" alt=\"\" class=\"wp-image-19634\" srcset=\"https:\/\/www.agricamper.com\/wp-content\/uploads\/2023\/01\/LogoBlack_4x_deb2d15f-4e1e-4278-bbc5-e0351c2d4435.png 367w, https:\/\/www.agricamper.com\/wp-content\/uploads\/2023\/01\/LogoBlack_4x_deb2d15f-4e1e-4278-bbc5-e0351c2d4435-324x324.png 324w, https:\/\/www.agricamper.com\/wp-content\/uploads\/2023\/01\/LogoBlack_4x_deb2d15f-4e1e-4278-bbc5-e0351c2d4435-100x100.png 100w, https:\/\/www.agricamper.com\/wp-content\/uploads\/2023\/01\/LogoBlack_4x_deb2d15f-4e1e-4278-bbc5-e0351c2d4435-300x300.png 300w, https:\/\/www.agricamper.com\/wp-content\/uploads\/2023\/01\/LogoBlack_4x_deb2d15f-4e1e-4278-bbc5-e0351c2d4435-150x150.png 150w, https:\/\/www.agricamper.com\/wp-content\/uploads\/2023\/01\/LogoBlack_4x_deb2d15f-4e1e-4278-bbc5-e0351c2d4435-360x360.png 360w\" sizes=\"auto, (max-width: 367px) 100vw, 367px\" \/><\/figure>\n<\/div>\n\n\n\n<div class=\"wp-block-column is-layout-flow wp-block-column-is-layout-flow\" style=\"flex-basis:66.66%\">\n<p><strong>Wat is&nbsp;<em>Formule Invitations<\/em>?<\/strong><br>Wijnboeren, boeren en ambachtslieden nodigen camperaars uit om een nacht op hun priv\u00e9terrein te overnachten. Elke producent verbindt zich ertoe kampeerders, houders van het lidmaatschap voor het lopende jaar, gratis te ontvangen. De formule maakt authentieke ontmoetingen mogelijk tussen eigenaren en kampeerders, die hen helpen hun terroirs en hun producten te ontdekken.<\/p>\n\n\n\n<p><strong>Wat zijn de doelstellingen van de FEFI?<\/strong><br>Het hoofddoel van FEFI is om reizen en tussenstops voor kampeerders in Europa te vergemakkelijken. Via de FEFI-netwerken kunnen camperbezitters profiteren van de&nbsp;<em>Formule Invitations<\/em>&nbsp;van France Passion om de gastvrijheid en rijkdom van de Europese terroirs te ontdekken.<\/p>\n<\/div>\n<\/div>\n\n\n\n<div class=\"wp-block-buttons is-content-justification-center is-layout-flex wp-container-core-buttons-is-layout-a89b3969 wp-block-buttons-is-layout-flex\">\n<div class=\"wp-block-button\"><a class=\"wp-block-button__link wp-element-button\" href=\"https:\/\/www.fefi.eu\/\" target=\"_blank\" rel=\"noreferrer noopener\">Website van FEFI<\/a><\/div>\n<\/div>\n","protected":false},"excerpt":{"rendered":"<p>Netwerken vergelijkbaar met Agricamper in andere landen De\u00a0F\u00e9d\u00e9ration Europ\u00e9enne de la Formule Invitations\u00a0(FEFI) verenigt 10 Europese netwerken die de France Passion\u00a0Formule Invitations\u00a0in hun respectievelijke landen ontwikkelen. France Passion, ontstaan in 1993, biedt de meest authentieke manier om een land in een camper te bezoeken. France Passion heeft besloten gelijkaardige netwerken te bundelen, hun respectieve ervaringen [&hellip;]<\/p>\n","protected":false},"author":1,"featured_media":51493,"parent":0,"menu_order":0,"comment_status":"closed","ping_status":"closed","template":"","meta":{"footnotes":""},"class_list":["post-3467","page","type-page","status-publish","has-post-thumbnail","hentry"],"aioseo_notices":[],"_links":{"self":[{"href":"https:\/\/www.agricamper.com\/nl\/wp-json\/wp\/v2\/pages\/3467","targetHints":{"allow":["GET"]}}],"collection":[{"href":"https:\/\/www.agricamper.com\/nl\/wp-json\/wp\/v2\/pages"}],"about":[{"href":"https:\/\/www.agricamper.com\/nl\/wp-json\/wp\/v2\/types\/page"}],"author":[{"embeddable":true,"href":"https:\/\/www.agricamper.com\/nl\/wp-json\/wp\/v2\/users\/1"}],"replies":[{"embeddable":true,"href":"https:\/\/www.agricamper.com\/nl\/wp-json\/wp\/v2\/comments?post=3467"}],"version-history":[{"count":25,"href":"https:\/\/www.agricamper.com\/nl\/wp-json\/wp\/v2\/pages\/3467\/revisions"}],"predecessor-version":[{"id":37187,"href":"https:\/\/www.agricamper.com\/nl\/wp-json\/wp\/v2\/pages\/3467\/revisions\/37187"}],"wp:featuredmedia":[{"embeddable":true,"href":"https:\/\/www.agricamper.com\/nl\/wp-json\/wp\/v2\/media\/51493"}],"wp:attachment":[{"href":"https:\/\/www.agricamper.com\/nl\/wp-json\/wp\/v2\/media?parent=3467"}],"curies":[{"name":"wp","href":"https:\/\/api.w.org\/{rel}","templated":true}]}}