{"id":1884,"date":"2026-03-23T14:00:13","date_gmt":"2026-03-23T14:00:13","guid":{"rendered":"https:\/\/www.agricamper.com\/how-agricamper-italia-works\/"},"modified":"2026-04-20T12:43:34","modified_gmt":"2026-04-20T12:43:34","slug":"hoe-het-werkt","status":"publish","type":"page","link":"https:\/\/www.agricamper.com\/nl\/hoe-het-werkt\/","title":{"rendered":"Hoe het werkt"},"content":{"rendered":"<div class='breakdance'><section class=\"bde-section-1884-102 bde-section bde-preset-880dfed4-3873-4d47-944e-9165c4d43470\">\n  \n  \n\t\n\n\n\n<div class=\"section-container\"><div class=\"bde-columns-1884-103 bde-columns bde-preset-e46cef46-c7a3-4c82-9484-24796e59893b\"><div class=\"bde-column-1884-104 bde-column\" data-entrance=\"slideLeft\">\n  \n  \n\t\n\n\n\n<img decoding=\"async\" class=\"bde-image2-1884-105 bde-image2\" src=\"https:\/\/www.agricamper.com\/wp-content\/uploads\/2026\/03\/27-1.jpeg\" alt=\"Reis met een gerust gevoel\" loading=\"lazy\" srcset=\"https:\/\/www.agricamper.com\/wp-content\/uploads\/2026\/03\/27-1.jpeg 1560w, https:\/\/www.agricamper.com\/wp-content\/uploads\/2026\/03\/27-1-225x300.jpeg 225w, https:\/\/www.agricamper.com\/wp-content\/uploads\/2026\/03\/27-1-768x1024.jpeg 768w, https:\/\/www.agricamper.com\/wp-content\/uploads\/2026\/03\/27-1-1152x1536.jpeg 1152w, https:\/\/www.agricamper.com\/wp-content\/uploads\/2026\/03\/27-1-1536x2048.jpeg 1536w, https:\/\/www.agricamper.com\/wp-content\/uploads\/2026\/03\/27-1-600x800.jpeg 600w\" sizes=\"(max-width: 1560px) 100vw, 1560px\">\n<\/div><div class=\"bde-column-1884-106 bde-column\" data-entrance=\"slideRight\">\n  \n  \n\t\n\n\n\n<h2 class=\"bde-heading-1884-107 bde-heading\">\nReis met een gerust gevoel\n<\/h2><div class=\"bde-rich-text-1884-108 bde-rich-text breakdance-rich-text-styles\">\nMet Agricamper Italia wordt reizen met camper, buscamper of zelfvoorzienende caravan eenvoudig: \u00e9\u00e9n lidmaatschap met ebook en app, en een netwerk van landelijke stopplaatsen in heel Itali\u00eb.\n<\/div>\n<\/div><\/div><\/div>\n<\/section><section class=\"bde-section-1884-109 bde-section bde-preset-880dfed4-3873-4d47-944e-9165c4d43470\">\n  \n  \n\t\n\n\n\n<div class=\"section-container\"><div class=\"bde-columns-1884-110 bde-columns\"><div class=\"bde-column-1884-111 bde-column bde-preset-9e84af6e-29b2-4f14-8372-1d5c2ead57cc\" data-entrance=\"slideLeft\">\n  \n  \n\t\n\n\n\n<h2 class=\"bde-heading-1884-112 bde-heading\">\nWord lid en log in\n<\/h2><div class=\"bde-rich-text-1884-113 bde-rich-text breakdance-rich-text-styles\">\nJe koopt je jaarlijkse lidmaatschap op onze website met je e\u2011mailadres en een wachtwoord.\nNa betaling ontvang je het ebook per e\u2011mail en download je de Agricamper Italia app in de Play Store of App Store om direct toegang te krijgen tot landelijke stopplaatsen in heel Itali\u00eb.\n<\/div>\n<\/div><div class=\"bde-column-1884-114 bde-column\" data-entrance=\"slideRight\">\n  \n  \n\t\n\n\n\n<img decoding=\"async\" class=\"bde-image2-1884-115 bde-image2\" src=\"https:\/\/www.agricamper.com\/wp-content\/uploads\/2026\/02\/devenir-accueillant.jpg\" alt=\"Word lid en log in\" loading=\"lazy\" srcset=\"https:\/\/www.agricamper.com\/wp-content\/uploads\/2026\/02\/devenir-accueillant.jpg 2048w, https:\/\/www.agricamper.com\/wp-content\/uploads\/2026\/02\/devenir-accueillant-600x400.jpg 600w, https:\/\/www.agricamper.com\/wp-content\/uploads\/2026\/02\/devenir-accueillant-300x200.jpg 300w, https:\/\/www.agricamper.com\/wp-content\/uploads\/2026\/02\/devenir-accueillant-1024x683.jpg 1024w, https:\/\/www.agricamper.com\/wp-content\/uploads\/2026\/02\/devenir-accueillant-768x512.jpg 768w, https:\/\/www.agricamper.com\/wp-content\/uploads\/2026\/02\/devenir-accueillant-1536x1025.jpg 1536w, https:\/\/www.agricamper.com\/wp-content\/uploads\/2026\/02\/devenir-accueillant-18x12.jpg 18w\" sizes=\"(max-width: 2048px) 100vw, 2048px\">\n<\/div><\/div><\/div>\n<\/section><section class=\"bde-section-1884-116 bde-section bde-preset-880dfed4-3873-4d47-944e-9165c4d43470\">\n  \n  \n\t\n\n\n\n<div class=\"section-container\"><div class=\"bde-columns-1884-117 bde-columns bde-preset-e46cef46-c7a3-4c82-9484-24796e59893b\"><div class=\"bde-column-1884-118 bde-column\" data-entrance=\"slideLeft\">\n  \n  \n\t\n\n\n\n<img decoding=\"async\" class=\"bde-image2-1884-119 bde-image2\" src=\"https:\/\/www.agricamper.com\/wp-content\/uploads\/2026\/04\/agricamper-camper-caravan-05.jpg\" alt=\"Kies je volgende stop\" loading=\"lazy\" srcset=\"https:\/\/www.agricamper.com\/wp-content\/uploads\/2026\/04\/agricamper-camper-caravan-05.jpg 1423w, https:\/\/www.agricamper.com\/wp-content\/uploads\/2026\/04\/agricamper-camper-caravan-05-300x169.jpg 300w, https:\/\/www.agricamper.com\/wp-content\/uploads\/2026\/04\/agricamper-camper-caravan-05-1024x576.jpg 1024w, https:\/\/www.agricamper.com\/wp-content\/uploads\/2026\/04\/agricamper-camper-caravan-05-768x432.jpg 768w, https:\/\/www.agricamper.com\/wp-content\/uploads\/2026\/04\/agricamper-camper-caravan-05-600x337.jpg 600w\" sizes=\"(max-width: 1423px) 100vw, 1423px\">\n<\/div><div class=\"bde-column-1884-120 bde-column\" data-entrance=\"slideRight\">\n  \n  \n\t\n\n\n\n<h2 class=\"bde-heading-1884-121 bde-heading\">\nKies je volgende stop\n<\/h2><div class=\"bde-rich-text-1884-122 bde-rich-text breakdance-rich-text-styles\">\nIn de app ontdek je boerderijen, wijngaarden en landelijke locaties door heel Itali\u00eb.\nJe bekijkt profielen van hosts, gebruikt filters en reviews, checkt foto\u2019s en praktische info en kiest de plekken die het best bij je route passen.\n<\/div>\n<\/div><\/div><\/div>\n<\/section><section class=\"bde-section-1884-123 bde-section bde-preset-880dfed4-3873-4d47-944e-9165c4d43470\">\n  \n  \n\t\n\n\n\n<div class=\"section-container\"><div class=\"bde-columns-1884-124 bde-columns\"><div class=\"bde-column-1884-125 bde-column bde-preset-9e84af6e-29b2-4f14-8372-1d5c2ead57cc\" data-entrance=\"slideLeft\">\n  \n  \n\t\n\n\n\n<h2 class=\"bde-heading-1884-126 bde-heading\">\nStuur je aanvraag en wacht op bevestiging\n<\/h2><div class=\"bde-rich-text-1884-127 bde-rich-text breakdance-rich-text-styles\">\nWanneer je de ideale stop hebt gevonden, verstuur je via de app een reserveringsaanvraag.\nDaarna wacht je op de bevestiging van de host, zodat je zeker weet dat je welkom bent bij aankomst.\n<\/div>\n<\/div><div class=\"bde-column-1884-128 bde-column\" data-entrance=\"slideRight\">\n  \n  \n\t\n\n\n\n<img decoding=\"async\" class=\"bde-image2-1884-129 bde-image2\" src=\"https:\/\/www.agricamper.com\/wp-content\/uploads\/2026\/04\/agricamper-camper-caravan-02-1.webp\" alt=\"Stuur je aanvraag en wacht op bevestiging\" loading=\"lazy\" srcset=\"https:\/\/www.agricamper.com\/wp-content\/uploads\/2026\/04\/agricamper-camper-caravan-02-1.webp 400w, https:\/\/www.agricamper.com\/wp-content\/uploads\/2026\/04\/agricamper-camper-caravan-02-1-300x300.webp 300w, https:\/\/www.agricamper.com\/wp-content\/uploads\/2026\/04\/agricamper-camper-caravan-02-1-150x150.webp 150w\" sizes=\"(max-width: 400px) 100vw, 400px\">\n<\/div><\/div><\/div>\n<\/section><section class=\"bde-section-1884-130 bde-section bde-preset-880dfed4-3873-4d47-944e-9165c4d43470\">\n  \n  \n\t\n\n\n\n<div class=\"section-container\"><div class=\"bde-columns-1884-131 bde-columns bde-preset-e46cef46-c7a3-4c82-9484-24796e59893b\"><div class=\"bde-column-1884-132 bde-column\" data-entrance=\"slideLeft\">\n  \n  \n\t\n\n\n\n<img decoding=\"async\" class=\"bde-image2-1884-133 bde-image2\" src=\"https:\/\/www.agricamper.com\/wp-content\/uploads\/2026\/04\/agricamper-camper-caravan-07.jpeg\" alt=\"Geniet van een rustige stop van 24 uur\" loading=\"lazy\" srcset=\"https:\/\/www.agricamper.com\/wp-content\/uploads\/2026\/04\/agricamper-camper-caravan-07.jpeg 800w, https:\/\/www.agricamper.com\/wp-content\/uploads\/2026\/04\/agricamper-camper-caravan-07-225x300.jpeg 225w, https:\/\/www.agricamper.com\/wp-content\/uploads\/2026\/04\/agricamper-camper-caravan-07-768x1023.jpeg 768w, https:\/\/www.agricamper.com\/wp-content\/uploads\/2026\/04\/agricamper-camper-caravan-07-600x800.jpeg 600w\" sizes=\"(max-width: 800px) 100vw, 800px\">\n<\/div><div class=\"bde-column-1884-134 bde-column\" data-entrance=\"slideRight\">\n  \n  \n\t\n\n\n\n<h2 class=\"bde-heading-1884-135 bde-heading\">\nGeniet van een rustige stop van 24 uur\n<\/h2><div class=\"bde-rich-text-1884-136 bde-rich-text breakdance-rich-text-styles\">\nJe parkeert op priv\u00e9terrein in een rustige, natuurlijke omgeving, tot 24 uur lang met je zelfvoorzienende voertuig. Een ontspannen manier van reizen, dicht bij natuur en lokale mensen.\n<\/div>\n<\/div><\/div><\/div>\n<\/section><section class=\"bde-section-1884-137 bde-section bde-preset-880dfed4-3873-4d47-944e-9165c4d43470\">\n  \n  \n\t\n\n\n\n<div class=\"section-container\"><div class=\"bde-columns-1884-138 bde-columns\"><div class=\"bde-column-1884-139 bde-column bde-preset-9e84af6e-29b2-4f14-8372-1d5c2ead57cc\" data-entrance=\"slideLeft\">\n  \n  \n\t\n\n\n\n<h2 class=\"bde-heading-1884-140 bde-heading\">\nOntmoet hosts en steun lokaal Itali\u00eb\n<\/h2><div class=\"bde-rich-text-1884-141 bde-rich-text breakdance-rich-text-styles\">\nTijdens je stop ontmoet je boeren en lokale producenten en krijg je een kijkje achter de schermen in hun werk.\nHet geld dat je bespaart ten opzichte van een camping of camperplaats kun je gebruiken om jezelf te trakteren op heerlijke lokale producten en je host direct te steunen.\n<\/div>\n<\/div><div class=\"bde-column-1884-142 bde-column\" data-entrance=\"slideRight\">\n  \n  \n\t\n\n\n\n<img decoding=\"async\" class=\"bde-image2-1884-143 bde-image2\" src=\"https:\/\/www.agricamper.com\/wp-content\/uploads\/2026\/04\/agricamper-camper-caravan-06.jpeg\" alt=\"Ontmoet hosts en steun lokaal Itali\u00eb\" loading=\"lazy\" srcset=\"https:\/\/www.agricamper.com\/wp-content\/uploads\/2026\/04\/agricamper-camper-caravan-06.jpeg 1200w, https:\/\/www.agricamper.com\/wp-content\/uploads\/2026\/04\/agricamper-camper-caravan-06-300x200.jpeg 300w, https:\/\/www.agricamper.com\/wp-content\/uploads\/2026\/04\/agricamper-camper-caravan-06-1024x683.jpeg 1024w, https:\/\/www.agricamper.com\/wp-content\/uploads\/2026\/04\/agricamper-camper-caravan-06-768x512.jpeg 768w, https:\/\/www.agricamper.com\/wp-content\/uploads\/2026\/04\/agricamper-camper-caravan-06-600x400.jpeg 600w\" sizes=\"(max-width: 1200px) 100vw, 1200px\">\n<\/div><\/div><\/div>\n<\/section><\/div>","protected":false},"excerpt":{"rendered":"<p>Reis met een gerust gevoel Met Agricamper Italia wordt reizen met camper, buscamper of zelfvoorzienende caravan eenvoudig: \u00e9\u00e9n lidmaatschap met ebook en app, en een netwerk van landelijke stopplaatsen in heel Itali\u00eb. Word lid en log in Je koopt je jaarlijkse lidmaatschap op onze website met je e\u2011mailadres en een wachtwoord. Na betaling ontvang je [&hellip;]<\/p>\n","protected":false},"author":2,"featured_media":0,"parent":0,"menu_order":0,"comment_status":"closed","ping_status":"closed","template":"","meta":{"_acf_changed":false,"_breakdance_hide_in_design_set":false,"_breakdance_tags":"","footnotes":""},"class_list":["post-1884","page","type-page","status-publish","hentry"],"acf":[],"_links":{"self":[{"href":"https:\/\/www.agricamper.com\/nl\/wp-json\/wp\/v2\/pages\/1884","targetHints":{"allow":["GET"]}}],"collection":[{"href":"https:\/\/www.agricamper.com\/nl\/wp-json\/wp\/v2\/pages"}],"about":[{"href":"https:\/\/www.agricamper.com\/nl\/wp-json\/wp\/v2\/types\/page"}],"author":[{"embeddable":true,"href":"https:\/\/www.agricamper.com\/nl\/wp-json\/wp\/v2\/users\/2"}],"replies":[{"embeddable":true,"href":"https:\/\/www.agricamper.com\/nl\/wp-json\/wp\/v2\/comments?post=1884"}],"version-history":[{"count":11,"href":"https:\/\/www.agricamper.com\/nl\/wp-json\/wp\/v2\/pages\/1884\/revisions"}],"predecessor-version":[{"id":105567,"href":"https:\/\/www.agricamper.com\/nl\/wp-json\/wp\/v2\/pages\/1884\/revisions\/105567"}],"wp:attachment":[{"href":"https:\/\/www.agricamper.com\/nl\/wp-json\/wp\/v2\/media?parent=1884"}],"curies":[{"name":"wp","href":"https:\/\/api.w.org\/{rel}","templated":true}]}}