{"id":913,"date":"2026-02-25T10:56:26","date_gmt":"2026-02-25T10:56:26","guid":{"rendered":"https:\/\/www.agricamper.com\/qui-sommes-nous\/"},"modified":"2026-04-20T13:31:17","modified_gmt":"2026-04-20T13:31:17","slug":"chi-siamo","status":"publish","type":"page","link":"https:\/\/www.agricamper.com\/it\/chi-siamo\/","title":{"rendered":"Chi siamo"},"content":{"rendered":"<div class='breakdance'><section class=\"bde-section-913-100 bde-section bde-preset-880dfed4-3873-4d47-944e-9165c4d43470\">\n  \n  \n\t\n\n\n\n<div class=\"section-container\"><div class=\"bde-rich-text-913-101 bde-rich-text breakdance-rich-text-styles\">\n<p><strong>Agricamper Italia<\/strong> \u00e8 la prima rete italiana di aree di sosta gratuite in fattoria, dedicata a chi viaggia con camper, campervan e roulotte completamente autonomi.<\/p><p>Colleghiamo viaggiatori con aziende agricole, cantine e piccoli produttori rurali in tutta Italia, affinch\u00e9 ogni sosta diventi un\u2019esperienza di viaggio pi\u00f9 autentica, locale e sostenibile.<\/p><h2>Chi siamo<\/h2><p>Agricamper Italia \u00e8 nata nel 2020 da un\u2019idea di Pauline Nava, imprenditrice francese innamorata dell\u2019Italia, che desiderava rendere i viaggi in camper e roulotte pi\u00f9 facili, autentici e vicini al mondo contadino.<\/p><p>Ispirata al modello di sosta in fattoria creato da France Passion nel 1992 e successivamente sviluppato in altri Paesi europei, Agricamper Italia \u00e8 cresciuta fino a diventare una rete nazionale che aiuta i viaggiatori a scoprire la campagna italiana sostenendo al tempo stesso i produttori locali.<\/p><h2>Cosa offre Agricamper Italia<\/h2><p>Con un adesione annuale, l'ebook e l\u2019app dedicata, i viaggiatori possono trovare gli host aderenti in tutta Italia e beneficiare, ogni volta, di una sosta gratuita di 24 ore in modo semplice, sicuro e trasparente.<\/p><p>La rete \u00e8 pensata per veicoli autonomi: camper, van e roulotte dotati di tutto il necessario per viaggiare e sostare nel pieno rispetto dei luoghi e degli host.<\/p><h2>Perch\u00e9 il nostro modello \u00e8 diverso<\/h2><p>Agricamper Italia non \u00e8 un campeggio e non \u00e8 un\u2019area di sosta tradizionale. \u00c8 una rete di soste rurali basata su uno scambio semplice e rispettoso: gli host offrono un luogo dove fermarsi e i viaggiatori sono invitati a scoprire e acquistare i loro prodotti.<\/p><p>In questo modo promuoviamo un turismo pi\u00f9 umano, che sostiene aziende agricole, cantine e piccoli produttori, e offre ai viaggiatori un modo pi\u00f9 significativo di esplorare l\u2019Italia.<\/p><h2>La nostra missione<\/h2><p>La nostra missione \u00e8 rendere facile viaggiare in camper o roulotte in tutta Italia in modo responsabile, indipendente e profondamente legato al territorio.<\/p><ul><li>Rendiamo pi\u00f9 semplice trovare soste in campagna grazie a un abbonamento chiaro e a un\u2019app intuitiva.<\/li><li>Diamo visibilit\u00e0 a agricoltori, viticoltori e produttori che desiderano condividere il proprio lavoro, i propri prodotti e le loro storie.<\/li><li>Promuoviamo un turismo rispettoso attraverso regole chiare che tutelano sia i viaggiatori sia gli host.<\/li><\/ul><h2>Una rete europea<\/h2><p>Agricamper Italia fa parte di FEFI, la <a href=\"https:\/\/www.fefi.eu\/\" target=\"_blank\" rel=\"noopener\">F\u00e9d\u00e9ration Europ\u00e9enne de la Formule Invitations<\/a>, che riunisce le reti di soste in fattoria in diversi Paesi europei.<\/p><p>Questa dimensione europea include partner affermati come France Passion, Landvergn\u00fcgen, Brit Stops, Nortrip, Pintrip ed Espa\u00f1a Discovery, tutti accomunati dallo stesso spirito di viaggio indipendente e rispettoso nella natura.<\/p><h2>Il team di Agricamper Italia<\/h2><p>Dietro Agricamper Italia c\u2019\u00e8 un team dedicato con base a Lecco, che ogni giorno si occupa dei rapporti con le strutture, dell\u2019assistenza ai viaggiatori, dello sviluppo digitale e della comunicazione.<\/p><p>Il nostro obiettivo \u00e8 semplice: fare in modo che ogni sosta Agricamper sia un\u2019esperienza positiva, sia per chi accoglie sia per chi viaggia.<\/p>\n<\/div><\/div>\n<\/section><\/div>","protected":false},"excerpt":{"rendered":"<p>Agricamper Italia \u00e8 la prima rete italiana di aree di sosta gratuite in fattoria, dedicata a chi viaggia con camper, campervan e roulotte completamente autonomi.Colleghiamo viaggiatori con aziende agricole, cantine e piccoli produttori rurali in tutta Italia, affinch\u00e9 ogni sosta diventi un\u2019esperienza di viaggio pi\u00f9 autentica, locale e sostenibile.Chi siamoAgricamper Italia \u00e8 nata nel 2020 [&hellip;]<\/p>\n","protected":false},"author":1,"featured_media":0,"parent":0,"menu_order":0,"comment_status":"closed","ping_status":"closed","template":"","meta":{"_acf_changed":false,"_breakdance_hide_in_design_set":false,"_breakdance_tags":"","footnotes":""},"class_list":["post-913","page","type-page","status-publish","hentry"],"acf":[],"_links":{"self":[{"href":"https:\/\/www.agricamper.com\/it\/wp-json\/wp\/v2\/pages\/913","targetHints":{"allow":["GET"]}}],"collection":[{"href":"https:\/\/www.agricamper.com\/it\/wp-json\/wp\/v2\/pages"}],"about":[{"href":"https:\/\/www.agricamper.com\/it\/wp-json\/wp\/v2\/types\/page"}],"author":[{"embeddable":true,"href":"https:\/\/www.agricamper.com\/it\/wp-json\/wp\/v2\/users\/1"}],"replies":[{"embeddable":true,"href":"https:\/\/www.agricamper.com\/it\/wp-json\/wp\/v2\/comments?post=913"}],"version-history":[{"count":8,"href":"https:\/\/www.agricamper.com\/it\/wp-json\/wp\/v2\/pages\/913\/revisions"}],"predecessor-version":[{"id":105589,"href":"https:\/\/www.agricamper.com\/it\/wp-json\/wp\/v2\/pages\/913\/revisions\/105589"}],"wp:attachment":[{"href":"https:\/\/www.agricamper.com\/it\/wp-json\/wp\/v2\/media?parent=913"}],"curies":[{"name":"wp","href":"https:\/\/api.w.org\/{rel}","templated":true}]}}