{"id":901,"date":"2026-02-25T11:02:25","date_gmt":"2026-02-25T11:02:25","guid":{"rendered":"https:\/\/www.agricamper.com\/politique-de-cookies\/"},"modified":"2026-04-02T12:08:09","modified_gmt":"2026-04-02T12:08:09","slug":"informativa-sui-cookie","status":"publish","type":"page","link":"https:\/\/www.agricamper.com\/it\/informativa-sui-cookie\/","title":{"rendered":"Informativa sui cookie"},"content":{"rendered":"<div class='breakdance'><section class=\"bde-section-901-100 bde-section\">\n  \n  \n\t\n\n\n\n<div class=\"section-container\"><div class=\"bde-rich-text-901-101 bde-rich-text breakdance-rich-text-styles\">\n<h2>1. Informazioni sulla presente cookie policy<\/h2><p>La presente sezione fornisce informazioni sulla cookie policy del sito web di Agricamper, di propriet\u00e0 di Agricamper s.r.l., in relazione all\u2019utilizzo dei cookie da parte degli utenti.<\/p><p>Il presente documento costituisce parte integrante dell\u2019Informativa Privacy del sito, disponibile all\u2019indirizzo <a href=\"https:\/\/www.agricamper.com\/privacy-policy\/\">https:\/\/www.agricamper.com\/privacy-policy\/<\/a>, e delle informazioni ivi fornite agli interessati ai sensi del Regolamento (UE) 2016\/679 (GDPR), del Codice in materia di protezione dei dati personali (D.Lgs. 196\/2003 e s.m.i.) e delle \u201cLinee guida sui cookie e altri strumenti di tracciamento \u2013 10 giugno 2021\u201d, pubblicate in G.U. n. 163 del 9 luglio 2021.<\/p><p>Le presenti informazioni si riferiscono esclusivamente ai cookie utilizzati sul sito web e sull\u2019applicazione Agricamper, e non riguardano i cookie utilizzati su siti esterni eventualmente raggiungibili tramite link presenti su questo sito.<\/p><p>La cookie policy pu\u00f2 essere aggiornata periodicamente; ti invitiamo pertanto a consultare questo documento ogni volta che accedi al sito, per essere correttamente informato sulle modalit\u00e0 e sulle finalit\u00e0 di utilizzo dei cookie.<\/p><h2>2. Titolare del trattamento<\/h2><p>Il titolare del trattamento \u00e8 la persona fisica o giuridica, l\u2019autorit\u00e0 pubblica, il servizio o altro organismo che, singolarmente o insieme ad altri, determina le finalit\u00e0 e i mezzi del trattamento di dati personali ed \u00e8 altres\u00ec responsabile della sicurezza dei dati.<\/p><p>Per il presente sito web, il titolare del trattamento \u00e8 Agricamper s.r.l. Per qualsiasi chiarimento o per l\u2019esercizio dei tuoi diritti, puoi contattarci tramite il <a href=\"https:\/\/www.agricamper.com\/nl\/contact\/\">modulo di contatto<\/a> disponibile su questo sito.<\/p><h2>3. Cookie<\/h2><p>L\u2019utilizzo dei cookie avviene nel rispetto della normativa europea e nazionale applicabile, tra cui la disciplina in materia di e\u2011Privacy (Direttiva 2002\/58\/CE, come modificata dalla Direttiva 2009\/136\/CE) e i provvedimenti e le linee guida dell\u2019Autorit\u00e0 Garante per la protezione dei dati personali, in particolare le \u201cLinee guida sui cookie e altri strumenti di tracciamento\u201d del 10 giugno 2021, n. 231.<\/p><h2>4. Tipologie di cookie<\/h2><p>Il sito Agricamper utilizza cookie per rendere l\u2019esperienza di navigazione degli utenti pi\u00f9 semplice e intuitiva. I cookie sono brevi stringhe di testo utilizzate per memorizzare alcune informazioni che possono riguardare l\u2019utente, le sue preferenze o il dispositivo utilizzato per accedere a Internet (computer, tablet o smartphone). Essi sono impiegati principalmente per adattare il funzionamento del sito alle aspettative dell\u2019utente, offrendo un\u2019esperienza di navigazione pi\u00f9 personalizzata e ricordando le scelte effettuate in precedenza.<\/p><p>Un cookie \u00e8 composto da una piccola quantit\u00e0 di dati trasferiti al browser dell\u2019utente da un server web e pu\u00f2 essere letto soltanto dal server che ha effettuato il trasferimento. Non \u00e8 codice eseguibile e non trasmette virus.<\/p><p>I cookie non registrano informazioni personali idonee a identificare direttamente l\u2019utente e gli eventuali dati identificativi non vengono memorizzati all\u2019interno dei cookie. Se lo desideri, puoi impedire la memorizzazione di alcuni o di tutti i cookie; tuttavia, in tal caso, l\u2019utilizzo del sito e dei servizi offerti potrebbe risultare compromesso. Per continuare la navigazione senza modificare le impostazioni relative ai cookie, \u00e8 sufficiente proseguire la navigazione.<\/p><p>Il presente sito pu\u00f2 utilizzare, singolarmente o in combinazione, le seguenti tipologie di cookie, classificate in linea con le indicazioni del Garante e con i pareri espressi a livello europeo dal Gruppo di lavoro ex art. 29 \/ EDPB:<\/p><ul><li><strong>Cookie di sessione<\/strong>: non vengono memorizzati in modo persistente sul computer dell\u2019utente e vengono cancellati alla chiusura del browser. Sono limitati alla trasmissione di identificativi di sessione necessari per consentire una navigazione sicura ed efficiente ed evitare il ricorso a tecniche potenzialmente pregiudizievoli per la riservatezza degli utenti.<\/li><li><strong>Cookie persistenti<\/strong>: rimangono memorizzati sul disco fisso del computer fino alla loro scadenza o cancellazione da parte dell\u2019utente\/visitatore. Tramite i cookie persistenti, i visitatori che accedono al sito (o altri utenti che utilizzano lo stesso computer) possono essere riconosciuti in occasione di visite successive. L\u2019utente pu\u00f2 impostare il proprio browser in modo da accettare o rifiutare tutti i cookie, oppure visualizzare un avviso ogni volta che viene proposto un cookie, per decidere se accettarlo o meno. \u00c8 inoltre possibile modificare l\u2019impostazione predefinita e disabilitare i cookie (i.e. bloccarli in modo definitivo) impostando il livello di protezione pi\u00f9 elevato.<\/li><li><strong>Cookie tecnici<\/strong>: sono utilizzati per finalit\u00e0 quali l\u2019autenticazione, la fruizione di contenuti multimediali (ad esempio un lettore video) o la memorizzazione della lingua di navigazione prescelta. In generale, per tali cookie non \u00e8 richiesto il preventivo consenso informato dell\u2019utente. In questa categoria rientrano anche i cookie utilizzati esclusivamente per l\u2019analisi statistica degli accessi\/visite al sito, quando impiegati solo per produrre statistiche aggregate.<\/li><li><strong>Cookie di profilazione e marketing<\/strong>: non possono essere utilizzati sui dispositivi degli utenti se non dopo che questi siano stati adeguatamente informati e abbiano espresso un valido consenso (opt\u2011in). Tali cookie possono essere raggruppati in base alla loro funzione come segue:<ul><li><strong>a) Cookie analytics<\/strong>: utilizzati per raccogliere e analizzare informazioni statistiche sugli accessi\/visite al sito. In alcuni casi, se associati ad altre informazioni quali le credenziali di accesso alle aree riservate (indirizzo email e password), possono essere impiegati per profilare l\u2019utente (abitudini personali, siti visitati, contenuti scaricati, tipologie di interazioni, ecc.).<\/li><li><strong>b) Cookie di widget<\/strong>: rientrano in questa categoria tutti i componenti grafici di interfaccia utente che facilitano l\u2019interazione con un programma, quali i pulsanti e i widget di social network (ad esempio Facebook, Twitter).<\/li><li><strong>c) Cookie pubblicitari<\/strong>: cookie utilizzati per l\u2019erogazione di messaggi pubblicitari all\u2019interno di un sito (ad esempio cookie di Google o Tradedoubler).<\/li><\/ul><\/li><\/ul><h2>5. Cookie tecnici<\/h2><p>I cookie tecnici sono utilizzati esclusivamente per effettuare la trasmissione di una comunicazione su una rete di comunicazione elettronica o, nella misura strettamente necessaria, per erogare un servizio della societ\u00e0 dell\u2019informazione esplicitamente richiesto dall\u2019utente (art. 122, comma 1, del Codice Privacy).<\/p><p>Per i cookie tecnici non \u00e8 richiesto il preventivo consenso dell\u2019utente. Essi sono impiegati per consentire il funzionamento del sito e\/o per fornire all\u2019utente un servizio o una funzionalit\u00e0 da lui espressamente richiesta. Tali cookie assicurano quindi la normale navigazione e fruizione del sito, permettono di salvare le preferenze dell\u2019utente e di ottimizzare l\u2019esperienza di navigazione. Il sito utilizza cookie tecnici di prima parte e di terza parte.<\/p><p>I cookie tecnici effettivamente utilizzati, o che possono essere utilizzati, sul sito includono:<\/p><ul><li><strong>Cookie di \u201cuser input\u201d<\/strong>: cookie di sessione utilizzati per tenere traccia dei dati immessi dall\u2019utente nei moduli online (ad esempio durante il processo di acquisto, per l\u2019inserimento dei dati di spedizione o fatturazione) o, come nel caso del carrello, per ricordare gli articoli selezionati e aggiunti.<\/li><li><strong>Cookie di autenticazione<\/strong>: cookie impiegati per identificare l\u2019utente dopo il login e consentirgli l\u2019accesso autenticato a contenuti e\/o funzionalit\u00e0 per cui \u00e8 richiesto l\u2019accesso (ad esempio acquisti, area personale).<\/li><li><strong>Altri cookie di funzionalit\u00e0<\/strong>: cookie che consentono specifiche funzionalit\u00e0 del sito e memorizzano le scelte dell\u2019utente relative alle modalit\u00e0 di visualizzazione delle pagine.<\/li><li><strong>Cookie di \u201cconsenso ai cookie\u201d<\/strong>: cookie che registrano il consenso dell\u2019utente all\u2019installazione di cookie di profilazione in seguito a una delle azioni descritte nel banner\/nel testo breve, riconoscono l\u2019utente di ritorno per evitare di richiedere nuovamente il consenso e hanno una durata fino a 12 mesi.<\/li><\/ul><h2>6. Cookie di terza parte<\/h2><p>In base alla provenienza, i cookie si distinguono tra quelli inviati al browser direttamente dal sito visitato (cookie di prima parte) e quelli inviati al dispositivo dell\u2019utente da soggetti terzi (cookie di terza parte) attraverso siti diversi da quello visitato.<\/p><p>I cookie persistenti sono spesso cookie di terza parte. La maggior parte dei cookie di terza parte \u00e8 costituita da cookie di tracciamento utilizzati per rilevare il comportamento online, comprendere gli interessi degli utenti e personalizzare di conseguenza la pubblicit\u00e0.<\/p><h2>7. Cookie analytics<\/h2><p>I cookie analytics sono utilizzati per raccogliere informazioni statistiche, in forma aggregata o meno, sul numero di utenti che accedono a un servizio.<\/p><p>I cookie analytics utilizzati da Agricamper sono cookie di terza parte, in quanto sono rilasciati da soggetti terzi e non direttamente dal titolare, e pertanto non sono installati direttamente da Agricamper.<\/p><p>La piattaforma che rilascia tali cookie \u00e8, tra le altre:<\/p><p>Google Analytics<br \/>Privacy Policy: <a href=\"https:\/\/policies.google.com\/privacy\" target=\"_blank\" rel=\"noopener\">https:\/\/policies.google.com\/privacy<\/a><br \/>Opt\u2011out: <a href=\"https:\/\/www.google.com\/settings\/ads\/onweb\/optout\" target=\"_blank\" rel=\"noopener\">https:\/\/www.google.com\/settings\/ads\/onweb\/optout<\/a><\/p><p>I cookie analytics di terza parte vengono installati senza il previo consenso dell\u2019utente solo quando sono configurati in modo tale da ridurne l\u2019invasivit\u00e0, ad esempio mediante l\u2019anonimizzazione degli indirizzi IP, cos\u00ec da impedire al terzo di accedere ai dati analitici disaggregati a livello di indirizzo IP.<\/p><p>L\u2019utente pu\u00f2 in qualsiasi momento bloccare l\u2019installazione dei cookie analytics senza che ci\u00f2 comprometta la possibilit\u00e0 di visitare il sito o utilizzare i servizi di Agricamper. Per sapere come fare, si invita a consultare attentamente le informative sui cookie di terza parte mediante i link sopra riportati.<\/p><h2>8. Cookie di profilazione<\/h2><p>I cookie di profilazione sono utilizzati per creare profili relativi all\u2019utente e per inviare messaggi pubblicitari in linea con le preferenze manifestate durante la navigazione in rete.<\/p><p>I cookie di profilazione consentono di costruire un profilo in base alle preferenze e ai gusti espressi nel corso della navigazione online, affinch\u00e9 i messaggi pubblicitari visualizzati risultino pi\u00f9 coerenti con gli interessi dell\u2019utente.<\/p><p>Quando vengono utilizzati cookie di questa tipologia, \u00e8 necessario acquisire il consenso esplicito dell\u2019utente, che viene richiesto tramite il banner dei cookie al primo accesso al sito.<\/p><p>In tale ambito trovano applicazione l\u2019art. 22 del Regolamento (UE) 2016\/679, l\u2019art. 122 del Codice Privacy e il Provvedimento n. 231 del 10 giugno 2021 del Garante.<\/p><h2>9. Come disabilitare i cookie<\/h2><p>Alla prima visita al nostro sito, puoi accettare tutti i cookie cliccando sul pulsante \u201cOK\u201d, sul pulsante \u201cX\u201d (chiudi) del banner o su qualsiasi elemento della pagina al di fuori del banner.<\/p><p>In occasione di visite successive, o in qualsiasi momento, puoi accedere alla presente Cookie Policy tramite il link \u201cCookie Policy\u201d nel footer della homepage e negare il consenso all\u2019installazione dei cookie.<\/p><p>\u00c8 inoltre possibile disabilitare i cookie tramite le impostazioni del browser. La maggior parte dei browser \u00e8 impostata di default per accettare i cookie automaticamente, ma puoi scegliere di non riceverli, in particolare quando un terzo non mette a disposizione un meccanismo di opt\u2011out adeguato, accedendo alle impostazioni del browser e disabilitandone l\u2019uso. Per maggiori informazioni, consulta:<\/p><ul><li>Microsoft Edge \/ Internet Explorer:<br \/><a href=\"https:\/\/support.microsoft.com\/windows\/delete-and-manage-cookies\" target=\"_blank\" rel=\"noopener\">https:\/\/support.microsoft.com\/windows\/delete-and-manage-cookies<\/a><\/li><li>Google Chrome:<br \/><a href=\"https:\/\/support.google.com\/chrome\/answer\/95647\" target=\"_blank\" rel=\"noopener\">https:\/\/support.google.com\/chrome\/answer\/95647<\/a><\/li><li>Mozilla Firefox:<br \/><a href=\"https:\/\/support.mozilla.org\/kb\/cookies\" target=\"_blank\" rel=\"noopener\">https:\/\/support.mozilla.org\/kb\/cookies<\/a><\/li><li>Apple Safari:<br \/><a href=\"https:\/\/support.apple.com\/guide\/safari\/manage-cookies-and-website-data\" target=\"_blank\" rel=\"noopener\">https:\/\/support.apple.com\/guide\/safari\/manage-cookies-and-website-data<\/a><\/li><li>Opera:<br \/><a href=\"https:\/\/help.opera.com\/en\/latest\/web-preferences\/#cookies\" target=\"_blank\" rel=\"noopener\">https:\/\/help.opera.com\/en\/latest\/web-preferences\/#cookies<\/a><\/li><\/ul><p>Se il tuo browser non \u00e8 presente nell\u2019elenco, fai riferimento alle informazioni sui cookie fornite direttamente dal browser stesso. Se utilizzi un dispositivo mobile, consulta il manuale utente per ulteriori dettagli.<\/p><p>Dopo avere disabilitato i cookie tramite le impostazioni del browser, \u00e8 opportuno cancellare anche i cookie eventualmente gi\u00e0 presenti prima della modifica.<\/p><p>I cookie di terza parte possono essere disabilitati anche utilizzando gli strumenti messi a disposizione direttamente dal titolare terzo, come indicato nella sezione \u201cCookie di terza parte\u201d.<\/p><p>Per verificare quali cookie sono memorizzati sul tuo dispositivo e disabilitarli singolarmente, puoi visitare il sito <a href=\"http:\/\/www.youronlinechoices.com\/\" target=\"_blank\" rel=\"noopener\">www.youronlinechoices.com<\/a>.<br \/>All\u2019interno dell\u2019area \u201cLe tue scelte\u201d \u00e8 possibile:<\/p><ul><li>Visualizzare l\u2019elenco delle societ\u00e0 terze che installano cookie sul nostro sito.<\/li><li>Verificare la presenza e lo stato di attivazione di ciascun cookie (Status) e gestire il consenso selettivamente (On\/Off).<\/li><li>Accedere a ulteriori informazioni su ogni societ\u00e0 e sulle rispettive privacy e cookie policy tramite i link dedicati.<\/li><\/ul><h2>10. Interazione con i social network<\/h2><p>Questo sito incorpora anche plugin e\/o pulsanti per i social network, al fine di consentire una condivisione semplice dei contenuti sui tuoi social preferiti. I plugin sono programmati in modo da non impostare alcun cookie al momento del caricamento della pagina, a tutela della privacy degli utenti. Eventuali cookie possono essere impostati, se previsto dai social network, soltanto quando l\u2019utente utilizza volontariamente il plugin. Si precisa che, se navighi dopo esserti autenticato su un social network, hai gi\u00e0 prestato il consenso all\u2019uso dei cookie trasmessi tramite questo sito al momento dell\u2019iscrizione al social.<\/p><p>Tali servizi permettono l\u2019interazione con i social network o con altre piattaforme esterne direttamente dalle pagine di Agricamper.<\/p><p>Le interazioni e le informazioni acquisite da Agricamper sono soggette alle impostazioni privacy da te scelte per ciascun social network. Quando un servizio di interazione con i social network \u00e8 installato, \u00e8 possibile che lo stesso raccolga dati di traffico relativi alle pagine su cui \u00e8 installato, anche se l\u2019utente non utilizza il servizio.<\/p><p>Tra gli esempi si possono citare:<\/p><ul><li>Pulsanti e widget social di LinkedIn (LinkedIn Corporation) \u2013 Dati personali raccolti: cookie e dati di utilizzo \u2013 Paese di trattamento: USA \u2013 Privacy Policy:<br \/><a href=\"https:\/\/www.linkedin.com\/legal\/privacy-policy\">https:\/\/www.linkedin.com\/legal\/privacy-policy<\/a><\/li><li>Pulsante \u201cMi piace\u201d e widget social di Facebook (Meta Platforms, Inc.) \u2013 Dati personali raccolti: cookie e dati di utilizzo \u2013 Paese di trattamento: USA \u2013 Privacy Policy:<br \/><a href=\"https:\/\/www.facebook.com\/privacy\/explanation\" target=\"_blank\" rel=\"noopener\">https:\/\/www.facebook.com\/privacy\/explanation<\/a><\/li><li>Pulsante \u201cTweet\u201d e widget social di Twitter (Twitter, Inc.) \u2013 Dati personali raccolti: cookie e dati di utilizzo \u2013 Paese di trattamento: USA \u2013 Privacy Policy:<br \/><a href=\"https:\/\/twitter.com\/privacy\" target=\"_blank\" rel=\"noopener\">https:\/\/twitter.com\/privacy<\/a><\/li><li>Pulsante \u201cPin it\u201d e widget social di Pinterest (Pinterest Inc.) \u2013 Dati personali raccolti: cookie e dati di utilizzo \u2013 Paese di trattamento: USA \u2013 Privacy Policy:<br \/><a href=\"https:\/\/policy.pinterest.com\/privacy-policy\" target=\"_blank\" rel=\"noopener\">https:\/\/policy.pinterest.com\/privacy-policy<\/a><\/li><li>Pulsanti e widget social di Instagram (Instagram, Inc.) \u2013 Dati personali raccolti: cookie e dati di utilizzo \u2013 Paese di trattamento: USA \u2013 Privacy Policy:<br \/><a href=\"https:\/\/help.instagram.com\/519522125107875\" target=\"_blank\" rel=\"noopener\">https:\/\/help.instagram.com\/519522125107875<\/a><\/li><\/ul><h2>11. I tuoi diritti<\/h2><p>In conformit\u00e0 al GDPR e alla normativa applicabile, in relazione al trattamento dei tuoi dati personali hai il diritto di richiedere al Titolare:<\/p><ul><li><strong>Accesso<\/strong>: ottenere la conferma che sia o meno in corso un trattamento di dati personali che ti riguardano e ricevere ulteriori informazioni su tale trattamento.<\/li><li><strong>Rettifica<\/strong>: chiedere la correzione di dati inesatti o l\u2019integrazione di quelli incompleti.<\/li><li><strong>Cancellazione<\/strong>: ottenere la cancellazione dei tuoi dati quando non siano pi\u00f9 necessari rispetto alle finalit\u00e0 per cui sono stati raccolti, quando revochi il consenso o ti opponi al trattamento, quando il trattamento \u00e8 illecito oppure quando la cancellazione \u00e8 richiesta dalla legge, inclusi i dati relativi a minori trattati in violazione della normativa vigente.<\/li><li><strong>Limitazione<\/strong>: ottenere la limitazione del trattamento ai soli fini della conservazione, con esclusione delle altre operazioni di trattamento, per il periodo necessario alla verifica dell\u2019esattezza dei dati, in caso di trattamento illecito cui ti opponi alla cancellazione, quando ti occorrono i dati per l\u2019accertamento, l\u2019esercizio o la difesa di un diritto in sede giudiziaria o durante la valutazione di un\u2019eventuale opposizione.<\/li><li><strong>Revoca del consenso<\/strong>: revocare in qualsiasi momento il consenso, qualora il trattamento sia basato su di esso. La revoca non pregiudica la liceit\u00e0 del trattamento effettuato prima della revoca stessa.<\/li><\/ul><p>Puoi esercitare tali diritti in qualsiasi momento contattando Agricamper s.r.l. tramite il <a href=\"https:\/\/www.agricamper.com\/nl\/contact\/\">modulo di contatto<\/a> disponibile su questo sito.<\/p><p>Hai inoltre il diritto di proporre reclamo all\u2019Autorit\u00e0 Garante per la Protezione dei Dati Personali o, se ti trovi nel Regno Unito, all\u2019Information Commissioner\u2019s Office (ICO), qualora ritenga che i tuoi diritti siano stati violati da Agricamper e\/o da un terzo o se non sei soddisfatto della risposta ricevuta alle tue richieste.<\/p><p>La presente cookie policy \u00e8 stata aggiornata in data 16\/01\/2025.<\/p>\n<\/div><\/div>\n<\/section><\/div>","protected":false},"excerpt":{"rendered":"<p>1. Informazioni sulla presente cookie policyLa presente sezione fornisce informazioni sulla cookie policy del sito web di Agricamper, di propriet\u00e0 di Agricamper s.r.l., in relazione all\u2019utilizzo dei cookie da parte degli utenti.Il presente documento costituisce parte integrante dell\u2019Informativa Privacy del sito, disponibile all\u2019indirizzo https:\/\/www.agricamper.com\/privacy-policy\/, e delle informazioni ivi fornite agli interessati ai sensi del Regolamento [&hellip;]<\/p>\n","protected":false},"author":1,"featured_media":0,"parent":0,"menu_order":0,"comment_status":"closed","ping_status":"closed","template":"","meta":{"_acf_changed":false,"_breakdance_hide_in_design_set":false,"_breakdance_tags":"","footnotes":""},"class_list":["post-901","page","type-page","status-publish","hentry"],"acf":[],"_links":{"self":[{"href":"https:\/\/www.agricamper.com\/it\/wp-json\/wp\/v2\/pages\/901","targetHints":{"allow":["GET"]}}],"collection":[{"href":"https:\/\/www.agricamper.com\/it\/wp-json\/wp\/v2\/pages"}],"about":[{"href":"https:\/\/www.agricamper.com\/it\/wp-json\/wp\/v2\/types\/page"}],"author":[{"embeddable":true,"href":"https:\/\/www.agricamper.com\/it\/wp-json\/wp\/v2\/users\/1"}],"replies":[{"embeddable":true,"href":"https:\/\/www.agricamper.com\/it\/wp-json\/wp\/v2\/comments?post=901"}],"version-history":[{"count":4,"href":"https:\/\/www.agricamper.com\/it\/wp-json\/wp\/v2\/pages\/901\/revisions"}],"predecessor-version":[{"id":2104,"href":"https:\/\/www.agricamper.com\/it\/wp-json\/wp\/v2\/pages\/901\/revisions\/2104"}],"wp:attachment":[{"href":"https:\/\/www.agricamper.com\/it\/wp-json\/wp\/v2\/media?parent=901"}],"curies":[{"name":"wp","href":"https:\/\/api.w.org\/{rel}","templated":true}]}}