{"id":897,"date":"2026-02-19T10:17:42","date_gmt":"2026-02-19T10:17:42","guid":{"rendered":"https:\/\/www.agricamper.com\/politique-de-confidentialite\/"},"modified":"2026-04-02T17:31:06","modified_gmt":"2026-04-02T17:31:06","slug":"privacy-policy","status":"publish","type":"page","link":"https:\/\/www.agricamper.com\/it\/privacy-policy\/","title":{"rendered":"Informativa sulla Privacy"},"content":{"rendered":"<div class='breakdance'><section class=\"bde-section-897-100 bde-section\">\n  \n  \n\t\n\n\n\n<div class=\"section-container\"><div class=\"bde-rich-text-897-101 bde-rich-text breakdance-rich-text-styles\">\n<h2>1. Informazioni sulla presente informativa<\/h2><p>1.1. La presente sezione spiega come Agricamper, di propriet\u00e0 e gestito da Agricamper s.r.l., tratta i dati personali degli utenti che visitano e utilizzano questo sito web.<\/p><p>1.2. La presente informativa sulla privacy \u00e8 fornita ai sensi dell\u2019articolo 13 del GDPR del Regno Unito e del GDPR dell\u2019UE in materia di protezione delle persone fisiche con riguardo al trattamento dei dati personali e alla libera circolazione di tali dati, per gli interessati che interagiscono con Agricamper.<\/p><p>1.3. La presente informativa si applica esclusivamente al sito web di Agricamper e non ad altri siti web eventualmente consultati dall\u2019utente tramite link presenti su questo sito.<\/p><p>1.4. Lo scopo di questo documento \u00e8 informare gli utenti, in modo chiaro e trasparente, su come, quando e perch\u00e9 trattiamo i loro dati personali quando accedono alle pagine web di Agricamper, indipendentemente dallo scopo della connessione, in conformit\u00e0 alla normativa italiana, europea e del Regno Unito in materia di protezione dei dati.<\/p><p>1.5. La presente informativa sulla privacy potr\u00e0 essere aggiornata periodicamente per recepire modifiche normative o cambiamenti nei nostri servizi; invitiamo pertanto gli utenti a consultare regolarmente questa pagina.<\/p><p>1.6. Se hai meno di 14 anni, il consenso deve essere prestato o autorizzato dai tuoi genitori o dal tutore legale in conformit\u00e0 alla legge applicabile nel Paese in cui risiedi; questo sito web e i relativi servizi sono in linea generale destinati a un pubblico adulto.<\/p><h2>2. Titolare del trattamento<\/h2><p>2.1. Il \u201ctitolare del trattamento\u201d \u00e8 la persona fisica o giuridica, l\u2019autorit\u00e0 pubblica, il servizio o altro organismo che, singolarmente o insieme ad altri, determina le finalit\u00e0 e i mezzi del trattamento di dati personali ed \u00e8 altres\u00ec responsabile dei profili di sicurezza dei dati.<\/p><p>2.2. Per il presente sito web, il titolare del trattamento \u00e8:<\/p><p>Agricamper s.r.l.<br \/>Via Roma 48 \u2013 23900 Lecco (LC) \u2013 Italia<\/p><h2>3. Responsabile della Protezione dei Dati (DPO)<\/h2><p>3.1. Il Responsabile della Protezione dei Dati (DPO) \u00e8 la persona designata dal Titolare ai sensi dell\u2019articolo 37 del GDPR UE \/ UK per vigilare sull\u2019osservanza della normativa e fungere da punto di contatto per gli interessati e per le autorit\u00e0 di controllo.<\/p><p>3.2. Il DPO di Agricamper \u00e8 Agricamper s.r.l.<\/p><h2>4. Luogo del trattamento dei dati<\/h2><p>4.1. I dati personali generati dall\u2019utilizzo del sito web di Agricamper sono trattati presso Via Roma 48 \u2013 23900 Lecco (LC) \u2013 Italia, oppure presso le sedi dei nostri fornitori di servizi situati all\u2019interno dell\u2019UE\/SEE o del Regno Unito.<\/p><p>4.2. Ove necessario, i dati relativi al servizio newsletter potranno essere trattati anche dal titolare o da responsabili autorizzati presso le rispettive sedi per tale finalit\u00e0.<\/p><h2>5. Base giuridica del trattamento<\/h2><p>5.1. Agricamper tratta i dati personali sulla base delle seguenti basi giuridiche previste dal GDPR UE e dal GDPR UK:<\/p><ul><li><strong>Esecuzione di un contratto o misure precontrattuali<\/strong> (articolo 6, par. 1, lett. b): ad esempio, creazione dell\u2019account, gestione degli ordini, erogazione dei servizi, assistenza clienti.<\/li><li><strong>Adempimento di obblighi legali<\/strong> (articolo 6, par. 1, lett. c): ad esempio, obblighi fiscali e contabili, conservazione delle scritture.<\/li><li><strong>Legittimo interesse<\/strong> (articolo 6, par. 1, lett. f): ad esempio, sicurezza del sito, prevenzione delle frodi, analisi di base per l\u2019amministrazione del sito, purch\u00e9 tali interessi non prevalgano sui diritti e le libert\u00e0 dell\u2019utente.<\/li><li><strong>Consenso<\/strong> (articolo 6, par. 1, lett. a): ad esempio, iscrizione alla newsletter, comunicazioni promozionali, alcune tipologie di cookie e tecnologie di tracciamento.<\/li><\/ul><p>5.2. Quando il trattamento si basa sul consenso, l\u2019utente pu\u00f2 revocarlo in qualsiasi momento utilizzando gli strumenti messi a disposizione (ad esempio, link di disiscrizione nelle email o impostazioni dei cookie). La revoca del consenso non pregiudica la liceit\u00e0 del trattamento effettuato prima della revoca, ma alcuni servizi o funzionalit\u00e0 potrebbero non essere disponibili in assenza di tali dati.<\/p><h2>6. Dati di navigazione<\/h2><p>6.1. I sistemi informatici e le procedure software preposte al funzionamento di questo sito acquisiscono, nel corso del loro normale esercizio, alcuni dati personali la cui trasmissione \u00e8 implicita nell\u2019uso dei protocolli di comunicazione via Internet. Tali informazioni non sono raccolte per essere associate a interessati identificati, ma per loro stessa natura potrebbero, attraverso elaborazioni ed associazioni con dati detenuti da terzi, permettere di identificare gli utenti.<\/p><p>6.2. In questa categoria di dati rientrano gli indirizzi IP o i nomi a dominio dei computer utilizzati dagli utenti che si collegano al sito, gli indirizzi URI (Uniform Resource Identifier) delle risorse richieste, l\u2019orario della richiesta, il metodo utilizzato nel sottoporre la richiesta al server, la dimensione del file ottenuto in risposta, il codice numerico indicante lo stato della risposta resa dal server (buon fine, errore, ecc.) ed altri parametri relativi al sistema operativo e all\u2019ambiente informatico dell\u2019utente.<\/p><p>6.3. I dati di navigazione sono raccolti esclusivamente sulla base del legittimo interesse del titolare a consentire l\u2019accesso ai contenuti del sito e a garantirne la corretta amministrazione e sicurezza. Tali dati vengono utilizzati al solo fine di ricavare informazioni statistiche anonime sull\u2019uso del sito e per controllarne il corretto funzionamento, e vengono cancellati trascorso breve tempo dall\u2019elaborazione. I dati potrebbero essere utilizzati per l\u2019accertamento di responsabilit\u00e0 in caso di ipotetici reati informatici ai danni del sito; fatta salva questa eventualit\u00e0, i dati di contatto web non vengono conservati per pi\u00f9 di sette giorni.<\/p><h2>7. Cookie<\/h2><p>7.1. Utilizziamo cookie in conformit\u00e0 alla normativa europea e del Regno Unito in materia di privacy e comunicazioni elettroniche e alle indicazioni fornite dalle autorit\u00e0 di controllo in tema di cookie e tecnologie di tracciamento simili.<\/p><p>7.2. Per informazioni complete sui cookie utilizzati e su come gestire le tue preferenze, consulta la nostra Cookie Policy.<\/p><h2>8. Tipologie di dati raccolti<\/h2><p>8.1. Agricamper raccoglie dati personali direttamente dagli utenti tramite questo sito e, ove applicabile, da terze parti (ad esempio prestatori di servizi di pagamento o strumenti newsletter) nella misura necessaria al funzionamento del sito e all\u2019erogazione dei nostri servizi.<\/p><p>8.2. Agricamper utilizza dati tecnici di navigazione e cookie per garantire il corretto funzionamento del sito, monitorarne le prestazioni e migliorare l\u2019esperienza utente. Tali dati possono includere indirizzo IP, tipo di browser, sistema operativo, pagine visitate, preferenze di navigazione e prodotti visualizzati. Per maggiori dettagli, si rimanda alla Cookie Policy.<\/p><h2>9. Dati forniti dagli utenti<\/h2><p>9.1. Nei casi in cui il sito consenta l\u2019inserimento di commenti o l\u2019utilizzo di specifici servizi (incluso l\u2019invio di un CV per eventuali candidature), il sito pu\u00f2 registrare automaticamente alcuni dati identificativi come l\u2019indirizzo email dell\u2019utente. Tali dati sono forniti volontariamente dall\u2019utente al momento della richiesta del servizio.<\/p><p>9.2. Inserendo un commento o altre informazioni, l\u2019utente accetta espressamente la presente informativa sulla privacy. I dati ricevuti saranno utilizzati esclusivamente per l\u2019erogazione del servizio richiesto e per il tempo strettamente necessario alla sua prestazione.<\/p><p>9.3. Qualsiasi informazione che gli utenti decidano di rendere pubblica tramite i servizi e gli strumenti messi a disposizione dal sito \u00e8 fornita consapevolmente e volontariamente; il sito non pu\u00f2 essere ritenuto responsabile per eventuali violazioni di legge derivanti da tali comportamenti. Spetta all\u2019utente verificare di avere i diritti necessari per comunicare dati personali di terzi o contenuti protetti da norme nazionali o internazionali.<\/p><p>9.4. Quando gli utenti inviano comunicazioni ai contatti indicati sul sito, vengono acquisiti i dati di contatto del mittente, necessari per rispondere alla richiesta, nonch\u00e9 eventuali altri dati personali contenuti nel messaggio.<\/p><p>9.5. Informative brevi e specifiche possono essere presentate su pagine dedicate a particolari servizi, su richiesta.<\/p><h2>10. Finalit\u00e0 del trattamento<\/h2><p>10.1. I dati personali raccolti tramite il sito sono trattati per le finalit\u00e0 sopra descritte e, in particolare, per:<\/p><ul><li>Gestire gli ordini e fornire i nostri servizi<\/li><li>Fatturazione e adempimento di obblighi legali e fiscali<\/li><li>Assistenza clienti e supporto post\u2011vendita<\/li><li>Personalizzare servizi e contenuti<\/li><li>Comunicazioni di marketing e promozionali (previo consenso, ove richiesto)<\/li><li>Sicurezza e prevenzione delle frodi<\/li><li>Migliorare l\u2019esperienza utente e il nostro sito web<\/li><\/ul><p>Ogni finalit\u00e0 \u00e8 collegata a una o pi\u00f9 basi giuridiche descritte nella sezione 5.<\/p><h2>11. Conservazione dei dati<\/h2><p>11.1. In linea con i principi di cui all\u2019articolo 5, par. 1, lett. e) del GDPR, i sistemi informativi e i software di Agricamper sono configurati per ridurre al minimo l\u2019uso di dati personali; trattiamo i dati solo nella misura necessaria al conseguimento delle finalit\u00e0 indicate nella presente informativa.<\/p><p>11.2. I dati sono conservati solo per il tempo necessario a soddisfare le specifiche finalit\u00e0 per cui sono stati raccolti e, in ogni caso, nel rispetto dei termini previsti dalla legge applicabile e dei principi di minimizzazione e limitazione della conservazione.<\/p><p>11.3. In particolare, applichiamo i seguenti tempi di conservazione:<\/p><ul><li>Dati di acquisto e transazione: conservati per 10 anni per adempiere ad obblighi di legge e fiscali.<\/li><li>Dati di marketing: conservati fino alla revoca del consenso o per un massimo di 24 mesi dall\u2019ultima interazione.<\/li><li>Account inattivi: i dati relativi ad account inattivi possono essere cancellati dopo 3 anni di inattivit\u00e0, salvo obblighi legali di conservazione pi\u00f9 lunghi.<\/li><\/ul><p>11.4. I dati trattati per finalit\u00e0 di sicurezza (ad esempio per bloccare tentativi di danneggiare il sito) sono conservati per il tempo strettamente necessario al conseguimento di tali finalit\u00e0.<\/p><h2>12. Pagamenti<\/h2><p>12.1. Agricamper utilizza servizi di pagamento di terze parti per elaborare pagamenti con carta di credito, bonifico bancario o altri metodi. Agricamper non raccoglie n\u00e9 conserva gli estremi completi delle carte di pagamento.<\/p><p>12.2. I dati di pagamento sono raccolti direttamente dal prestatore del servizio di pagamento, come il tuo emittente della carta, PayPal, Stripe o servizi analoghi. Tali fornitori possono inviarti comunicazioni, come conferme di pagamento via email o SMS.<\/p><p>12.3. I dati raccolti e trattati da questi servizi di terze parti sono disciplinati dalle rispettive informative sulla privacy, che ti invitiamo a consultare. A titolo di esempio:<\/p><ul><li>PayPal \u2013 fornitore del servizio: PayPal, Inc. \u2013 Informativa Privacy:<br \/><a href=\"https:\/\/www.paypal.com\/privacy\" target=\"_blank\" rel=\"noopener noreferrer\">https:\/\/www.paypal.com\/privacy<\/a><\/li><li>Stripe \u2013 fornitore del servizio: Stripe, Inc. \u2013 Informativa Privacy:<br \/><a href=\"https:\/\/stripe.com\/privacy\" target=\"_blank\" rel=\"noopener noreferrer\">https:\/\/stripe.com\/privacy<\/a><\/li><li>iDEAL, EPS, Bancontact (e servizi analoghi, se applicabili).<\/li><\/ul><h2>13. Newsletter<\/h2><p>13.1. Con il tuo previo consenso e previa registrazione volontaria tramite indirizzo email, potrai essere inserito in una mailing list per ricevere email periodiche di aggiornamento, comprese comunicazioni promozionali e di marketing relative a questo sito.<\/p><p>13.2. Dopo l\u2019iscrizione riceverai un\u2019email all\u2019indirizzo indicato, contenente un link che dovrai cliccare per confermare di essere il titolare di quell\u2019indirizzo (double opt\u2011in).<\/p><p>13.3. I dati personali che possono essere raccolti per la newsletter includono: nome, cognome, indirizzo email e lingua preferita.<\/p><h2>14. I tuoi diritti<\/h2><p>14.1. Ai sensi del GDPR UE e del GDPR UK, hai diversi diritti in relazione ai tuoi dati personali, che puoi esercitare in qualsiasi momento. In particolare, puoi richiedere al titolare:<\/p><ul><li><strong>Accesso<\/strong>: ottenere conferma che sia o meno in corso un trattamento dei tuoi dati personali e ricevere informazioni su tale trattamento.<\/li><li><strong>Rettifica<\/strong>: far correggere dati personali inesatti o completare quelli incompleti.<\/li><li><strong>Cancellazione<\/strong>: ottenere la cancellazione dei dati quando non sono pi\u00f9 necessari rispetto alle finalit\u00e0, quando revochi il consenso e non sussista altra base giuridica, quando ti opponi al trattamento, quando i dati sono trattati illecitamente o quando la cancellazione \u00e8 richiesta dalla legge, anche per dati di minori trattati in violazione delle norme applicabili.<\/li><li><strong>Limitazione<\/strong>: limitare il trattamento alla sola conservazione, ad esempio per il tempo necessario a verificare l\u2019esattezza dei dati, in caso di trattamento illecito se ti opponi alla cancellazione, se ti servono per l\u2019esercizio o la difesa di un diritto in sede giudiziaria, o mentre valutiamo un tuo reclamo.<\/li><li><strong>Opposizione<\/strong>: opporti in qualsiasi momento, per motivi connessi alla tua situazione particolare, al trattamento basato sul legittimo interesse, compresa la profilazione, salvo che dimostriamo motivi legittimi cogenti; puoi inoltre opporti in qualsiasi momento al trattamento per finalit\u00e0 di marketing diretto.<\/li><li><strong>Portabilit\u00e0<\/strong>: ricevere i tuoi dati personali, o farli trasmettere a un altro titolare, in un formato strutturato, di uso comune e leggibile da dispositivo automatico, ove tecnicamente fattibile e se il trattamento \u00e8 basato sul consenso o su un contratto ed \u00e8 effettuato con mezzi automatizzati.<\/li><li><strong>Revoca del consenso<\/strong>: quando il trattamento si basa sul consenso (anche per cookie e marketing), puoi revocarlo in qualsiasi momento, senza pregiudicare la liceit\u00e0 del trattamento effettuato prima della revoca.<\/li><\/ul><p>14.2. Per esercitare tali diritti, puoi contattare Agricamper tramite il <a href=\"https:\/\/www.agricamper.com\/contact\/\" target=\"_blank\" rel=\"noopener noreferrer\">modulo di contatto<\/a> disponibile su questo sito.<\/p><p>14.3. Hai inoltre il diritto di proporre reclamo a un\u2019autorit\u00e0 di controllo. Se ti trovi in Italia, l\u2019autorit\u00e0 competente \u00e8 il Garante per la Protezione dei Dati Personali. Se ti trovi nel Regno Unito, puoi rivolgerti all\u2019Information Commissioner\u2019s Office (ICO).<\/p><h2>15. Sicurezza dei dati<\/h2><p>15.1. Questo sito tratta i dati personali degli utenti in modo lecito e corretto, adottando adeguate misure tecniche e organizzative per prevenire accessi non autorizzati, divulgazione, modifica o distruzione dei dati. Il trattamento viene effettuato mediante strumenti informatici e\/o telematici, con modalit\u00e0 organizzative e logiche strettamente correlate alle finalit\u00e0 indicate.<\/p><p>15.2. Oltre al titolare, possono avere accesso ai dati alcune categorie di soggetti autorizzati (ad esempio personale amministrativo, commerciale, marketing, legale, amministratori di sistema), nonch\u00e9 fornitori esterni di servizi (come fornitori tecnici, corrieri postali, provider di hosting, societ\u00e0 informatiche, agenzie di comunicazione) che agiscono in qualit\u00e0 di responsabili del trattamento sulla base di appositi accordi.<\/p><h2>16. Modifiche alla presente informativa<\/h2><p>16.1. Il presente documento costituisce l\u2019informativa privacy di questo sito web ed \u00e8 pubblicato sul nostro sito.<\/p><p>16.2. Potr\u00e0 essere oggetto di modifiche o aggiornamenti. In caso di cambiamenti rilevanti, informeremo gli utenti con modalit\u00e0 appropriate (ad esempio, un avviso sul sito o, se opportuno, via email). Invitiamo comunque gli utenti a consultare periodicamente questa pagina per restare aggiornati.<\/p><p>16.3. Le versioni precedenti della presente informativa, ove rilevanti, potranno essere messe a disposizione su richiesta.<\/p><p>16.4. La presente informativa \u00e8 stata aggiornata da ultimo il 16\/01\/2025 per garantire la conformit\u00e0 alle disposizioni vigenti in materia di protezione dei dati personali, in particolare al GDPR UE e al GDPR UK.<\/p>\n<\/div><\/div>\n<\/section><\/div>","protected":false},"excerpt":{"rendered":"<p>1. Informazioni sulla presente informativa1.1. La presente sezione spiega come Agricamper, di propriet\u00e0 e gestito da Agricamper s.r.l., tratta i dati personali degli utenti che visitano e utilizzano questo sito web.1.2. La presente informativa sulla privacy \u00e8 fornita ai sensi dell\u2019articolo 13 del GDPR del Regno Unito e del GDPR dell\u2019UE in materia di protezione [&hellip;]<\/p>\n","protected":false},"author":1,"featured_media":0,"parent":0,"menu_order":0,"comment_status":"closed","ping_status":"closed","template":"","meta":{"_acf_changed":false,"_breakdance_hide_in_design_set":false,"_breakdance_tags":"","footnotes":""},"class_list":["post-897","page","type-page","status-publish","hentry"],"acf":[],"_links":{"self":[{"href":"https:\/\/www.agricamper.com\/it\/wp-json\/wp\/v2\/pages\/897","targetHints":{"allow":["GET"]}}],"collection":[{"href":"https:\/\/www.agricamper.com\/it\/wp-json\/wp\/v2\/pages"}],"about":[{"href":"https:\/\/www.agricamper.com\/it\/wp-json\/wp\/v2\/types\/page"}],"author":[{"embeddable":true,"href":"https:\/\/www.agricamper.com\/it\/wp-json\/wp\/v2\/users\/1"}],"replies":[{"embeddable":true,"href":"https:\/\/www.agricamper.com\/it\/wp-json\/wp\/v2\/comments?post=897"}],"version-history":[{"count":5,"href":"https:\/\/www.agricamper.com\/it\/wp-json\/wp\/v2\/pages\/897\/revisions"}],"predecessor-version":[{"id":2296,"href":"https:\/\/www.agricamper.com\/it\/wp-json\/wp\/v2\/pages\/897\/revisions\/2296"}],"wp:attachment":[{"href":"https:\/\/www.agricamper.com\/it\/wp-json\/wp\/v2\/media?parent=897"}],"curies":[{"name":"wp","href":"https:\/\/api.w.org\/{rel}","templated":true}]}}