{"id":877,"date":"2026-02-23T16:55:32","date_gmt":"2026-02-23T15:55:32","guid":{"rendered":"https:\/\/www.agricamper.com\/devenir-accueillant\/"},"modified":"2026-04-29T13:56:01","modified_gmt":"2026-04-29T11:56:01","slug":"registra-struttura","status":"publish","type":"page","link":"https:\/\/www.agricamper.com\/it\/registra-struttura\/","title":{"rendered":"Accogli camperisti e valorizza i tuoi prodotti"},"content":{"rendered":"<div class='breakdance'><section class=\"bde-section-877-105 bde-section bde-preset-880dfed4-3873-4d47-944e-9165c4d43470\">\n  \n  \n\t\n\n\n\n<div class=\"section-container\"><div class=\"bde-columns-877-106 bde-columns bde-preset-e46cef46-c7a3-4c82-9484-24796e59893b\"><div class=\"bde-column-877-107 bde-column\" data-entrance=\"slideLeft\">\n  \n  \n\t\n\n\n\n<img decoding=\"async\" class=\"bde-image2-877-108 bde-image2\" src=\"https:\/\/www.agricamper.com\/wp-content\/uploads\/2026\/02\/devenir-accueillant.jpg\" alt=\"Devenez accueillant Agricamper\" loading=\"lazy\" srcset=\"https:\/\/www.agricamper.com\/wp-content\/uploads\/2026\/02\/devenir-accueillant.jpg 2048w, https:\/\/www.agricamper.com\/wp-content\/uploads\/2026\/02\/devenir-accueillant-300x200.jpg 300w, https:\/\/www.agricamper.com\/wp-content\/uploads\/2026\/02\/devenir-accueillant-1024x683.jpg 1024w, https:\/\/www.agricamper.com\/wp-content\/uploads\/2026\/02\/devenir-accueillant-768x512.jpg 768w, https:\/\/www.agricamper.com\/wp-content\/uploads\/2026\/02\/devenir-accueillant-1536x1025.jpg 1536w, https:\/\/www.agricamper.com\/wp-content\/uploads\/2026\/02\/devenir-accueillant-18x12.jpg 18w, https:\/\/www.agricamper.com\/wp-content\/uploads\/2026\/02\/devenir-accueillant-600x400.jpg 600w\" sizes=\"(max-width: 2048px) 100vw, 2048px\">\n<\/div><div class=\"bde-column-877-109 bde-column\" data-entrance=\"slideRight\">\n  \n  \n\t\n\n\n\n<div class=\"bde-rich-text-877-102 bde-rich-text breakdance-rich-text-styles\">\n<p>Agricamper collega aziende agricole e realt\u00e0 rurali italiane con camperisti autonomi in cerca di una sosta gratuita di 24 ore immersi nella natura. Tu offri uno spazio di sosta, loro scoprono la tua azienda, acquistano i tuoi prodotti e vivono un\u2019esperienza autentica.<\/p><h2>Perch\u00e9 diventare struttura ospitante<\/h2><ul><li>Iscrizione gratuita, senza commissioni, per aziende agricole situate in Italia.<\/li><li>Pi\u00f9 vendite dirette e visibilit\u00e0 verso migliaia di camperisti, soprattutto stranieri.<\/li><li>Accogli solo quando vuoi, adattando l\u2019ospitalit\u00e0 ai ritmi della tua attivit\u00e0.<\/li><\/ul>\n<\/div><div class=\"bde-button-877-103 bde-button\">\n    \n                                    \n    \n    \n    \n    \n            \n                    \n            \n            \n\n    \n    \n    \n    \n    \n    <a class=\"breakdance-link button-atom button-atom--primary bde-button__button\" href=\"https:\/\/struttura.agricamper.com\/\" target=\"_blank\" data-type=\"url\"  >\n\n    \n        <span class=\"button-atom__text\">Iscriviti gratuitamente<\/span>\n\n        \n        \n                <\/a>\n\n    \n\n\n<\/div>\n<\/div><\/div><\/div>\n<\/section><section class=\"bde-section-877-116 bde-section bde-preset-880dfed4-3873-4d47-944e-9165c4d43470\">\n  \n  \n\t\n\n\n\n<div class=\"section-container\"><div class=\"bde-columns-877-117 bde-columns bde-preset-e46cef46-c7a3-4c82-9484-24796e59893b\"><div class=\"bde-column-877-118 bde-column\" data-entrance=\"slideLeft\">\n  \n  \n\t\n\n\n\n<h2 class=\"bde-heading-877-122 bde-heading\">\nCome funziona\n<\/h2><div class=\"bde-rich-text-877-123 bde-rich-text breakdance-rich-text-styles\">\n<p>\u00a0<\/p><p>Puoi accogliere da 1 a 5 camper che sostano gratuitamente fino a 24 ore sul tuo terreno. Tu non fai pagare la notte, ma puoi vendere i tuoi prodotti e proporre degustazioni, pasti ed esperienze in azienda.<\/p><p><strong>Cosa offri tu<\/strong><\/p><ul><li>Uno spazio sicuro e pianeggiante per 1\u20135 veicoli.<\/li><li>Un\u2019accoglienza semplice, con eventuali servizi solo se li hai.<\/li><\/ul><p><strong>Cosa ricevono i camperisti<\/strong><\/p><ul><li>Una sosta tranquilla in natura per una tappa di 24 ore.<\/li><li>La possibilit\u00e0 di conoscere la tua azienda e acquistare prodotti locali.<\/li><\/ul>\n<\/div>\n<\/div><div class=\"bde-column-877-120 bde-column\" data-entrance=\"slideRight\">\n  \n  \n\t\n\n\n\n<img decoding=\"async\" class=\"bde-image2-877-119 bde-image2\" src=\"https:\/\/www.agricamper.com\/wp-content\/uploads\/2026\/03\/23-scaled.jpg\" alt=\"23\" loading=\"lazy\" srcset=\"https:\/\/www.agricamper.com\/wp-content\/uploads\/2026\/03\/23-scaled.jpg 2560w, https:\/\/www.agricamper.com\/wp-content\/uploads\/2026\/03\/23-300x200.jpg 300w, https:\/\/www.agricamper.com\/wp-content\/uploads\/2026\/03\/23-1024x683.jpg 1024w, https:\/\/www.agricamper.com\/wp-content\/uploads\/2026\/03\/23-768x512.jpg 768w, https:\/\/www.agricamper.com\/wp-content\/uploads\/2026\/03\/23-1536x1024.jpg 1536w, https:\/\/www.agricamper.com\/wp-content\/uploads\/2026\/03\/23-2048x1366.jpg 2048w, https:\/\/www.agricamper.com\/wp-content\/uploads\/2026\/03\/23-600x400.jpg 600w\" sizes=\"(max-width: 2560px) 100vw, 2560px\">\n<\/div><\/div><\/div>\n<\/section><section class=\"bde-section-877-138 bde-section bde-preset-880dfed4-3873-4d47-944e-9165c4d43470\">\n  \n  \n\t\n\n\n\n<div class=\"section-container\"><div class=\"bde-columns-877-139 bde-columns bde-preset-e46cef46-c7a3-4c82-9484-24796e59893b\"><div class=\"bde-column-877-140 bde-column\" data-entrance=\"slideLeft\">\n  \n  \n\t\n\n\n\n<img decoding=\"async\" class=\"bde-image2-877-141 bde-image2\" src=\"https:\/\/www.agricamper.com\/wp-content\/uploads\/2026\/03\/27-1.jpeg\" alt=\"27 (1)\" loading=\"lazy\" srcset=\"https:\/\/www.agricamper.com\/wp-content\/uploads\/2026\/03\/27-1.jpeg 1560w, https:\/\/www.agricamper.com\/wp-content\/uploads\/2026\/03\/27-1-225x300.jpeg 225w, https:\/\/www.agricamper.com\/wp-content\/uploads\/2026\/03\/27-1-768x1024.jpeg 768w, https:\/\/www.agricamper.com\/wp-content\/uploads\/2026\/03\/27-1-1152x1536.jpeg 1152w, https:\/\/www.agricamper.com\/wp-content\/uploads\/2026\/03\/27-1-1536x2048.jpeg 1536w, https:\/\/www.agricamper.com\/wp-content\/uploads\/2026\/03\/27-1-600x800.jpeg 600w\" sizes=\"(max-width: 1560px) 100vw, 1560px\">\n<\/div><div class=\"bde-column-877-142 bde-column\" data-entrance=\"slideRight\">\n  \n  \n\t\n\n\n\n<h2 class=\"bde-heading-877-143 bde-heading\">\nChi pu\u00f2 diventare struttura ospitante\n<\/h2><div class=\"bde-rich-text-877-144 bde-rich-text breakdance-rich-text-styles\">\n<p>Aziende agricole, agriturismi, fattorie familiari, allevamenti, cantine, frantoi, caseifici, apicoltori, piccoli produttori agroalimentari, fattorie didattiche, centri ippici e agricampeggi.<\/p><h3>Come iscriversi<\/h3><ol><li>Crea il tuo account su <a href=\"https:\/\/struttura.agricamper.com\/benvenuto\" target=\"_blank\" rel=\"noopener\">struttura.agricamper.com<\/a>.<\/li><li>Compila e pubblica la scheda della tua azienda.<\/li><li>Se approvata, in 72 ore sarai online nella guida digitale e nell\u2019app.<\/li><\/ol>\n<\/div>\n<\/div><\/div><\/div>\n<\/section><section class=\"bde-section-877-114 bde-section bde-preset-880dfed4-3873-4d47-944e-9165c4d43470\">\n  \n  \n\t\n\n\n\n<div class=\"section-container\"><div class=\"bde-rich-text-877-131 bde-rich-text breakdance-rich-text-styles\">\n<h2>Domande frequenti delle strutture<\/h2><p><strong>Posso far pagare la sosta?<\/strong><br \/>No. La sosta, per un massimo di 24 ore e fino a 5 veicoli, deve rimanere gratuita: solo i campeggi e le aree di sosta attrezzate possono far pagare il pernottamento. Tu rimani azienda agricola che offre ospitalit\u00e0 breve.<\/p><p><strong>Qual \u00e8 il mio ritorno?<\/strong><br \/>In cambio della sosta gratuita hai un flusso di turisti interessati ai prodotti locali e l\u2019opportunit\u00e0 di far conoscere la tua azienda, vendere i tuoi prodotti e proporre esperienze. Incontri anche persone da tutto il mondo, condividi storie e fai viaggiare la tua azienda con loro.<\/p><p><strong>Posso chiedere un acquisto minimo obbligatorio?<\/strong><br \/>No. Non puoi imporre un importo minimo di spesa. Gli acquisti non sono obbligatori, ma sono fortemente incoraggiati come gesto di riconoscenza per l\u2019ospitalit\u00e0 e per sostenere il tuo lavoro.<\/p><p><strong>Devo avere gli stessi servizi di un campeggio?<\/strong><br \/>No. Non \u00e8 obbligatorio offrire servizi come in campeggio. Puoi semplicemente mettere a disposizione uno spazio sicuro; se hai acqua, elettricit\u00e0 o WC puoi offrirli gratuitamente o in cambio di acquisto prodotti.<\/p><p><strong>Il servizio Agricamper \u00e8 a pagamento per la mia azienda?<\/strong><br \/>No. Per te iscrizione e presenza in guida e app sono gratuite: non ci sono abbonamenti n\u00e9 commissioni su quello che vendi ai camperisti.<\/p>\n<\/div><\/div>\n<\/section><section class=\"bde-section-877-132 bde-section bde-preset-880dfed4-3873-4d47-944e-9165c4d43470\">\n  \n  \n\t\n\n\n\n<div class=\"section-container\"><div class=\"bde-columns-877-134 bde-columns\"><div class=\"bde-column-877-135 bde-column\">\n  \n  \n\t\n\n\n\n<div class=\"bde-rich-text-877-137 bde-rich-text breakdance-rich-text-styles\">\n<h2>Hai domande prima di iscriverti?<\/h2><p>Compila il modulo in questa pagina oppure contattaci direttamente:<\/p><p><strong>Telefono e WhatsApp per aziende agricole e realt\u00e0 rurali:<\/strong><\/p><p><a href=\"tel:+393756889342\">Chiama +39 375 688 9342<\/a><br \/><a href=\"https:\/\/wa.me\/393756889342\">Scrivi su WhatsApp<\/a><\/p><p><strong>Orari di ufficio<\/strong><br \/>Luned\u00ec \u2013 Gioved\u00ec: 08:30 \u2013 12:30 \/ 13:00 \u2013 17:00<br \/>Venerd\u00ec: 08:30 \u2013 12:30 \/ 13:00 \u2013 16:00<br \/>Chiuso nei giorni festivi in Italia<\/p>\n<\/div>\n<\/div><div class=\"bde-column-877-136 bde-column\">\n  \n  \n\t\n\n\n\n<div class=\"bde-form-builder-877-133 bde-form-builder bde-preset-a0754477-4f3e-4c0c-a1d6-71eaa6bea378\">\n\n<form id=\"contact-form133\" class=\"breakdance-form breakdance-form--vertical\" data-options=\"{&quot;slug&quot;:&quot;custom&quot;,&quot;name&quot;:&quot;Contact Form&quot;,&quot;ajaxUrl&quot;:&quot;https:\\\/\\\/www.agricamper.com\\\/wp-admin\\\/admin-ajax.php&quot;,&quot;clearOnSuccess&quot;:true,&quot;hideOnSuccess&quot;:true,&quot;successMessage&quot;:&quot;Il tuo messaggio \\u00e8 stato inviato correttamente&quot;,&quot;errorMessage&quot;:&quot;Si \\u00e8 verificato un errore&quot;,&quot;redirect&quot;:false,&quot;redirectUrl&quot;:&quot;&quot;,&quot;customJavaScript&quot;:&quot;&quot;,&quot;recaptcha&quot;:{&quot;key&quot;:&quot;6LfJei8qAAAAAAHi5y3JQmnRjT0HgnRhon7myWtt&quot;,&quot;enabled&quot;:true},&quot;honeypot_enabled&quot;:false,&quot;popupsOnSuccess&quot;:[],&quot;popupsOnError&quot;:[]}\" data-steps=\"0\" >\n  \n  \n  \n<div class=\"breakdance-form-field breakdance-form-field--select\" >\n    \n    \n            <label class=\"breakdance-form-field__label\" for=\"vousetes\">\n            Sei<span class=\"breakdance-form-field__required\">*<\/span>\n        <\/label>\n    \n    <select\n    class=\"breakdance-form-field__input\"\n    id=\"vousetes\"\n    name=\"fields[vousetes]\"\n    required\n    \n        >\n      <option value=\"\">...<\/option>\n          <option value=\"Una struttura\" >Una struttura \/ Azienda agricola<\/option>\n        <option value=\"Altro\" >Altro<\/option>\n  <\/select>\n\n\n    \n    \n<\/div>\n\n\n<div class=\"breakdance-form-field breakdance-form-field--text\" >\n    \n    \n            <label class=\"breakdance-form-field__label\" for=\"nom\">\n            Nome<span class=\"breakdance-form-field__required\">*<\/span>\n        <\/label>\n    \n    <input\n    class=\"breakdance-form-field__input\"\n    id=\"nom\"\n    aria-describedby=\"nom\"\n    type=\"text\"\n    name=\"fields[nom]\"\n    placeholder=\"Intitul\u00e9\"\n    value=\"\"\n                \n        \n        \n    required\n    \n    \n    \n>\n\n\n    \n    \n<\/div>\n\n\n<div class=\"breakdance-form-field breakdance-form-field--text\" >\n    \n    \n            <label class=\"breakdance-form-field__label\" for=\"prenom\">\n            Cognome<span class=\"breakdance-form-field__required\">*<\/span>\n        <\/label>\n    \n    <input\n    class=\"breakdance-form-field__input\"\n    id=\"prenom\"\n    aria-describedby=\"prenom\"\n    type=\"text\"\n    name=\"fields[prenom]\"\n    placeholder=\"Intitul\u00e9\"\n    value=\"\"\n                \n        \n        \n    required\n    \n    \n    \n>\n\n\n    \n    \n<\/div>\n\n\n<div class=\"breakdance-form-field breakdance-form-field--text\" >\n    \n    \n            <label class=\"breakdance-form-field__label\" for=\"dxekqa\">\n            Nome azienda\n        <\/label>\n    \n    <input\n    class=\"breakdance-form-field__input\"\n    id=\"dxekqa\"\n    aria-describedby=\"dxekqa\"\n    type=\"text\"\n    name=\"fields[dxekqa]\"\n    placeholder=\"\"\n    value=\"\"\n                \n        \n        \n    \n    \n    \n    \n>\n\n\n    \n    \n<\/div>\n\n\n<div class=\"breakdance-form-field breakdance-form-field--email\" >\n    \n    \n            <label class=\"breakdance-form-field__label\" for=\"email\">\n            Email<span class=\"breakdance-form-field__required\">*<\/span>\n        <\/label>\n    \n    <input\n    class=\"breakdance-form-field__input\"\n    id=\"email\"\n    aria-describedby=\"email\"\n    type=\"email\"\n    name=\"fields[email]\"\n    placeholder=\"Intitul\u00e9\"\n    value=\"\"\n                \n        \n        \n    required\n    \n    \n    \n>\n\n\n    \n    \n<\/div>\n\n\n<div class=\"breakdance-form-field breakdance-form-field--tel\" >\n    \n    \n            <label class=\"breakdance-form-field__label\" for=\"fenavn\">\n            Telefono\n        <\/label>\n    \n    <input\n    class=\"breakdance-form-field__input\"\n    id=\"fenavn\"\n    aria-describedby=\"fenavn\"\n    type=\"tel\"\n    name=\"fields[fenavn]\"\n    placeholder=\"\"\n    value=\"\"\n                \n        \n        \n    \n    \n    \n    \n>\n\n\n    \n    \n<\/div>\n\n\n<div class=\"breakdance-form-field breakdance-form-field--textarea\" >\n    \n    \n            <label class=\"breakdance-form-field__label\" for=\"message\">\n            Messagio<span class=\"breakdance-form-field__required\">*<\/span>\n        <\/label>\n    \n    <textarea\n    class=\"breakdance-form-field__input\"\n    id=\"message\"\n    aria-describedby=\"message\"\n    type=\"textarea\"\n    name=\"fields[message]\"\n        rows=\"5\"\n        placeholder=\"Intitul\u00e9\"\n    required\n    >\n<\/textarea>\n\n\n    \n    \n<\/div>\n\n\n<div class=\"breakdance-form-field breakdance-form-field--checkbox\" >\n    \n    \n    \n    <fieldset role=\"group\"\n    aria-label=\"Consenso GDPR\"\n    >\n       <legend class=\"breakdance-form-field__label\">Consenso GDPR<span class=\"breakdance-form-field__required\">*<\/span><\/legend>\n          <div class=\"breakdance-form-checkbox\">\n          <input\n              type=\"checkbox\"\n              name=\"fields[rgpd]\"\n              value=\"Utilizziamo i tuoi dati solo per rispondere alla tua richiesta.\"\n              id=\"rgpd-1\"\n              \n                        >\n          <label class=\"breakdance-form-checkbox__text\" for=\"rgpd-1\">Utilizziamo i tuoi dati solo per rispondere alla tua richiesta.<\/label>\n      <\/div>\n  <\/fieldset>\n\n\n\n    \n    \n<\/div>\n\n\n  \n\n<div class=\"breakdance-form-field breakdance-form-footer\">\n    \n    \n                                    \n    \n    \n    \n    \n            \n            <button type=\"submit\" class=\"button-atom button-atom--primary breakdance-form-button breakdance-form-button__submit\"  >\n    \n        <span class=\"button-atom__text\">Invia<\/span>\n\n        \n        \n            <\/button>\n    \n    <input type=\"hidden\" name=\"form_id\" value=\"133\">\n    <input type=\"hidden\" name=\"post_id\" value=\"877\">\n<\/div>\n\n  \n<\/form>\n\n\n<\/div>\n<\/div><\/div><\/div>\n<\/section><section class=\"bde-section-877-124 bde-section bde-preset-880dfed4-3873-4d47-944e-9165c4d43470\">\n  \n  \n\t\n\n\n\n<div class=\"section-container\"><div class=\"bde-columns-877-125 bde-columns bde-preset-e46cef46-c7a3-4c82-9484-24796e59893b\"><div class=\"bde-column-877-126 bde-column\" data-entrance=\"slideLeft\">\n  \n  \n\t\n\n\n\n<img decoding=\"async\" class=\"bde-image2-877-127 bde-image2\" src=\"https:\/\/www.agricamper.com\/wp-content\/uploads\/2026\/04\/agricamper-camper-caravan-02.webp\" alt=\"More than a place to sleep\" loading=\"lazy\" srcset=\"https:\/\/www.agricamper.com\/wp-content\/uploads\/2026\/04\/agricamper-camper-caravan-02.webp 400w, https:\/\/www.agricamper.com\/wp-content\/uploads\/2026\/04\/agricamper-camper-caravan-02-300x300.webp 300w, https:\/\/www.agricamper.com\/wp-content\/uploads\/2026\/04\/agricamper-camper-caravan-02-150x150.webp 150w\" sizes=\"(max-width: 400px) 100vw, 400px\">\n<\/div><div class=\"bde-column-877-128 bde-column\" data-entrance=\"slideRight\">\n  \n  \n\t\n\n\n\n<h2 class=\"bde-heading-877-129 bde-heading\">\nCosa dicono le nostre strutture\n<\/h2><div class=\"bde-rich-text-877-130 bde-rich-text breakdance-rich-text-styles\">\n<p><strong>Asti, Piemonte<\/strong> \u2013 Agriturismo #8060: \u00abLa nostra partecipazione ci ha permesso di offrire un\u2019esperienza autentica ai camperisti amanti della natura e della tranquillit\u00e0.\u00bb<\/p><p><strong>Arezzo, Toscana<\/strong> \u2013 Agriturismo #9823: \u00abOltre ad aumentare le vendite di prodotti locali, l\u2019ospitalit\u00e0 Agricamper ci ha portato nuove connessioni e amicizie.\u00bb<\/p><p><strong>Ragusa, Sicilia<\/strong> \u2013 Agriturismo #7180: \u00abOffriamo un\u2019immersione nella cultura locale con degustazioni e attivit\u00e0 nella natura. Agricamper ci ha aiutato a farci conoscere a livello internazionale.\u00bb<\/p>\n<\/div>\n<\/div><\/div><\/div>\n<\/section><section class=\"bde-section-877-147 bde-section bde-preset-880dfed4-3873-4d47-944e-9165c4d43470\">\n  \n  \n\t\n\n\n\n<div class=\"section-container\"><div class=\"bde-columns-877-148 bde-columns\"><div class=\"bde-column-877-149 bde-column\" data-entrance=\"slideLeft\">\n  \n  \n\t\n\n\n\n<h2 class=\"bde-heading-877-152 bde-heading\">\nPartnership\n<\/h2><div class=\"bde-rich-text-877-153 bde-rich-text breakdance-rich-text-styles\">\n<p>\u00a0<\/p><p>Agricamper collabora con Campagna Amica di Coldiretti, Federazione Italiana Vignaioli Indipendenti, Movimento Turismo del Vino, Unionbirrai, Federazione Italiana Sport Equestri, I Borghi pi\u00f9 Belli d\u2019Italia e Federazione Strade del Vino e dei Sapori di Toscana. Queste collaborazioni rafforzano la credibilit\u00e0 del network e offrono ulteriori opportunit\u00e0 di visibilit\u00e0 per la tua azienda.<\/p><p><strong>Entra nella rete che valorizza l\u2019Italia rurale<br \/><\/strong>Diventando struttura Agricamper, sostieni un turismo pi\u00f9 sostenibile, accogliente e autentico, creando allo stesso tempo una nuova opportunit\u00e0 di reddito per la tua azienda. Rimani tu a decidere tempi, modalit\u00e0 di accoglienza e spazio da dedicare ai camperisti, sempre nel rispetto delle regole del network.<\/p>\n<\/div>\n<\/div><div class=\"bde-column-877-151 bde-column\" data-entrance=\"slideRight\">\n  \n  \n\t\n\n\n\n<img decoding=\"async\" class=\"bde-image2-877-150 bde-image2\" src=\"https:\/\/www.agricamper.com\/wp-content\/uploads\/2026\/03\/3.jpeg\" alt=\"3\" loading=\"lazy\" srcset=\"https:\/\/www.agricamper.com\/wp-content\/uploads\/2026\/03\/3.jpeg 2048w, https:\/\/www.agricamper.com\/wp-content\/uploads\/2026\/03\/3-300x225.jpeg 300w, https:\/\/www.agricamper.com\/wp-content\/uploads\/2026\/03\/3-1024x768.jpeg 1024w, https:\/\/www.agricamper.com\/wp-content\/uploads\/2026\/03\/3-768x576.jpeg 768w, https:\/\/www.agricamper.com\/wp-content\/uploads\/2026\/03\/3-1536x1152.jpeg 1536w, https:\/\/www.agricamper.com\/wp-content\/uploads\/2026\/03\/3-600x450.jpeg 600w\" sizes=\"(max-width: 2048px) 100vw, 2048px\">\n<\/div><\/div><\/div>\n<\/section><\/div>","protected":false},"excerpt":{"rendered":"<p>Agricamper collega aziende agricole e realt\u00e0 rurali italiane con camperisti autonomi in cerca di una sosta gratuita di 24 ore immersi nella natura. Tu offri uno spazio di sosta, loro scoprono la tua azienda, acquistano i tuoi prodotti e vivono un\u2019esperienza autentica.Perch\u00e9 diventare struttura ospitanteIscrizione gratuita, senza commissioni, per aziende agricole situate in Italia.Pi\u00f9 vendite [&hellip;]<\/p>\n","protected":false},"author":1,"featured_media":0,"parent":0,"menu_order":0,"comment_status":"closed","ping_status":"closed","template":"","meta":{"_acf_changed":false,"_breakdance_hide_in_design_set":false,"_breakdance_tags":"","footnotes":""},"class_list":["post-877","page","type-page","status-publish","hentry"],"acf":[],"_links":{"self":[{"href":"https:\/\/www.agricamper.com\/it\/wp-json\/wp\/v2\/pages\/877","targetHints":{"allow":["GET"]}}],"collection":[{"href":"https:\/\/www.agricamper.com\/it\/wp-json\/wp\/v2\/pages"}],"about":[{"href":"https:\/\/www.agricamper.com\/it\/wp-json\/wp\/v2\/types\/page"}],"author":[{"embeddable":true,"href":"https:\/\/www.agricamper.com\/it\/wp-json\/wp\/v2\/users\/1"}],"replies":[{"embeddable":true,"href":"https:\/\/www.agricamper.com\/it\/wp-json\/wp\/v2\/comments?post=877"}],"version-history":[{"count":16,"href":"https:\/\/www.agricamper.com\/it\/wp-json\/wp\/v2\/pages\/877\/revisions"}],"predecessor-version":[{"id":280373,"href":"https:\/\/www.agricamper.com\/it\/wp-json\/wp\/v2\/pages\/877\/revisions\/280373"}],"wp:attachment":[{"href":"https:\/\/www.agricamper.com\/it\/wp-json\/wp\/v2\/media?parent=877"}],"curies":[{"name":"wp","href":"https:\/\/api.w.org\/{rel}","templated":true}]}}