{"id":757,"date":"2026-02-25T10:56:10","date_gmt":"2026-02-25T10:56:10","guid":{"rendered":"https:\/\/www.agricamper.com\/contact\/"},"modified":"2026-04-23T08:11:38","modified_gmt":"2026-04-23T08:11:38","slug":"contatti","status":"publish","type":"page","link":"https:\/\/www.agricamper.com\/it\/contatti\/","title":{"rendered":"Contatti"},"content":{"rendered":"<div class='breakdance'><section class=\"bde-section-757-116 bde-section bde-preset-880dfed4-3873-4d47-944e-9165c4d43470\">\n  \n  \n\t\n\n\n\n<div class=\"section-container\"><div class=\"bde-rich-text-757-117 bde-rich-text breakdance-rich-text-styles\">\n<p>Siamo qui per aiutarti nel modo pi\u00f9 semplice e veloce possibile. Per farti risparmiare tempo ed evitare scambi inutili, ti invitiamo a seguire i passaggi qui sotto nell\u2019ordine indicato.<\/p><h2>1. FAQ: risposte anche alle domande che forse non ti sei ancora posto<\/h2><p>Nella pagina delle <a href=\"https:\/\/www.agricamper.com\/it\/faq\/\">Domande frequenti (FAQ)<\/a> trovi informazioni chiare e aggiornate su Agricamper Italia. \u00c8 anche un ottimo punto di partenza per preparare il viaggio, con risposte a molti dubbi che spesso emergono solo quando si \u00e8 gi\u00e0 in partenza o in viaggio.<\/p><h2>2. Chatbot: risposta immediata, 24 ore su 24<\/h2><p>In ogni pagina del sito trovi la bolla del chatbot in basso a destra. Puoi usarla in qualsiasi momento per ricevere una risposta immediata alla maggior parte delle domande pratiche su Agricamper Italia, in particolare per le richieste prima dell\u2019acquisto e per capire meglio come funziona il servizio.<\/p><h2>3. Assistenza via email: per il tuo account Agricamper<\/h2><p>Per domande relative al tuo account, alla tua iscrizione o al pagamento dell\u2019abbonamento, il nostro team sar\u00e0 felice di aiutarti. Il modulo di contatto qui sotto \u00e8 il modo migliore per spiegarci la tua situazione, cos\u00ec possiamo verificare i tuoi dati e inviarti una risposta personalizzata.<\/p><p>Ti chiediamo di utilizzare lo stesso indirizzo email associato al tuo account Agricamper, cos\u00ec potremo ritrovare pi\u00f9 facilmente le tue informazioni.<\/p><p>Di solito rispondiamo alle richieste inviate tramite modulo di contatto entro 24 ore lavorative.<\/p><p>\u00a0<\/p>\n<\/div><div class=\"bde-form-builder-757-115 bde-form-builder bde-preset-a0754477-4f3e-4c0c-a1d6-71eaa6bea378\">\n\n<form id=\"contact-form115\" class=\"breakdance-form breakdance-form--vertical\" data-options=\"{&quot;slug&quot;:&quot;custom&quot;,&quot;name&quot;:&quot;Contact Form&quot;,&quot;ajaxUrl&quot;:&quot;https:\\\/\\\/www.agricamper.com\\\/wp-admin\\\/admin-ajax.php&quot;,&quot;clearOnSuccess&quot;:true,&quot;hideOnSuccess&quot;:true,&quot;successMessage&quot;:&quot;Il tuo messaggio \\u00e8 stato inviato correttamente&quot;,&quot;errorMessage&quot;:&quot;Si \\u00e8 verificato un errore&quot;,&quot;redirect&quot;:false,&quot;redirectUrl&quot;:&quot;&quot;,&quot;customJavaScript&quot;:&quot;&quot;,&quot;recaptcha&quot;:{&quot;key&quot;:&quot;6LfJei8qAAAAAAHi5y3JQmnRjT0HgnRhon7myWtt&quot;,&quot;enabled&quot;:true},&quot;honeypot_enabled&quot;:false,&quot;popupsOnSuccess&quot;:[],&quot;popupsOnError&quot;:[]}\" data-steps=\"0\" >\n  \n  \n  \n<div class=\"breakdance-form-field breakdance-form-field--select\" >\n    \n    \n            <label class=\"breakdance-form-field__label\" for=\"vousetes\">\n            Sei<span class=\"breakdance-form-field__required\">*<\/span>\n        <\/label>\n    \n    <select\n    class=\"breakdance-form-field__input\"\n    id=\"vousetes\"\n    name=\"fields[vousetes]\"\n    required\n    \n        >\n      <option value=\"\">...<\/option>\n          <option value=\"Un camperista\" >Un camperista<\/option>\n        <option value=\"Una struttura\" >Una struttura \/ Azienda agricola<\/option>\n        <option value=\"Altro\" >Altro<\/option>\n  <\/select>\n\n\n    \n    \n<\/div>\n\n\n<div class=\"breakdance-form-field breakdance-form-field--text\" >\n    \n    \n            <label class=\"breakdance-form-field__label\" for=\"nom\">\n            Nome<span class=\"breakdance-form-field__required\">*<\/span>\n        <\/label>\n    \n    <input\n    class=\"breakdance-form-field__input\"\n    id=\"nom\"\n    aria-describedby=\"nom\"\n    type=\"text\"\n    name=\"fields[nom]\"\n    placeholder=\"Intitul\u00e9\"\n    value=\"\"\n                \n        \n        \n    required\n    \n    \n    \n>\n\n\n    \n    \n<\/div>\n\n\n<div class=\"breakdance-form-field breakdance-form-field--text\" >\n    \n    \n            <label class=\"breakdance-form-field__label\" for=\"prenom\">\n            Cognome<span class=\"breakdance-form-field__required\">*<\/span>\n        <\/label>\n    \n    <input\n    class=\"breakdance-form-field__input\"\n    id=\"prenom\"\n    aria-describedby=\"prenom\"\n    type=\"text\"\n    name=\"fields[prenom]\"\n    placeholder=\"Intitul\u00e9\"\n    value=\"\"\n                \n        \n        \n    required\n    \n    \n    \n>\n\n\n    \n    \n<\/div>\n\n\n<div class=\"breakdance-form-field breakdance-form-field--email\" >\n    \n    \n            <label class=\"breakdance-form-field__label\" for=\"email\">\n            Email<span class=\"breakdance-form-field__required\">*<\/span>\n        <\/label>\n    \n    <input\n    class=\"breakdance-form-field__input\"\n    id=\"email\"\n    aria-describedby=\"email\"\n    type=\"email\"\n    name=\"fields[email]\"\n    placeholder=\"Intitul\u00e9\"\n    value=\"\"\n                \n        \n        \n    required\n    \n    \n    \n>\n\n\n    \n    \n<\/div>\n\n\n<div class=\"breakdance-form-field breakdance-form-field--tel\" >\n    \n    \n            <label class=\"breakdance-form-field__label\" for=\"fenavn\">\n            Telefono\n        <\/label>\n    \n    <input\n    class=\"breakdance-form-field__input\"\n    id=\"fenavn\"\n    aria-describedby=\"fenavn\"\n    type=\"tel\"\n    name=\"fields[fenavn]\"\n    placeholder=\"\"\n    value=\"\"\n                \n        \n        \n    \n    \n    \n    \n>\n\n\n    \n    \n<\/div>\n\n\n<div class=\"breakdance-form-field breakdance-form-field--textarea\" >\n    \n    \n            <label class=\"breakdance-form-field__label\" for=\"message\">\n            Messagio<span class=\"breakdance-form-field__required\">*<\/span>\n        <\/label>\n    \n    <textarea\n    class=\"breakdance-form-field__input\"\n    id=\"message\"\n    aria-describedby=\"message\"\n    type=\"textarea\"\n    name=\"fields[message]\"\n        rows=\"5\"\n        placeholder=\"Intitul\u00e9\"\n    required\n    >\n<\/textarea>\n\n\n    \n    \n<\/div>\n\n\n<div class=\"breakdance-form-field breakdance-form-field--checkbox\" >\n    \n    \n    \n    <fieldset role=\"group\"\n    aria-label=\"Consenso GDPR\"\n    >\n       <legend class=\"breakdance-form-field__label\">Consenso GDPR<span class=\"breakdance-form-field__required\">*<\/span><\/legend>\n          <div class=\"breakdance-form-checkbox\">\n          <input\n              type=\"checkbox\"\n              name=\"fields[rgpd]\"\n              value=\"Utilizziamo i tuoi dati solo per rispondere alla tua richiesta.\"\n              id=\"rgpd-1\"\n              \n                        >\n          <label class=\"breakdance-form-checkbox__text\" for=\"rgpd-1\">Utilizziamo i tuoi dati solo per rispondere alla tua richiesta.<\/label>\n      <\/div>\n  <\/fieldset>\n\n\n\n    \n    \n<\/div>\n\n\n  \n\n<div class=\"breakdance-form-field breakdance-form-footer\">\n    \n    \n                                    \n    \n    \n    \n    \n            \n            <button type=\"submit\" class=\"button-atom button-atom--primary breakdance-form-button breakdance-form-button__submit\"  >\n    \n        <span class=\"button-atom__text\">Invia<\/span>\n\n        \n        \n            <\/button>\n    \n    <input type=\"hidden\" name=\"form_id\" value=\"115\">\n    <input type=\"hidden\" name=\"post_id\" value=\"757\">\n<\/div>\n\n  \n<\/form>\n\n\n<\/div><div class=\"bde-rich-text-757-121 bde-rich-text breakdance-rich-text-styles\">\n<h2>Resta in contatto con Agricamper<\/h2>\n<p>Per novit\u00e0 sulla rete, idee di viaggio in camper e aggiornamenti sull\u2019app e sulle aziende agricole ospitanti, puoi seguirci anche qui:<\/p>\n<ul>\n<li><a href=\"https:\/\/www.facebook.com\/agricamper\/\" target=\"_blank\" rel=\"noopener noreferrer\">Facebook<\/a><\/li>\n<li><a href=\"https:\/\/www.instagram.com\/agricamper\/\" target=\"_blank\" rel=\"noopener noreferrer\">Instagram<\/a><\/li>\n<li><a href=\"https:\/\/it.linkedin.com\/company\/agricamper\" target=\"_blank\" rel=\"noopener noreferrer\">LinkedIn<\/a><\/li>\n<li><a href=\"https:\/\/www.youtube.com\/@agricamper-italia\" target=\"_blank\" rel=\"noopener noreferrer\">YouTube<\/a><\/li>\n<\/ul>\n<p>Per ricevere in anteprima consigli di viaggio e offerte speciali, <a onclick=\"document.querySelector('#popup-newsletter-brevo button').click(); return false;\" href=\"#\">iscriviti alla newsletter<\/a>.<\/p>\n<\/div><\/div>\n<\/section><\/div>","protected":false},"excerpt":{"rendered":"<p>Siamo qui per aiutarti nel modo pi\u00f9 semplice e veloce possibile. Per farti risparmiare tempo ed evitare scambi inutili, ti invitiamo a seguire i passaggi qui sotto nell\u2019ordine indicato.1. FAQ: risposte anche alle domande che forse non ti sei ancora postoNella pagina delle Domande frequenti (FAQ) trovi informazioni chiare e aggiornate su Agricamper Italia. \u00c8 [&hellip;]<\/p>\n","protected":false},"author":1,"featured_media":0,"parent":0,"menu_order":0,"comment_status":"closed","ping_status":"closed","template":"","meta":{"_acf_changed":false,"_breakdance_hide_in_design_set":false,"_breakdance_tags":"","footnotes":""},"class_list":["post-757","page","type-page","status-publish","hentry"],"acf":[],"_links":{"self":[{"href":"https:\/\/www.agricamper.com\/it\/wp-json\/wp\/v2\/pages\/757","targetHints":{"allow":["GET"]}}],"collection":[{"href":"https:\/\/www.agricamper.com\/it\/wp-json\/wp\/v2\/pages"}],"about":[{"href":"https:\/\/www.agricamper.com\/it\/wp-json\/wp\/v2\/types\/page"}],"author":[{"embeddable":true,"href":"https:\/\/www.agricamper.com\/it\/wp-json\/wp\/v2\/users\/1"}],"replies":[{"embeddable":true,"href":"https:\/\/www.agricamper.com\/it\/wp-json\/wp\/v2\/comments?post=757"}],"version-history":[{"count":15,"href":"https:\/\/www.agricamper.com\/it\/wp-json\/wp\/v2\/pages\/757\/revisions"}],"predecessor-version":[{"id":133058,"href":"https:\/\/www.agricamper.com\/it\/wp-json\/wp\/v2\/pages\/757\/revisions\/133058"}],"wp:attachment":[{"href":"https:\/\/www.agricamper.com\/it\/wp-json\/wp\/v2\/media?parent=757"}],"curies":[{"name":"wp","href":"https:\/\/api.w.org\/{rel}","templated":true}]}}