{"id":74901,"date":"2026-01-16T09:15:51","date_gmt":"2026-01-16T08:15:52","guid":{"rendered":"https:\/\/www.agricamper.com\/?post_type=product&#038;p=74901"},"modified":"2026-02-16T11:18:15","modified_gmt":"2026-02-16T10:18:15","slug":"france-passion-france-en-camping-car-guide-des-aires-detape-2026","status":"publish","type":"product","link":"https:\/\/www.agricamper.com\/fr\/produit\/france-passion-france-en-camping-car-guide-des-aires-detape-2026\/","title":{"rendered":"France Passion &#8211; France en camping-car &#8211; Guide des aires d\u2019\u00e9tape 2026"},"content":{"rendered":"<p data-start=\"84\" data-end=\"98\"><strong data-start=\"84\" data-end=\"98\">Exp\u00e9dition<\/strong><\/p>\n<p data-start=\"100\" data-end=\"294\">Nous exp\u00e9dions dans toute l&rsquo;Europe. Le co\u00fbt varie selon le pays et est calcul\u00e9 au moment de l&rsquo;achat. Pour les d\u00e9tails sur les d\u00e9lais de livraison, veuillez visiter la page <a href=\"https:\/\/www.agricamper.com\/fr\/expedition-et-retours\/\">Exp\u00e9dition et Retours<\/a>.<\/p>\n<p data-start=\"296\" data-end=\"327\"><strong data-start=\"296\" data-end=\"327\">Caract\u00e9ristiques du produit<\/strong><\/p>\n<ul>\n<li data-start=\"329\" data-end=\"1031\">Guide multilingue (italien, anglais, allemand, n\u00e9erlandais et espagnol), tandis que l&rsquo;application est accessible en anglais, fran\u00e7ais et allemand.<\/li>\n<li data-start=\"329\" data-end=\"1031\">Guide valable du 01.03.2026 au 31.03.2027<\/li>\n<li data-start=\"329\" data-end=\"1031\">Inclut un guide papier, une carte de membre (personnelle et li\u00e9e au v\u00e9hicule, non transf\u00e9rable), une vignette &amp; une application pour voyager en France<\/li>\n<li data-start=\"329\" data-end=\"1031\">Pour les voyageurs en camping-car et fourgon am\u00e9nag\u00e9 autonomes (non adapt\u00e9 pour les caravanes et les tentes de toit)<\/li>\n<li data-start=\"329\" data-end=\"1031\">Stationnement gratuit de 24 heures dans les plus belles fermes de France<\/li>\n<li data-start=\"329\" data-end=\"1031\">Profitez de la vie \u00e0 la campagne, de la tranquillit\u00e9, de la nature et des sp\u00e9cialit\u00e9s r\u00e9gionales fran\u00e7aises<\/li>\n<li data-start=\"329\" data-end=\"1031\">Environ 2.200 accueillants, ruraux et chaleureux, \u00e0 travers toute la France<\/li>\n<\/ul>\n<p data-start=\"1033\" data-end=\"1278\"><strong data-start=\"1033\" data-end=\"1052\">Note importante<\/strong> : Ce produit est un bien personnalis\u00e9 de valeur modeste et n&rsquo;est pas soumis au droit de r\u00e9tractation (changement d&rsquo;avis). Il comprend un contenu num\u00e9rique, dont l&rsquo;ex\u00e9cution commence avec l&rsquo;acceptation des conditions de vente.<\/p>\n<hr \/>\n<p data-start=\"1280\" data-end=\"1448\"><strong>France Passion<\/strong> est un r\u00e9seau compos\u00e9 de <strong>2.200 agriculteurs, \u00e9leveurs, viticulteurs et producteurs de fruits et l\u00e9gumes<\/strong> qui ont choisi d&rsquo;accueillir les camping-caristes.<\/p>\n<p data-start=\"1450\" data-end=\"1823\">La <strong>version papier<\/strong> du guide <strong>France Passion<\/strong> et l&rsquo;<strong>application num\u00e9rique<\/strong> offrent un <strong>acc\u00e8s illimit\u00e9<\/strong> \u00e0 ces aires de stationnement tout au long de l&rsquo;ann\u00e9e. Ils permettent aux <strong>v\u00e9hicules 100% autonomes<\/strong> (\u00e9quip\u00e9s d&rsquo;eau, d&rsquo;\u00e9lectricit\u00e9, de sanitaires, etc.) de stationner et de passer la nuit en <strong>toute s\u00e9curit\u00e9, gratuitement<\/strong>. Les <strong>fourgons am\u00e9nag\u00e9<\/strong> sont les bienvenus dans les m\u00eames conditions.<\/p>\n<p data-start=\"1825\" data-end=\"2177\"><strong>Devenir membre de France Passion co\u00fbte seulement 33 euros par an ! <\/strong><\/p>\n<p data-start=\"1825\" data-end=\"2177\">La vignette <strong>\u00e0 appliquer sur le pare-brise<\/strong>, del&rsquo;ann\u00e9e en cours, ouvre les portes \u00e0 de nombreuses exp\u00e9riences : <strong>d\u00e9gustations, d\u00e9couvertes uniques<\/strong> et la possibilit\u00e9 de rencontrer un <strong>monde agricole ouvert et passionn\u00e9<\/strong>, avec l&rsquo;opportunit\u00e9 de <strong>go\u00fbter et d&rsquo;acheter des produits r\u00e9gionaux<\/strong>.<\/p>\n<hr \/>\n<p data-start=\"2179\" data-end=\"2226\"><strong data-start=\"2179\" data-end=\"2224\">D\u00e9tails de l&rsquo;\u00e9dition 2026 \u2013 33\u00e8me \u00e9dition<\/strong> :<\/p>\n<ul>\n<li data-start=\"2228\" data-end=\"2528\"><strong>2 200 accueillants<\/strong>, dont <strong>200 nouveaux<\/strong> d\u00e9couverts dans les coins les plus secrets de la France<\/li>\n<li data-start=\"2228\" data-end=\"2528\"><strong>1.000 agriculteurs, 800 viticulteurs, 400 artisans<\/strong> et auberges rurales accueillent les camping-caristes sur leurs propri\u00e9t\u00e9s<\/li>\n<li data-start=\"2228\" data-end=\"2528\"><strong>10.000 emplacements gratuits<\/strong> r\u00e9partis dans <strong>91 d\u00e9partements fran\u00e7ais<\/strong><\/li>\n<\/ul>\n<p data-start=\"2530\" data-end=\"2603\"><strong data-start=\"2530\" data-end=\"2601\">Exigences pour utiliser ce r\u00e9seau exclusif d&rsquo;aires de stationnement<\/strong> :<\/p>\n<ul>\n<li data-start=\"2605\" data-end=\"2878\">Un camping-car ou fourgon am\u00e9nag\u00e9 totalement autonome (avec wc, eau et gestion des d\u00e9chets)<\/li>\n<li data-start=\"2605\" data-end=\"2878\">La Guide des Aires de Stationnement en cours de validit\u00e9<\/li>\n<li data-start=\"2605\" data-end=\"2878\">Respect des \u00ab R\u00e8gles d&rsquo;or \u00bb de France Passion (saluer les h\u00f4tes \u00e0 l&rsquo;arriv\u00e9e, laisser le site propre, pr\u00e9venir de son d\u00e9part, etc.)<\/li>\n<\/ul>\n<hr \/>\n<p data-start=\"2880\" data-end=\"2996\"><strong data-start=\"2880\" data-end=\"2947\">Kit annuel mis \u00e0 jour chaque ann\u00e9e, seulement 33\u20ac (TVA incluse)<\/strong><\/p>\n<p data-start=\"2880\" data-end=\"2996\">La Guide des Aires de Stationnement comprend :<\/p>\n<ul>\n<li data-start=\"2998\" data-end=\"3275\">27 cartes r\u00e9gionales<\/li>\n<li data-start=\"2998\" data-end=\"3275\">Indications pour atteindre les aires de stationnement<\/li>\n<li data-start=\"2998\" data-end=\"3275\">Coordonn\u00e9es GPS<\/li>\n<li data-start=\"2998\" data-end=\"3275\">Services disponibles dans les fermes<\/li>\n<li data-start=\"2998\" data-end=\"3275\">Informations sur les activit\u00e9s des h\u00f4tes et sur leurs produits<\/li>\n<li data-start=\"2998\" data-end=\"3275\">D\u00e9tails sur les fermes qui offrent des repas<\/li>\n<li data-start=\"2998\" data-end=\"3275\">Photos des aires de stationnement<\/li>\n<\/ul>\n<hr \/>\n<p data-start=\"3277\" data-end=\"3448\"><strong data-start=\"3277\" data-end=\"3316\">L&rsquo;application mobile France Passion<\/strong><\/p>\n<p data-start=\"3277\" data-end=\"3448\">Un compl\u00e9ment gratuit \u00e0 la Guide et au site France Passion, qui fournit un acc\u00e8s GPS simple et imm\u00e9diat aux aires de stationnement.<\/p>\n<hr \/>\n<p data-start=\"3450\" data-end=\"3577\"><strong data-start=\"3450\" data-end=\"3491\">Espace membres sur france-passion.com<\/strong><\/p>\n<p data-start=\"3450\" data-end=\"3577\">Un compl\u00e9ment parfait \u00e0 la Guide avec de nombreuses fonctionnalit\u00e9s suppl\u00e9mentaires :<\/p>\n<ul>\n<li data-start=\"3579\" data-end=\"3758\">Planification des voyages en ligne<\/li>\n<li data-start=\"3579\" data-end=\"3758\">Calcul des itin\u00e9raires<\/li>\n<li data-start=\"3579\" data-end=\"3758\">Photos et avis sur les aires de stationnement<\/li>\n<li data-start=\"3579\" data-end=\"3758\">Calendrier des \u00e9v\u00e9nements aux aires de stationnement<\/li>\n<li data-start=\"3579\" data-end=\"3758\">Avantages exclusifs&#8230;<\/li>\n<\/ul>\n<hr \/>\n<p data-start=\"3760\" data-end=\"4008\">Comme Agricamper Italia, <a href=\"https:\/\/www.agricamper.com\/fr\/reseaux-etrangers\/\"><strong>France Passion fait partie de FEFI<\/strong><\/a>, un r\u00e9seau europ\u00e9en qui promeut l&rsquo;exp\u00e9rience unique du camping \u00e0 la campagne. Avec France Passion, vous ne voyagez pas seulement, vous d\u00e9couvrez les joyaux cach\u00e9s de la campagne fran\u00e7aise.<\/p>\n<p data-start=\"4010\" data-end=\"4129\"><strong>Achetez maintenant votre guide France Passion 2026 et pr\u00e9parez-vous pour une aventure inoubliable \u00e0 travers la France !<\/strong><\/p>\n<p data-start=\"4131\" data-end=\"4410\">Pr\u00e9parez votre camping-car ou fourgon am\u00e9nag\u00e9 et partez pour une aventure inoubliable \u00e0 travers la France. France Passion, l&rsquo;\u00e9quivalent fran\u00e7ais d&rsquo;Agricamper, vous guidera \u00e0 la d\u00e9couverte de paysages \u00e9poustouflants, de vignobles enchanteurs et de villes riches en histoire.<\/p>\n<p data-start=\"4412\" data-end=\"4670\"><strong>La C\u00f4te d&rsquo;Azur : mer et glamour <\/strong><\/p>\n<p data-start=\"4412\" data-end=\"4670\">Dirigez-vous vers la C\u00f4te d&rsquo;Azur pour une exp\u00e9rience de pur glamour. De la mondaine Saint-Tropez \u00e0 Nice et son c\u00e9l\u00e8bre front de mer, cette r\u00e9gion offre des plages magnifiques, des villes \u00e9l\u00e9gantes et une atmosph\u00e8re vibrante.<\/p>\n<p data-start=\"4672\" data-end=\"4927\"><strong>Provence: couleurs et parfums enivrants<\/strong><\/p>\n<p data-start=\"4672\" data-end=\"4927\">Explorez la Provence, avec ses champs de lavande et ses march\u00e9s color\u00e9s. Savourez la cuisine locale dans une petite boulangerie, et laissez-vous s\u00e9duire par les couleurs vives de villages comme Gordes ou Roussillon.<\/p>\n<p data-start=\"4929\" data-end=\"5157\"><strong>Normandie: histoire et nature<\/strong><\/p>\n<p data-start=\"4929\" data-end=\"5157\">Visitez la Normandie, avec ses plages du Jour-J, charg\u00e9es d&rsquo;histoire, et le majestueux Mont Saint-Michel. Explorez les c\u00f4tes sauvages et d\u00e9gustez le fameux fromage Camembert directement \u00e0 la source.<\/p>\n<p data-start=\"5159\" data-end=\"5434\"><strong>Vall\u00e9e de la Loire: ch\u00e2teaux de conte de f\u00e9es<\/strong><\/p>\n<p data-start=\"5159\" data-end=\"5434\">Plongez-vous dans la magie de la Vall\u00e9e de la Loire, c\u00e9l\u00e8bre pour ses ch\u00e2teaux f\u00e9eriques. Visitez Chambord, Chenonceau et bien d&rsquo;autres, et laissez-vous enchanter par ces monuments historiques nich\u00e9s dans des paysages idylliques.<\/p>\n<p data-start=\"5436\" data-end=\"5691\"><strong>Bordeaux: un paradis pour les amateurs de vin<\/strong><\/p>\n<p data-start=\"5436\" data-end=\"5691\">Voyagez dans la r\u00e9gion de Bordeaux, le paradis des amateurs de vin. Faites un tour des vignobles, d\u00e9gustez certains des meilleurs vins du monde et profitez du paysage vallonn\u00e9 et serein que cette r\u00e9gion offre.<\/p>\n<p data-start=\"5693\" data-end=\"6081\">Avec France Passion, vous aurez l&rsquo;opportunit\u00e9 de stationner dans des lieux uniques et de conna\u00eetre l&rsquo;authentique hospitalit\u00e9 fran\u00e7aise. La France vous attend avec ses tr\u00e9sors cach\u00e9s, pr\u00eate \u00e0 vous offrir des moments inoubliables. Commencez votre voyage en camping-car ou fourgon am\u00e9nag\u00e9 \u00e0 la d\u00e9couverte de la France &#8211; un pays qui promet des \u00e9motions, de la beaut\u00e9 et des aventures \u00e0 chaque coin!<\/p>\n","protected":false},"excerpt":{"rendered":"<p data-start=\"6252\" data-end=\"6822\">France Passion 2026 est plus qu&rsquo;un simple guide : c&rsquo;est votre passeport pour une <strong>aventure inoubliable en France<\/strong>. Id\u00e9al pour ceux qui voyagent en <strong>camping-car ou en fourgon am\u00e9nag\u00e9<\/strong>, ce guide vous ouvre les portes de plus de <strong>2 200 accueillants<\/strong> en France. Plongez au c\u0153ur de la <strong>vie \u00e0 la campagne, savourez la paix, la nature et les d\u00e9licieuses sp\u00e9cialit\u00e9s r\u00e9gionales fran\u00e7aises<\/strong>. En plus du guide papier, vous recevrez une carte de membre exclusive, une vignette et un acc\u00e8s complet \u00e0 l&rsquo;application France Passion, pour une exp\u00e9rience de voyage encore plus riche.<\/p>\n","protected":false},"featured_media":74906,"template":"","meta":[],"product_brand":[],"product_cat":[671],"product_tag":[],"class_list":{"0":"post-74901","1":"product","2":"type-product","3":"status-publish","4":"has-post-thumbnail","6":"product_cat-guide-cartacee-turistiche-camper-roulotte-fr","8":"first","9":"instock","10":"taxable","11":"shipping-taxable","12":"purchasable","13":"product-type-simple"},"aioseo_notices":[],"_links":{"self":[{"href":"https:\/\/www.agricamper.com\/fr\/wp-json\/wp\/v2\/product\/74901","targetHints":{"allow":["GET"]}}],"collection":[{"href":"https:\/\/www.agricamper.com\/fr\/wp-json\/wp\/v2\/product"}],"about":[{"href":"https:\/\/www.agricamper.com\/fr\/wp-json\/wp\/v2\/types\/product"}],"wp:featuredmedia":[{"embeddable":true,"href":"https:\/\/www.agricamper.com\/fr\/wp-json\/wp\/v2\/media\/74906"}],"wp:attachment":[{"href":"https:\/\/www.agricamper.com\/fr\/wp-json\/wp\/v2\/media?parent=74901"}],"wp:term":[{"taxonomy":"product_brand","embeddable":true,"href":"https:\/\/www.agricamper.com\/fr\/wp-json\/wp\/v2\/product_brand?post=74901"},{"taxonomy":"product_cat","embeddable":true,"href":"https:\/\/www.agricamper.com\/fr\/wp-json\/wp\/v2\/product_cat?post=74901"},{"taxonomy":"product_tag","embeddable":true,"href":"https:\/\/www.agricamper.com\/fr\/wp-json\/wp\/v2\/product_tag?post=74901"}],"curies":[{"name":"wp","href":"https:\/\/api.w.org\/{rel}","templated":true}]}}