{"id":4250,"date":"2020-11-30T14:16:13","date_gmt":"2020-11-30T13:16:13","guid":{"rendered":"http:\/\/agricamper.web02.ipgarde.net\/prodotto\/guida-camper-soste-rurali-campagna\/"},"modified":"2025-01-15T11:48:10","modified_gmt":"2025-01-15T10:48:10","slug":"guide-aires-camping-car-campagne-italie","status":"publish","type":"product","link":"https:\/\/www.agricamper.com\/fr\/produit\/guide-aires-camping-car-campagne-italie\/","title":{"rendered":"Guide num\u00e9rique Agricamper des aires d&rsquo;\u00e9tape en Italie ANNUEL"},"content":{"rendered":"<p><strong>Explorez l&rsquo;Italie avec Agricamper : Une aventure unique pour les amateurs de camping-car et de camping<\/strong><\/p>\n<p>Imaginez-vous au volant de votre <strong>camping-car<\/strong> ou de votre <strong>fourgon am\u00e9nag\u00e9<\/strong>, ou avec votre <strong>caravane<\/strong> attach\u00e9e, parcourant les routes qui s&rsquo;\u00e9tendent vers l&rsquo;horizon, vous aventurant \u00e0 travers la <strong>vari\u00e9t\u00e9 paysag\u00e8re extraordinaire<\/strong> que seule l&rsquo;Italie peut offrir. <strong>Agricamper Italie<\/strong> vous invite \u00e0 d\u00e9couvrir le c\u0153ur battant de cette terre magique, vous offrant un voyage qui d\u00e9passe les itin\u00e9raires touristiques habituels, dans une exp\u00e9rience qui entrelace <strong>aventure<\/strong>, <strong>culture<\/strong> et <strong>nature<\/strong>.<\/p>\n<p><strong>Exp\u00e9riences Authentiques avec des \u00c9tapes Uniques<\/strong><\/p>\n<p>Chaque <strong>\u00e9tape en camping-car<\/strong> avec Agricamper Italie est une opportunit\u00e9 de s&rsquo;immerger compl\u00e8tement dans la <strong>beaut\u00e9 intemporelle<\/strong> de l&rsquo;Italie : des sommets majestueux des <strong>Alpes et des Dolomites<\/strong>, qui se teintent de rose au coucher du soleil, aux douces collines de la <strong>Toscane<\/strong>, parsem\u00e9es de vignobles et d&rsquo;oliveraies, jusqu&rsquo;aux c\u00f4tes scintillantes de la <strong>M\u00e9diterran\u00e9e<\/strong>, o\u00f9 la mer embrasse des plages dor\u00e9es et des falaises \u00e0 couper le souffle. Nos <strong>aires de stationnement pour camping-cars<\/strong> situ\u00e9es au sein de fermes ont \u00e9t\u00e9 s\u00e9lectionn\u00e9es pour offrir non seulement <strong>confort et s\u00e9r\u00e9nit\u00e9<\/strong> mais aussi un acc\u00e8s aux plus beaux <strong>paysages<\/strong> et <strong>attractions locales<\/strong>.<\/p>\n<p><strong>Exp\u00e9riences Culinaires et Culturelles au C\u0153ur de la Campagne<\/strong><\/p>\n<p>Mais l&rsquo;Italie avec Agricamper n&rsquo;est pas seulement un voyage \u00e0 travers des paysages de cartes postales. C&rsquo;est aussi une <strong>aventure culinaire<\/strong> qui vous fera d\u00e9couvrir les <strong>saveurs authentiques<\/strong> d&rsquo;un pays riche en <strong>traditions gastronomiques<\/strong>. Nos <strong>fermes<\/strong>, <strong>fermes auberges\u00a0et agricampings<\/strong> vous permettent de vivre l&rsquo;<strong>authenticit\u00e9<\/strong> et la <strong>fra\u00eecheur<\/strong> des produits locaux directement \u00e0 la source, parfait pour ceux qui recherchent une exp\u00e9rience plus intime et en contact avec la nature.<\/p>\n<p><strong>Un Voyage Durable et Confortable<\/strong><\/p>\n<p>Voyager avec Agricamper Italie signifie \u00e9galement faire un <strong>choix de c\u0153ur<\/strong>, une mani\u00e8re d&rsquo;explorer tout en respectant l&rsquo;<strong>environnement<\/strong> et les <strong>communaut\u00e9s locales<\/strong>, en privil\u00e9giant un <strong>tourisme durable<\/strong> qui laisse une empreinte l\u00e9g\u00e8re sur la terre qui nous accueille. Certaines de nos <strong>aires de stationnement pour camping-cars<\/strong> sont \u00e9quip\u00e9es de toutes les <strong>installations n\u00e9cessaires<\/strong> pour garantir le <strong>confort<\/strong> lors de votre \u00e9tape, vous permettant de vivre l&rsquo;Italie comme jamais auparavant, en <strong>toute libert\u00e9 et autonomie<\/strong>. Nous sommes une alternative aux <strong>parkings pour camping-cars<\/strong>.<\/p>\n<p>Faites de chaque jour un r\u00e9cit m\u00e9morable, du r\u00e9veil avec la vue sur les <strong>vignes humides de la ros\u00e9e matinale<\/strong>, \u00e0 l&rsquo;apr\u00e8s-midi pass\u00e9 \u00e0 fl\u00e2ner parmi les <strong>ruines antiques romaines<\/strong>, jusqu&rsquo;au soir, o\u00f9 vous pourrez trinquer sous un <strong>ciel \u00e9toil\u00e9<\/strong>, en compagnie de la <strong>nature<\/strong> et de l&rsquo;<strong>histoire<\/strong>.<\/p>\n<p>Laissez <strong>Agricamper Italie<\/strong> \u00eatre la cl\u00e9 pour ouvrir les portes d&rsquo;une <strong>aventure unique<\/strong>, o\u00f9 chaque tournant de la route est une invitation \u00e0 d\u00e9couvrir, explorer et tomber amoureux. L&rsquo;Italie vous attend, avec ses <strong>tr\u00e9sors cach\u00e9s<\/strong> et ses <strong>merveilles infinies<\/strong>, dans un voyage qui touchera votre c\u0153ur et enrichira votre \u00e2me.<\/p>\n<p>Avec Agricamper Italie, vous n&rsquo;\u00eates pas seulement des voyageurs : vous \u00eates des <strong>explorateurs de r\u00eaves<\/strong>, des <strong>aventuriers de l&rsquo;esprit<\/strong>, des <strong>gardiens de souvenirs inoubliables<\/strong>. Commencez votre voyage aujourd&rsquo;hui, et laissez chaque destination vous raconter son histoire, dans une exp\u00e9rience qui changera \u00e0 jamais votre fa\u00e7on de voir l&rsquo;Italie et le monde.<\/p>\n","protected":false},"excerpt":{"rendered":"<p>Apr\u00e8s l&rsquo;achat, vous recevrez par e-mail un <strong>e-book au format PDF<\/strong>, fournissant un r\u00e9sum\u00e9 mis \u00e0 jour au 1er janvier des accueillants, \u00e9galement disponible en t\u00e9l\u00e9chargement depuis votre compte. De plus, vous aurez un acc\u00e8s gratuit \u00e0 notre <strong><a href=\"https:\/\/www.agricamper-italia.com\/fr\/knowledge-base-fr\/ou-telecharger-lapplication-agricamper\/\">application mobile<\/a> (pour Android et iOS)<\/strong>, o\u00f9 vous trouverez des informations d\u00e9taill\u00e9es sur tous les accueillants.<\/p>\n<ul>\n<li><strong>Adh\u00e9sion valide pour 12 mois<\/strong> (\u00e0 partir du jour de l&rsquo;achat) pour des <strong>\u00e9tapes illimit\u00e9es et gratuites jusqu&rsquo;\u00e0 24 heures<\/strong> chez les <a href=\"https:\/\/www.agricamper-italia.com\/fr\/knowledge-base-fr\/comment-se-presentent-les-hotes-au-sein-du-circuit\/\">accueillants Agricamper<\/a>.<\/li>\n<li><strong>R\u00e9serv\u00e9 aux <a href=\"https:\/\/www.agricamper-italia.com\/fr\/knowledge-base-fr\/quels-sont-les-types-de-vehicules-acceptes\/\">camping-cars, fourgons am\u00e9nag\u00e9s et caravanes autonomes<\/a><\/strong>.<\/li>\n<li>Faire partie d&rsquo;Agricamper signifie <strong>adh\u00e9rer \u00e0 nos <a href=\"https:\/\/www.agricamper-italia.com\/fr\/regles-or\/\">R\u00e8gles d&rsquo;or<\/a><\/strong>, essentielles pour garantir une exp\u00e9rience de voyage de qualit\u00e9 pour tous.<\/li>\n<\/ul>\n<p><strong>Remarque :<\/strong> maintenir l&rsquo;unicit\u00e9 et la confidentialit\u00e9 de nos accueillants est crucial ; il est <strong>interdit de partager les noms et les d\u00e9tails des accueillants sur les r\u00e9seaux sociaux ou les sites web<\/strong>.<\/p>\n","protected":false},"featured_media":54997,"template":"","meta":[],"product_brand":[],"product_cat":[56],"product_tag":[],"class_list":{"0":"post-4250","1":"product","2":"type-product","3":"status-publish","4":"has-post-thumbnail","6":"product_cat-adesion","8":"first","9":"instock","10":"downloadable","11":"virtual","12":"taxable","13":"purchasable","14":"product-type-simple"},"aioseo_notices":[],"_links":{"self":[{"href":"https:\/\/www.agricamper.com\/fr\/wp-json\/wp\/v2\/product\/4250","targetHints":{"allow":["GET"]}}],"collection":[{"href":"https:\/\/www.agricamper.com\/fr\/wp-json\/wp\/v2\/product"}],"about":[{"href":"https:\/\/www.agricamper.com\/fr\/wp-json\/wp\/v2\/types\/product"}],"wp:featuredmedia":[{"embeddable":true,"href":"https:\/\/www.agricamper.com\/fr\/wp-json\/wp\/v2\/media\/54997"}],"wp:attachment":[{"href":"https:\/\/www.agricamper.com\/fr\/wp-json\/wp\/v2\/media?parent=4250"}],"wp:term":[{"taxonomy":"product_brand","embeddable":true,"href":"https:\/\/www.agricamper.com\/fr\/wp-json\/wp\/v2\/product_brand?post=4250"},{"taxonomy":"product_cat","embeddable":true,"href":"https:\/\/www.agricamper.com\/fr\/wp-json\/wp\/v2\/product_cat?post=4250"},{"taxonomy":"product_tag","embeddable":true,"href":"https:\/\/www.agricamper.com\/fr\/wp-json\/wp\/v2\/product_tag?post=4250"}],"curies":[{"name":"wp","href":"https:\/\/api.w.org\/{rel}","templated":true}]}}