{"id":37731,"date":"2024-01-09T11:06:38","date_gmt":"2024-01-09T10:06:38","guid":{"rendered":"https:\/\/www.agricamper-italia.com\/prodotto\/landvergnugen-germania-e-austria-in-camper-caravan-guida-digitale-delle-aree-di-sosta\/"},"modified":"2026-01-14T14:45:16","modified_gmt":"2026-01-14T13:45:16","slug":"landvergnugen-germania-e-austria-in-camper-caravan-guida-digitale-delle-aree-di-sosta","status":"publish","type":"product","link":"https:\/\/www.agricamper.com\/fr\/produit\/landvergnugen-germania-e-austria-in-camper-caravan-guida-digitale-delle-aree-di-sosta\/","title":{"rendered":"Landvergn\u00fcgen &#8211; Allemagne, Autriche et Suisse en camping-car &#038; caravane &#8211; Guide num\u00e9rique des aires d&rsquo;\u00e9tape"},"content":{"rendered":"<p><strong>Caract\u00e9ristiques du produit<\/strong><\/p>\n<ul>\n<li>Le guide de l&rsquo;application est en langue <strong>allemande<\/strong> ; des <strong>pictogrammes<\/strong> vous aideront \u00e0 comprendre intuitivement les <strong>services disponibles<\/strong>.<\/li>\n<li><strong>Adh\u00e9sion valable pendant 12 mois<\/strong> \u00e0 compter de la date d&rsquo;achat.<\/li>\n<li>Comprend l&rsquo;application avec une <strong>carte num\u00e9rique<\/strong> et un <strong>syst\u00e8me de r\u00e9servation<\/strong>.<\/li>\n<li>Pour les voyageurs en <strong>camping-cars<\/strong>, <strong>fourgons am\u00e9nag\u00e9s<\/strong>,\u00a0<strong>caravanes autonomes <\/strong>et <strong>tente de toit<\/strong>.<\/li>\n<li><strong>Stationnement gratuit pendant 24 heures<\/strong> dans les plus belles fermes d&rsquo;<strong>Allemagne<\/strong>, d&rsquo;<strong>Autriche<\/strong> et de <strong>Suisse<\/strong>.<\/li>\n<li>Profitez de la <strong>vie \u00e0 la campagne<\/strong>, du <strong>calme<\/strong>, de la <strong>nature<\/strong> et des <strong>sp\u00e9cialit\u00e9s r\u00e9gionales<\/strong> allemandes, autrichiennes et suisses.<\/li>\n<li>Environ <strong>2 150 \u00e9tablissements ruraux<\/strong> et accueillants, dont <strong>1 500 en Allemagne<\/strong>,<strong> 600 en Autriche<\/strong> et <strong>50 en Suisse<\/strong>, avec plus de<strong> 4 600 aires de stationnement<\/strong> disponibles pour une exp\u00e9rience de voyage authentique et confortable.<\/li>\n<\/ul>\n<p>Tout comme <strong>Agricamper Italia<\/strong>, <strong>Landvergn\u00fcgen fait partie de la <a href=\"https:\/\/www.agricamper.com\/fr\/reseaux-etrangers\/\">FEFI<\/a><\/strong>, un r\u00e9seau europ\u00e9en qui promeut l&rsquo;exp\u00e9rience unique du camping \u00e0 la campagne. Avec <strong>Landvergn\u00fcgen<\/strong>, vous ne voyagez pas seulement, vous d\u00e9couvrez les tr\u00e9sors cach\u00e9s des campagnes allemande, autrichienne et suisse.<\/p>\n<p>Achetez d\u00e8s maintenant votre guide num\u00e9rique Landvergn\u00fcgen et pr\u00e9parez-vous \u00e0 vivre une aventure inoubliable \u00e0 travers l&rsquo;<strong>Allemagne<\/strong>, l&rsquo;<strong>Autriche<\/strong> et la <strong>Suisse<\/strong> !<\/p>\n<p>D\u00e9couvrez les merveilles de l&rsquo;<strong>Autriche<\/strong>, de l&rsquo;<strong>Allemagne<\/strong> et de la <strong>Suisse<\/strong>. Pr\u00e9parez votre v\u00e9hicule et partez d&rsquo;Italie pour une aventure inoubliable en explorant l&rsquo;<strong>Autriche<\/strong>, l&rsquo;<strong>Allemagne<\/strong> et la <strong>Suisse<\/strong> avec <strong>Landvergn\u00fcgen<\/strong>, l&rsquo;\u00e9quivalent d&rsquo;<strong>Agricamper<\/strong> pour ces pays fascinants.<\/p>\n<hr \/>\n<p><strong>Suisse : un paradis de montagnes, de lacs et de culture<\/strong><\/p>\n<p>Commencez votre aventure dans le <strong>Tessin<\/strong>, la r\u00e9gion italophone de la Suisse, o\u00f9 la culture italienne se m\u00eale harmonieusement \u00e0 la culture suisse. Promenez-vous le long des rives du <strong>lac de Lugano<\/strong>, explorez des villages charmants et d\u00e9gustez la cuisine locale, qui combine des plats m\u00e9diterran\u00e9ens avec des influences alpines. Cette r\u00e9gion offre des panoramas \u00e0 couper le souffle et une s\u00e9r\u00e9nit\u00e9 unique propre au sud de la Suisse.<\/p>\n<p>Continuez votre voyage vers <strong>Gen\u00e8ve<\/strong>, la ville des Nations Unies, c\u00e9l\u00e8bre pour son magnifique lac. L\u00e0, vous pourrez admirer l\u2019iconique <strong>Horloge Fleurie<\/strong>, symbole de la pr\u00e9cision suisse, et vous promener dans ses parcs. Gen\u00e8ve est \u00e9galement le point de d\u00e9part id\u00e9al pour d\u00e9couvrir la r\u00e9gion viticole de <strong>Lavaux<\/strong>, o\u00f9 les vignobles en terrasses surplombant le lac L\u00e9man offrent un paysage extraordinaire et une exp\u00e9rience \u0153nogastronomique unique.<\/p>\n<p>Poursuivez vers <strong>Lucerne<\/strong>, une ville pittoresque situ\u00e9e sur les rives de son lac \u00e9ponyme, entour\u00e9e de majestueuses montagnes comme le <strong>Pilatus<\/strong> et le <strong>Rigi<\/strong>, id\u00e9ales pour des randonn\u00e9es panoramiques. Lucerne est c\u00e9l\u00e8bre pour son <strong>Kapellbr\u00fccke<\/strong>, un pont couvert qui traverse la rivi\u00e8re Reuss, et pour ses rues pav\u00e9es empreintes d\u2019histoire.<\/p>\n<p>Enfin, dirigez-vous vers <strong>Zurich<\/strong>, la plus grande ville de Suisse, connue pour sa sc\u00e8ne culturelle dynamique et son r\u00f4le de centre financier majeur. Promenez-vous le long du <strong>lac de Zurich<\/strong>, explorez la <strong>Vieille Ville<\/strong> avec ses ruelles m\u00e9di\u00e9vales et d\u00e9couvrez les mus\u00e9es d\u2019art et les galeries qui font de Zurich l\u2019une des villes les plus dynamiques d\u2019Europe.<\/p>\n<hr \/>\n<p><strong>Autriche : un m\u00e9lange enchanteur de culture et de nature<\/strong><\/p>\n<p>Commencez votre voyage dans le sud de l\u2019Autriche en explorant la r\u00e9gion du <strong>Tyrol<\/strong>, un v\u00e9ritable paradis pour les amoureux de la montagne. Ici, vous pourrez faire des randonn\u00e9es panoramiques et d\u00e9couvrir de charmants villages alpins nich\u00e9s au c\u0153ur de la nature. Les paysages \u00e0 couper le souffle et l\u2019atmosph\u00e8re paisible vous accompagneront tout au long de votre parcours.<\/p>\n<p>Poursuivez votre voyage vers <strong>Salzbourg<\/strong>, la ville natale de Mozart, qui vous accueille avec son architecture baroque et son riche patrimoine musical. Visitez la <strong>forteresse Hohensalzburg<\/strong>, qui domine la ville, et promenez-vous dans ses rues pav\u00e9es, baign\u00e9es d\u2019histoire et de culture. Salzbourg est \u00e9galement le point de d\u00e9part id\u00e9al pour explorer les <strong>Alpes salzbourgeoises<\/strong>, un paradis naturel pour les amateurs de randonn\u00e9e et d\u2019activit\u00e9s de plein air.<\/p>\n<p>Dirigez-vous ensuite vers la capitale, <strong>Vienne<\/strong>, qui vous charmera par son \u00e9l\u00e9gance imp\u00e9riale. Promenez-vous le long des rives du Danube et visitez l\u2019imposant <strong>palais de Sch\u00f6nbrunn<\/strong>, r\u00e9sidence d\u2019\u00e9t\u00e9 des empereurs. N\u2019oubliez pas de savourer une tranche de la c\u00e9l\u00e8bre <strong>Sachertorte<\/strong> dans l\u2019un des caf\u00e9s traditionnels viennois, et explorez les prestigieux mus\u00e9es et th\u00e9\u00e2tres de la ville, tels que l\u2019<strong>Op\u00e9ra national<\/strong> et le <strong>Mus\u00e9e d\u2019Histoire de l\u2019Art<\/strong>.<\/p>\n<p>Enfin, parcourez la c\u00e9l\u00e8bre route panoramique du <strong>Grossglockner Hochalpenstrasse<\/strong>, l\u2019une des plus spectaculaires d\u2019Europe. Elle traverse le parc national des Hohe Tauern et offre des vues imprenables sur les montagnes ainsi que l\u2019acc\u00e8s \u00e0 des sentiers de randonn\u00e9e qui vous m\u00e8neront \u00e0 la d\u00e9couverte de la nature pr\u00e9serv\u00e9e de l\u2019Autriche.<\/p>\n<hr \/>\n<p><strong>Allemagne : un pays \u00e0 d\u00e9couvrir sur quatre roues<\/strong><\/p>\n<p>Commencez votre voyage dans le sud de l&rsquo;Allemagne en explorant la <strong>Route Romantique<\/strong>, qui s&rsquo;\u00e9tend de la Bavi\u00e8re \u00e0 la <strong>For\u00eat-Noire<\/strong>. En suivant cet itin\u00e9raire, vous traverserez des villages m\u00e9di\u00e9vaux pittoresques, des ch\u00e2teaux comme le c\u00e9l\u00e8bre ch\u00e2teau de Neuschwanstein, et des paysages vari\u00e9s allant de la campagne aux hautes montagnes, offrant de nombreuses opportunit\u00e9s d&rsquo;exploration.<\/p>\n<p>Poursuivez votre voyage vers <strong>Munich<\/strong>, l&rsquo;une des villes les plus embl\u00e9matiques d&rsquo;Allemagne. D\u00e9couvrez la <strong>Marienplatz<\/strong> historique avec son imposante <strong>Nouvelle Tour de l&rsquo;Horloge<\/strong>, et plongez dans les traditions locales dans les typiques <strong><em>biergartens<\/em><\/strong>. La Bavi\u00e8re est \u00e9galement c\u00e9l\u00e8bre pour ses lacs, comme le <strong>lac de Starnberg<\/strong>, o\u00f9 vous pourrez profiter de la tranquillit\u00e9 du paysage et pratiquer des sports nautiques.<\/p>\n<p>Dirigez-vous ensuite vers la <strong>Rh\u00e9nanie<\/strong> et la <strong>Moselle<\/strong>, o\u00f9 vous pourrez d\u00e9couvrir les c\u00e9l\u00e8bres <strong>r\u00e9gions viticoles<\/strong> d&rsquo;Allemagne. Arr\u00eatez-vous dans de petits villages et des caves locales pour d\u00e9guster de grands vins allemands et savourer des plats typiques de la gastronomie traditionnelle allemande.<\/p>\n<p>Enfin, explorez la <strong>For\u00eat-Noire<\/strong>, l&rsquo;une des r\u00e9gions les plus fascinantes du pays. Parcourez la <strong>Route des Arbres de la For\u00eat-Noire<\/strong>, o\u00f9 vous pourrez admirer des paysages naturels pr\u00e9serv\u00e9s et d\u00e9couvrir la tradition de la fabrication des horloges \u00e0 coucou. Cette r\u00e9gion d&rsquo;Allemagne est id\u00e9ale pour les amoureux de la nature et des traditions locales.<\/p>\n<hr \/>\n<p>Avec <strong>Landvergn\u00fcgen<\/strong>, vous vivrez une aventure unique \u00e0 travers la <strong>Suisse<\/strong>, l\u2019<strong>Autriche<\/strong> et l\u2019<strong>Allemagne<\/strong>. Chaque \u00e9tape de votre voyage vous offrira l\u2019opportunit\u00e9 de d\u00e9couvrir des paysages \u00e0 couper le souffle, des traditions authentiques et des sp\u00e9cialit\u00e9s culinaires locales. Vous s\u00e9journerez dans des lieux uniques, profiterez de l\u2019hospitalit\u00e9 locale et vivrez des exp\u00e9riences inoubliables. Pr\u00e9parez-vous \u00e0 explorer la beaut\u00e9 de trois pays fascinants, avec <strong>Landvergn\u00fcgen<\/strong> comme guide pour une aventure sans \u00e9gale.<\/p>\n","protected":false},"excerpt":{"rendered":"<p><strong>Landvergn\u00fcgen<\/strong>, bien plus qu\u2019un simple guide num\u00e9rique, est le passeport pour une exploration m\u00e9morable \u00e0 travers l\u2019<strong>Allemagne<\/strong>, l\u2019<strong>Autriche<\/strong> et la <strong>Suisse<\/strong>. Pour les voyageurs en <strong>camping-car<\/strong>, <strong>furgons am\u00e9nag\u00e9<\/strong>,\u00a0<strong>caravane autonome <\/strong>ou <strong>tente de toit<\/strong>, ce guide offre un acc\u00e8s \u00e0 plus de <strong>2 100 h\u00e9bergements ruraux<\/strong> dans les paysages idylliques de ces trois pays, avec <strong>4 600 emplacements<\/strong> disponibles. Plongez dans la s\u00e9r\u00e9nit\u00e9 de la vie \u00e0 la campagne, d\u00e9couvrez une nature pr\u00e9serv\u00e9e et savourez les sp\u00e9cialit\u00e9s r\u00e9gionales d\u2019<strong>Allemagne<\/strong>, d\u2019<strong>Autriche<\/strong> et de <strong>Suisse<\/strong>.<\/p>\n<p><em>En utilisant ce lien affili\u00e9, vous pouvez acheter directement aupr\u00e8s de Landvergn\u00fcgen, selon leurs conditions g\u00e9n\u00e9rales.<\/em><\/p>\n","protected":false},"featured_media":75426,"template":"","meta":[],"product_brand":[],"product_cat":[671],"product_tag":[],"class_list":{"0":"post-37731","1":"product","2":"type-product","3":"status-publish","4":"has-post-thumbnail","6":"product_cat-guide-cartacee-turistiche-camper-roulotte-fr","8":"first","9":"instock","10":"taxable","11":"shipping-taxable","12":"product-type-external"},"aioseo_notices":[],"_links":{"self":[{"href":"https:\/\/www.agricamper.com\/fr\/wp-json\/wp\/v2\/product\/37731","targetHints":{"allow":["GET"]}}],"collection":[{"href":"https:\/\/www.agricamper.com\/fr\/wp-json\/wp\/v2\/product"}],"about":[{"href":"https:\/\/www.agricamper.com\/fr\/wp-json\/wp\/v2\/types\/product"}],"wp:featuredmedia":[{"embeddable":true,"href":"https:\/\/www.agricamper.com\/fr\/wp-json\/wp\/v2\/media\/75426"}],"wp:attachment":[{"href":"https:\/\/www.agricamper.com\/fr\/wp-json\/wp\/v2\/media?parent=37731"}],"wp:term":[{"taxonomy":"product_brand","embeddable":true,"href":"https:\/\/www.agricamper.com\/fr\/wp-json\/wp\/v2\/product_brand?post=37731"},{"taxonomy":"product_cat","embeddable":true,"href":"https:\/\/www.agricamper.com\/fr\/wp-json\/wp\/v2\/product_cat?post=37731"},{"taxonomy":"product_tag","embeddable":true,"href":"https:\/\/www.agricamper.com\/fr\/wp-json\/wp\/v2\/product_tag?post=37731"}],"curies":[{"name":"wp","href":"https:\/\/api.w.org\/{rel}","templated":true}]}}