{"id":37232,"date":"2024-01-23T13:37:56","date_gmt":"2024-01-23T12:37:56","guid":{"rendered":"https:\/\/www.agricamper-italia.com\/prodotto\/pintrip-danimarca-in-camper-caravan-guida-delle-soste-digitale\/"},"modified":"2025-01-17T08:56:54","modified_gmt":"2025-01-17T07:56:54","slug":"pintrip-danimarca-in-camper-caravan-guida-delle-soste-digitale","status":"publish","type":"product","link":"https:\/\/www.agricamper.com\/fr\/produit\/pintrip-danimarca-in-camper-caravan-guida-delle-soste-digitale\/","title":{"rendered":"Pintrip &#8211; Guide num\u00e9rique des aires d&rsquo;\u00e9tape en camping-car et caravane au Danemark"},"content":{"rendered":"<p><strong>Caract\u00e9ristiques du produit<\/strong><\/p>\n<ul>\n<li>L&rsquo;application Pintrip est disponible en danois, en anglais et en allemand, utilisant des pictogrammes internationaux et des informations GPS<\/li>\n<li>Adh\u00e9sion valide pour 12 mois \u00e0 partir de la date d&rsquo;achat<\/li>\n<li>Chaque adh\u00e9sion offre 2 acc\u00e8s \u00e0 l&rsquo;application Pintrip<\/li>\n<li>Pour les voyageurs en camping-car, fourgon am\u00e9nag\u00e9, caravane et tentes sur le toit*<\/li>\n<li>\u00c9tapes gratuites de 24 heures dans les plus belles fermes du Danemark<\/li>\n<li>Profitez de la vie \u00e0 la campagne, de la tranquillit\u00e9, de la nature et des sp\u00e9cialit\u00e9s r\u00e9gionales danoises<\/li>\n<li>Environ 300 accueillants ruraux et chaleureux \u00e0 travers le Danemark<\/li>\n<\/ul>\n<p><strong>*Exigences en mati\u00e8re de v\u00e9hicules : <\/strong><strong>Caravanes :<\/strong> r\u00e9ception chez environ 130 accueillants \/ <strong>Tentes sur le toit :<\/strong> r\u00e9ception chez environ 250 accueillants \/ <strong>V\u00e9hicules sans toilettes :<\/strong> r\u00e9ception chez environ 80 accueillants avec acc\u00e8s \u00e0 des installations sanitaires.<\/p>\n<p>Comme Agricamper Italia, <a href=\"https:\/\/www.agricamper-italia.com\/fr\/reseaux-etrangers\/\"><strong>Pintrip fait partie de la FEFI<\/strong><\/a>, un r\u00e9seau europ\u00e9en promouvant l&rsquo;exp\u00e9rience unique du camping en pleine nature. Avec Pintrip, vous ne faites pas que voyager, vous d\u00e9couvrez les tr\u00e9sors cach\u00e9s de la campagne danoise.<\/p>\n<p><strong>Achetez d\u00e8s maintenant votre guide num\u00e9rique Pintrip et pr\u00e9parez-vous pour une aventure unique \u00e0 travers le Danemark !<\/strong><\/p>\n<p>Le Danemark, avec sa vari\u00e9t\u00e9 surprenante de paysages et sa riche histoire culturelle, est une destination parfaite pour une aventure en camping-car, fourgon am\u00e9nag\u00e9 ou caravane. Gr\u00e2ce \u00e0 Pintrip, l&rsquo;\u00e9quivalent danois d&rsquo;Agricamper, vous avez l&rsquo;occasion unique de d\u00e9couvrir les merveilles de ce pays de mani\u00e8re authentique et confortable.<\/p>\n<p><strong>Copenhague : une mosa\u00efque de couleurs et de culture<\/strong><br \/>\nNe manquez pas la capitale vibrante, Copenhague. La ville est une v\u00e9ritable mosa\u00efque d&rsquo;histoire, de modernit\u00e9, d&rsquo;art et de design. Promenez-vous le long des canaux, d\u00e9couvrez les endroits branch\u00e9s et admirez la c\u00e9l\u00e8bre Petite Sir\u00e8ne.<\/p>\n<p><strong>Les plages enchant\u00e9es du Jutland<\/strong><br \/>\nDirigez-vous vers les vastes plages de sable du Jutland. Ici, les vastes c\u00f4tes de sable rencontrent la mer bleue, cr\u00e9ant des paysages parfaits pour la d\u00e9tente ou les promenades c\u00f4ti\u00e8res.<\/p>\n<p><strong>Skagen : o\u00f9 deux mers se rencontrent<\/strong><br \/>\nVisitez Skagen, \u00e0 l&rsquo;extr\u00eame nord du Danemark, o\u00f9 la rencontre de la mer Baltique et de la mer du Nord cr\u00e9e un spectacle naturel unique. La lumi\u00e8re unique de cet endroit a inspir\u00e9 de nombreux artistes et continue d&rsquo;enchanter les visiteurs.<\/p>\n<p><strong>Aarhus : une ville d&rsquo;art et de culture<\/strong><br \/>\nFaites une halte \u00e0 Aarhus, la ville de la culture. Visitez le mus\u00e9e d&rsquo;art ARoS Aarhus et promenez-vous dans le quartier latin, riche en boutiques, caf\u00e9s et architecture historique.<\/p>\n<p><strong>Legoland : le r\u00eave de chaque enfant<\/strong><br \/>\nLegoland, un paradis pour les enfants et plus encore. Situ\u00e9 \u00e0 Billund, ce parc \u00e0 th\u00e8me embl\u00e9matique offre une exp\u00e9rience magique pour toute la famille, avec des constructions LEGO grandeur nature et des attractions amusantes.<\/p>\n<p>Avec Pintrip, vous pouvez vous arr\u00eater dans des endroits uniques et moins connus, vous immerger dans la culture locale et vivre des exp\u00e9riences inoubliables. Pr\u00e9parez votre camping-car, fourgon am\u00e9nag\u00e9 ou caravane et pr\u00e9parez-vous \u00e0 d\u00e9couvrir le Danemark comme jamais auparavant !<\/p>\n","protected":false},"excerpt":{"rendered":"<p>Explorez le Danemark avec Pintrip, le guide num\u00e9rique essentiel pour les <strong>voyageurs en camping-car, fourgon am\u00e9nag\u00e9 ou caravane<\/strong>. Avec <strong>plus de 300 accueillants Pintrip<\/strong>, vous aurez acc\u00e8s \u00e0 des exp\u00e9riences uniques et \u00e0 des \u00e9tapes gratuites dans des endroits tels que des fermes, des brasseries, des laiteries, des domaines ruraux, des auberges et de petits mus\u00e9es priv\u00e9s.<\/p>\n<p><em>En utilisant ce lien affili\u00e9, vous pouvez acheter directement aupr\u00e8s de Pintrip, selon leurs conditions g\u00e9n\u00e9rales.<\/em><\/p>\n","protected":false},"featured_media":54551,"template":"","meta":[],"product_brand":[],"product_cat":[671],"product_tag":[],"class_list":{"0":"post-37232","1":"product","2":"type-product","3":"status-publish","4":"has-post-thumbnail","6":"product_cat-guide-cartacee-turistiche-camper-roulotte-fr","8":"first","9":"instock","10":"taxable","11":"shipping-taxable","12":"product-type-external"},"aioseo_notices":[],"_links":{"self":[{"href":"https:\/\/www.agricamper.com\/fr\/wp-json\/wp\/v2\/product\/37232","targetHints":{"allow":["GET"]}}],"collection":[{"href":"https:\/\/www.agricamper.com\/fr\/wp-json\/wp\/v2\/product"}],"about":[{"href":"https:\/\/www.agricamper.com\/fr\/wp-json\/wp\/v2\/types\/product"}],"wp:featuredmedia":[{"embeddable":true,"href":"https:\/\/www.agricamper.com\/fr\/wp-json\/wp\/v2\/media\/54551"}],"wp:attachment":[{"href":"https:\/\/www.agricamper.com\/fr\/wp-json\/wp\/v2\/media?parent=37232"}],"wp:term":[{"taxonomy":"product_brand","embeddable":true,"href":"https:\/\/www.agricamper.com\/fr\/wp-json\/wp\/v2\/product_brand?post=37232"},{"taxonomy":"product_cat","embeddable":true,"href":"https:\/\/www.agricamper.com\/fr\/wp-json\/wp\/v2\/product_cat?post=37232"},{"taxonomy":"product_tag","embeddable":true,"href":"https:\/\/www.agricamper.com\/fr\/wp-json\/wp\/v2\/product_tag?post=37232"}],"curies":[{"name":"wp","href":"https:\/\/api.w.org\/{rel}","templated":true}]}}