{"id":37224,"date":"2024-01-23T13:39:59","date_gmt":"2024-01-23T12:39:59","guid":{"rendered":"https:\/\/www.agricamper-italia.com\/prodotto\/nortrip-norvegia-in-camper-caravan-guida-delle-soste-digitale\/"},"modified":"2025-01-17T10:22:14","modified_gmt":"2025-01-17T09:22:14","slug":"nortrip-norvegia-in-camper-caravan-guida-delle-soste-digitale","status":"publish","type":"product","link":"https:\/\/www.agricamper.com\/fr\/produit\/nortrip-norvegia-in-camper-caravan-guida-delle-soste-digitale\/","title":{"rendered":"Nortrip &#8211; Guide num\u00e9rique des aires d&rsquo;\u00e9tape en camping-car &#038; caravane en Norv\u00e8ge"},"content":{"rendered":"<p><strong>Caract\u00e9ristiques du produit<\/strong><\/p>\n<ul>\n<li>L&rsquo;application est disponible en norv\u00e9gien, anglais, allemand, n\u00e9erlandais et fran\u00e7ais<\/li>\n<li>Adh\u00e9sion valide pour 12 mois \u00e0 partir de la date d&rsquo;achat<\/li>\n<li>Comprend une application avec carte de membre num\u00e9rique, syst\u00e8me de r\u00e9servation, 400 aires de services pour camping-cars et 18 Routes Touristiques Nationales<\/li>\n<li>Pour les voyageurs en camping-car, fourgon am\u00e9nag\u00e9, caravane autonome et tentes sur le toit<\/li>\n<li>\u00c9tapes gratuites de 24 heures dans les plus belles fermes de Norv\u00e8ge<\/li>\n<li>Profitez de la vie \u00e0 la campagne, de la tranquillit\u00e9, de la nature et des sp\u00e9cialit\u00e9s r\u00e9gionales norv\u00e9giennes<\/li>\n<li>Plus de 200 accueillants ruraux \u00e0 travers la Norv\u00e8ge<\/li>\n<\/ul>\n<p>Comme Agricamper Italia, <a href=\"https:\/\/www.agricamper-italia.com\/fr\/reseaux-etrangers\/\"><strong>Nortrip fait partie de FEFI<\/strong><\/a>, un r\u00e9seau europ\u00e9en qui promeut l&rsquo;exp\u00e9rience unique du camping \u00e0 la campagne. Avec Nortrip, vous ne voyagez pas seulement ; vous d\u00e9couvrez les tr\u00e9sors cach\u00e9s de la campagne norv\u00e9gienne.<\/p>\n<p><strong>Achetez d\u00e8s maintenant votre guide num\u00e9rique Nortrip et pr\u00e9parez-vous pour un voyage exclusif en magnifique Norv\u00e8ge !<\/strong><\/p>\n<p>Partez \u00e0 la d\u00e9couverte de la Norv\u00e8ge, terre de merveilles naturelles et de paysages \u00e0 couper le souffle, parfaite pour ceux qui aiment voyager librement. Nortrip, l&rsquo;alternative norv\u00e9gienne \u00e0 Agricamper, vous accompagnera dans un voyage inoubliable, explorant la Norv\u00e8ge en camping-car, fourgon am\u00e9nag\u00e9 ou caravane.<\/p>\n<p><strong>Fjords spectaculaires<br \/>\n<\/strong>Plongez dans la beaut\u00e9 des fjords norv\u00e9giens, joyaux naturels d&rsquo;une rare beaut\u00e9. Du c\u00e9l\u00e8bre Geirangerfjord au majestueux Sognefjord, chaque fjord a sa propre histoire et un paysage unique \u00e0 offrir.<\/p>\n<p><strong>L&rsquo;enchantement des aurores bor\u00e9ales<br \/>\n<\/strong>La Norv\u00e8ge est l&rsquo;un des meilleurs endroits au monde pour observer les aurores bor\u00e9ales. Garez votre camping-car dans des endroits isol\u00e9s pour vivre la magie de ces lumi\u00e8res dansant dans le ciel nocturne.<\/p>\n<p><strong>Oslo : une ville \u00e0 explorer<br \/>\n<\/strong>Faites une halte dans la dynamique Oslo, une ville qui combine histoire, culture et modernit\u00e9. Visitez le c\u00e9l\u00e8bre Parc des Sculptures de Vigeland ou le Mus\u00e9e des Navires Vikings pour une plong\u00e9e dans l&rsquo;histoire norv\u00e9gienne.<\/p>\n<p><strong>La Route Atlantique (Atlanterhavsveien)<br \/>\n<\/strong>Parcourez la Route Atlantique, un chef-d&rsquo;\u0153uvre d&rsquo;ing\u00e9nierie qui vous emm\u00e8ne \u00e0 travers \u00eeles et falaises avec des vues \u00e0 couper le souffle sur l&rsquo;oc\u00e9an. C&rsquo;est une exp\u00e9rience de conduite unique que chaque voyageur devrait vivre.<\/p>\n<p><strong>Les montagnes norv\u00e9giennes<br \/>\n<\/strong>Explorez les montagnes norv\u00e9giennes, parfaites pour les amateurs de randonn\u00e9e. Garez votre v\u00e9hicule au pied de montagnes telles que Trolltunga ou Preikestolen et pr\u00e9parez-vous pour des randonn\u00e9es inoubliables.<\/p>\n<p>Avec Nortrip, vous avez la libert\u00e9 d&rsquo;explorer ces tr\u00e9sors cach\u00e9s de la Norv\u00e8ge et bien d&rsquo;autres. La commodit\u00e9 de votre v\u00e9hicule, combin\u00e9e \u00e0 la beaut\u00e9 naturelle et culturelle du pays, rend chaque voyage une exp\u00e9rience inoubliable.<\/p>\n<p>Pr\u00e9parez votre camping-car, fouron am\u00e9nag\u00e9 ou caravane et partez \u00e0 la d\u00e9couverte de la Norv\u00e8ge avec Nortrip &#8211; des aventures m\u00e9morables vous attendent !<\/p>\n","protected":false},"excerpt":{"rendered":"<p>D\u00e9couvrez la Norv\u00e8ge comme jamais avec <strong>Nortrip<\/strong>, votre guide num\u00e9rique et compagnon de voyage essentiel pour les aventuriers en camping-car, van am\u00e9nag\u00e9 ou caravane. Gr\u00e2ce \u00e0 l&rsquo;application Nortrip, acc\u00e9dez \u00e0 une s\u00e9lection unique d&rsquo;accueillants, offrant des exp\u00e9riences authentiques et des emplacements gratuits pour vos \u00e9tapes. Votre achat inclut l&rsquo;acc\u00e8s \u00e0 l&rsquo;application Nortrip, mise \u00e0 jour en continu avec de nouveaux accueillants et des informations actualis\u00e9es pour rendre votre voyage encore plus m\u00e9morable.<\/p>\n<p><em>*En utilisant ce lien affili\u00e9, vous pouvez acheter directement aupr\u00e8s de Nortrip, sous r\u00e9serve de leurs conditions g\u00e9n\u00e9rales.<\/em><\/p>\n","protected":false},"featured_media":54543,"template":"","meta":[],"product_brand":[],"product_cat":[671],"product_tag":[],"class_list":{"0":"post-37224","1":"product","2":"type-product","3":"status-publish","4":"has-post-thumbnail","6":"product_cat-guide-cartacee-turistiche-camper-roulotte-fr","8":"first","9":"instock","10":"taxable","11":"shipping-taxable","12":"product-type-external"},"aioseo_notices":[],"_links":{"self":[{"href":"https:\/\/www.agricamper.com\/fr\/wp-json\/wp\/v2\/product\/37224","targetHints":{"allow":["GET"]}}],"collection":[{"href":"https:\/\/www.agricamper.com\/fr\/wp-json\/wp\/v2\/product"}],"about":[{"href":"https:\/\/www.agricamper.com\/fr\/wp-json\/wp\/v2\/types\/product"}],"wp:featuredmedia":[{"embeddable":true,"href":"https:\/\/www.agricamper.com\/fr\/wp-json\/wp\/v2\/media\/54543"}],"wp:attachment":[{"href":"https:\/\/www.agricamper.com\/fr\/wp-json\/wp\/v2\/media?parent=37224"}],"wp:term":[{"taxonomy":"product_brand","embeddable":true,"href":"https:\/\/www.agricamper.com\/fr\/wp-json\/wp\/v2\/product_brand?post=37224"},{"taxonomy":"product_cat","embeddable":true,"href":"https:\/\/www.agricamper.com\/fr\/wp-json\/wp\/v2\/product_cat?post=37224"},{"taxonomy":"product_tag","embeddable":true,"href":"https:\/\/www.agricamper.com\/fr\/wp-json\/wp\/v2\/product_tag?post=37224"}],"curies":[{"name":"wp","href":"https:\/\/api.w.org\/{rel}","templated":true}]}}