{"id":36919,"date":"2024-01-10T09:54:47","date_gmt":"2024-01-10T08:54:47","guid":{"rendered":"https:\/\/www.agricamper-italia.com\/prodotto\/brit-stops-regno-unito-gran-bretagna-irlanda-in-camper-guida\/"},"modified":"2026-01-15T10:18:11","modified_gmt":"2026-01-15T09:18:11","slug":"brit-stops-royaume-uni-de-grande-bretagne-et-en-irlande-en-camping-car","status":"publish","type":"product","link":"https:\/\/www.agricamper.com\/fr\/produit\/brit-stops-royaume-uni-de-grande-bretagne-et-en-irlande-en-camping-car\/","title":{"rendered":"Brit Stops &#8211; Guide num\u00e9rique des aires d&rsquo;\u00e9tape en camping-car au Royaume-Uni &#038; Irlande"},"content":{"rendered":"<div class=\"min-h-[20px] text-message flex flex-col items-start gap-3 whitespace-pre-wrap break-words [.text-message+&amp;]:mt-5 overflow-x-auto\" data-message-author-role=\"assistant\" data-message-id=\"b4219da7-9b39-4efe-ae00-6200ab3c818e\">\n<div class=\"markdown prose w-full break-words dark:prose-invert light\">\n<p><strong>Caract\u00e9ristiques du produit<\/strong><\/p>\n<ul>\n<li>L&rsquo;application et le site web Brit Stops sont en anglais.<\/li>\n<li>L&rsquo;adh\u00e9sion est valable 12 mois \u00e0 partir de la date d&rsquo;achat.<\/li>\n<li>Inclut l&rsquo;acc\u00e8s \u00e0 l&rsquo;application et au site web pour voyager au Royaume-Uni et en Irlande.<\/li>\n<li>Convient aux voyageurs en camping-car et en fourgon am\u00e9nag\u00e9 autonomes.<\/li>\n<li>Offre des \u00e9tapes gratuites de 24 heures dans les plus belles fermes et pubs du Royaume-Uni et d&rsquo;Irlande.<\/li>\n<li>Profitez de la vie \u00e0 la campagne, de la tranquillit\u00e9, de la nature et des sp\u00e9cialit\u00e9s r\u00e9gionales.<\/li>\n<li>Environ 1 400 accueillants au Royaume-Uni et en Irlande.<\/li>\n<\/ul>\n<p>Comme Agricamper Italia, <a href=\"https:\/\/www.agricamper.com\/fr\/reseaux-etrangers\/\" rel=\"noopener\">Brit Stops est membre de la FEFI<\/a>, un r\u00e9seau europ\u00e9en qui promeut l&rsquo;exp\u00e9rience unique du camping \u00e0 la campagne. Avec Brit Stops, vous voyagez et d\u00e9couvrez les joyaux cach\u00e9s de la campagne britannique et irlandaise.<\/p>\n<p><strong>Achetez d\u00e8s maintenant votre adh\u00e9sion num\u00e9rique \u00e0 Brit Stops et pr\u00e9parez-vous pour une aventure inoubliable \u00e0 travers le Royaume-Uni et l&rsquo;Irlande !<\/strong><\/p>\n<p>Partir \u00e0 la d\u00e9couverte du Royaume-Uni et de l&rsquo;Irlande en camping-car ou en fourgon am\u00e9nag\u00e9 est une aventure qui vous r\u00e9serve des paysages \u00e9poustouflants, une histoire profonde et une culture riche et vari\u00e9e. Brit Stops, semblable \u00e0 Agricamper au Royaume-Uni et en Irlande, vous guide \u00e0 travers un voyage de d\u00e9couvertes inoubliables.<\/p>\n<p><strong>Angleterre : une mosa\u00efque d&rsquo;histoire et de beaut\u00e9<br \/>\n<\/strong>L&rsquo;Angleterre vous attend avec ses campagnes verdoyantes et ses villes riches en histoire. Explorez le myst\u00e9rieux Stonehenge, fl\u00e2nez dans les rues d&rsquo;Oxford et de Cambridge, ou plongez dans la vie vibrante de Londres. Et ne manquez pas le merveilleux Lake District, un paradis pour les amoureux de la nature.<\/p>\n<p><strong>Pays de Galles : un tr\u00e9sor celtique et terre de l\u00e9gendes<br \/>\n<\/strong>Le Pays de Galles vous surprendra par sa nature sauvage et ses ch\u00e2teaux de conte de f\u00e9es. Explorez le parc national de Snowdonia, un paradis pour les randonneurs, et perdez la notion du temps dans la pittoresque p\u00e9ninsule de Pembrokeshire.<\/p>\n<p><strong>La magie de l&rsquo;\u00c9cosse : ch\u00e2teaux, Lochs et histoires anciennes<br \/>\n<\/strong>Commencez votre voyage dans l&rsquo;\u00c9cosse sauvage et romantique. Parcourez la North Coast 500, l&rsquo;une des routes les plus pittoresques d&rsquo;Europe, en admirant des ch\u00e2teaux historiques et des c\u00f4tes accident\u00e9es. Ne manquez pas une visite au l\u00e9gendaire Loch Ness et un arr\u00eat dans les envo\u00fbtantes \u00eeles H\u00e9brides.<\/p>\n<p><strong>Irlande sauvage : un paradis naturel \u00e0 d\u00e9couvrir<br \/>\n<\/strong>Traversez la mer vers l&rsquo;Irlande, l&rsquo;\u00eele d&rsquo;\u00e9meraude. Ici, le Wild Atlantic Way vous m\u00e8nera le long de certaines des c\u00f4tes les plus spectaculaires au monde. Faites une pause \u00e0 Dublin pour plonger dans la litt\u00e9rature et l&rsquo;histoire irlandaises, et visitez les falaises de Moher pour des vues vraiment \u00e0 couper le souffle.<\/p>\n<\/div>\n<\/div>\n<div class=\"min-h-[20px] text-message flex flex-col items-start gap-3 whitespace-pre-wrap break-words [.text-message+&amp;]:mt-5 overflow-x-auto\" data-message-author-role=\"assistant\" data-message-id=\"474cc1a9-126e-4ae6-aa61-d1621b3acd4e\">\n<div class=\"markdown prose w-full break-words dark:prose-invert light\">\n<p>Avec Brit Stops, vous pouvez s\u00e9journer dans des lieux uniques et profiter de l&rsquo;hospitalit\u00e9 locale, d\u00e9couvrir des coins cach\u00e9s et vivre le v\u00e9ritable esprit du Royaume-Uni et de l&rsquo;Irlande. Chaque \u00e9tape est une exp\u00e9rience unique, enrichissant votre voyage de moments inoubliables. Pr\u00e9parez votre camping-car ou votre fourgon am\u00e9nag\u00e9 et partez au c\u0153ur du Royaume-Uni et de l&rsquo;Irlande avec Brit Stops &#8211; un voyage dont vous parlerez pendant des ann\u00e9es !<\/p>\n<\/div>\n<\/div>\n","protected":false},"excerpt":{"rendered":"<p>Brit Stops est bien plus qu&rsquo;un simple guide num\u00e9rique : c&rsquo;est votre <strong>passeport pour une aventure inoubliable au Royaume-Uni de Grande-Bretagne et en Irlande<\/strong>. Id\u00e9al pour ceux qui voyagent en <strong>camping-car ou en fourgon am\u00e9nag\u00e9<\/strong>, cette adh\u00e9sion vous ouvre les portes de <strong>plus de 1400 structures rurales accueillantes et pubs<\/strong>. Plongez-vous au c\u0153ur de la vie \u00e0 la campagne, en savourant la tranquillit\u00e9, la nature et les d\u00e9licieuses sp\u00e9cialit\u00e9s r\u00e9gionales. Vous aurez un acc\u00e8s \u00e0 l&rsquo;application et au site web Brit Stops, pour une exp\u00e9rience de voyage encore plus enrichissante.<\/p>\n<p><em>*En utilisant ce lien affili\u00e9, vous pouvez acheter directement aupr\u00e8s de Birt Stops, sous r\u00e9serve de leurs conditions g\u00e9n\u00e9rales.<\/em><\/p>\n","protected":false},"featured_media":54727,"template":"","meta":[],"product_brand":[],"product_cat":[671],"product_tag":[],"class_list":{"0":"post-36919","1":"product","2":"type-product","3":"status-publish","4":"has-post-thumbnail","6":"product_cat-guide-cartacee-turistiche-camper-roulotte-fr","8":"first","9":"instock","10":"sale","11":"taxable","12":"shipping-taxable","13":"product-type-external"},"aioseo_notices":[],"_links":{"self":[{"href":"https:\/\/www.agricamper.com\/fr\/wp-json\/wp\/v2\/product\/36919","targetHints":{"allow":["GET"]}}],"collection":[{"href":"https:\/\/www.agricamper.com\/fr\/wp-json\/wp\/v2\/product"}],"about":[{"href":"https:\/\/www.agricamper.com\/fr\/wp-json\/wp\/v2\/types\/product"}],"wp:featuredmedia":[{"embeddable":true,"href":"https:\/\/www.agricamper.com\/fr\/wp-json\/wp\/v2\/media\/54727"}],"wp:attachment":[{"href":"https:\/\/www.agricamper.com\/fr\/wp-json\/wp\/v2\/media?parent=36919"}],"wp:term":[{"taxonomy":"product_brand","embeddable":true,"href":"https:\/\/www.agricamper.com\/fr\/wp-json\/wp\/v2\/product_brand?post=36919"},{"taxonomy":"product_cat","embeddable":true,"href":"https:\/\/www.agricamper.com\/fr\/wp-json\/wp\/v2\/product_cat?post=36919"},{"taxonomy":"product_tag","embeddable":true,"href":"https:\/\/www.agricamper.com\/fr\/wp-json\/wp\/v2\/product_tag?post=36919"}],"curies":[{"name":"wp","href":"https:\/\/api.w.org\/{rel}","templated":true}]}}