{"id":2628,"date":"2026-04-03T12:39:01","date_gmt":"2026-04-03T12:39:01","guid":{"rendered":"https:\/\/www.agricamper.com\/?post_type=product&#038;p=2628"},"modified":"2026-04-29T14:19:14","modified_gmt":"2026-04-29T12:19:14","slug":"nortrip-guide-des-etapes-en-camping-car-en-norvege","status":"publish","type":"product","link":"https:\/\/www.agricamper.com\/fr\/produit\/nortrip-guide-des-etapes-en-camping-car-en-norvege\/","title":{"rendered":"Nortrip \u2013 guide des \u00e9tapes en camping-car en Norv\u00e8ge"},"content":{"rendered":"<p>&nbsp;<\/p>\n<ul>\n<li>Acc\u00e8s \u00e0 plus de 200 h\u00f4tes ruraux accueillants partout en Norv\u00e8ge avec un seul abonnement num\u00e9rique<\/li>\n<li>Pour camping-cars, fourgons am\u00e9nag\u00e9s am\u00e9nag\u00e9s, caravanes et tentes de toit \u00e0 la recherche d\u2019exp\u00e9riences authentiques entre campagne norv\u00e9gienne et fjords<\/li>\n<\/ul>\n","protected":false},"excerpt":{"rendered":"<p>&nbsp; Acc\u00e8s \u00e0 plus de 200 h\u00f4tes ruraux accueillants partout en Norv\u00e8ge avec un seul abonnement num\u00e9rique Pour camping-cars, fourgons am\u00e9nag\u00e9s am\u00e9nag\u00e9s, caravanes et tentes de toit \u00e0 la recherche d\u2019exp\u00e9riences authentiques entre campagne norv\u00e9gienne et fjords<\/p>\n","protected":false},"featured_media":770,"template":"","meta":{"_acf_changed":false},"product_brand":[],"product_cat":[286],"product_tag":[],"class_list":{"0":"post-2628","1":"product","2":"type-product","3":"status-publish","4":"has-post-thumbnail","6":"product_cat-guide-soste-europa-fefi","8":"first","9":"instock","10":"product-type-external"},"acf":[],"_links":{"self":[{"href":"https:\/\/www.agricamper.com\/fr\/wp-json\/wp\/v2\/product\/2628","targetHints":{"allow":["GET"]}}],"collection":[{"href":"https:\/\/www.agricamper.com\/fr\/wp-json\/wp\/v2\/product"}],"about":[{"href":"https:\/\/www.agricamper.com\/fr\/wp-json\/wp\/v2\/types\/product"}],"wp:featuredmedia":[{"embeddable":true,"href":"https:\/\/www.agricamper.com\/fr\/wp-json\/wp\/v2\/media\/770"}],"wp:attachment":[{"href":"https:\/\/www.agricamper.com\/fr\/wp-json\/wp\/v2\/media?parent=2628"}],"wp:term":[{"taxonomy":"product_brand","embeddable":true,"href":"https:\/\/www.agricamper.com\/fr\/wp-json\/wp\/v2\/product_brand?post=2628"},{"taxonomy":"product_cat","embeddable":true,"href":"https:\/\/www.agricamper.com\/fr\/wp-json\/wp\/v2\/product_cat?post=2628"},{"taxonomy":"product_tag","embeddable":true,"href":"https:\/\/www.agricamper.com\/fr\/wp-json\/wp\/v2\/product_tag?post=2628"}],"curies":[{"name":"wp","href":"https:\/\/api.w.org\/{rel}","templated":true}]}}