{"id":2572,"date":"2026-03-05T08:56:44","date_gmt":"2026-03-05T08:56:44","guid":{"rendered":"https:\/\/www.agricamper.com\/produit\/brit-stops-motorhome-stopover-guide-for-united-kingdom-ireland\/"},"modified":"2026-04-29T14:17:39","modified_gmt":"2026-04-29T12:17:39","slug":"brit-stops-guide-des-etapes-en-camping-car-au-royaume-uni-et-irlande","status":"publish","type":"product","link":"https:\/\/www.agricamper.com\/fr\/produit\/brit-stops-guide-des-etapes-en-camping-car-au-royaume-uni-et-irlande\/","title":{"rendered":"Brit Stops \u2013 Guide des \u00e9tapes en camping-car au Royaume-Uni et en Irlande"},"content":{"rendered":"<p>&nbsp;<\/p>\n<ul>\n<li>Acc\u00e8s \u00e0 plus de 1.500 adresses rurales et pubs accueillants au Royaume\u2011Uni et en Irlande.<\/li>\n<li>Adh\u00e9sion digitale de 12 mois avec acc\u00e8s complet \u00e0 l\u2019appli et au site Brit Stops.<\/li>\n<\/ul>\n","protected":false},"excerpt":{"rendered":"<p>&nbsp; Acc\u00e8s \u00e0 plus de 1.500 adresses rurales et pubs accueillants au Royaume\u2011Uni et en Irlande. Adh\u00e9sion digitale de 12 mois avec acc\u00e8s complet \u00e0 l\u2019appli et au site Brit Stops.<\/p>\n","protected":false},"featured_media":787,"template":"","meta":{"_acf_changed":false},"product_brand":[],"product_cat":[286],"product_tag":[],"class_list":{"0":"post-2572","1":"product","2":"type-product","3":"status-publish","4":"has-post-thumbnail","6":"product_cat-guide-soste-europa-fefi","8":"first","9":"instock","10":"sale","11":"taxable","12":"shipping-taxable","13":"product-type-external"},"acf":[],"_links":{"self":[{"href":"https:\/\/www.agricamper.com\/fr\/wp-json\/wp\/v2\/product\/2572","targetHints":{"allow":["GET"]}}],"collection":[{"href":"https:\/\/www.agricamper.com\/fr\/wp-json\/wp\/v2\/product"}],"about":[{"href":"https:\/\/www.agricamper.com\/fr\/wp-json\/wp\/v2\/types\/product"}],"wp:featuredmedia":[{"embeddable":true,"href":"https:\/\/www.agricamper.com\/fr\/wp-json\/wp\/v2\/media\/787"}],"wp:attachment":[{"href":"https:\/\/www.agricamper.com\/fr\/wp-json\/wp\/v2\/media?parent=2572"}],"wp:term":[{"taxonomy":"product_brand","embeddable":true,"href":"https:\/\/www.agricamper.com\/fr\/wp-json\/wp\/v2\/product_brand?post=2572"},{"taxonomy":"product_cat","embeddable":true,"href":"https:\/\/www.agricamper.com\/fr\/wp-json\/wp\/v2\/product_cat?post=2572"},{"taxonomy":"product_tag","embeddable":true,"href":"https:\/\/www.agricamper.com\/fr\/wp-json\/wp\/v2\/product_tag?post=2572"}],"curies":[{"name":"wp","href":"https:\/\/api.w.org\/{rel}","templated":true}]}}