{"id":1225,"date":"2026-03-03T15:09:15","date_gmt":"2026-03-03T15:09:15","guid":{"rendered":"https:\/\/www.agricamper.com\/produit\/agricamper-italia-membership-digital-stopover-guide\/"},"modified":"2026-04-29T14:36:24","modified_gmt":"2026-04-29T12:36:24","slug":"agricamper-italia-guide-detapes-en-camping-car-en-italie","status":"publish","type":"product","link":"https:\/\/www.agricamper.com\/fr\/produit\/agricamper-italia-guide-detapes-en-camping-car-en-italie\/","title":{"rendered":"Agricamper Italia \u2013 Guide d\u2019\u00e9tapes en camping-car en Italie"},"content":{"rendered":"<ul>\n<li>\u00c9tapes gratuites de 24 heures en illimit\u00e9 dans des fermes partout en Italie<\/li>\n<li>Acc\u00e8s 12 mois au guide num\u00e9rique des \u00e9tapes et \u00e0 l\u2019application mobile<\/li>\n<li>R\u00e9serv\u00e9 aux camping\u2011cars, fourgons am\u00e9nag\u00e9s et caravanes enti\u00e8rement autonomes<\/li>\n<\/ul>\n","protected":false},"excerpt":{"rendered":"<p>Product short description<\/p>\n","protected":false},"featured_media":1226,"template":"","meta":{"_acf_changed":false},"product_brand":[],"product_cat":[282],"product_tag":[],"class_list":{"0":"post-1225","1":"product","2":"type-product","3":"status-publish","4":"has-post-thumbnail","6":"product_cat-adesione-agricamper-italia","8":"first","9":"instock","10":"downloadable","11":"virtual","12":"taxable","13":"purchasable","14":"product-type-subscription"},"acf":[],"_links":{"self":[{"href":"https:\/\/www.agricamper.com\/fr\/wp-json\/wp\/v2\/product\/1225","targetHints":{"allow":["GET"]}}],"collection":[{"href":"https:\/\/www.agricamper.com\/fr\/wp-json\/wp\/v2\/product"}],"about":[{"href":"https:\/\/www.agricamper.com\/fr\/wp-json\/wp\/v2\/types\/product"}],"wp:featuredmedia":[{"embeddable":true,"href":"https:\/\/www.agricamper.com\/fr\/wp-json\/wp\/v2\/media\/1226"}],"wp:attachment":[{"href":"https:\/\/www.agricamper.com\/fr\/wp-json\/wp\/v2\/media?parent=1225"}],"wp:term":[{"taxonomy":"product_brand","embeddable":true,"href":"https:\/\/www.agricamper.com\/fr\/wp-json\/wp\/v2\/product_brand?post=1225"},{"taxonomy":"product_cat","embeddable":true,"href":"https:\/\/www.agricamper.com\/fr\/wp-json\/wp\/v2\/product_cat?post=1225"},{"taxonomy":"product_tag","embeddable":true,"href":"https:\/\/www.agricamper.com\/fr\/wp-json\/wp\/v2\/product_tag?post=1225"}],"curies":[{"name":"wp","href":"https:\/\/api.w.org\/{rel}","templated":true}]}}