{"id":1208,"date":"2026-03-05T08:40:47","date_gmt":"2026-03-05T08:40:47","guid":{"rendered":"https:\/\/www.agricamper.com\/produit\/pintrip\/"},"modified":"2026-04-29T14:18:18","modified_gmt":"2026-04-29T12:18:18","slug":"pintrip-guide-des-etapes-en-camping-car-au-danemark","status":"publish","type":"product","link":"https:\/\/www.agricamper.com\/fr\/produit\/pintrip-guide-des-etapes-en-camping-car-au-danemark\/","title":{"rendered":"Pintrip \u2013 Guide des \u00e9tapes en camping-car au Danemark"},"content":{"rendered":"<p>&nbsp;<\/p>\n<ul>\n<li>Acc\u00e8s \u00e0 environ 300 h\u00f4tes dans tout le Danemark avec un seul abonnement digital.<\/li>\n<li>Pour camping-cars, fourgons am\u00e9nag\u00e9s, caravanes et tentes de toit en qu\u00eate de campagne danoise authentique.<\/li>\n<\/ul>\n","protected":false},"excerpt":{"rendered":"<p>&nbsp; Acc\u00e8s \u00e0 environ 300 h\u00f4tes dans tout le Danemark avec un seul abonnement digital. Pour camping-cars, fourgons am\u00e9nag\u00e9s, caravanes et tentes de toit en qu\u00eate de campagne danoise authentique.<\/p>\n","protected":false},"featured_media":773,"template":"","meta":{"_acf_changed":false},"product_brand":[],"product_cat":[286],"product_tag":[],"class_list":{"0":"post-1208","1":"product","2":"type-product","3":"status-publish","4":"has-post-thumbnail","6":"product_cat-guide-soste-europa-fefi","8":"first","9":"instock","10":"product-type-external"},"acf":[],"_links":{"self":[{"href":"https:\/\/www.agricamper.com\/fr\/wp-json\/wp\/v2\/product\/1208","targetHints":{"allow":["GET"]}}],"collection":[{"href":"https:\/\/www.agricamper.com\/fr\/wp-json\/wp\/v2\/product"}],"about":[{"href":"https:\/\/www.agricamper.com\/fr\/wp-json\/wp\/v2\/types\/product"}],"wp:featuredmedia":[{"embeddable":true,"href":"https:\/\/www.agricamper.com\/fr\/wp-json\/wp\/v2\/media\/773"}],"wp:attachment":[{"href":"https:\/\/www.agricamper.com\/fr\/wp-json\/wp\/v2\/media?parent=1208"}],"wp:term":[{"taxonomy":"product_brand","embeddable":true,"href":"https:\/\/www.agricamper.com\/fr\/wp-json\/wp\/v2\/product_brand?post=1208"},{"taxonomy":"product_cat","embeddable":true,"href":"https:\/\/www.agricamper.com\/fr\/wp-json\/wp\/v2\/product_cat?post=1208"},{"taxonomy":"product_tag","embeddable":true,"href":"https:\/\/www.agricamper.com\/fr\/wp-json\/wp\/v2\/product_tag?post=1208"}],"curies":[{"name":"wp","href":"https:\/\/api.w.org\/{rel}","templated":true}]}}