{"id":899,"date":"2026-02-25T11:02:25","date_gmt":"2026-02-25T11:02:25","guid":{"rendered":"https:\/\/www.agricamper.com\/politique-de-cookies\/"},"modified":"2026-04-15T14:49:01","modified_gmt":"2026-04-15T14:49:01","slug":"politique-de-cookies","status":"publish","type":"page","link":"https:\/\/www.agricamper.com\/fr\/politique-de-cookies\/","title":{"rendered":"Politique de cookies"},"content":{"rendered":"<div class='breakdance'><section class=\"bde-section-899-100 bde-section\">\n  \n  \n\t\n\n\n\n<div class=\"section-container\"><div class=\"bde-rich-text-899-101 bde-rich-text breakdance-rich-text-styles\">\n<h2>1. Informations sur la pr\u00e9sente politique relative aux cookies<\/h2><p>La pr\u00e9sente section fournit des informations concernant la politique de cookies du site web Agricamper, propri\u00e9t\u00e9 de Agricamper s.r.l., en lien avec l\u2019utilisation de cookies par les utilisateurs.<\/p><p>Le pr\u00e9sent document fait partie int\u00e9grante de la Politique de confidentialit\u00e9 du site, disponible \u00e0 l\u2019adresse suivante : <a href=\"https:\/\/www.agricamper.com\/fr\/politique-de-confidentialite\/\">https:\/\/www.agricamper.com\/fr\/politique-de-confidentialite\/<\/a>, ainsi que des informations qui y sont fournies aux personnes concern\u00e9es, conform\u00e9ment au R\u00e8glement (UE) 2016\/679 (RGPD), au Code italien de la protection des donn\u00e9es \u00e0 caract\u00e8re personnel (D\u00e9cret l\u00e9gislatif n\u00b0 196\/2003 tel que modifi\u00e9) et aux \u00ab Lignes directrices relatives aux cookies et autres traceurs \u2013 10 juin 2021 \u00bb, G.U. n\u00b0 163 du 9 juillet 2021.<\/p><p>Les informations qui suivent concernent exclusivement les cookies utilis\u00e9s sur le site web et l\u2019application Agricamper et ne s\u2019appliquent pas aux cookies utilis\u00e9s sur des sites externes \u00e9ventuellement accessibles par des liens pr\u00e9sents sur ce site.<\/p><p>La pr\u00e9sente politique de cookies peut \u00eatre mise \u00e0 jour p\u00e9riodiquement ; nous vous invitons donc \u00e0 consulter ce document \u00e0 chaque acc\u00e8s au site, afin de rester correctement inform\u00e9 sur les modalit\u00e9s et les finalit\u00e9s de l\u2019utilisation des cookies.<\/p><h2>2. Responsable du traitement<\/h2><p>Le responsable du traitement est la personne physique ou morale, l\u2019autorit\u00e9 publique, le service ou tout autre organisme qui, seul ou conjointement avec d\u2019autres, d\u00e9termine les finalit\u00e9s et les moyens du traitement des donn\u00e9es \u00e0 caract\u00e8re personnel et est \u00e9galement responsable de la s\u00e9curit\u00e9 des donn\u00e9es.<\/p><p>Pour le pr\u00e9sent site web, le responsable du traitement est Agricamper s.r.l. Pour toute demande d\u2019\u00e9claircissement ou pour exercer vos droits, vous pouvez nous contacter via le <a href=\"https:\/\/www.agricamper.com\/fr\/contact\/\" rel=\"noopener noreferrer\">formulaire de contact<\/a> disponible sur ce site.<\/p><h2>3. Cookies<\/h2><p>L\u2019utilisation de cookies s\u2019effectue dans le respect de la r\u00e9glementation europ\u00e9enne et nationale applicable, notamment la l\u00e9gislation relative \u00e0 la vie priv\u00e9e dans le secteur des communications \u00e9lectroniques (directive 2002\/58\/CE telle que modifi\u00e9e par la directive 2009\/136\/CE) ainsi que les d\u00e9cisions et lignes directrices de l\u2019Autorit\u00e9 italienne de protection des donn\u00e9es, et en particulier les \u00ab Lignes directrices relatives aux cookies et autres traceurs \u00bb du 10 juin 2021, n\u00b0 231.<\/p><h2>4. Types de cookies<\/h2><p>Le site Agricamper utilise des cookies afin de rendre l\u2019exp\u00e9rience de navigation des utilisateurs plus simple et plus intuitive. Les cookies sont de courtes cha\u00eenes de texte utilis\u00e9es pour m\u00e9moriser certaines informations qui peuvent concerner l\u2019utilisateur, ses pr\u00e9f\u00e9rences ou le dispositif utilis\u00e9 pour acc\u00e9der \u00e0 Internet (ordinateur, tablette ou t\u00e9l\u00e9phone mobile). Ils sont principalement utilis\u00e9s pour adapter le fonctionnement du site aux attentes de l\u2019utilisateur, en offrant une exp\u00e9rience de navigation plus personnalis\u00e9e et en m\u00e9morisant les choix effectu\u00e9s pr\u00e9c\u00e9demment.<\/p><p>Un cookie se compose d\u2019une petite quantit\u00e9 de donn\u00e9es transf\u00e9r\u00e9es au navigateur de l\u2019utilisateur par un serveur web, et ne peut \u00eatre lu que par le serveur qui a proc\u00e9d\u00e9 au transfert. Il ne s\u2019agit pas d\u2019un code ex\u00e9cutable et il ne transmet pas de virus.<\/p><p>Les cookies n\u2019enregistrent aucune information personnelle permettant d\u2019identifier directement l\u2019utilisateur et d\u2019\u00e9ventuelles donn\u00e9es d\u2019identification ne sont pas stock\u00e9es dans les cookies. Si vous le souhaitez, vous pouvez emp\u00eacher l\u2019enregistrement de certains ou de tous les cookies ; toutefois, dans ce cas, l\u2019utilisation du site et des services propos\u00e9s pourrait \u00eatre affect\u00e9e. Pour continuer \u00e0 naviguer sans modifier les param\u00e8tres relatifs aux cookies, il vous suffit de poursuivre votre navigation.<\/p><p>Le pr\u00e9sent site peut utiliser, individuellement ou conjointement, les types de cookies suivants, class\u00e9s conform\u00e9ment aux indications de l\u2019Autorit\u00e9 de protection des donn\u00e9es et aux avis rendus au niveau europ\u00e9en par l\u2019ancien groupe de travail \u00ab article 29 \u00bb \/ CEPD :<\/p><ul><li><strong>Cookies de session<\/strong> : ces cookies ne sont pas stock\u00e9s de mani\u00e8re permanente sur l\u2019ordinateur de l\u2019utilisateur et sont supprim\u00e9s \u00e0 la fermeture du navigateur. Ils sont strictement limit\u00e9s \u00e0 la transmission d\u2019identifiants de session n\u00e9cessaires pour permettre une navigation s\u00fbre et efficace et \u00e9viter le recours \u00e0 des techniques susceptibles de compromettre la confidentialit\u00e9 des utilisateurs.<\/li><li><strong>Cookies persistants<\/strong> : ces cookies restent enregistr\u00e9s sur le disque dur de l\u2019ordinateur jusqu\u2019\u00e0 leur \u00e9ch\u00e9ance ou leur suppression par l\u2019utilisateur\/visiteur. Gr\u00e2ce aux cookies persistants, les visiteurs qui acc\u00e8dent au site (ou d\u2019autres utilisateurs du m\u00eame ordinateur) peuvent \u00eatre reconnus lors de visites ult\u00e9rieures. Le navigateur peut \u00eatre configur\u00e9 pour accepter ou refuser tous les cookies, ou pour afficher un avis \u00e0 chaque fois qu\u2019un cookie est propos\u00e9, permettant \u00e0 l\u2019utilisateur de d\u00e9cider de l\u2019accepter ou non. L\u2019utilisateur peut \u00e9galement modifier le param\u00e8tre par d\u00e9faut et d\u00e9sactiver les cookies (c\u2019est\u2011\u00e0\u2011dire les bloquer d\u00e9finitivement) en d\u00e9finissant le niveau de protection le plus \u00e9lev\u00e9.<\/li><li><strong>Cookies techniques<\/strong> : ces cookies sont utilis\u00e9s \u00e0 des fins telles que l\u2019authentification, l\u2019utilisation de contenus multim\u00e9dias (par exemple un lecteur vid\u00e9o) ou la m\u00e9morisation de la langue de navigation choisie. En r\u00e8gle g\u00e9n\u00e9rale, il n\u2019est pas n\u00e9cessaire de recueillir le consentement pr\u00e9alable et \u00e9clair\u00e9 de l\u2019utilisateur pour ce type de cookies. Cette cat\u00e9gorie comprend \u00e9galement les cookies utilis\u00e9s uniquement pour l\u2019analyse statistique de la fr\u00e9quentation du site, lorsqu\u2019ils sont exclusivement employ\u00e9s pour des statistiques agr\u00e9g\u00e9es.<\/li><li><strong>Cookies de profilage et de marketing<\/strong> : ces cookies ne peuvent \u00eatre utilis\u00e9s sur les dispositifs des utilisateurs qu\u2019apr\u00e8s que ceux\u2011ci ont \u00e9t\u00e9 d\u00fbment inform\u00e9s et ont donn\u00e9 un consentement valable (opt\u2011in). Ils peuvent \u00eatre regroup\u00e9s en fonction de leur fonction comme suit :<ul><li><strong>a) Cookies d\u2019analyse (\u00ab analytics \u00bb)<\/strong> : cookies utilis\u00e9s pour collecter et analyser des informations statistiques sur l\u2019acc\u00e8s\/le recours au site. Dans certains cas, lorsqu\u2019ils sont combin\u00e9s \u00e0 d\u2019autres informations telles que les identifiants de connexion aux zones r\u00e9serv\u00e9es (adresse email et mot de passe), ils peuvent \u00eatre utilis\u00e9s pour profiler les utilisateurs (habitudes personnelles, sites visit\u00e9s, contenus t\u00e9l\u00e9charg\u00e9s, types d\u2019interactions, etc.).<\/li><li><strong>b) Cookies de widgets<\/strong> : cette cat\u00e9gorie comprend tous les composants d\u2019interface utilisateur qui facilitent l\u2019interaction avec un programme, comme les boutons et widgets de r\u00e9seaux sociaux (par exemple Facebook, Twitter).<\/li><li><strong>c) Cookies publicitaires<\/strong> : cookies utilis\u00e9s pour la diffusion de messages publicitaires au sein d\u2019un site (par exemple les cookies de Google ou de Tradedoubler).<\/li><\/ul><\/li><\/ul><h2>5. Cookies techniques<\/h2><p>Les cookies techniques sont utilis\u00e9s exclusivement pour assurer la transmission d\u2019une communication sur un r\u00e9seau de communications \u00e9lectroniques ou, dans la mesure strictement n\u00e9cessaire, pour fournir un service de la soci\u00e9t\u00e9 de l\u2019information explicitement demand\u00e9 par l\u2019utilisateur (article 122, paragraphe 1, du Code italien de la protection des donn\u00e9es).<\/p><p>Les cookies techniques ne n\u00e9cessitent pas le consentement pr\u00e9alable de l\u2019utilisateur. Ils sont utilis\u00e9s pour permettre le bon fonctionnement du site et\/ou pour fournir \u00e0 l\u2019utilisateur un service ou une fonctionnalit\u00e9 qu\u2019il a express\u00e9ment demand\u00e9e. Ces cookies garantissent ainsi la navigation normale et l\u2019utilisation du site, permettent d\u2019enregistrer les pr\u00e9f\u00e9rences de l\u2019utilisateur et d\u2019optimiser sa navigation. Le site utilise des cookies techniques propres (de premi\u00e8re partie) et des cookies techniques de tiers.<\/p><p>Les cookies techniques effectivement utilis\u00e9s, ou susceptibles de l\u2019\u00eatre, sur le site comprennent notamment :<\/p><ul><li><strong>Cookies de \u00ab saisie utilisateur \u00bb<\/strong> : cookies de session utilis\u00e9s pour conserver les donn\u00e9es saisies par l\u2019utilisateur dans les formulaires en ligne (par exemple au cours du processus d\u2019achat, pour la saisie des donn\u00e9es de livraison ou de facturation) ou, comme dans le cas d\u2019un panier, pour m\u00e9moriser les articles s\u00e9lectionn\u00e9s et ajout\u00e9s.<\/li><li><strong>Cookies d\u2019authentification<\/strong> : cookies utilis\u00e9s pour identifier l\u2019utilisateur apr\u00e8s sa connexion et lui permettre d\u2019acc\u00e9der \u00e0 des contenus et\/ou fonctionnalit\u00e9s n\u00e9cessitant une authentification (par exemple achats, acc\u00e8s \u00e0 l\u2019espace personnel).<\/li><li><strong>Autres cookies de fonctionnalit\u00e9<\/strong> : cookies qui permettent certaines fonctionnalit\u00e9s sp\u00e9cifiques du site et enregistrent les choix de l\u2019utilisateur relatifs au mode d\u2019affichage des pages.<\/li><li><strong>Cookies de \u00ab consentement aux cookies \u00bb<\/strong> : cookies qui enregistrent le consentement de l\u2019utilisateur \u00e0 l\u2019installation de cookies de profilage \u00e0 la suite d\u2019une des actions d\u00e9crites dans le bandeau \/ l\u2019information abr\u00e9g\u00e9e, reconnaissent l\u2019utilisateur lors de ses visites ult\u00e9rieures afin de ne pas redemander le consentement et ont une dur\u00e9e pouvant aller jusqu\u2019\u00e0 12 mois.<\/li><\/ul><h2>6. Cookies de tiers<\/h2><p>Selon leur origine, on distingue les cookies envoy\u00e9s au navigateur directement par le site visit\u00e9 (cookies de premi\u00e8re partie) et ceux envoy\u00e9s au dispositif de l\u2019utilisateur par des tiers (cookies de tiers) depuis des sites diff\u00e9rents de celui que l\u2019utilisateur visite.<\/p><p>Les cookies persistants sont souvent des cookies de tiers. La plupart des cookies de tiers sont des cookies de suivi (\u00ab tracking \u00bb) utilis\u00e9s pour observer le comportement en ligne, comprendre les int\u00e9r\u00eats des utilisateurs et personnaliser en cons\u00e9quence la publicit\u00e9 qui leur est adress\u00e9e.<\/p><h2>7. Cookies d\u2019analyse<\/h2><p>Les cookies d\u2019analyse (\u00ab analytics \u00bb) sont utilis\u00e9s pour collecter des informations statistiques, sous forme agr\u00e9g\u00e9e ou non, sur le nombre d\u2019utilisateurs qui acc\u00e8dent \u00e0 un service.<\/p><p>Les cookies d\u2019analyse utilis\u00e9s par Agricamper sont des cookies de tiers, car ils sont \u00e9mis par des tiers et non directement par nous, et ne sont donc pas install\u00e9s directement par Agricamper.<\/p><p>Parmi les plateformes \u00e9mettrices de ces cookies figure notamment :<\/p><p>Google Analytics<br \/>Politique de confidentialit\u00e9 : <a href=\"https:\/\/policies.google.com\/privacy\" target=\"_blank\" rel=\"noopener noreferrer\">https:\/\/policies.google.com\/privacy<\/a><br \/>Opt\u2011out : <a href=\"https:\/\/www.google.com\/settings\/ads\/onweb\/optout\" target=\"_blank\" rel=\"noopener noreferrer\">https:\/\/www.google.com\/settings\/ads\/onweb\/optout<\/a><\/p><p>Les cookies d\u2019analyse de tiers sont install\u00e9s sans le consentement pr\u00e9alable de l\u2019utilisateur uniquement lorsqu\u2019ils sont configur\u00e9s de mani\u00e8re \u00e0 r\u00e9duire leur caract\u00e8re intrusif, par exemple par l\u2019anonymisation des adresses IP, de sorte que le tiers n\u2019ait pas acc\u00e8s \u00e0 des donn\u00e9es analytiques d\u00e9sagr\u00e9g\u00e9es au niveau de l\u2019adresse IP.<\/p><p>L\u2019utilisateur peut bloquer \u00e0 tout moment l\u2019installation de cookies d\u2019analyse, sans que cela ne compromette la possibilit\u00e9 de visiter le site ni d\u2019utiliser les services d\u2019Agricamper. Pour savoir comment proc\u00e9der, il convient de lire attentivement les informations sur les cookies fournies par les tiers au moyen des liens mentionn\u00e9s ci\u2011dessus.<\/p><h2>8. Cookies de profilage<\/h2><p>Les cookies de profilage sont utilis\u00e9s pour cr\u00e9er des profils relatifs \u00e0 l\u2019utilisateur et pour lui adresser des messages publicitaires en lien avec les pr\u00e9f\u00e9rences manifest\u00e9es au cours de sa navigation en ligne.<\/p><p>Les cookies de profilage permettent d\u2019\u00e9tablir un profil sur la base des pr\u00e9f\u00e9rences et des go\u00fbts exprim\u00e9s lors de la navigation sur Internet, de mani\u00e8re \u00e0 ce que les messages publicitaires affich\u00e9s soient plus pertinents au regard des int\u00e9r\u00eats de l\u2019utilisateur.<\/p><p>Lorsque ce type de cookies est utilis\u00e9, le consentement explicite de l\u2019utilisateur est requis et lui est demand\u00e9 au moyen du bandeau relatif aux cookies lors de son premier acc\u00e8s au site.<\/p><p>\u00c0 cet \u00e9gard, sont applicables l\u2019article 22 du R\u00e8glement (UE) 2016\/679, l\u2019article 122 du Code italien de la protection des donn\u00e9es et la d\u00e9cision n\u00b0 231 du 10 juin 2021 de l\u2019Autorit\u00e9 de contr\u00f4le.<\/p><h2>9. Comment d\u00e9sactiver les cookies<\/h2><p>Lors de votre premi\u00e8re visite sur notre site, vous pouvez accepter tous les cookies en cliquant sur le bouton \u00ab OK \u00bb, sur le bouton \u00ab X \u00bb (fermer) du bandeau ou sur tout \u00e9l\u00e9ment de la page en dehors du bandeau.<\/p><p>Lors de visites ult\u00e9rieures, ou \u00e0 tout moment, vous pouvez acc\u00e9der \u00e0 la pr\u00e9sente politique de cookies via le lien \u00ab Cookie Policy \u00bb figurant dans le pied de page de la page d\u2019accueil et refuser le consentement \u00e0 l\u2019installation de cookies.<\/p><p>Vous pouvez \u00e9galement d\u00e9sactiver les cookies via les param\u00e8tres de votre navigateur. La plupart des navigateurs sont configur\u00e9s par d\u00e9faut pour accepter automatiquement les cookies, mais vous pouvez choisir de ne pas les recevoir, en particulier lorsqu\u2019un tiers ne propose pas de m\u00e9canisme d\u2019opt\u2011out ad\u00e9quat, en acc\u00e9dant aux param\u00e8tres du navigateur et en d\u00e9sactivant l\u2019utilisation des cookies. Pour plus d\u2019informations, veuillez consulter :<\/p><ul><li>Microsoft Edge \/ Internet Explorer :<br \/><a href=\"https:\/\/support.microsoft.com\/windows\/delete-and-manage-cookies\" target=\"_blank\" rel=\"noopener noreferrer\">https:\/\/support.microsoft.com\/windows\/delete-and-manage-cookies<\/a><\/li><li>Google Chrome :<br \/><a href=\"https:\/\/support.google.com\/chrome\/answer\/95647\" target=\"_blank\" rel=\"noopener noreferrer\">https:\/\/support.google.com\/chrome\/answer\/95647<\/a><\/li><li>Mozilla Firefox :<br \/><a href=\"https:\/\/support.mozilla.org\/kb\/cookies\" target=\"_blank\" rel=\"noopener noreferrer\">https:\/\/support.mozilla.org\/kb\/cookies<\/a><\/li><li>Apple Safari :<br \/><a href=\"https:\/\/support.apple.com\/guide\/safari\/manage-cookies-and-website-data\" target=\"_blank\" rel=\"noopener noreferrer\">https:\/\/support.apple.com\/guide\/safari\/manage-cookies-and-website-data<\/a><\/li><li>Opera :<br \/><a href=\"https:\/\/help.opera.com\/en\/latest\/web-preferences\/#cookies\" target=\"_blank\" rel=\"noopener noreferrer\">https:\/\/help.opera.com\/en\/latest\/web-preferences\/#cookies<\/a><\/li><\/ul><p>Si votre navigateur ne figure pas dans la liste, veuillez vous r\u00e9f\u00e9rer \u00e0 la documentation fournie par le navigateur lui\u2011m\u00eame concernant les cookies. Si vous utilisez un appareil mobile, veuillez consulter le manuel d\u2019utilisation pour de plus amples informations.<\/p><p>Apr\u00e8s avoir d\u00e9sactiv\u00e9 les cookies via les param\u00e8tres de votre navigateur, il est recommand\u00e9 de supprimer \u00e9galement les cookies \u00e9ventuellement d\u00e9j\u00e0 pr\u00e9sents avant la modification.<\/p><p>Les cookies de tiers peuvent \u00e9galement \u00eatre d\u00e9sactiv\u00e9s en utilisant les outils mis \u00e0 disposition directement par ces tiers, comme indiqu\u00e9 dans la section \u00ab Cookies de tiers \u00bb.<\/p><p>Pour v\u00e9rifier quels cookies sont stock\u00e9s sur votre appareil et les d\u00e9sactiver individuellement, vous pouvez consulter le site <a href=\"http:\/\/www.youronlinechoices.com\/\" target=\"_blank\" rel=\"noopener noreferrer\">www.youronlinechoices.com<\/a>.<br \/>Dans la section \u00ab Vos choix \u00bb, vous pouvez notamment :<\/p><ul><li>voir la liste des soci\u00e9t\u00e9s tierces qui installent des cookies sur notre site ;<\/li><li>v\u00e9rifier la pr\u00e9sence et l\u2019\u00e9tat d\u2019activation de chaque cookie (Statut) et g\u00e9rer le consentement de mani\u00e8re s\u00e9lective (On\/Off) ;<\/li><li>acc\u00e9der \u00e0 des informations d\u00e9taill\u00e9es sur chaque soci\u00e9t\u00e9 et sur ses politiques de confidentialit\u00e9 et de cookies au moyen des liens fournis.<\/li><\/ul><h2>10. Interaction avec les r\u00e9seaux sociaux<\/h2><p>Ce site int\u00e8gre \u00e9galement des plugins et\/ou des boutons de r\u00e9seaux sociaux afin de permettre le partage facile de contenus sur vos plateformes pr\u00e9f\u00e9r\u00e9es. Ces plugins sont programm\u00e9s de sorte qu\u2019aucun cookie ne soit install\u00e9 lors du chargement de la page, afin de prot\u00e9ger la vie priv\u00e9e des utilisateurs. Des cookies peuvent \u00eatre install\u00e9s, si les r\u00e9seaux sociaux le pr\u00e9voient, uniquement lorsque l\u2019utilisateur utilise volontairement le plugin. Il est rappel\u00e9 que si vous naviguez apr\u00e8s vous \u00eatre connect\u00e9 \u00e0 un r\u00e9seau social, vous avez d\u00e9j\u00e0 consenti \u00e0 l\u2019utilisation des cookies transmis via ce site lors de votre inscription audit r\u00e9seau social.<\/p><p>Ces services permettent d\u2019interagir avec des r\u00e9seaux sociaux ou d\u2019autres plateformes externes directement depuis les pages d\u2019Agricamper.<\/p><p>Les interactions et les informations acquises par Agricamper sont soumises aux param\u00e8tres de confidentialit\u00e9 que vous avez d\u00e9finis pour chaque r\u00e9seau social. Lorsqu\u2019un service d\u2019interaction avec un r\u00e9seau social est install\u00e9, il est possible que ce service collecte des donn\u00e9es de trafic relatives aux pages sur lesquelles il est pr\u00e9sent, m\u00eame si l\u2019utilisateur ne l\u2019utilise pas.<\/p><p>\u00c0 titre d\u2019exemple :<\/p><ul><li>Boutons et widgets sociaux LinkedIn (LinkedIn Corporation) \u2013 Donn\u00e9es \u00e0 caract\u00e8re personnel collect\u00e9es : cookies et donn\u00e9es d\u2019utilisation \u2013 Pays de traitement : \u00c9tats\u2011Unis \u2013 Politique de confidentialit\u00e9 :<br \/><a href=\"https:\/\/www.linkedin.com\/legal\/privacy-policy\" target=\"_blank\" rel=\"noopener noreferrer\">https:\/\/www.linkedin.com\/legal\/privacy-policy<\/a><\/li><li>Bouton \u00ab J\u2019aime \u00bb et widgets sociaux Facebook (Meta Platforms, Inc.) \u2013 Donn\u00e9es \u00e0 caract\u00e8re personnel collect\u00e9es : cookies et donn\u00e9es d\u2019utilisation \u2013 Pays de traitement : \u00c9tats\u2011Unis \u2013 Politique de confidentialit\u00e9 :<br \/><a href=\"https:\/\/www.facebook.com\/privacy\/explanation\" target=\"_blank\" rel=\"noopener noreferrer\">https:\/\/www.facebook.com\/privacy\/explanation<\/a><\/li><li>Bouton \u00ab Tweet \u00bb et widgets sociaux Twitter (Twitter, Inc.) \u2013 Donn\u00e9es \u00e0 caract\u00e8re personnel collect\u00e9es : cookies et donn\u00e9es d\u2019utilisation \u2013 Pays de traitement : \u00c9tats\u2011Unis \u2013 Politique de confidentialit\u00e9 :<br \/><a href=\"https:\/\/twitter.com\/privacy\" target=\"_blank\" rel=\"noopener noreferrer\">https:\/\/twitter.com\/privacy<\/a><\/li><li>Bouton \u00ab Pin it \u00bb et widgets sociaux Pinterest (Pinterest Inc.) \u2013 Donn\u00e9es \u00e0 caract\u00e8re personnel collect\u00e9es : cookies et donn\u00e9es d\u2019utilisation \u2013 Pays de traitement : \u00c9tats\u2011Unis \u2013 Politique de confidentialit\u00e9 :<br \/><a href=\"https:\/\/policy.pinterest.com\/privacy-policy\" target=\"_blank\" rel=\"noopener noreferrer\">https:\/\/policy.pinterest.com\/privacy-policy<\/a><\/li><li>Boutons et widgets sociaux Instagram (Instagram, Inc.) \u2013 Donn\u00e9es \u00e0 caract\u00e8re personnel collect\u00e9es : cookies et donn\u00e9es d\u2019utilisation \u2013 Pays de traitement : \u00c9tats\u2011Unis \u2013 Politique de confidentialit\u00e9 :<br \/><a href=\"https:\/\/help.instagram.com\/519522125107875\" target=\"_blank\" rel=\"noopener noreferrer\">https:\/\/help.instagram.com\/519522125107875<\/a><\/li><\/ul><h2>11. Vos droits<\/h2><p>Conform\u00e9ment au RGPD et \u00e0 la r\u00e9glementation applicable, en ce qui concerne le traitement de vos donn\u00e9es \u00e0 caract\u00e8re personnel, vous avez le droit de demander au Responsable du traitement :<\/p><ul><li><strong>Acc\u00e8s<\/strong> : obtenir la confirmation que des donn\u00e9es \u00e0 caract\u00e8re personnel vous concernant sont ou ne sont pas trait\u00e9es et, le cas \u00e9ch\u00e9ant, recevoir des informations suppl\u00e9mentaires sur ce traitement.<\/li><li><strong>Rectification<\/strong> : faire corriger les donn\u00e9es inexactes ou compl\u00e9ter les donn\u00e9es incompl\u00e8tes.<\/li><li><strong>Effacement<\/strong> : obtenir l\u2019effacement de vos donn\u00e9es lorsque celles\u2011ci ne sont plus n\u00e9cessaires au regard des finalit\u00e9s pour lesquelles elles ont \u00e9t\u00e9 collect\u00e9es, lorsque vous retirez votre consentement ou vous opposez au traitement, lorsque le traitement est illicite ou encore lorsque la loi exige la suppression des donn\u00e9es, y compris des donn\u00e9es relatives \u00e0 des mineurs trait\u00e9es en violation des r\u00e8gles applicables.<\/li><li><strong>Limitation<\/strong> : obtenir la limitation du traitement \u00e0 la seule conservation, \u00e0 l\u2019exclusion de tout autre traitement, pendant la p\u00e9riode n\u00e9cessaire \u00e0 la v\u00e9rification de l\u2019exactitude des donn\u00e9es, en cas de traitement illicite auquel vous vous opposez \u00e0 l\u2019effacement, lorsque vous avez besoin des donn\u00e9es pour la constatation, l\u2019exercice ou la d\u00e9fense de droits en justice ou pendant l\u2019examen d\u2019une opposition que vous avez formul\u00e9e.<\/li><li><strong>Retrait du consentement<\/strong> : retirer votre consentement \u00e0 tout moment, lorsque le traitement est fond\u00e9 sur ce consentement. Le retrait ne porte pas atteinte \u00e0 la lic\u00e9it\u00e9 du traitement fond\u00e9 sur le consentement effectu\u00e9 avant ce retrait.<\/li><\/ul><p>Vous pouvez exercer ces droits \u00e0 tout moment en contactant Agricamper s.r.l. via le <a href=\"https:\/\/www.agricamper.com\/fr\/contact\/\" rel=\"noopener noreferrer\">formulaire de contact<\/a> disponible sur ce site.<\/p><p>Vous disposez \u00e9galement du droit d\u2019introduire une r\u00e9clamation aupr\u00e8s de l\u2019Autorit\u00e9 italienne de protection des donn\u00e9es (\u00ab Garante per la Protezione dei Dati Personali \u00bb) ou, si vous r\u00e9sidez au Royaume\u2011Uni, aupr\u00e8s de l\u2019Information Commissioner\u2019s Office (ICO), si vous estimez que vos droits ont \u00e9t\u00e9 viol\u00e9s par Agricamper et\/ou par un tiers, ou si vous n\u2019\u00eates pas satisfait de la r\u00e9ponse apport\u00e9e \u00e0 vos demandes.<\/p><p>La pr\u00e9sente politique de cookies a \u00e9t\u00e9 mise \u00e0 jour le 16\/01\/2025.<\/p>\n<\/div><\/div>\n<\/section><\/div>","protected":false},"excerpt":{"rendered":"<p>1. Informations sur la pr\u00e9sente politique relative aux cookiesLa pr\u00e9sente section fournit des informations concernant la politique de cookies du site web Agricamper, propri\u00e9t\u00e9 de Agricamper s.r.l., en lien avec l\u2019utilisation de cookies par les utilisateurs.Le pr\u00e9sent document fait partie int\u00e9grante de la Politique de confidentialit\u00e9 du site, disponible \u00e0 l\u2019adresse suivante : https:\/\/www.agricamper.com\/fr\/politique-de-confidentialite\/, ainsi [&hellip;]<\/p>\n","protected":false},"author":1,"featured_media":0,"parent":0,"menu_order":0,"comment_status":"closed","ping_status":"closed","template":"","meta":{"_acf_changed":false,"_breakdance_hide_in_design_set":false,"_breakdance_tags":"","footnotes":""},"class_list":["post-899","page","type-page","status-publish","hentry"],"acf":[],"_links":{"self":[{"href":"https:\/\/www.agricamper.com\/fr\/wp-json\/wp\/v2\/pages\/899","targetHints":{"allow":["GET"]}}],"collection":[{"href":"https:\/\/www.agricamper.com\/fr\/wp-json\/wp\/v2\/pages"}],"about":[{"href":"https:\/\/www.agricamper.com\/fr\/wp-json\/wp\/v2\/types\/page"}],"author":[{"embeddable":true,"href":"https:\/\/www.agricamper.com\/fr\/wp-json\/wp\/v2\/users\/1"}],"replies":[{"embeddable":true,"href":"https:\/\/www.agricamper.com\/fr\/wp-json\/wp\/v2\/comments?post=899"}],"version-history":[{"count":3,"href":"https:\/\/www.agricamper.com\/fr\/wp-json\/wp\/v2\/pages\/899\/revisions"}],"predecessor-version":[{"id":78719,"href":"https:\/\/www.agricamper.com\/fr\/wp-json\/wp\/v2\/pages\/899\/revisions\/78719"}],"wp:attachment":[{"href":"https:\/\/www.agricamper.com\/fr\/wp-json\/wp\/v2\/media?parent=899"}],"curies":[{"name":"wp","href":"https:\/\/api.w.org\/{rel}","templated":true}]}}