{"id":891,"date":"2026-02-25T10:59:08","date_gmt":"2026-02-25T10:59:08","guid":{"rendered":"https:\/\/www.agricamper.com\/partenariats-et-avantages\/"},"modified":"2026-04-02T17:18:30","modified_gmt":"2026-04-02T17:18:30","slug":"partenaires-et-reductions","status":"publish","type":"page","link":"https:\/\/www.agricamper.com\/fr\/partenaires-et-reductions\/","title":{"rendered":"Partenaires et r\u00e9ductions"},"content":{"rendered":"<div class='breakdance'><section class=\"bde-section-891-100 bde-section\">\n  \n  \n\t\n\n\n\n<div class=\"section-container\"><div class=\"bde-rich-text-891-101 bde-rich-text breakdance-rich-text-styles\">\n<p>Sur cette page, vous retrouvez les principaux partenariats et accords de r\u00e9duction entre Agricamper Italia et des associations agricoles, r\u00e9seaux de tourisme rural et f\u00e9d\u00e9rations de camping en Italie et dans le reste de l\u2019Europe. Ces collaborations renforcent notre r\u00e9seau d\u2019\u00e9tapes gratuites \u00e0 la ferme et offrent des avantages exclusifs aux voyageurs en camping\u2011car et van qui choisissent Agricamper.<\/p><h2>Partenariats<\/h2><h3>Fondazione Campagna Amica \u2013 Coldiretti<\/h3><p>Cr\u00e9\u00e9e \u00e0 l\u2019initiative de Coldiretti en 2008, la <a href=\"https:\/\/www.campagnamica.it\/\" target=\"_blank\" rel=\"noopener noreferrer\">Fondazione Campagna Amica<\/a> vise \u00e0 valoriser l\u2019agriculture italienne et son r\u00f4le essentiel dans la protection de l\u2019environnement, des paysages, des traditions, de la culture, de la sant\u00e9 et de la s\u00e9curit\u00e9 alimentaire. Elle d\u00e9fend un acc\u00e8s \u00e9quitable \u00e0 l\u2019alimentation, la justice sociale, la coh\u00e9sion et l\u2019emploi dans les zones rurales \u2013 autant de valeurs proches du tourisme rural en camping\u2011car.<\/p><h3>Federazione Italiana Vignaioli Indipendenti (FIVI)<\/h3><p>La <a href=\"https:\/\/fivi.it\/\" target=\"_blank\" rel=\"noopener noreferrer\">Federazione Italiana Vignaioli Indipendenti<\/a> (FIVI) est une association sans but lucratif qui promeut et prot\u00e8ge la figure du vigneron ind\u00e9pendant italien. Elle rassemble des producteurs qui suivent l\u2019ensemble du cycle du vin \u2013 de la vigne \u00e0 la bouteille puis \u00e0 la vente \u2013 et assurent ainsi un lien direct entre le terroir, la cave et le consommateur, y compris pour les voyageurs qui d\u00e9couvrent les domaines viticoles en camping\u2011car.<\/p><h3>Movimento Turismo del Vino<\/h3><p>Le <a href=\"https:\/\/movimentoturismovino.it\/\" target=\"_blank\" rel=\"noopener noreferrer\">Movimento Turismo del Vino<\/a> a jou\u00e9 un r\u00f4le majeur dans le d\u00e9veloppement de l\u2019\u0153notourisme en Italie et dans l\u2019ouverture des caves au public. Il f\u00e9d\u00e8re des centaines de domaines viticoles qui accueillent les visiteurs dans tout le pays, en faisant des lieux de d\u00e9couverte, de d\u00e9gustation et de rencontre directe avec les producteurs \u2013 des destinations id\u00e9ales pour les voyageurs en camping\u2011car ou caravane.<\/p><h3>Unionbirrai \u2013 Indipendente Artigianale<\/h3><p>Le label \u00ab indipendente artigianale \u2013 una garanzia Unionbirrai \u00bb identifie les brasseries artisanales ind\u00e9pendantes reconnues par l\u2019organisation professionnelle <a href=\"https:\/\/www.unionbirrai.it\/\" target=\"_blank\" rel=\"noopener noreferrer\">Unionbirrai<\/a>. Il met en avant deux piliers : l\u2019ind\u00e9pendance de la brasserie dans ses choix et le caract\u00e8re artisanal de la bi\u00e8re, issu de proc\u00e9d\u00e9s de production naturels.<\/p><h3>Federazione Italiana Sport Equestri (FISE)<\/h3><p>La <a href=\"https:\/\/www.fise.it\/\" target=\"_blank\" rel=\"noopener noreferrer\">Federazione Italiana Sport Equestri<\/a> est reconnue par le CONI et est charg\u00e9e d\u2019encadrer l\u2019ensemble des activit\u00e9s \u00e9questres en Italie\u202f: enseignement, comp\u00e9tition, loisirs et formation. Elle est affili\u00e9e \u00e0 la FEI, qui la reconna\u00eet comme l\u2019unique repr\u00e9sentante des sports \u00e9questres en Italie.<\/p><h3>ENGEA \u2013 Ente Nazionale Guide Equestri Ambientali<\/h3><p><a href=\"https:\/\/www.cavalloecavalli.it\/\" target=\"_blank\" rel=\"noopener noreferrer\">ENGEA<\/a> promeut le tourisme \u00e9questre et les activit\u00e9s \u00e0 cheval en pleine nature gr\u00e2ce \u00e0 un r\u00e9seau de guides \u00e9questres environnementaux et de centres affili\u00e9s pr\u00e9sents dans toute l\u2019Italie. L\u2019organisme organise des balades, randonn\u00e9es et s\u00e9jours \u00e0 cheval pour d\u00e9couvrir la campagne de mani\u00e8re durable et respectueuse des milieux ruraux.<\/p><h3>I Borghi pi\u00f9 belli d\u2019Italia<\/h3><p>L\u2019association <a href=\"https:\/\/borghipiubelliditalia.it\/\" target=\"_blank\" rel=\"noopener noreferrer\">I Borghi pi\u00f9 belli d\u2019Italia<\/a> a \u00e9t\u00e9 cr\u00e9\u00e9e en 2001 \u00e0 l\u2019initiative du conseil du tourisme de l\u2019ANCI. Elle a pour but de pr\u00e9server et de promouvoir le patrimoine historique, artistique, culturel, paysager et traditionnel des petits villages italiens, souvent en dehors des grands flux touristiques \u2013 des lieux particuli\u00e8rement adapt\u00e9s au slow tourisme en camping\u2011car.<\/p><h3>Lago di Como \u2013 Un mondo unico al mondo<\/h3><p>La marque territoriale <a href=\"https:\/\/www.marchiolagodicomo.it\/\" target=\"_blank\" rel=\"noopener noreferrer\">\u00ab Lago di Como \u2013 Un mondo unico al mondo \u00bb<\/a> a \u00e9t\u00e9 d\u00e9velopp\u00e9e par la Chambre de commerce de Como\u2011Lecco et la Province de Como pour mettre en valeur l\u2019ensemble des fili\u00e8res \u00e9conomiques du territoire du lac de C\u00f4me. Elle f\u00e9d\u00e8re les atouts touristiques, paysagers, culturels, industriels et de services li\u00e9s au lac. Bas\u00e9e dans la province de Lecco, Agricamper Italia partage les valeurs de cette marque et contribue \u00e0 la promotion du territoire \u00e0 travers des \u00e9tapes rurales en camping\u2011car chez les agriculteurs locaux.<\/p><h2>Accords de r\u00e9duction<\/h2><p>Agricamper Italia a conclu des accords de r\u00e9duction avec des clubs et f\u00e9d\u00e9rations du monde du camping et du tourisme itin\u00e9rant, afin de permettre \u00e0 leurs membres de d\u00e9couvrir notre r\u00e9seau d\u2019\u00e9tapes gratuites \u00e0 la ferme \u00e0 des conditions avantageuses. Vous trouverez ci\u2011dessous les principaux partenaires avec lesquels des accords sont en place\u202f; si votre club ne figure pas dans la liste, nous vous invitons \u00e0 le contacter directement pour savoir si une r\u00e9duction est disponible.<\/p><h3>Camperisti Italiani<\/h3><p><a href=\"https:\/\/www.camperisti-italiani.com\/\" target=\"_blank\" rel=\"noopener noreferrer\">Camperisti Italiani<\/a> est n\u00e9 en 2008 sous la forme d\u2019un groupe Facebook rassemblant celles et ceux qui aiment \u00ab vivre en voyageant \u00bb. Aujourd\u2019hui, la communaut\u00e9 compte plus de 170\u202f000 membres et est devenue un v\u00e9ritable signe de ralliement pour les amateurs de camping\u2011car et de voyages en Italie.<\/p><h3>Federazione Nazionale A.C.T.ITALIA<\/h3><p>En 2000, A.C.T.I. a \u00e9t\u00e9 reconnue par la F.I.C.C. comme f\u00e9d\u00e9ration nationale sous le nom <a href=\"https:\/\/www.actitalia.it\/\" target=\"_blank\" rel=\"noopener noreferrer\">\u00ab A.C.T.ITALIA Federazione \u00bb<\/a>, avec 1940 comme ann\u00e9e de fondation. Elle constitue aujourd\u2019hui un point de r\u00e9f\u00e9rence pour ses clubs affili\u00e9s, ses membres et l\u2019ensemble du secteur du tourisme itin\u00e9rant en Italie et \u00e0 l\u2019international.<\/p><h3>Confedercampeggio \u2013 Confederazione Italiana Campeggiatori<\/h3><p><a href=\"https:\/\/www.federcampeggio.it\/\" target=\"_blank\" rel=\"noopener noreferrer\">Confedercampeggio<\/a>, la Conf\u00e9d\u00e9ration italienne des campeurs, est un organisme sans but lucratif fond\u00e9 en 1950 qui promeut le d\u00e9veloppement harmonieux du camping sous toutes ses formes\u202f: tente, caravane et camping\u2011car. Elle d\u00e9fend un tourisme de plein air respectueux des territoires et de l\u2019environnement.<\/p><h3>F\u00e9d\u00e9ration Fran\u00e7aise de Camping et de Caravaning (FFCC)<\/h3><p>La <a href=\"https:\/\/ffcc.fr\/\" target=\"_blank\" rel=\"noopener noreferrer\">F\u00e9d\u00e9ration Fran\u00e7aise de Camping et de Caravaning<\/a> (FFCC) repr\u00e9sente environ six millions de campeurs et touristes de plein air en France\u202f: camping\u2011caristes, caravanistes, campeurs sous tente et vacanciers en locatif ou mobil\u2011home. Sa mission est d\u2019accompagner les campeurs pour qu\u2019ils profitent pleinement de leurs vacances. Elle est reconnue par la F.I.C.C.<\/p><h3>\u00d6sterreichische Camping Club (\u00d6CC)<\/h3><p>L\u2019<a href=\"https:\/\/www.campingclub.at\/\" target=\"_blank\" rel=\"noopener noreferrer\">\u00d6sterreichische Camping Club<\/a> (\u00d6CC) est le plus grand groupement d\u2019int\u00e9r\u00eats pour les campeurs en Autriche. Fond\u00e9 en 1951, il est repr\u00e9sent\u00e9 au niveau international au sein des organisations fa\u00eeti\u00e8res F.I.C.C. et F.I.A. et contribue au d\u00e9veloppement du camping en Europe.<\/p><h3>NKC \u2013 Motorhome Club Netherlands<\/h3><p>Le <a href=\"https:\/\/www.nkc.nl\/\" target=\"_blank\" rel=\"noopener noreferrer\">NKC<\/a> est la principale plateforme pour les camping\u2011caristes aux Pays\u2011Bas et l\u2019un des plus grands clubs de camping\u2011cars en Europe. Il informe, inspire et f\u00e9d\u00e8re les passionn\u00e9s de camping\u2011car de tous \u00e2ges qui appr\u00e9cient la libert\u00e9 et le confort du voyage itin\u00e9rant.<\/p><h3>Deutsche Camping\u2011Club e.V. (DCC)<\/h3><p>Le <a href=\"https:\/\/camping-club.de\/\" target=\"_blank\" rel=\"noopener noreferrer\">Deutsche Camping\u2011Club e.V.<\/a> (DCC) est la plus grande association allemande pour les touristes en caravane, camping\u2011car et tente. Il est structur\u00e9 en 21 associations r\u00e9gionales et 188 clubs locaux et de district. Son objectif est de promouvoir le camping en Allemagne et en Europe comme une forme de tourisme durable et accessible.<\/p><p>Si vous \u00eates membre de l\u2019une de ces associations ou clubs, vous pouvez b\u00e9n\u00e9ficier des accords de r\u00e9duction en vigueur avec Agricamper Italia. Pour obtenir votre code de r\u00e9duction, merci de contacter directement votre association ou votre club.<\/p><p>Une fois votre code re\u00e7u, vous pourrez l\u2019utiliser sur notre site pour acheter votre adh\u00e9sion Agricamper et commencer \u00e0 profiter des nuit\u00e9es gratuites \u00e0 la ferme partout en Italie.<\/p>\n<\/div><\/div>\n<\/section><\/div>","protected":false},"excerpt":{"rendered":"<p>Sur cette page, vous retrouvez les principaux partenariats et accords de r\u00e9duction entre Agricamper Italia et des associations agricoles, r\u00e9seaux de tourisme rural et f\u00e9d\u00e9rations de camping en Italie et dans le reste de l\u2019Europe. Ces collaborations renforcent notre r\u00e9seau d\u2019\u00e9tapes gratuites \u00e0 la ferme et offrent des avantages exclusifs aux voyageurs en camping\u2011car et [&hellip;]<\/p>\n","protected":false},"author":1,"featured_media":0,"parent":0,"menu_order":0,"comment_status":"closed","ping_status":"closed","template":"","meta":{"_acf_changed":false,"_breakdance_hide_in_design_set":false,"_breakdance_tags":"","footnotes":""},"class_list":["post-891","page","type-page","status-publish","hentry"],"acf":[],"_links":{"self":[{"href":"https:\/\/www.agricamper.com\/fr\/wp-json\/wp\/v2\/pages\/891","targetHints":{"allow":["GET"]}}],"collection":[{"href":"https:\/\/www.agricamper.com\/fr\/wp-json\/wp\/v2\/pages"}],"about":[{"href":"https:\/\/www.agricamper.com\/fr\/wp-json\/wp\/v2\/types\/page"}],"author":[{"embeddable":true,"href":"https:\/\/www.agricamper.com\/fr\/wp-json\/wp\/v2\/users\/1"}],"replies":[{"embeddable":true,"href":"https:\/\/www.agricamper.com\/fr\/wp-json\/wp\/v2\/comments?post=891"}],"version-history":[{"count":7,"href":"https:\/\/www.agricamper.com\/fr\/wp-json\/wp\/v2\/pages\/891\/revisions"}],"predecessor-version":[{"id":2291,"href":"https:\/\/www.agricamper.com\/fr\/wp-json\/wp\/v2\/pages\/891\/revisions\/2291"}],"wp:attachment":[{"href":"https:\/\/www.agricamper.com\/fr\/wp-json\/wp\/v2\/media?parent=891"}],"curies":[{"name":"wp","href":"https:\/\/api.w.org\/{rel}","templated":true}]}}