{"id":887,"date":"2026-02-23T16:47:14","date_gmt":"2026-02-23T15:47:14","guid":{"rendered":"https:\/\/www.agricamper.com\/nos-lieux\/"},"modified":"2026-04-29T11:51:58","modified_gmt":"2026-04-29T09:51:58","slug":"carte","status":"publish","type":"page","link":"https:\/\/www.agricamper.com\/fr\/carte\/","title":{"rendered":"Carte"},"content":{"rendered":"<div class='breakdance'><section class=\"bde-section-887-100 bde-section\">\n  \n  \n\t\n\n\n\n<div class=\"section-container\"><div class=\"bde-text-887-138 bde-text\">\nEn un coup d\u2019\u0153il, les ic\u00f4nes montrent la couverture nationale d\u2019Agricamper, avec des centaines d\u2019accueillants et 410+ aires de service gratuites pour camping\u2011cars dans toute l\u2019Italie\n<\/div><div class=\"bde-shortcode-887-101 bde-shortcode\" data-entrance=\"slideUp\"><svg id=\"stars\" style=\"display: none;\" version=\"1.1\">\n  <symbol id=\"stars-empty-star\" viewBox=\"0 0 102 18\">\n    <path id=\"path4749-2-8-2\" d=\"M7.5,0l-2,5h-5l4,3.5l-2,6l5-3.5&#xA;&#x9;l5,3.5l-2-6l4-3.5h-5L7.5,0z\" fill=\"#fff\" stroke=\"#71cc98\"\/>\n  <\/symbol>\n  <symbol id=\"stars-full-star\" viewBox=\"0 0 102 18\">\n    <path id=\"path4749-2-8-2\" d=\"M7.5,0l-2,5h-5l4,3.5l-2,6l5-3.5&#xA;&#x9;l5,3.5l-2-6l4-3.5h-5L7.5,0z\" fill=\"#71cc98\" stroke=\"#71cc98\"\/>\n  <\/symbol>\n  <symbol id=\"stars-half-star\" viewBox=\"0 0 102 18\">\n    <path id=\"path4749-2-8-2\" d=\"M7.5,0l-2,5h-5l4,3.5l-2,6l5-3.5&#xA;&#x9;l5,3.5l-2-6l4-3.5h-5L7.5,0z\" fill=\"#fff\" stroke=\"#71cc98\"\/>\n    <path id=\"path4749-2-8-2\" d=\"M7.5,0l-2,5h-5l4,3.5l-2,6l5-3.5;l5,3.5l-2-6l4-3.5h-5L7.5,0z\" fill=\"#71cc98\"\/>\n  <\/symbol>\n<\/svg>\n\n\n<div id=\"interactive-map\"><\/div><div class=\"interactive-map-popup\" id=\"interactive-map-popup-template\">\n    <div class=\"interactive-map-popup-image\"><\/div>\n    <div class=\"interactive-popup-content\">\n        <div class=\"interactive-map-popup-note\"><\/div>\n        <div class=\"interactive-map-popup-title\"><\/div>\n    <\/div>\n<\/div><div class=\"interactive-map-popup\" id=\"interactive-map-popup-template_aire\">\n    <div class=\"interactive-map-popup-image\"><\/div>\n    <div class=\"interactive-popup-content\">\n        <div class=\"interactive-map-popup-note\"><\/div>\n        <div class=\"interactive-map-popup-title\"><\/div>\n    <\/div>\n<\/div><\/div><\/div>\n<\/section><section class=\"bde-section-887-120 bde-section\">\n  \n  \n\t\n\n\n\n<div class=\"section-container\"><div class=\"bde-columns-887-121 bde-columns\"><div class=\"bde-column-887-122 bde-column\">\n  \n  \n\t\n\n\n\n<div class=\"bde-div-887-123 bde-div\">\n  \n  \n\t\n\n\n\n<h2 class=\"bde-heading-887-124 bde-heading\">\nD\u00e9couvrez <br>notre appli\n<\/h2><div class=\"bde-text-887-125 bde-text\">\nCarte interactive, fiches d\u00e9taill\u00e9es des \u00e9tapes, bons plans locaux, r\u00e9servation facile et aires de vidange gratuites : tout est inclus dans votre adh\u00e9sion Agricamper.<br><br>Testez les principales fonctionnalit\u00e9s avec la version d\u00e9mo avant d\u2019adh\u00e9rer.\n<\/div>\n<\/div><div class=\"bde-div-887-126 bde-div\">\n  \n  \n\t\n\n\n\n<div class=\"bde-button-887-127 bde-button\">\n    \n                        \n                        \n    \n    \n    \n    \n            \n                    \n            \n            \n\n    \n    \n    \n    \n    \n    <a class=\"breakdance-link button-atom button-atom--primary bde-button__button\" href=\"https:\/\/www.agricamper.com\/fr\/tester-lappli\/\" target=\"_self\" data-type=\"url\"  >\n\n    \n        <span class=\"button-atom__text\">Tester l\u2019app<\/span>\n\n        \n        \n                <\/a>\n\n    \n\n\n<\/div><img decoding=\"async\" class=\"bde-image2-887-128 bde-image2\" src=\"https:\/\/www.agricamper.com\/wp-content\/uploads\/2026\/02\/logos-app.png\" alt=\"logos-app\" loading=\"lazy\" srcset=\"https:\/\/www.agricamper.com\/wp-content\/uploads\/2026\/02\/logos-app.png 320w, https:\/\/www.agricamper.com\/wp-content\/uploads\/2026\/02\/logos-app-300x47.png 300w, https:\/\/www.agricamper.com\/wp-content\/uploads\/2026\/02\/logos-app-18x3.png 18w\" sizes=\"(max-width: 320px) 100vw, 320px\">\n<\/div>\n<\/div><div class=\"bde-column-887-129 bde-column\">\n  \n  \n\t\n\n\n\n\n<\/div><div class=\"bde-column-887-130 bde-column\">\n  \n  \n\t\n\n\n\n<div class=\"bde-advancedslider-887-131 bde-advancedslider\">\n<div class=\"breakdance-swiper-wrapper\" data-swiper-id=\"131\">\n  <div class=\"swiper\">\n    <div class=\"swiper-wrapper\">\n      <div class=\"bde-advancedslide-887-132 bde-advancedslide swiper-slide\"><div class=\"advanced-slider__slide\">\r\n  <img decoding=\"async\" class=\"bde-image2-887-133 bde-image2\" src=\"https:\/\/www.agricamper.com\/wp-content\/uploads\/2026\/04\/host-fr.png\" alt=\"host-fr\" loading=\"lazy\" srcset=\"https:\/\/www.agricamper.com\/wp-content\/uploads\/2026\/04\/host-fr.png 468w, https:\/\/www.agricamper.com\/wp-content\/uploads\/2026\/04\/host-fr-259x300.png 259w\" sizes=\"(max-width: 468px) 100vw, 468px\">\r\n<\/div><\/div><div class=\"bde-advancedslide-887-134 bde-advancedslide swiper-slide\"><div class=\"advanced-slider__slide\">\r\n  <img decoding=\"async\" class=\"bde-image2-887-135 bde-image2\" src=\"https:\/\/www.agricamper.com\/wp-content\/uploads\/2026\/04\/mappa.png\" alt=\"mappa\" loading=\"lazy\" srcset=\"https:\/\/www.agricamper.com\/wp-content\/uploads\/2026\/04\/mappa.png 468w, https:\/\/www.agricamper.com\/wp-content\/uploads\/2026\/04\/mappa-259x300.png 259w\" sizes=\"(max-width: 468px) 100vw, 468px\">\r\n<\/div><\/div><div class=\"bde-advancedslide-887-136 bde-advancedslide swiper-slide\"><div class=\"advanced-slider__slide\">\r\n  <img decoding=\"async\" class=\"bde-image2-887-137 bde-image2\" src=\"https:\/\/www.agricamper.com\/wp-content\/uploads\/2026\/04\/prenotazione-fr.png\" alt=\"prenotazione-fr\" loading=\"lazy\" srcset=\"https:\/\/www.agricamper.com\/wp-content\/uploads\/2026\/04\/prenotazione-fr.png 468w, https:\/\/www.agricamper.com\/wp-content\/uploads\/2026\/04\/prenotazione-fr-259x300.png 259w\" sizes=\"(max-width: 468px) 100vw, 468px\">\r\n<\/div><\/div>\n    <\/div>\n  <\/div>\n\n      \n            <div class=\"swiper-pagination\"><\/div>\n    \n<\/div>\n\n<\/div>\n<\/div><\/div><\/div>\n<\/section><\/div>","protected":false},"excerpt":{"rendered":"<p>En un coup d\u2019\u0153il, les ic\u00f4nes montrent la couverture nationale d\u2019Agricamper, avec des centaines d\u2019accueillants et 410+ aires de service gratuites pour camping\u2011cars dans toute l\u2019Italie D\u00e9couvrez notre appli Carte interactive, fiches d\u00e9taill\u00e9es des \u00e9tapes, bons plans locaux, r\u00e9servation facile et aires de vidange gratuites : tout est inclus dans votre adh\u00e9sion Agricamper.Testez les principales [&hellip;]<\/p>\n","protected":false},"author":1,"featured_media":0,"parent":0,"menu_order":0,"comment_status":"closed","ping_status":"closed","template":"","meta":{"_acf_changed":false,"_breakdance_hide_in_design_set":false,"_breakdance_tags":"","footnotes":""},"class_list":["post-887","page","type-page","status-publish","hentry"],"acf":[],"_links":{"self":[{"href":"https:\/\/www.agricamper.com\/fr\/wp-json\/wp\/v2\/pages\/887","targetHints":{"allow":["GET"]}}],"collection":[{"href":"https:\/\/www.agricamper.com\/fr\/wp-json\/wp\/v2\/pages"}],"about":[{"href":"https:\/\/www.agricamper.com\/fr\/wp-json\/wp\/v2\/types\/page"}],"author":[{"embeddable":true,"href":"https:\/\/www.agricamper.com\/fr\/wp-json\/wp\/v2\/users\/1"}],"replies":[{"embeddable":true,"href":"https:\/\/www.agricamper.com\/fr\/wp-json\/wp\/v2\/comments?post=887"}],"version-history":[{"count":15,"href":"https:\/\/www.agricamper.com\/fr\/wp-json\/wp\/v2\/pages\/887\/revisions"}],"predecessor-version":[{"id":280339,"href":"https:\/\/www.agricamper.com\/fr\/wp-json\/wp\/v2\/pages\/887\/revisions\/280339"}],"wp:attachment":[{"href":"https:\/\/www.agricamper.com\/fr\/wp-json\/wp\/v2\/media?parent=887"}],"curies":[{"name":"wp","href":"https:\/\/api.w.org\/{rel}","templated":true}]}}