{"id":865,"date":"2026-02-25T11:03:05","date_gmt":"2026-02-25T11:03:05","guid":{"rendered":"https:\/\/www.agricamper.com\/condition-generales-de-vente\/"},"modified":"2026-04-02T16:00:49","modified_gmt":"2026-04-02T16:00:49","slug":"conditions-generales-de-vente","status":"publish","type":"page","link":"https:\/\/www.agricamper.com\/fr\/conditions-generales-de-vente\/","title":{"rendered":"Conditions G\u00e9n\u00e9rales de Vente"},"content":{"rendered":"<div class='breakdance'><section class=\"bde-section-865-100 bde-section\">\n  \n  \n\t\n\n\n\n<div class=\"section-container\"><div class=\"bde-rich-text-865-101 bde-rich-text breakdance-rich-text-styles\">\n<h2>Art. 1 \u2013 Dispositions g\u00e9n\u00e9rales<\/h2>\n\n<p>1.1. En naviguant dans cette section, l\u2019utilisateur acc\u00e8de \u00e0 Agricamper Italia, disponible \u00e0 l\u2019URL suivante : <a href=\"https:\/\/www.agricamper.com\/\">https:\/\/www.agricamper.com\/<\/a>. La navigation sur le site et la passation d\u2019une commande impliquent l\u2019acceptation des pr\u00e9sentes Conditions G\u00e9n\u00e9rales de Vente ainsi que des politiques de protection des donn\u00e9es mentionn\u00e9es sur le site.<\/p>\n\n<p>1.2. Les pr\u00e9sentes Conditions G\u00e9n\u00e9rales de Vente s\u2019appliquent \u00e0 la vente de biens et \u00e0 la fourniture de services exclusivement en relation avec les achats effectu\u00e9s sur le site, conform\u00e9ment \u00e0 la Partie III, Titre III, Chapitre I du Code de la consommation italien (D\u00e9cret l\u00e9gislatif n\u00b0 206\/2005, tel que modifi\u00e9), au D\u00e9cret l\u00e9gislatif n\u00b0 70\/2003 et, le cas \u00e9ch\u00e9ant, aux dispositions relatives aux contrats de fourniture de contenus num\u00e9riques et de services num\u00e9riques.<\/p>\n\n<p>Soci\u00e9t\u00e9 : Agricamper S.r.l.<br>\nSi\u00e8ge social : Via Roma 48 \u2013 23900 Lecco \u2013 Italie<br>\nN\u00b0 de TVA : IT04073610133<br>\nImmatricul\u00e9e au Registre des entreprises (REA) sous le n\u00b0 LC-417779<br>\nEmail : <a href=\"https:\/\/www.agricamper.com\/contact\/\">formulaire de contact<\/a><\/p>\n\n<p>1.3. Avant d\u2019acc\u00e9der aux produits et services fournis par le biais du site, l\u2019utilisateur est tenu de lire les pr\u00e9sentes Conditions G\u00e9n\u00e9rales de Vente, qui sont r\u00e9put\u00e9es pleinement et sans \u00e9quivoque accept\u00e9es au moment de l\u2019achat.<\/p>\n\n<p>1.4. Les utilisateurs sont invit\u00e9s \u00e0 t\u00e9l\u00e9charger et imprimer une copie du formulaire de commande ainsi que des pr\u00e9sentes Conditions G\u00e9n\u00e9rales de Vente. Agricamper Italia se r\u00e9serve le droit de modifier ces Conditions \u00e0 tout moment. La version publi\u00e9e sur le site au moment o\u00f9 la commande est pass\u00e9e s\u2019appliquera \u00e0 cette commande.<\/p>\n\n<p>1.5. Le site ainsi que ses produits et services peuvent \u00eatre utilis\u00e9s et achet\u00e9s dans les langues suivantes : italien, anglais, allemand, n\u00e9erlandais et fran\u00e7ais.<\/p>\n\n<h2>Art. 2 \u2013 Objet<\/h2>\n\n<p>2.1. Les pr\u00e9sentes Conditions G\u00e9n\u00e9rales de Vente r\u00e9gissent l\u2019offre, la soumission et l\u2019acceptation des commandes d\u2019achat de biens et de services sur Agricamper Italia. Elles ne r\u00e9gissent pas la fourniture de services ni la vente de produits par des tiers autres que le vendeur, qui peuvent \u00eatre pr\u00e9sents sur le site via des liens, des banni\u00e8res ou d\u2019autres connexions hypertextes.<\/p>\n\n<p>2.2. Avant de passer commande et d\u2019acheter des produits ou services aupr\u00e8s de tiers, l\u2019utilisateur est invit\u00e9 \u00e0 v\u00e9rifier leurs propres conditions g\u00e9n\u00e9rales de vente.<\/p>\n\n<h2>Art. 3 \u2013 Conclusion du contrat<\/h2>\n\n<p>3.1. Pour conclure un contrat d\u2019achat, l\u2019utilisateur doit compl\u00e9ter le formulaire de commande \u00e9lectronique et le soumettre en suivant les instructions figurant sur le site.<\/p>\n\n<p>3.2. Le formulaire de commande contient une r\u00e9f\u00e9rence aux pr\u00e9sentes Conditions G\u00e9n\u00e9rales de Vente, des informations sur chaque produit ou service achet\u00e9, des images de chaque produit et le prix correspondant, les moyens de paiement pouvant \u00eatre utilis\u00e9s, les modalit\u00e9s de livraison et les frais d\u2019exp\u00e9dition et de livraison correspondants, une r\u00e9f\u00e9rence aux conditions r\u00e9gissant le droit de r\u00e9tractation (le cas \u00e9ch\u00e9ant), ainsi que les modalit\u00e9s et d\u00e9lais de retour des produits achet\u00e9s. Le vendeur ne peut \u00eatre tenu responsable de toute divergence technique dans les repr\u00e9sentations graphiques des produits affich\u00e9s sur le site, ces repr\u00e9sentations ayant uniquement une finalit\u00e9 illustrative.<\/p>\n\n<p>3.3. Avant la conclusion du contrat, il sera demand\u00e9 \u00e0 l\u2019utilisateur de confirmer qu\u2019il a lu les pr\u00e9sentes Conditions G\u00e9n\u00e9rales de Vente, y compris les informations relatives au droit de r\u00e9tractation (le cas \u00e9ch\u00e9ant), au renouvellement automatique des abonnements (le cas \u00e9ch\u00e9ant), et au traitement des donn\u00e9es personnelles.<\/p>\n\n<p>3.4. Pour les achats comprenant des contenus num\u00e9riques non fournis sur un support mat\u00e9riel et\/ou des services num\u00e9riques \u00e0 activer imm\u00e9diatement, le contrat n\u2019est conclu que si l\u2019utilisateur donne son consentement expr\u00e8s pr\u00e9alable \u00e0 l\u2019ex\u00e9cution imm\u00e9diate et reconna\u00eet express\u00e9ment que, une fois l\u2019ex\u00e9cution commenc\u00e9e, il perd son droit de r\u00e9tractation, lorsque cette exclusion est permise par la loi applicable.<\/p>\n\n<p>3.5. Le contrat est r\u00e9put\u00e9 conclu lorsque le vendeur re\u00e7oit le formulaire de commande d\u00fbment compl\u00e9t\u00e9 par l\u2019utilisateur, apr\u00e8s avoir v\u00e9rifi\u00e9 l\u2019exactitude des donn\u00e9es qu\u2019il contient.<\/p>\n\n<p>3.6. L\u2019utilisateur est tenu de payer le prix \u00e0 partir du moment o\u00f9 la proc\u00e9dure de soumission de la commande en ligne a \u00e9t\u00e9 compl\u00e9t\u00e9e, en cliquant sur le bouton \u00ab Passer commande \u00bb (ou similaire) \u00e0 la fin du processus guid\u00e9.<\/p>\n\n<p>3.7. Une fois le contrat conclu, le vendeur traitera la commande.<\/p>\n<\/div><\/div>\n<\/section><\/div>","protected":false},"excerpt":{"rendered":"<p>Art. 1 \u2013 Dispositions g\u00e9n\u00e9rales 1.1. En naviguant dans cette section, l\u2019utilisateur acc\u00e8de \u00e0 Agricamper Italia, disponible \u00e0 l\u2019URL suivante : https:\/\/www.agricamper.com\/. La navigation sur le site et la passation d\u2019une commande impliquent l\u2019acceptation des pr\u00e9sentes Conditions G\u00e9n\u00e9rales de Vente ainsi que des politiques de protection des donn\u00e9es mentionn\u00e9es sur le site. 1.2. Les pr\u00e9sentes [&hellip;]<\/p>\n","protected":false},"author":1,"featured_media":0,"parent":0,"menu_order":0,"comment_status":"closed","ping_status":"closed","template":"","meta":{"_acf_changed":false,"_breakdance_hide_in_design_set":false,"_breakdance_tags":"","footnotes":""},"class_list":["post-865","page","type-page","status-publish","hentry"],"acf":[],"_links":{"self":[{"href":"https:\/\/www.agricamper.com\/fr\/wp-json\/wp\/v2\/pages\/865","targetHints":{"allow":["GET"]}}],"collection":[{"href":"https:\/\/www.agricamper.com\/fr\/wp-json\/wp\/v2\/pages"}],"about":[{"href":"https:\/\/www.agricamper.com\/fr\/wp-json\/wp\/v2\/types\/page"}],"author":[{"embeddable":true,"href":"https:\/\/www.agricamper.com\/fr\/wp-json\/wp\/v2\/users\/1"}],"replies":[{"embeddable":true,"href":"https:\/\/www.agricamper.com\/fr\/wp-json\/wp\/v2\/comments?post=865"}],"version-history":[{"count":5,"href":"https:\/\/www.agricamper.com\/fr\/wp-json\/wp\/v2\/pages\/865\/revisions"}],"predecessor-version":[{"id":2238,"href":"https:\/\/www.agricamper.com\/fr\/wp-json\/wp\/v2\/pages\/865\/revisions\/2238"}],"wp:attachment":[{"href":"https:\/\/www.agricamper.com\/fr\/wp-json\/wp\/v2\/media?parent=865"}],"curies":[{"name":"wp","href":"https:\/\/api.w.org\/{rel}","templated":true}]}}