{"id":858,"date":"2026-02-23T16:56:05","date_gmt":"2026-02-23T16:56:05","guid":{"rendered":"https:\/\/www.agricamper.com\/sabonner\/"},"modified":"2026-04-15T14:11:17","modified_gmt":"2026-04-15T14:11:17","slug":"adhesions-pour-etapes-a-la-ferme","status":"publish","type":"page","link":"https:\/\/www.agricamper.com\/fr\/adhesions-pour-etapes-a-la-ferme\/","title":{"rendered":"Adh\u00e9sions pour \u00e9tapes \u00e0 la ferme"},"content":{"rendered":"<div class='breakdance'><section class=\"bde-section-858-100 bde-section\">\n  \n  \n\t\n\n\n\n<div class=\"section-container\"><div class=\"bde-wooproductslist-858-101 bde-wooproductslist breakdance-woocommerce\"><div class=\"woocommerce\"><ul class=\"products\">\n<li class=\"product type-product post-1225 status-publish first instock product_cat-adesione-agricamper-italia has-post-thumbnail downloadable virtual taxable purchasable product-type-subscription\" >\n\t<a href=\"https:\/\/www.agricamper.com\/fr\/produit\/agricamper-italia-guide-detapes-en-camping-car-en-italie\/\" class=\"woocommerce-LoopProduct-link woocommerce-loop-product__link\"><div class=\"custom-area custom-area-1\"><div class='breakdance'><img decoding=\"async\" class=\"bde-image2-496-107-1225 bde-image2 bde-image2-496-107\" src=\"https:\/\/www.agricamper.com\/wp-content\/uploads\/2026\/03\/abonnement-it.jpg\" alt=\"Abonnement Agricamper\" loading=\"lazy\" srcset=\"https:\/\/www.agricamper.com\/wp-content\/uploads\/2026\/03\/abonnement-it.jpg 1600w, https:\/\/www.agricamper.com\/wp-content\/uploads\/2026\/03\/abonnement-it-600x450.jpg 600w, https:\/\/www.agricamper.com\/wp-content\/uploads\/2026\/03\/abonnement-it-300x225.jpg 300w, https:\/\/www.agricamper.com\/wp-content\/uploads\/2026\/03\/abonnement-it-1024x768.jpg 1024w, https:\/\/www.agricamper.com\/wp-content\/uploads\/2026\/03\/abonnement-it-768x576.jpg 768w, https:\/\/www.agricamper.com\/wp-content\/uploads\/2026\/03\/abonnement-it-1536x1152.jpg 1536w\" sizes=\"(max-width: 1600px) 100vw, 1600px\"><div class=\"bde-div-496-108-1225 bde-div produit-contenu bde-div-496-108\">\n  \n  \n\t\n\n\n\n<div class=\"bde-div-496-106-1225 bde-div bde-div-496-106\">\n  \n  \n\t\n\n\n\n<h2 class=\"bde-heading-496-104-1225 bde-heading bde-heading-496-104\">\nAgricamper Italia \u2013 Guide d\u2019\u00e9tapes en camping-car en Italie\n<\/h2><div class=\"bde-text-496-105-1225 bde-text bde-text-496-105\">\n<span class=\"woocommerce-Price-amount amount\"><bdi>39,90&nbsp;<span class=\"woocommerce-Price-currencySymbol\">&euro;<\/span><\/bdi><\/span> <span class=\"subscription-details\"> \/ ann\u00e9e<\/span>\n<\/div><div class=\"bde-rich-text-496-102-1225 bde-rich-text bde-rich-text-496-102 breakdance-rich-text-styles\">\n<ul>\r\n \t<li>\u00c9tapes gratuites de 24 heures en illimit\u00e9 dans des fermes partout en Italie<\/li>\r\n \t<li>Acc\u00e8s 12 mois au guide num\u00e9rique des \u00e9tapes et \u00e0 l\u2019application mobile<\/li>\r\n \t<li>R\u00e9serv\u00e9 aux camping\u2011cars, fourgons am\u00e9nag\u00e9s et caravanes enti\u00e8rement autonomes<\/li>\r\n<\/ul>\n<\/div>\n<\/div>\n<\/div><\/div><\/div><\/a><div class=\"bde-woo-product-footer\"><\/div><span class=\"gtm4wp_productdata\" style=\"display:none; visibility:hidden;\" data-gtm4wp_product_data=\"{&quot;internal_id&quot;:1225,&quot;item_id&quot;:1225,&quot;item_name&quot;:&quot;Agricamper Italia \\u2013 Guide d\\u2019\\u00e9tapes en camping-car en Italie&quot;,&quot;sku&quot;:1225,&quot;price&quot;:39.9,&quot;stocklevel&quot;:null,&quot;stockstatus&quot;:&quot;instock&quot;,&quot;google_business_vertical&quot;:&quot;retail&quot;,&quot;item_category&quot;:&quot;Adesione Agricamper Italia&quot;,&quot;id&quot;:1225,&quot;productlink&quot;:&quot;https:\\\/\\\/www.agricamper.com\\\/fr\\\/produit\\\/agricamper-italia-guide-detapes-en-camping-car-en-italie\\\/&quot;,&quot;item_list_name&quot;:&quot;Liste g\\u00e9n\\u00e9rale des produits&quot;,&quot;index&quot;:1,&quot;product_type&quot;:&quot;subscription&quot;,&quot;item_brand&quot;:&quot;&quot;}\"><\/span><\/li>\n<li class=\"product type-product post-1214 status-publish instock product_cat-carte-regalo-agricamper-italia has-post-thumbnail sale taxable shipping-taxable purchasable product-type-variable\" >\n\t<a href=\"https:\/\/www.agricamper.com\/fr\/produit\/carte-cadeau-agricamper-escales-en-camping-car-en-italie\/\" class=\"woocommerce-LoopProduct-link woocommerce-loop-product__link\"><div class=\"custom-area custom-area-1\"><div class='breakdance'><img decoding=\"async\" class=\"bde-image2-496-107-1214 bde-image2 bde-image2-496-107\" src=\"https:\/\/www.agricamper.com\/wp-content\/uploads\/2026\/04\/carte-cadeau-fr-1.jpg\" loading=\"lazy\" srcset=\"https:\/\/www.agricamper.com\/wp-content\/uploads\/2026\/04\/carte-cadeau-fr-1.jpg 1600w, https:\/\/www.agricamper.com\/wp-content\/uploads\/2026\/04\/carte-cadeau-fr-1-300x225.jpg 300w, https:\/\/www.agricamper.com\/wp-content\/uploads\/2026\/04\/carte-cadeau-fr-1-1024x768.jpg 1024w, https:\/\/www.agricamper.com\/wp-content\/uploads\/2026\/04\/carte-cadeau-fr-1-768x576.jpg 768w, https:\/\/www.agricamper.com\/wp-content\/uploads\/2026\/04\/carte-cadeau-fr-1-1536x1152.jpg 1536w, https:\/\/www.agricamper.com\/wp-content\/uploads\/2026\/04\/carte-cadeau-fr-1-600x450.jpg 600w\" sizes=\"(max-width: 1600px) 100vw, 1600px\"><div class=\"bde-div-496-108-1214 bde-div produit-contenu bde-div-496-108\">\n  \n  \n\t\n\n\n\n<div class=\"bde-div-496-106-1214 bde-div bde-div-496-106\">\n  \n  \n\t\n\n\n\n<h2 class=\"bde-heading-496-104-1214 bde-heading bde-heading-496-104\">\nCarte cadeau Agricamper \u2013 Escales en camping-car en Italie\n<\/h2><div class=\"bde-text-496-105-1214 bde-text bde-text-496-105\">\n<span class=\"woocommerce-Price-amount amount\" aria-hidden=\"true\"><bdi>39,90&nbsp;<span class=\"woocommerce-Price-currencySymbol\">&euro;<\/span><\/bdi><\/span> <span aria-hidden=\"true\">\u00a0\u2013\u00a0<\/span> <span class=\"woocommerce-Price-amount amount\" aria-hidden=\"true\"><bdi>99,90&nbsp;<span class=\"woocommerce-Price-currencySymbol\">&euro;<\/span><\/bdi><\/span><span class=\"screen-reader-text\">Plage de prix\u00a0: 39,90&nbsp;&euro; \u00e0 99,90&nbsp;&euro;<\/span>\n<\/div><div class=\"bde-rich-text-496-102-1214 bde-rich-text bde-rich-text-496-102 breakdance-rich-text-styles\">\n<ul>\r\n \t<li>Carte cadeau digitale pour une adh\u00e9sion Agricamper Italia (1, 2 ou 3 ans)<\/li>\r\n \t<li>\u00c9tapes gratuites de 24h dans des centaines de fermes et vignobles en Italie<\/li>\r\n \t<li>Valable pour camping-cars, fourgons am\u00e9nag\u00e9s et caravanes autonomes<\/li>\r\n<\/ul>\n<\/div>\n<\/div>\n<\/div><\/div><\/div><\/a><div class=\"bde-woo-product-footer\"><\/div><span class=\"gtm4wp_productdata\" style=\"display:none; visibility:hidden;\" data-gtm4wp_product_data=\"{&quot;internal_id&quot;:1214,&quot;item_id&quot;:1214,&quot;item_name&quot;:&quot;Carte cadeau Agricamper \\u2013 Escales en camping-car en Italie&quot;,&quot;sku&quot;:1214,&quot;price&quot;:39.9,&quot;stocklevel&quot;:null,&quot;stockstatus&quot;:&quot;instock&quot;,&quot;google_business_vertical&quot;:&quot;retail&quot;,&quot;item_category&quot;:&quot;Carte regalo Agricamper Italia&quot;,&quot;id&quot;:1214,&quot;productlink&quot;:&quot;https:\\\/\\\/www.agricamper.com\\\/fr\\\/produit\\\/carte-cadeau-agricamper-escales-en-camping-car-en-italie\\\/&quot;,&quot;item_list_name&quot;:&quot;Liste g\\u00e9n\\u00e9rale des produits&quot;,&quot;index&quot;:2,&quot;product_type&quot;:&quot;variable&quot;,&quot;item_brand&quot;:&quot;&quot;}\"><\/span><\/li>\n<\/ul>\n<\/div>\r\n<\/div><\/div>\n<\/section><section class=\"bde-section-858-102 bde-section sectionPhoto\">\n  \n  \n\t\n\n\n\n<div class=\"section-container\"><div class=\"bde-div-858-107 bde-div\">\n  \n  \n\t\n\n\n\n<div class=\"bde-text-858-103 bde-text\">\n\u00c9tapes \u00e0 la ferme en Europe\n<\/div><div class=\"bde-text-858-104 bde-text\">\nD\u00e9couvrez le r\u00e9seau FEFI d'\u00e9tapes \u00e0 la ferme en France, Espagne, Italie, Suisse, Autriche, Allemagne, Grande\u2011Bretagne, Irlande, Danemark, Su\u00e8de et Norv\u00e8ge pour vos voyages en camping\u2011car et caravane.\n<\/div><div class=\"bde-button-858-105 bde-button\">\n    \n                                    \n    \n    \n    \n    \n            \n                    \n            \n            \n\n    \n    \n    \n    \n    \n    <a class=\"breakdance-link button-atom button-atom--primary bde-button__button\" href=\"https:\/\/www.agricamper.com\/fr\/etapes-gratuites-a-la-ferme-en-europe\/\" target=\"_self\" data-type=\"url\"  >\n\n    \n        <span class=\"button-atom__text\">D\u00e9couvrez les adh\u00e9sions FEFI<\/span>\n\n        \n        \n                <\/a>\n\n    \n\n\n<\/div>\n<\/div><img decoding=\"async\" class=\"bde-image2-858-106 bde-image2\" src=\"https:\/\/www.agricamper.com\/wp-content\/uploads\/2026\/02\/module.jpg\" alt=\"Voyager en Italie et en Europe\" loading=\"lazy\" srcset=\"https:\/\/www.agricamper.com\/wp-content\/uploads\/2026\/02\/module.jpg 2048w, https:\/\/www.agricamper.com\/wp-content\/uploads\/2026\/02\/module-300x156.jpg 300w, https:\/\/www.agricamper.com\/wp-content\/uploads\/2026\/02\/module-1024x533.jpg 1024w, https:\/\/www.agricamper.com\/wp-content\/uploads\/2026\/02\/module-768x400.jpg 768w, https:\/\/www.agricamper.com\/wp-content\/uploads\/2026\/02\/module-1536x800.jpg 1536w, https:\/\/www.agricamper.com\/wp-content\/uploads\/2026\/02\/module-18x9.jpg 18w, https:\/\/www.agricamper.com\/wp-content\/uploads\/2026\/02\/module-600x312.jpg 600w\" sizes=\"(max-width: 2048px) 100vw, 2048px\"><\/div>\n<\/section><\/div>","protected":false},"excerpt":{"rendered":"","protected":false},"author":1,"featured_media":0,"parent":0,"menu_order":0,"comment_status":"closed","ping_status":"closed","template":"","meta":{"_acf_changed":false,"_breakdance_hide_in_design_set":false,"_breakdance_tags":"","footnotes":""},"class_list":["post-858","page","type-page","status-publish","hentry"],"acf":[],"_links":{"self":[{"href":"https:\/\/www.agricamper.com\/fr\/wp-json\/wp\/v2\/pages\/858","targetHints":{"allow":["GET"]}}],"collection":[{"href":"https:\/\/www.agricamper.com\/fr\/wp-json\/wp\/v2\/pages"}],"about":[{"href":"https:\/\/www.agricamper.com\/fr\/wp-json\/wp\/v2\/types\/page"}],"author":[{"embeddable":true,"href":"https:\/\/www.agricamper.com\/fr\/wp-json\/wp\/v2\/users\/1"}],"replies":[{"embeddable":true,"href":"https:\/\/www.agricamper.com\/fr\/wp-json\/wp\/v2\/comments?post=858"}],"version-history":[{"count":11,"href":"https:\/\/www.agricamper.com\/fr\/wp-json\/wp\/v2\/pages\/858\/revisions"}],"predecessor-version":[{"id":5526,"href":"https:\/\/www.agricamper.com\/fr\/wp-json\/wp\/v2\/pages\/858\/revisions\/5526"}],"wp:attachment":[{"href":"https:\/\/www.agricamper.com\/fr\/wp-json\/wp\/v2\/media?parent=858"}],"curies":[{"name":"wp","href":"https:\/\/api.w.org\/{rel}","templated":true}]}}