{"id":755,"date":"2026-02-25T10:56:10","date_gmt":"2026-02-25T10:56:10","guid":{"rendered":"https:\/\/www.agricamper.com\/contact\/"},"modified":"2026-04-23T08:04:45","modified_gmt":"2026-04-23T08:04:45","slug":"contact","status":"publish","type":"page","link":"https:\/\/www.agricamper.com\/fr\/contact\/","title":{"rendered":"Contact"},"content":{"rendered":"<div class='breakdance'><section class=\"bde-section-755-112 bde-section bde-preset-880dfed4-3873-4d47-944e-9165c4d43470\">\n  \n  \n\t\n\n\n\n<div class=\"section-container\"><div class=\"bde-rich-text-755-116 bde-rich-text breakdance-rich-text-styles\">\n<p>Nous sommes l\u00e0 pour vous aider de la mani\u00e8re la plus simple et la plus rapide possible. Pour vous faire gagner du temps et \u00e9viter des \u00e9changes inutiles, nous vous invitons \u00e0 suivre les \u00e9tapes ci-dessous dans cet ordre.<\/p><h2>1. FAQ : des r\u00e9ponses m\u00eame aux questions auxquelles vous n\u2019aviez pas encore pens\u00e9<\/h2><p>Sur la page <a href=\"https:\/\/www.agricamper.com\/fr\/faq\/\">Questions fr\u00e9quentes (FAQ)<\/a>, vous trouverez des informations claires et \u00e0 jour sur Agricamper Italia. C\u2019est aussi un excellent point de d\u00e9part pour pr\u00e9parer votre voyage, avec des r\u00e9ponses \u00e0 de nombreuses questions qui n\u2019apparaissent souvent qu\u2019une fois d\u00e9j\u00e0 sur la route.<\/p><h2>2. Chatbot : r\u00e9ponse imm\u00e9diate, 24h\/24<\/h2><p>Sur chaque page du site, vous trouverez la bulle du chatbot en bas \u00e0 droite. Vous pouvez l\u2019utiliser \u00e0 tout moment pour obtenir une r\u00e9ponse imm\u00e9diate \u00e0 la plupart des questions pratiques sur Agricamper Italia, en particulier pour les questions avant achat et pour mieux comprendre le fonctionnement du service.<\/p><h2>3. Assistance par email : pour votre compte Agricamper<\/h2><p>Pour toute question concernant votre compte, votre adh\u00e9sion ou le paiement de votre abonnement, notre \u00e9quipe sera ravie de vous aider. Le formulaire de contact ci-dessous est la meilleure fa\u00e7on de nous expliquer votre situation, afin que nous puissions v\u00e9rifier vos informations et vous envoyer une r\u00e9ponse adapt\u00e9e.<\/p><p>Merci d\u2019utiliser la m\u00eame adresse email que celle associ\u00e9e \u00e0 votre compte Agricamper, afin que nous puissions retrouver plus facilement vos informations.<\/p><p>Nous r\u00e9pondons g\u00e9n\u00e9ralement aux demandes envoy\u00e9es via le formulaire de contact dans un d\u00e9lai de 24 heures ouvr\u00e9es.<\/p><p>\u00a0<\/p>\n<\/div><div class=\"bde-form-builder-755-115 bde-form-builder bde-preset-a0754477-4f3e-4c0c-a1d6-71eaa6bea378\">\n\n<form id=\"contact-form115\" class=\"breakdance-form breakdance-form--vertical\" data-options=\"{&quot;slug&quot;:&quot;custom&quot;,&quot;name&quot;:&quot;Contact Form&quot;,&quot;ajaxUrl&quot;:&quot;https:\\\/\\\/www.agricamper.com\\\/wp-admin\\\/admin-ajax.php&quot;,&quot;clearOnSuccess&quot;:true,&quot;hideOnSuccess&quot;:true,&quot;successMessage&quot;:&quot;Votre message a \\u00e9t\\u00e9 envoy\\u00e9 avec succ\\u00e8s&quot;,&quot;errorMessage&quot;:&quot;Une erreur s\\u2019est produite&quot;,&quot;redirect&quot;:false,&quot;redirectUrl&quot;:&quot;&quot;,&quot;customJavaScript&quot;:&quot;&quot;,&quot;recaptcha&quot;:{&quot;key&quot;:&quot;&quot;,&quot;enabled&quot;:false},&quot;honeypot_enabled&quot;:false,&quot;popupsOnSuccess&quot;:[],&quot;popupsOnError&quot;:[]}\" data-steps=\"0\" >\n  \n  \n  \n<div class=\"breakdance-form-field breakdance-form-field--select\" >\n    \n    \n            <label class=\"breakdance-form-field__label\" for=\"vousetes\">\n            Vous \u00eates<span class=\"breakdance-form-field__required\">*<\/span>\n        <\/label>\n    \n    <select\n    class=\"breakdance-form-field__input\"\n    id=\"vousetes\"\n    name=\"fields[vousetes]\"\n    required\n    \n        >\n      <option value=\"\">...<\/option>\n          <option value=\"Un camping-cariste\" >Un camping-cariste<\/option>\n        <option value=\"Une ferme accueillante\" >Une ferme accueillante<\/option>\n        <option value=\"Autre\" >Autre<\/option>\n  <\/select>\n\n\n    \n    \n<\/div>\n\n\n<div class=\"breakdance-form-field breakdance-form-field--text\" >\n    \n    \n            <label class=\"breakdance-form-field__label\" for=\"prenom\">\n            Pr\u00e9nom<span class=\"breakdance-form-field__required\">*<\/span>\n        <\/label>\n    \n    <input\n    class=\"breakdance-form-field__input\"\n    id=\"prenom\"\n    aria-describedby=\"prenom\"\n    type=\"text\"\n    name=\"fields[prenom]\"\n    placeholder=\"Intitul\u00e9\"\n    value=\"\"\n                \n        \n        \n    required\n    \n    \n    \n>\n\n\n    \n    \n<\/div>\n\n\n<div class=\"breakdance-form-field breakdance-form-field--text\" >\n    \n    \n            <label class=\"breakdance-form-field__label\" for=\"nom\">\n            Nom<span class=\"breakdance-form-field__required\">*<\/span>\n        <\/label>\n    \n    <input\n    class=\"breakdance-form-field__input\"\n    id=\"nom\"\n    aria-describedby=\"nom\"\n    type=\"text\"\n    name=\"fields[nom]\"\n    placeholder=\"Intitul\u00e9\"\n    value=\"\"\n                \n        \n        \n    required\n    \n    \n    \n>\n\n\n    \n    \n<\/div>\n\n\n<div class=\"breakdance-form-field breakdance-form-field--email\" >\n    \n    \n            <label class=\"breakdance-form-field__label\" for=\"email\">\n            Email<span class=\"breakdance-form-field__required\">*<\/span>\n        <\/label>\n    \n    <input\n    class=\"breakdance-form-field__input\"\n    id=\"email\"\n    aria-describedby=\"email\"\n    type=\"email\"\n    name=\"fields[email]\"\n    placeholder=\"Intitul\u00e9\"\n    value=\"\"\n                \n        \n        \n    required\n    \n    \n    \n>\n\n\n    \n    \n<\/div>\n\n\n<div class=\"breakdance-form-field breakdance-form-field--tel\" >\n    \n    \n            <label class=\"breakdance-form-field__label\" for=\"cefeyj\">\n            T\u00e9l\u00e9phone\n        <\/label>\n    \n    <input\n    class=\"breakdance-form-field__input\"\n    id=\"cefeyj\"\n    aria-describedby=\"cefeyj\"\n    type=\"tel\"\n    name=\"fields[cefeyj]\"\n    placeholder=\"\"\n    value=\"\"\n                \n        \n        \n    \n    \n    \n    \n>\n\n\n    \n    \n<\/div>\n\n\n<div class=\"breakdance-form-field breakdance-form-field--textarea\" >\n    \n    \n            <label class=\"breakdance-form-field__label\" for=\"message\">\n            Message<span class=\"breakdance-form-field__required\">*<\/span>\n        <\/label>\n    \n    <textarea\n    class=\"breakdance-form-field__input\"\n    id=\"message\"\n    aria-describedby=\"message\"\n    type=\"textarea\"\n    name=\"fields[message]\"\n        rows=\"5\"\n        placeholder=\"Intitul\u00e9\"\n    required\n    >\n<\/textarea>\n\n\n    \n    \n<\/div>\n\n\n<div class=\"breakdance-form-field breakdance-form-field--checkbox\" >\n    \n    \n    \n    <fieldset role=\"group\"\n    aria-label=\"Consentement RGPD\"\n    >\n       <legend class=\"breakdance-form-field__label\">Consentement RGPD<span class=\"breakdance-form-field__required\">*<\/span><\/legend>\n          <div class=\"breakdance-form-checkbox\">\n          <input\n              type=\"checkbox\"\n              name=\"fields[rgpd]\"\n              value=\"Nous utilisons vos donn\u00e9es uniquement pour r\u00e9pondre \u00e0 votre demande.\"\n              id=\"rgpd-1\"\n              \n                        >\n          <label class=\"breakdance-form-checkbox__text\" for=\"rgpd-1\">Nous utilisons vos donn\u00e9es uniquement pour r\u00e9pondre \u00e0 votre demande.<\/label>\n      <\/div>\n  <\/fieldset>\n\n\n\n    \n    \n<\/div>\n\n\n  \n\n<div class=\"breakdance-form-field breakdance-form-footer\">\n    \n    \n                                    \n    \n    \n    \n    \n            \n            <button type=\"submit\" class=\"button-atom button-atom--primary breakdance-form-button breakdance-form-button__submit\"  >\n    \n        <span class=\"button-atom__text\">Envoyer<\/span>\n\n        \n        \n            <\/button>\n    \n    <input type=\"hidden\" name=\"form_id\" value=\"115\">\n    <input type=\"hidden\" name=\"post_id\" value=\"755\">\n<\/div>\n\n  \n<\/form>\n\n\n<\/div><div class=\"bde-rich-text-755-117 bde-rich-text breakdance-rich-text-styles\">\n<h2>Restez en contact avec Agricamper<\/h2>\n<p>Pour suivre l\u2019actualit\u00e9 du r\u00e9seau, trouver des id\u00e9es de voyages en camping-car et recevoir des nouvelles de l\u2019application et des fermes accueillantes, vous pouvez aussi nous suivre ici :<\/p>\n<ul>\n<li><a href=\"https:\/\/www.facebook.com\/agricamper\/\" target=\"_blank\" rel=\"noopener noreferrer\">Facebook<\/a><\/li>\n<li><a href=\"https:\/\/www.instagram.com\/agricamper\/\" target=\"_blank\" rel=\"noopener noreferrer\">Instagram<\/a><\/li>\n<li><a href=\"https:\/\/it.linkedin.com\/company\/agricamper\" target=\"_blank\" rel=\"noopener noreferrer\">LinkedIn<\/a><\/li>\n<li><a href=\"https:\/\/www.youtube.com\/@agricamper-italia\" target=\"_blank\" rel=\"noopener noreferrer\">YouTube<\/a><\/li>\n<\/ul>\n<p>Pour recevoir en avant-premi\u00e8re des conseils de voyage et des offres sp\u00e9ciales, <a onclick=\"document.querySelector('#popup-newsletter-brevo button').click(); return false;\" href=\"#\">abonnez-vous \u00e0 la newsletter<\/a>.<\/p>\n<\/div><\/div>\n<\/section><\/div>","protected":false},"excerpt":{"rendered":"<p>Nous sommes l\u00e0 pour vous aider de la mani\u00e8re la plus simple et la plus rapide possible. Pour vous faire gagner du temps et \u00e9viter des \u00e9changes inutiles, nous vous invitons \u00e0 suivre les \u00e9tapes ci-dessous dans cet ordre.1. FAQ : des r\u00e9ponses m\u00eame aux questions auxquelles vous n\u2019aviez pas encore pens\u00e9Sur la page Questions [&hellip;]<\/p>\n","protected":false},"author":1,"featured_media":0,"parent":0,"menu_order":0,"comment_status":"closed","ping_status":"closed","template":"","meta":{"_acf_changed":false,"_breakdance_hide_in_design_set":false,"_breakdance_tags":"","footnotes":""},"class_list":["post-755","page","type-page","status-publish","hentry"],"acf":[],"_links":{"self":[{"href":"https:\/\/www.agricamper.com\/fr\/wp-json\/wp\/v2\/pages\/755","targetHints":{"allow":["GET"]}}],"collection":[{"href":"https:\/\/www.agricamper.com\/fr\/wp-json\/wp\/v2\/pages"}],"about":[{"href":"https:\/\/www.agricamper.com\/fr\/wp-json\/wp\/v2\/types\/page"}],"author":[{"embeddable":true,"href":"https:\/\/www.agricamper.com\/fr\/wp-json\/wp\/v2\/users\/1"}],"replies":[{"embeddable":true,"href":"https:\/\/www.agricamper.com\/fr\/wp-json\/wp\/v2\/comments?post=755"}],"version-history":[{"count":15,"href":"https:\/\/www.agricamper.com\/fr\/wp-json\/wp\/v2\/pages\/755\/revisions"}],"predecessor-version":[{"id":133056,"href":"https:\/\/www.agricamper.com\/fr\/wp-json\/wp\/v2\/pages\/755\/revisions\/133056"}],"wp:attachment":[{"href":"https:\/\/www.agricamper.com\/fr\/wp-json\/wp\/v2\/media?parent=755"}],"curies":[{"name":"wp","href":"https:\/\/api.w.org\/{rel}","templated":true}]}}