{"id":3473,"date":"2021-02-02T14:16:08","date_gmt":"2021-02-02T13:16:08","guid":{"rendered":"http:\/\/agricamper.web02.ipgarde.net\/?page_id=3473"},"modified":"2024-01-24T15:50:48","modified_gmt":"2024-01-24T14:50:48","slug":"reseaux-etrangers","status":"publish","type":"page","link":"https:\/\/www.agricamper.com\/fr\/reseaux-etrangers\/","title":{"rendered":"R\u00e9seaux homologues \u00e9trangers"},"content":{"rendered":"\n<h2 class=\"wp-block-heading\">Les r\u00e9seaux similaires \u00e0 Agricamper dans d\u2019autres pays<\/h2>\n\n\n\n<p>La\u00a0<a href=\"https:\/\/www.fefi.eu\/\" target=\"_blank\" rel=\"noreferrer noopener\">F\u00e9d\u00e9ration Europ\u00e9enne de la Formule Invitations<\/a>\u00a0(FEFI) associe 10 r\u00e9seaux europ\u00e9ens qui d\u00e9veloppent la\u00a0<em>Formule Invitations<\/em>\u00a0de France Passion dans leurs pays respectifs. A l\u2019origine du concept en 1993, France Passion offre la mani\u00e8re la plus authentique de visiter un pays en camping-car. France Passion a d\u00e9cid\u00e9 de f\u00e9d\u00e9rer les r\u00e9seaux similaires europ\u00e9ens afin d\u2019\u00e9changer sur les exp\u00e9riences respectives et de travailler en partenariat avec les confr\u00e8res de\u00a0<a href=\"https:\/\/www.france-passion.com\/\" target=\"_blank\" rel=\"noreferrer noopener\">France<\/a>,\u00a0<a href=\"https:\/\/landvergnuegen.com\/\" target=\"_blank\" rel=\"noreferrer noopener\">Allemagne<\/a>,\u00a0<a href=\"https:\/\/www.britstops.com\/\" target=\"_blank\" rel=\"noreferrer noopener\">Grande-Bretagne &amp; Irlande<\/a>,\u00a0<a href=\"https:\/\/espana-discovery.es\/\" target=\"_blank\" rel=\"noreferrer noopener\">Espagne<\/a>,\u00a0<a href=\"https:\/\/swissterroir.ch\/\" target=\"_blank\" rel=\"noreferrer noopener\">Suisse<\/a>,\u00a0<a href=\"https:\/\/pintrip.eu\/\" target=\"_blank\" rel=\"noreferrer noopener\">Danemark<\/a>,\u00a0<a href=\"https:\/\/www.swedestops.se\/\" target=\"_blank\" rel=\"noreferrer noopener\">Su\u00e8de<\/a>,\u00a0<a href=\"https:\/\/www.bauernleben.at\/\" target=\"_blank\" rel=\"noreferrer noopener\">Autriche<\/a>,\u00a0<a href=\"https:\/\/www.nortrip.no\/\" target=\"_blank\" rel=\"noreferrer noopener\">Norv\u00e8ge<\/a>\u00a0et d\u2019<a href=\"https:\/\/www.agricamper-italia.com\/fr\/categorie-produit\/adesion\/\" title=\"\">Italie<\/a>. D\u00e9couvrez tous les membres en d\u00e9tail sur le site de la FEFI !<\/p>\n\n\n\n<div class=\"wp-block-buttons is-content-justification-center is-layout-flex wp-container-core-buttons-is-layout-a89b3969 wp-block-buttons-is-layout-flex\">\n<div class=\"wp-block-button\"><a class=\"wp-block-button__link wp-element-button\" href=\"https:\/\/www.agricamper-italia.com\/fr\/categorie-produit\/guide-cartacee-turistiche-camper-roulotte-fr\/\">Achetez les guides FEFI<\/a><\/div>\n<\/div>\n\n\n\n<div class=\"wp-block-columns is-layout-flex wp-container-core-columns-is-layout-28f84493 wp-block-columns-is-layout-flex\">\n<div class=\"wp-block-column is-layout-flow wp-block-column-is-layout-flow\" style=\"flex-basis:33.33%\">\n<figure class=\"wp-block-image size-full\"><img loading=\"lazy\" decoding=\"async\" width=\"367\" height=\"367\" src=\"https:\/\/www.agricamper.com\/wp-content\/uploads\/2023\/01\/LogoBlack_4x_deb2d15f-4e1e-4278-bbc5-e0351c2d4435.png\" alt=\"\" class=\"wp-image-19636\" srcset=\"https:\/\/www.agricamper.com\/wp-content\/uploads\/2023\/01\/LogoBlack_4x_deb2d15f-4e1e-4278-bbc5-e0351c2d4435.png 367w, https:\/\/www.agricamper.com\/wp-content\/uploads\/2023\/01\/LogoBlack_4x_deb2d15f-4e1e-4278-bbc5-e0351c2d4435-324x324.png 324w, https:\/\/www.agricamper.com\/wp-content\/uploads\/2023\/01\/LogoBlack_4x_deb2d15f-4e1e-4278-bbc5-e0351c2d4435-100x100.png 100w, https:\/\/www.agricamper.com\/wp-content\/uploads\/2023\/01\/LogoBlack_4x_deb2d15f-4e1e-4278-bbc5-e0351c2d4435-300x300.png 300w, https:\/\/www.agricamper.com\/wp-content\/uploads\/2023\/01\/LogoBlack_4x_deb2d15f-4e1e-4278-bbc5-e0351c2d4435-150x150.png 150w, https:\/\/www.agricamper.com\/wp-content\/uploads\/2023\/01\/LogoBlack_4x_deb2d15f-4e1e-4278-bbc5-e0351c2d4435-360x360.png 360w\" sizes=\"auto, (max-width: 367px) 100vw, 367px\" \/><\/figure>\n<\/div>\n\n\n\n<div class=\"wp-block-column is-layout-flow wp-block-column-is-layout-flow\" style=\"flex-basis:66.66%\">\n<p><strong>Qu\u2019est-ce que la&nbsp;<em>Formule Invitations<\/em>&nbsp;?<br><\/strong>Des viticulteurs, producteurs fermiers et artisans invitent les camping-caristes, \u00e0 titre priv\u00e9, \u00e0 faire \u00e9tape pour une nuit dans leurs propri\u00e9t\u00e9s.<br>Chaque producteur s\u2019engage pour une ann\u00e9e \u00e0 accueillir gratuitement les camping-caristes adh\u00e9rents, d\u00e9tenteurs d\u2019une carte d\u2019invit\u00e9 et en possession du Guide des \u00c9tapes et de la vignette de l\u2019ann\u00e9e en cours.<br>La Formule permet des rencontres authentiques entre camping-caristes et producteurs, qui leur font ainsi d\u00e9couvrir leurs terroirs et leurs produits.<\/p>\n\n\n\n<p><strong>Quels sont les buts de la FEFI ?<br><\/strong>La FEFI a pour principal objectif de faciliter les voyages et s\u00e9jours des camping-caristes en Europe. \u00c0 travers les r\u00e9seaux de la FEFI, les camping-caristes profiteront de la&nbsp;<em>Formule Invitations<\/em>&nbsp;imagin\u00e9e par France Passion pour d\u00e9couvrir l\u2019hospitalit\u00e9 et la richesse des terroirs europ\u00e9ens.<\/p>\n<\/div>\n<\/div>\n\n\n\n<div class=\"wp-block-buttons is-content-justification-center is-layout-flex wp-container-core-buttons-is-layout-a89b3969 wp-block-buttons-is-layout-flex\">\n<div class=\"wp-block-button\"><a class=\"wp-block-button__link wp-element-button\" href=\"https:\/\/www.fefi.eu\/\" target=\"_blank\" rel=\"noreferrer noopener\">Site Internet de la FEFI<\/a><\/div>\n<\/div>\n","protected":false},"excerpt":{"rendered":"<p>Les r\u00e9seaux similaires \u00e0 Agricamper dans d\u2019autres pays La\u00a0F\u00e9d\u00e9ration Europ\u00e9enne de la Formule Invitations\u00a0(FEFI) associe 10 r\u00e9seaux europ\u00e9ens qui d\u00e9veloppent la\u00a0Formule Invitations\u00a0de France Passion dans leurs pays respectifs. A l\u2019origine du concept en 1993, France Passion offre la mani\u00e8re la plus authentique de visiter un pays en camping-car. France Passion a d\u00e9cid\u00e9 de f\u00e9d\u00e9rer les [&hellip;]<\/p>\n","protected":false},"author":1,"featured_media":51495,"parent":0,"menu_order":0,"comment_status":"closed","ping_status":"closed","template":"","meta":{"footnotes":""},"class_list":["post-3473","page","type-page","status-publish","has-post-thumbnail","hentry"],"aioseo_notices":[],"_links":{"self":[{"href":"https:\/\/www.agricamper.com\/fr\/wp-json\/wp\/v2\/pages\/3473","targetHints":{"allow":["GET"]}}],"collection":[{"href":"https:\/\/www.agricamper.com\/fr\/wp-json\/wp\/v2\/pages"}],"about":[{"href":"https:\/\/www.agricamper.com\/fr\/wp-json\/wp\/v2\/types\/page"}],"author":[{"embeddable":true,"href":"https:\/\/www.agricamper.com\/fr\/wp-json\/wp\/v2\/users\/1"}],"replies":[{"embeddable":true,"href":"https:\/\/www.agricamper.com\/fr\/wp-json\/wp\/v2\/comments?post=3473"}],"version-history":[{"count":29,"href":"https:\/\/www.agricamper.com\/fr\/wp-json\/wp\/v2\/pages\/3473\/revisions"}],"predecessor-version":[{"id":37191,"href":"https:\/\/www.agricamper.com\/fr\/wp-json\/wp\/v2\/pages\/3473\/revisions\/37191"}],"wp:featuredmedia":[{"embeddable":true,"href":"https:\/\/www.agricamper.com\/fr\/wp-json\/wp\/v2\/media\/51495"}],"wp:attachment":[{"href":"https:\/\/www.agricamper.com\/fr\/wp-json\/wp\/v2\/media?parent=3473"}],"curies":[{"name":"wp","href":"https:\/\/api.w.org\/{rel}","templated":true}]}}