{"id":1901,"date":"2026-02-23T16:55:48","date_gmt":"2026-02-23T16:55:48","guid":{"rendered":"https:\/\/www.agricamper.com\/try-the-agricamper-app\/"},"modified":"2026-04-17T07:17:14","modified_gmt":"2026-04-17T07:17:14","slug":"tester-lappli","status":"publish","type":"page","link":"https:\/\/www.agricamper.com\/fr\/tester-lappli\/","title":{"rendered":"Tester l\u2019appli"},"content":{"rendered":"<div class='breakdance'><section class=\"bde-section-1901-102 bde-section\">\n  \n  \n\t\n\n\n\n<div class=\"section-container\"><div class=\"bde-rich-text-1901-103 bde-rich-text breakdance-rich-text-styles\">\n<p>Avant de rejoindre Agricamper, tu peux tester gratuitement la version d\u00e9mo de l\u2019application Agricamper Italia. Tu verras comment elle fonctionne et tu d\u00e9couvriras ses principales fonctionnalit\u00e9s pour les voyages en camping-car, fourgon am\u00e9nag\u00e9 et caravane en Italie, sans aucun engagement.<\/p><h2>Toutes les fonctionnalit\u00e9s de l\u2019appli<\/h2><ul><li><strong>Carte interactive :<\/strong> explore l\u2019Italie et choisis tes accueillants en fonction de la localisation<\/li><li><strong>G\u00e9olocalisation :<\/strong> affiche rapidement les accueillants \u00e0 proximit\u00e9<\/li><li><strong>Filtres avanc\u00e9s :<\/strong> filtre par r\u00e9gion, activit\u00e9s, produits, services, longueur du v\u00e9hicule, options de r\u00e9servation, fermes adapt\u00e9es aux familles et aux chiens<\/li><li><strong>Infos sur les accueillants :<\/strong> consulte les informations essentielles de chaque h\u00f4te, avec photos et avis des membres pour t\u2019aider \u00e0 choisir<\/li><li><strong>Suggestions locales :<\/strong> d\u00e9couvre les lieux int\u00e9ressants autour des accueillants, comme les points de vue, sites culturels et \u00e9v\u00e9nements gourmands<\/li><li><strong>Favoris :<\/strong> organise ton road trip jour apr\u00e8s jour<\/li><li><strong>R\u00e9servation et navigation :<\/strong> envoie tes demandes de r\u00e9servation en quelques clics et ouvre le trajet dans ton application de navigation habituelle<\/li><li><strong>Carte de membre digitale :<\/strong> disponible directement dans l\u2019appli<\/li><\/ul>\n<\/div><\/div>\n<\/section><section class=\"bde-section-1901-122 bde-section\">\n  \n  \n\t\n\n\n\n<div class=\"section-container\"><div class=\"bde-columns-1901-123 bde-columns\"><div class=\"bde-column-1901-124 bde-column\">\n  \n  \n\t\n\n\n\n<div class=\"bde-div-1901-125 bde-div\">\n  \n  \n\t\n\n\n\n<h2 class=\"bde-heading-1901-126 bde-heading\">\nD\u00e9couvrez <br>notre appli\n<\/h2><div class=\"bde-text-1901-127 bde-text\">\nCarte interactive, fiches d\u00e9taill\u00e9es des \u00e9tapes, bons plans locaux, r\u00e9servation facile et aires de vidange gratuites : tout est inclus dans votre adh\u00e9sion Agricamper.<br><br>Testez les principales fonctionnalit\u00e9s avec la version d\u00e9mo avant d\u2019adh\u00e9rer.\n<\/div>\n<\/div><div class=\"bde-button-1901-141 bde-button\">\n    \n                        \n                        \n    \n    \n    \n    \n            \n                    \n            \n            \n\n    \n    \n    \n    \n    \n    <a class=\"breakdance-link button-atom button-atom--primary bde-button__button\" href=\"https:\/\/apps.apple.com\/fr\/app\/agricamper-italia\/id1519397130\" target=\"_blank\" data-type=\"url\"  >\n\n    \n        <span class=\"button-atom__text\">Google Play<\/span>\n\n        \n        \n                <\/a>\n\n    \n\n\n<\/div><div class=\"bde-button-1901-140 bde-button\">\n    \n                        \n                        \n    \n    \n    \n    \n            \n                    \n            \n            \n\n    \n    \n    \n    \n    \n    <a class=\"breakdance-link button-atom button-atom--primary bde-button__button\" href=\"https:\/\/apps.apple.com\/fr\/app\/agricamper-italia\/id1519397130\" target=\"_blank\" data-type=\"url\"  >\n\n    \n        <span class=\"button-atom__text\">App Store<\/span>\n\n        \n        \n                <\/a>\n\n    \n\n\n<\/div>\n<\/div><div class=\"bde-column-1901-131 bde-column\">\n  \n  \n\t\n\n\n\n\n<\/div><div class=\"bde-column-1901-132 bde-column\">\n  \n  \n\t\n\n\n\n<div class=\"bde-advancedslider-1901-133 bde-advancedslider\">\n<div class=\"breakdance-swiper-wrapper\" data-swiper-id=\"133\">\n  <div class=\"swiper\">\n    <div class=\"swiper-wrapper\">\n      <div class=\"bde-advancedslide-1901-134 bde-advancedslide swiper-slide\"><div class=\"advanced-slider__slide\">\r\n  <img decoding=\"async\" class=\"bde-image2-1901-135 bde-image2\" src=\"https:\/\/www.agricamper.com\/wp-content\/uploads\/2026\/04\/host-fr.png\" alt=\"host-fr\" loading=\"lazy\" srcset=\"https:\/\/www.agricamper.com\/wp-content\/uploads\/2026\/04\/host-fr.png 468w, https:\/\/www.agricamper.com\/wp-content\/uploads\/2026\/04\/host-fr-259x300.png 259w\" sizes=\"(max-width: 468px) 100vw, 468px\">\r\n<\/div><\/div><div class=\"bde-advancedslide-1901-136 bde-advancedslide swiper-slide\"><div class=\"advanced-slider__slide\">\r\n  <img decoding=\"async\" class=\"bde-image2-1901-137 bde-image2\" src=\"https:\/\/www.agricamper.com\/wp-content\/uploads\/2026\/04\/mappa.png\" alt=\"mappa\" loading=\"lazy\" srcset=\"https:\/\/www.agricamper.com\/wp-content\/uploads\/2026\/04\/mappa.png 468w, https:\/\/www.agricamper.com\/wp-content\/uploads\/2026\/04\/mappa-259x300.png 259w\" sizes=\"(max-width: 468px) 100vw, 468px\">\r\n<\/div><\/div><div class=\"bde-advancedslide-1901-138 bde-advancedslide swiper-slide\"><div class=\"advanced-slider__slide\">\r\n  <img decoding=\"async\" class=\"bde-image2-1901-139 bde-image2\" src=\"https:\/\/www.agricamper.com\/wp-content\/uploads\/2026\/04\/prenotazione-fr.png\" alt=\"prenotazione-fr\" loading=\"lazy\" srcset=\"https:\/\/www.agricamper.com\/wp-content\/uploads\/2026\/04\/prenotazione-fr.png 468w, https:\/\/www.agricamper.com\/wp-content\/uploads\/2026\/04\/prenotazione-fr-259x300.png 259w\" sizes=\"(max-width: 468px) 100vw, 468px\">\r\n<\/div><\/div>\n    <\/div>\n  <\/div>\n\n      \n            <div class=\"swiper-pagination\"><\/div>\n    \n<\/div>\n\n<\/div>\n<\/div><\/div><\/div>\n<\/section><\/div>","protected":false},"excerpt":{"rendered":"<p>Avant de rejoindre Agricamper, tu peux tester gratuitement la version d\u00e9mo de l\u2019application Agricamper Italia. Tu verras comment elle fonctionne et tu d\u00e9couvriras ses principales fonctionnalit\u00e9s pour les voyages en camping-car, fourgon am\u00e9nag\u00e9 et caravane en Italie, sans aucun engagement.Toutes les fonctionnalit\u00e9s de l\u2019appliCarte interactive : explore l\u2019Italie et choisis tes accueillants en fonction de [&hellip;]<\/p>\n","protected":false},"author":1,"featured_media":0,"parent":0,"menu_order":0,"comment_status":"closed","ping_status":"closed","template":"","meta":{"_acf_changed":false,"_breakdance_hide_in_design_set":false,"_breakdance_tags":"","footnotes":""},"class_list":["post-1901","page","type-page","status-publish","hentry"],"acf":[],"_links":{"self":[{"href":"https:\/\/www.agricamper.com\/fr\/wp-json\/wp\/v2\/pages\/1901","targetHints":{"allow":["GET"]}}],"collection":[{"href":"https:\/\/www.agricamper.com\/fr\/wp-json\/wp\/v2\/pages"}],"about":[{"href":"https:\/\/www.agricamper.com\/fr\/wp-json\/wp\/v2\/types\/page"}],"author":[{"embeddable":true,"href":"https:\/\/www.agricamper.com\/fr\/wp-json\/wp\/v2\/users\/1"}],"replies":[{"embeddable":true,"href":"https:\/\/www.agricamper.com\/fr\/wp-json\/wp\/v2\/comments?post=1901"}],"version-history":[{"count":15,"href":"https:\/\/www.agricamper.com\/fr\/wp-json\/wp\/v2\/pages\/1901\/revisions"}],"predecessor-version":[{"id":78812,"href":"https:\/\/www.agricamper.com\/fr\/wp-json\/wp\/v2\/pages\/1901\/revisions\/78812"}],"wp:attachment":[{"href":"https:\/\/www.agricamper.com\/fr\/wp-json\/wp\/v2\/media?parent=1901"}],"curies":[{"name":"wp","href":"https:\/\/api.w.org\/{rel}","templated":true}]}}