{"id":1885,"date":"2026-03-23T14:00:13","date_gmt":"2026-03-23T14:00:13","guid":{"rendered":"https:\/\/www.agricamper.com\/how-agricamper-italia-works\/"},"modified":"2026-04-15T14:52:33","modified_gmt":"2026-04-15T14:52:33","slug":"comment-ca-marche","status":"publish","type":"page","link":"https:\/\/www.agricamper.com\/fr\/comment-ca-marche\/","title":{"rendered":"Comment \u00e7a marche"},"content":{"rendered":"<div class='breakdance'><section class=\"bde-section-1885-102 bde-section bde-preset-880dfed4-3873-4d47-944e-9165c4d43470\">\n  \n  \n\t\n\n\n\n<div class=\"section-container\"><div class=\"bde-columns-1885-103 bde-columns bde-preset-e46cef46-c7a3-4c82-9484-24796e59893b\"><div class=\"bde-column-1885-104 bde-column\" data-entrance=\"slideLeft\">\n  \n  \n\t\n\n\n\n<img decoding=\"async\" class=\"bde-image2-1885-105 bde-image2\" src=\"https:\/\/www.agricamper.com\/wp-content\/uploads\/2026\/03\/27-1.jpeg\" alt=\"Voyagez en toute s\u00e9r\u00e9nit\u00e9\" loading=\"lazy\" srcset=\"https:\/\/www.agricamper.com\/wp-content\/uploads\/2026\/03\/27-1.jpeg 1560w, https:\/\/www.agricamper.com\/wp-content\/uploads\/2026\/03\/27-1-225x300.jpeg 225w, https:\/\/www.agricamper.com\/wp-content\/uploads\/2026\/03\/27-1-768x1024.jpeg 768w, https:\/\/www.agricamper.com\/wp-content\/uploads\/2026\/03\/27-1-1152x1536.jpeg 1152w, https:\/\/www.agricamper.com\/wp-content\/uploads\/2026\/03\/27-1-1536x2048.jpeg 1536w, https:\/\/www.agricamper.com\/wp-content\/uploads\/2026\/03\/27-1-600x800.jpeg 600w\" sizes=\"(max-width: 1560px) 100vw, 1560px\">\n<\/div><div class=\"bde-column-1885-106 bde-column\" data-entrance=\"slideRight\">\n  \n  \n\t\n\n\n\n<h2 class=\"bde-heading-1885-107 bde-heading\">\nVoyagez en toute s\u00e9r\u00e9nit\u00e9\n<\/h2><div class=\"bde-rich-text-1885-108 bde-rich-text breakdance-rich-text-styles\">\n<p>Avec Agricamper Italia, voyager en camping-car, fourgon am\u00e9nag\u00e9 ou caravane autonome est simple : une seule adh\u00e9sion incluant ebook et application, et un r\u00e9seau d\u2019\u00e9tapes rurales dans toute l\u2019Italie.<\/p>\n<\/div>\n<\/div><\/div><\/div>\n<\/section><section class=\"bde-section-1885-109 bde-section bde-preset-880dfed4-3873-4d47-944e-9165c4d43470\">\n  \n  \n\t\n\n\n\n<div class=\"section-container\"><div class=\"bde-columns-1885-110 bde-columns\"><div class=\"bde-column-1885-111 bde-column bde-preset-9e84af6e-29b2-4f14-8372-1d5c2ead57cc\" data-entrance=\"slideLeft\">\n  \n  \n\t\n\n\n\n<h2 class=\"bde-heading-1885-112 bde-heading\">\nInscrivez-vous et connectez-vous\n<\/h2><div class=\"bde-rich-text-1885-113 bde-rich-text breakdance-rich-text-styles\">\n<p>Vous achetez votre adh\u00e9sion annuelle sur notre site avec votre email et un mot de passe.<br \/>Apr\u00e8s le paiement, vous recevez l\u2019ebook par email et t\u00e9l\u00e9chargez l\u2019application Agricamper Italia sur le Play Store ou l\u2019App Store pour acc\u00e9der imm\u00e9diatement aux \u00e9tapes rurales dans toute l\u2019Italie.<\/p>\n<\/div>\n<\/div><div class=\"bde-column-1885-114 bde-column\" data-entrance=\"slideRight\">\n  \n  \n\t\n\n\n\n<img decoding=\"async\" class=\"bde-image2-1885-115 bde-image2\" src=\"https:\/\/www.agricamper.com\/wp-content\/uploads\/2026\/02\/devenir-accueillant.jpg\" alt=\"Inscrivez-vous et connectez-vous\" loading=\"lazy\" srcset=\"https:\/\/www.agricamper.com\/wp-content\/uploads\/2026\/02\/devenir-accueillant.jpg 2048w, https:\/\/www.agricamper.com\/wp-content\/uploads\/2026\/02\/devenir-accueillant-600x400.jpg 600w, https:\/\/www.agricamper.com\/wp-content\/uploads\/2026\/02\/devenir-accueillant-300x200.jpg 300w, https:\/\/www.agricamper.com\/wp-content\/uploads\/2026\/02\/devenir-accueillant-1024x683.jpg 1024w, https:\/\/www.agricamper.com\/wp-content\/uploads\/2026\/02\/devenir-accueillant-768x512.jpg 768w, https:\/\/www.agricamper.com\/wp-content\/uploads\/2026\/02\/devenir-accueillant-1536x1025.jpg 1536w, https:\/\/www.agricamper.com\/wp-content\/uploads\/2026\/02\/devenir-accueillant-18x12.jpg 18w\" sizes=\"(max-width: 2048px) 100vw, 2048px\">\n<\/div><\/div><\/div>\n<\/section><section class=\"bde-section-1885-116 bde-section bde-preset-880dfed4-3873-4d47-944e-9165c4d43470\">\n  \n  \n\t\n\n\n\n<div class=\"section-container\"><div class=\"bde-columns-1885-117 bde-columns bde-preset-e46cef46-c7a3-4c82-9484-24796e59893b\"><div class=\"bde-column-1885-118 bde-column\" data-entrance=\"slideLeft\">\n  \n  \n\t\n\n\n\n<img decoding=\"async\" class=\"bde-image2-1885-119 bde-image2\" src=\"https:\/\/www.agricamper.com\/wp-content\/uploads\/2026\/04\/agricamper-camper-caravan-05.jpg\" alt=\"Choisissez votre prochaine \u00e9tape\" loading=\"lazy\" srcset=\"https:\/\/www.agricamper.com\/wp-content\/uploads\/2026\/04\/agricamper-camper-caravan-05.jpg 1423w, https:\/\/www.agricamper.com\/wp-content\/uploads\/2026\/04\/agricamper-camper-caravan-05-300x169.jpg 300w, https:\/\/www.agricamper.com\/wp-content\/uploads\/2026\/04\/agricamper-camper-caravan-05-1024x576.jpg 1024w, https:\/\/www.agricamper.com\/wp-content\/uploads\/2026\/04\/agricamper-camper-caravan-05-768x432.jpg 768w, https:\/\/www.agricamper.com\/wp-content\/uploads\/2026\/04\/agricamper-camper-caravan-05-600x337.jpg 600w\" sizes=\"(max-width: 1423px) 100vw, 1423px\">\n<\/div><div class=\"bde-column-1885-120 bde-column\" data-entrance=\"slideRight\">\n  \n  \n\t\n\n\n\n<h2 class=\"bde-heading-1885-121 bde-heading\">\nChoisissez votre prochaine \u00e9tape\n<\/h2><div class=\"bde-rich-text-1885-122 bde-rich-text breakdance-rich-text-styles\">\nDans l\u2019application, vous d\u00e9couvrez des fermes, vignobles et propri\u00e9t\u00e9s rurales dans toute l\u2019Italie.\nVous consultez les profils des accueillants, utilisez les filtres et avis, regardez les photos et informations pratiques, et s\u00e9lectionnez les \u00e9tapes adapt\u00e9es \u00e0 votre itin\u00e9raire.\n<\/div>\n<\/div><\/div><\/div>\n<\/section><section class=\"bde-section-1885-123 bde-section bde-preset-880dfed4-3873-4d47-944e-9165c4d43470\">\n  \n  \n\t\n\n\n\n<div class=\"section-container\"><div class=\"bde-columns-1885-124 bde-columns\"><div class=\"bde-column-1885-125 bde-column bde-preset-9e84af6e-29b2-4f14-8372-1d5c2ead57cc\" data-entrance=\"slideLeft\">\n  \n  \n\t\n\n\n\n<h2 class=\"bde-heading-1885-126 bde-heading\">\nEnvoyez votre demande et attendez la confirmation\n<\/h2><div class=\"bde-rich-text-1885-127 bde-rich-text breakdance-rich-text-styles\">\n<p>Lorsque vous trouvez l\u2019\u00e9tape id\u00e9ale, vous envoyez une demande de r\u00e9servation directement via l\u2019application. Vous attendez ensuite la confirmation pour \u00eatre s\u00fbr d\u2019\u00eatre accueilli \u00e0 votre arriv\u00e9e.<\/p>\n<\/div>\n<\/div><div class=\"bde-column-1885-128 bde-column\" data-entrance=\"slideRight\">\n  \n  \n\t\n\n\n\n<img decoding=\"async\" class=\"bde-image2-1885-129 bde-image2\" src=\"https:\/\/www.agricamper.com\/wp-content\/uploads\/2026\/04\/agricamper-camper-caravan-02-1.webp\" alt=\"Envoyez votre demande et attendez la confirmation\" loading=\"lazy\" srcset=\"https:\/\/www.agricamper.com\/wp-content\/uploads\/2026\/04\/agricamper-camper-caravan-02-1.webp 400w, https:\/\/www.agricamper.com\/wp-content\/uploads\/2026\/04\/agricamper-camper-caravan-02-1-300x300.webp 300w, https:\/\/www.agricamper.com\/wp-content\/uploads\/2026\/04\/agricamper-camper-caravan-02-1-150x150.webp 150w\" sizes=\"(max-width: 400px) 100vw, 400px\">\n<\/div><\/div><\/div>\n<\/section><section class=\"bde-section-1885-130 bde-section bde-preset-880dfed4-3873-4d47-944e-9165c4d43470\">\n  \n  \n\t\n\n\n\n<div class=\"section-container\"><div class=\"bde-columns-1885-131 bde-columns bde-preset-e46cef46-c7a3-4c82-9484-24796e59893b\"><div class=\"bde-column-1885-132 bde-column\" data-entrance=\"slideLeft\">\n  \n  \n\t\n\n\n\n<img decoding=\"async\" class=\"bde-image2-1885-133 bde-image2\" src=\"https:\/\/www.agricamper.com\/wp-content\/uploads\/2026\/04\/agricamper-camper-caravan-07.jpeg\" alt=\"Profitez d\u2019une \u00e9tape calme de 24 heures\" loading=\"lazy\" srcset=\"https:\/\/www.agricamper.com\/wp-content\/uploads\/2026\/04\/agricamper-camper-caravan-07.jpeg 800w, https:\/\/www.agricamper.com\/wp-content\/uploads\/2026\/04\/agricamper-camper-caravan-07-225x300.jpeg 225w, https:\/\/www.agricamper.com\/wp-content\/uploads\/2026\/04\/agricamper-camper-caravan-07-768x1023.jpeg 768w, https:\/\/www.agricamper.com\/wp-content\/uploads\/2026\/04\/agricamper-camper-caravan-07-600x800.jpeg 600w\" sizes=\"(max-width: 800px) 100vw, 800px\">\n<\/div><div class=\"bde-column-1885-134 bde-column\" data-entrance=\"slideRight\">\n  \n  \n\t\n\n\n\n<h2 class=\"bde-heading-1885-135 bde-heading\">\nProfitez d\u2019une \u00e9tape calme de 24 heures\n<\/h2><div class=\"bde-rich-text-1885-136 bde-rich-text breakdance-rich-text-styles\">\nVous stationnez sur un terrain priv\u00e9 en milieu rural, dans un environnement naturel et paisible, jusqu\u2019\u00e0 24 heures avec votre v\u00e9hicule autonome. Une mani\u00e8re simple et d\u00e9tendue de voyager, proche de la nature et des habitants.\n<\/div>\n<\/div><\/div><\/div>\n<\/section><section class=\"bde-section-1885-137 bde-section bde-preset-880dfed4-3873-4d47-944e-9165c4d43470\">\n  \n  \n\t\n\n\n\n<div class=\"section-container\"><div class=\"bde-columns-1885-138 bde-columns\"><div class=\"bde-column-1885-139 bde-column bde-preset-9e84af6e-29b2-4f14-8372-1d5c2ead57cc\" data-entrance=\"slideLeft\">\n  \n  \n\t\n\n\n\n<h2 class=\"bde-heading-1885-140 bde-heading\">\nRencontrez les accueillants et soutenez l\u2019Italie locale\n<\/h2><div class=\"bde-rich-text-1885-141 bde-rich-text breakdance-rich-text-styles\">\nPendant votre \u00e9tape, vous rencontrez des agriculteurs et producteurs locaux et d\u00e9couvrez leur travail.\nLes \u00e9conomies r\u00e9alis\u00e9es sur le camping ou l\u2019aire pour camping\u2011cars vous permettent d\u2019en profiter pour d\u00e9couvrir de bons produits locaux et soutenir directement votre accueillant.\n<\/div>\n<\/div><div class=\"bde-column-1885-142 bde-column\" data-entrance=\"slideRight\">\n  \n  \n\t\n\n\n\n<img decoding=\"async\" class=\"bde-image2-1885-143 bde-image2\" src=\"https:\/\/www.agricamper.com\/wp-content\/uploads\/2026\/04\/agricamper-camper-caravan-06.jpeg\" alt=\"Rencontrez les accueillants et soutenez l\u2019Italie locale\" loading=\"lazy\" srcset=\"https:\/\/www.agricamper.com\/wp-content\/uploads\/2026\/04\/agricamper-camper-caravan-06.jpeg 1200w, https:\/\/www.agricamper.com\/wp-content\/uploads\/2026\/04\/agricamper-camper-caravan-06-300x200.jpeg 300w, https:\/\/www.agricamper.com\/wp-content\/uploads\/2026\/04\/agricamper-camper-caravan-06-1024x683.jpeg 1024w, https:\/\/www.agricamper.com\/wp-content\/uploads\/2026\/04\/agricamper-camper-caravan-06-768x512.jpeg 768w, https:\/\/www.agricamper.com\/wp-content\/uploads\/2026\/04\/agricamper-camper-caravan-06-600x400.jpeg 600w\" sizes=\"(max-width: 1200px) 100vw, 1200px\">\n<\/div><\/div><\/div>\n<\/section><\/div>","protected":false},"excerpt":{"rendered":"<p>Voyagez en toute s\u00e9r\u00e9nit\u00e9 Avec Agricamper Italia, voyager en camping-car, fourgon am\u00e9nag\u00e9 ou caravane autonome est simple : une seule adh\u00e9sion incluant ebook et application, et un r\u00e9seau d\u2019\u00e9tapes rurales dans toute l\u2019Italie. Inscrivez-vous et connectez-vous Vous achetez votre adh\u00e9sion annuelle sur notre site avec votre email et un mot de passe.Apr\u00e8s le paiement, vous [&hellip;]<\/p>\n","protected":false},"author":2,"featured_media":0,"parent":0,"menu_order":0,"comment_status":"closed","ping_status":"closed","template":"","meta":{"_acf_changed":false,"_breakdance_hide_in_design_set":false,"_breakdance_tags":"","footnotes":""},"class_list":["post-1885","page","type-page","status-publish","hentry"],"acf":[],"_links":{"self":[{"href":"https:\/\/www.agricamper.com\/fr\/wp-json\/wp\/v2\/pages\/1885","targetHints":{"allow":["GET"]}}],"collection":[{"href":"https:\/\/www.agricamper.com\/fr\/wp-json\/wp\/v2\/pages"}],"about":[{"href":"https:\/\/www.agricamper.com\/fr\/wp-json\/wp\/v2\/types\/page"}],"author":[{"embeddable":true,"href":"https:\/\/www.agricamper.com\/fr\/wp-json\/wp\/v2\/users\/2"}],"replies":[{"embeddable":true,"href":"https:\/\/www.agricamper.com\/fr\/wp-json\/wp\/v2\/comments?post=1885"}],"version-history":[{"count":14,"href":"https:\/\/www.agricamper.com\/fr\/wp-json\/wp\/v2\/pages\/1885\/revisions"}],"predecessor-version":[{"id":78721,"href":"https:\/\/www.agricamper.com\/fr\/wp-json\/wp\/v2\/pages\/1885\/revisions\/78721"}],"wp:attachment":[{"href":"https:\/\/www.agricamper.com\/fr\/wp-json\/wp\/v2\/media?parent=1885"}],"curies":[{"name":"wp","href":"https:\/\/api.w.org\/{rel}","templated":true}]}}