{"id":1869,"date":"2026-03-26T14:46:46","date_gmt":"2026-03-26T14:46:46","guid":{"rendered":"https:\/\/www.agricamper.com\/brand-ambassador\/"},"modified":"2026-04-28T12:07:59","modified_gmt":"2026-04-28T12:07:59","slug":"brand-ambassador","status":"publish","type":"page","link":"https:\/\/www.agricamper.com\/fr\/brand-ambassador\/","title":{"rendered":"Devenir Ambassadeur Agricamper"},"content":{"rendered":"<div class='breakdance'><section class=\"bde-section-1869-100 bde-section\">\n  \n  \n\t\n\n\n\n<div class=\"section-container\"><div class=\"bde-rich-text-1869-101 bde-rich-text breakdance-rich-text-styles\">\n<p>Cr\u00e9ez-vous du contenu sur les voyages en camping-car, van ou caravane, et partagez-vous vos exp\u00e9riences avec une communaut\u00e9 active sur Instagram, YouTube, Facebook ou un blog\u00a0?<\/p><p>Agricamper est un r\u00e9seau d\u2019\u00e9tapes rurales \u00e0 travers l\u2019Italie, con\u00e7u pour les voyageurs \u00e0 la recherche d\u2019exp\u00e9riences simples et authentiques, en contact direct avec des producteurs locaux. Nous collaborons avec des cr\u00e9ateurs qui partagent cette vision et qui aiment inspirer leur communaut\u00e9 \u00e0 d\u00e9couvrir des exp\u00e9riences de voyage riches de sens.<\/p><h2>Qui recherchons-nous<\/h2><p>Nous recherchons des cr\u00e9ateurs s\u00e9rieux et motiv\u00e9s, avec une vraie connexion \u00e0 leur audience et une activit\u00e9 r\u00e9guli\u00e8re dans l\u2019univers du camping-car, de la vanlife ou du road trip. Si vous partagez d\u00e9j\u00e0 vos voyages de mani\u00e8re r\u00e9guli\u00e8re et authentique et souhaitez faire d\u00e9couvrir Agricamper \u00e0 votre communaut\u00e9 dans la dur\u00e9e, ce programme est fait pour vous.<\/p><p>Nous accordons une importance particuli\u00e8re aux cr\u00e9ateurs qui produisent un contenu fiable, qui respectent leur audience et qui souhaitent construire une collaboration transparente et professionnelle sur le long terme.<\/p><h2>Comment fonctionne la collaboration<\/h2><p>En tant qu\u2019Ambassadeur Agricamper, vous aurez acc\u00e8s \u00e0 notre r\u00e9seau ainsi qu\u2019\u00e0 un syst\u00e8me d\u2019affiliation vous permettant de recommander Agricamper \u00e0 votre communaut\u00e9 de mani\u00e8re claire et mesurable. Ensemble, nous d\u00e9finirons la meilleure fa\u00e7on d\u2019int\u00e9grer Agricamper dans vos contenus, en fonction de vos canaux, de votre style et de votre audience.<\/p><p>La collaboration repose sur des exp\u00e9riences de voyage r\u00e9elles, une communication honn\u00eate et une visibilit\u00e9 sur le long terme, plut\u00f4t que sur des promotions ponctuelles. L\u2019objectif est de cr\u00e9er de la valeur pour votre audience, pour Agricamper et pour vous, de mani\u00e8re naturelle et coh\u00e9rente avec votre contenu.<\/p><h2>Comment postuler<\/h2><p>Pour \u00e9valuer une collaboration, merci de compl\u00e9ter le formulaire ci-dessous en pr\u00e9sentant votre activit\u00e9 de mani\u00e8re claire et professionnelle. Pr\u00e9sentez-vous bri\u00e8vement, partagez les liens vers vos canaux (r\u00e9seaux sociaux, blog, etc.) et fournissez des informations cl\u00e9s sur votre audience, comme le nombre d\u2019abonn\u00e9s, la port\u00e9e et l\u2019engagement, dans un format proche d\u2019un media kit.<\/p><p>Nous privil\u00e9gions les cr\u00e9ateurs d\u00e9j\u00e0 actifs dans l\u2019univers du camping-car, de la vanlife ou du road trip, avec une audience engag\u00e9e et un r\u00e9el int\u00e9r\u00eat pour notre concept. Plus votre candidature est pr\u00e9cise et transparente, plus il sera facile pour nous d\u2019\u00e9valuer si nous sommes compatibles.<\/p><p>\u00a0<\/p>\n<\/div><div class=\"bde-shortcode-1869-103 bde-shortcode\"><div class=\"afwc_reg_form_wrapper\"><form action=\"#\" id=\"afwc_registration_form\"><div class=\"afwc_reg_field_wrapper afwc_reg_email \"><label for=\"afwc_reg_email\" class=\"afwc_required\">Email<\/label><input type=\"email\" id=\"afwc_reg_email\" name=\"afwc_reg_email\" required class=\"afwc_reg_form_field\"  value=\"\"\/><\/div><div class=\"afwc_reg_field_wrapper afwc_reg_first_name afwc_is_half\"><label for=\"afwc_reg_first_name\" class=\"afwc_\">Name<\/label><input type=\"text\" id=\"afwc_reg_first_name\" name=\"afwc_reg_first_name\"  class=\"afwc_reg_form_field\"  value=\"\"\/><\/div><div class=\"afwc_reg_field_wrapper afwc_reg_last_name afwc_is_half\"><label for=\"afwc_reg_last_name\" class=\"afwc_\">Surname<\/label><input type=\"text\" id=\"afwc_reg_last_name\" name=\"afwc_reg_last_name\"  class=\"afwc_reg_form_field\"  value=\"\"\/><\/div><div class=\"afwc_reg_field_wrapper afwc_reg_contact \"><label for=\"afwc_reg_contact\" class=\"afwc_\">Phone Number<\/label><input type=\"text\" id=\"afwc_reg_contact\" name=\"afwc_reg_contact\"  class=\"afwc_reg_form_field\"  value=\"\"\/><\/div><div class=\"afwc_reg_field_wrapper afwc_reg_website \"><label for=\"afwc_reg_website\" class=\"afwc_\">Website \/ Main social profile<\/label><input type=\"text\" id=\"afwc_reg_website\" name=\"afwc_reg_website\"  class=\"afwc_reg_form_field\"  value=\"\"\/><\/div><div class=\"afwc_reg_field_wrapper afwc_reg_password afwc_is_half\"><label for=\"afwc_reg_password\" class=\"afwc_required\">Password<\/label><input type=\"password\" id=\"afwc_reg_password\" name=\"afwc_reg_password\" required class=\"afwc_reg_form_field\"  value=\"\"\/><\/div><div class=\"afwc_reg_field_wrapper afwc_reg_confirm_password afwc_is_half\"><label for=\"afwc_reg_confirm_password\" class=\"afwc_required\">Confirm Password<\/label><input type=\"password\" id=\"afwc_reg_confirm_password\" name=\"afwc_reg_confirm_password\" required class=\"afwc_reg_form_field\"  value=\"\"\/><\/div><div class=\"afwc_reg_field_wrapper afwc_reg_desc \"><label for=\"afwc_reg_desc\" class=\"afwc_required\">Tell us more about yourself and why you\u2019d like to partner with us. Please include: your main social media handles, your experience promoting brands or products, and a short description of your audience (who they are, where they are from, how they interact with your content).<\/label><textarea name=\"afwc_reg_desc\" id=\"afwc_reg_desc\" required size=\"100\" rows=\"5\" cols=\"58\" class=\"afwc_reg_form_field\"><\/textarea><\/div><div class=\"afwc_reg_field_wrapper afwc_reg_terms \"><label for=\"afwc_reg_terms\" class=\"afwc_required\"><input type=\"checkbox\" id=\"afwc_reg_terms\" name=\"afwc_reg_terms\" required class=\"afwc_reg_form_field\"  value=\"\"\/>I confirm that the information provided is accurate and agree that Agricamper may contact me regarding this application<\/label><\/div><input type=\"hidden\" name=\"afwc_registration\" id=\"afwc_registration\" value=\"c80232c657\"\/><label style=\"position:absolute;top:-99999px;left:-99999px;z-index:-99;\"><input type=\"text\" name=\"afwc_hp_email\"  tabindex=\"-1\" autocomplete=\"-1\" value=\"\"\/><\/label><div class=\"afwc_reg_field_wrapper\"><input type=\"submit\" name=\"submit\" class=\"afwc_registration_form_submit\" id=\"afwc_registration_form_submit\" value=\"Soumettre\"\/><div class=\"afwc_reg_loader\"><img decoding=\"async\" src=\"https:\/\/www.agricamper.com\/wp-content\/plugins\/woocommerce\/assets\/images\/wpspin-2x.gif\" \/><\/div><\/div><div class=\"afwc_reg_message\"><\/div><\/form><\/div><\/div><\/div>\n<\/section><\/div>","protected":false},"excerpt":{"rendered":"<p>Cr\u00e9ez-vous du contenu sur les voyages en camping-car, van ou caravane, et partagez-vous vos exp\u00e9riences avec une communaut\u00e9 active sur Instagram, YouTube, Facebook ou un blog\u00a0?Agricamper est un r\u00e9seau d\u2019\u00e9tapes rurales \u00e0 travers l\u2019Italie, con\u00e7u pour les voyageurs \u00e0 la recherche d\u2019exp\u00e9riences simples et authentiques, en contact direct avec des producteurs locaux. Nous collaborons avec [&hellip;]<\/p>\n","protected":false},"author":2,"featured_media":0,"parent":0,"menu_order":0,"comment_status":"closed","ping_status":"closed","template":"","meta":{"_acf_changed":false,"_breakdance_hide_in_design_set":false,"_breakdance_tags":"","footnotes":""},"class_list":["post-1869","page","type-page","status-publish","hentry"],"acf":[],"_links":{"self":[{"href":"https:\/\/www.agricamper.com\/fr\/wp-json\/wp\/v2\/pages\/1869","targetHints":{"allow":["GET"]}}],"collection":[{"href":"https:\/\/www.agricamper.com\/fr\/wp-json\/wp\/v2\/pages"}],"about":[{"href":"https:\/\/www.agricamper.com\/fr\/wp-json\/wp\/v2\/types\/page"}],"author":[{"embeddable":true,"href":"https:\/\/www.agricamper.com\/fr\/wp-json\/wp\/v2\/users\/2"}],"replies":[{"embeddable":true,"href":"https:\/\/www.agricamper.com\/fr\/wp-json\/wp\/v2\/comments?post=1869"}],"version-history":[{"count":7,"href":"https:\/\/www.agricamper.com\/fr\/wp-json\/wp\/v2\/pages\/1869\/revisions"}],"predecessor-version":[{"id":280279,"href":"https:\/\/www.agricamper.com\/fr\/wp-json\/wp\/v2\/pages\/1869\/revisions\/280279"}],"wp:attachment":[{"href":"https:\/\/www.agricamper.com\/fr\/wp-json\/wp\/v2\/media?parent=1869"}],"curies":[{"name":"wp","href":"https:\/\/api.w.org\/{rel}","templated":true}]}}