{"id":1506,"date":"2026-03-27T12:11:08","date_gmt":"2026-03-27T12:11:08","guid":{"rendered":"https:\/\/www.agricamper.com\/agricamper-italia-in-the-media\/"},"modified":"2026-04-20T14:46:48","modified_gmt":"2026-04-20T14:46:48","slug":"agricamper-italia-dans-les-medias","status":"publish","type":"page","link":"https:\/\/www.agricamper.com\/fr\/agricamper-italia-dans-les-medias\/","title":{"rendered":"Agricamper Italia dans les m\u00e9dias"},"content":{"rendered":"<div class='breakdance'><section class=\"bde-section-1506-100 bde-section bde-preset-880dfed4-3873-4d47-944e-9165c4d43470\">\n  \n  \n\t\n\n\n\n<div class=\"section-container\"><div class=\"bde-rich-text-1506-101 bde-rich-text breakdance-rich-text-styles\">\n<p>Agricamper Italia est le r\u00e9seau italien de haltes rurales de 24 heures pour les camping-cars, fourgons am\u00e9nag\u00e9s et caravanes autonomes. Gr\u00e2ce \u00e0 une adh\u00e9sion annuelle, les voyageurs peuvent s\u00e9journer chez des fermes, domaines viticoles et producteurs ruraux dans toute l\u2019Italie et d\u00e9couvrir une mani\u00e8re plus authentique de voyager.<\/p><p>Cette page rassemble la couverture m\u00e9diatique nationale et internationale qui a contribu\u00e9 \u00e0 faire d\u2019Agricamper Italia une r\u00e9f\u00e9rence fiable pour les voyages en camping-car dans la nature et les haltes \u00e0 la ferme en Italie.<\/p><h2>Une r\u00e9f\u00e9rence pour les voyages ruraux en camping-car et les haltes \u00e0 la ferme en Italie<\/h2><p>Au fil des ann\u00e9es, Agricamper Italia est pass\u00e9 d\u2019une id\u00e9e innovante \u00e0 une marque reconnue dans le tourisme rural italien. De grands m\u00e9dias ont suivi et mis en avant notre histoire, de <em>Corriere della Sera<\/em>, <em>La Repubblica<\/em> et <em>Il Sole 24 Ore<\/em> \u00e0 <em>Donna Moderna<\/em>, <em>Panorama<\/em>, <em>Wired<\/em>, <em>Milano Finanza<\/em> et <em>Italia Oggi<\/em>.<\/p><p>Cette visibilit\u00e9 dans la presse nationale, les m\u00e9dias lifestyle et les publications \u00e9conomiques confirme Agricamper Italia comme une r\u00e9f\u00e9rence solide et durable pour les voyageurs qui souhaitent d\u00e9couvrir l\u2019Italie en camping-car, en van ou en caravane \u00e0 travers des \u00e9tapes rurales et des s\u00e9jours \u00e0 la ferme.<\/p><h3>Presse et m\u00e9dias en ligne en Italie<\/h3><p>Au c\u0153ur d\u2019Agricamper Italia se trouve un mod\u00e8le simple : avec une seule adh\u00e9sion annuelle, les voyageurs peuvent trouver des h\u00f4tes dans toute l\u2019Italie et profiter d\u2019une halte gratuite de 24 heures \u00e0 la fois, sans co\u00fbt suppl\u00e9mentaire pour la nuit\u00e9e. Cela permet de d\u00e9couvrir plus facilement fermes, domaines viticoles et activit\u00e9s rurales, de fa\u00e7on simple, s\u00fbre et transparente.<\/p><p>De nombreux journalistes ont pr\u00e9sent\u00e9 Agricamper Italia en le rapprochant de concepts europ\u00e9ens d\u00e9j\u00e0 connus comme <strong>France Passion<\/strong> en France et <strong>Landvergn\u00fcgen<\/strong> en Allemagne. Ces comparaisons permettent aux lecteurs de comprendre imm\u00e9diatement notre mod\u00e8le : des haltes authentiques \u00e0 la ferme, un contact direct avec les producteurs et un cadre clair pour voyager de mani\u00e8re responsable dans la campagne italienne.<\/p><p>Des m\u00e9dias sp\u00e9cialis\u00e9s comme <em>Caravan e Camper<\/em>, <em>CamperLife<\/em>, <em>Le Monde du Camping-Car<\/em>, <em>Camping-Car Magazine<\/em>, <em>Promobil<\/em> et <em>Reisemobil International<\/em> citent r\u00e9guli\u00e8rement Agricamper Italia parmi les solutions de r\u00e9f\u00e9rence pour organiser un voyage en camping-car en Italie et choisir une alternative rurale aux campings traditionnels et aux aires classiques.<\/p><h3>TV, radio et m\u00e9dias green<\/h3><p>La couverture t\u00e9l\u00e9vis\u00e9e et radiophonique a encore renforc\u00e9 la cr\u00e9dibilit\u00e9 de la marque. Des interviews et reportages sur <em>Rai News 24<\/em>, <em>Sky TG24<\/em>, <em>RTL 102.5<\/em>, <em>RDS<\/em>, <em>Radio Deejay<\/em>, <em>Radio 24<\/em>, <em>Radio Number One<\/em> et <em>Radio Popolare<\/em> ont pr\u00e9sent\u00e9 Agricamper Italia comme un exemple concret de tourisme durable et rural cr\u00e9ant de la valeur pour les communaut\u00e9s locales.<\/p><p>Ces apparitions, ainsi que les mentions dans des m\u00e9dias sensibles aux th\u00e8mes environnementaux et \u00e0 l\u2019innovation comme <em>GreenStyle<\/em>, <em>Wise Society<\/em> et d\u2019autres publications sp\u00e9cialis\u00e9es, renforcent le positionnement d\u2019Agricamper Italia autour du voyage responsable, du slow tourism et du soutien aux petits producteurs et aux exploitations familiales.<\/p><h3>M\u00e9dias internationaux et sp\u00e9cialis\u00e9s<\/h3><p>Agricamper Italia a \u00e9galement gagn\u00e9 en visibilit\u00e9 gr\u00e2ce \u00e0 des m\u00e9dias internationaux qui s\u2019adressent directement aux voyageurs, camping-caristes et expatri\u00e9s. Les publics francophones, par exemple, ont d\u00e9couvert Agricamper via <em>Le Petit Journal<\/em>, mais aussi \u00e0 travers de grands magazines fran\u00e7ais et allemands consacr\u00e9s au voyage en camping-car, qui recommandent notre r\u00e9seau \u00e0 ceux qui souhaitent vivre une Italie plus authentique.<\/p><p>Cette pr\u00e9sence m\u00e9diatique internationale rassure les voyageurs \u00e9trangers sur le fait qu\u2019Agricamper Italia est une marque reconnue et largement relay\u00e9e lorsqu\u2019ils pr\u00e9parent un road trip en Italie en camping-car, en van ou en caravane. Elle inscrit aussi Agricamper Italia dans l\u2019\u00e9cosyst\u00e8me europ\u00e9en plus large des r\u00e9seaux d\u2019\u00e9tapes \u00e0 la ferme, aux c\u00f4t\u00e9s de France Passion et Landvergn\u00fcgen.<\/p><h3>Une marque de confiance dans la dur\u00e9e<\/h3><p>Notre pr\u00e9sence m\u00e9diatique est bien plus qu\u2019une simple collection de logos. C\u2019est une preuve de confiance construite au fil du temps \u00e0 travers la presse, le web, la t\u00e9l\u00e9vision, la radio et les publications sp\u00e9cialis\u00e9es dans l\u2019univers du camping-car.<\/p><p>Pour les voyageurs, les h\u00f4tes et les partenaires, cette couverture continue envoie un message clair : <strong>Agricamper Italia est l\u2019une des principales r\u00e9f\u00e9rences pour les voyages ruraux en camping-car et les haltes \u00e0 la ferme en Italie.<\/strong><\/p><p>\u00a0<\/p>\n<\/div><div class=\"bde-button-1506-102 bde-button\">\n    \n                                    \n    \n    \n    \n    \n            \n                    \n            \n            \n\n    \n    \n    \n    \n    \n    <a class=\"breakdance-link button-atom button-atom--primary bde-button__button\" href=\"https:\/\/www.agricamper.com\/fr\/faq\/\" target=\"_self\" data-type=\"url\"  >\n\n    \n        <span class=\"button-atom__text\">D\u00e9couvrir comment fonctionne Agricamper<\/span>\n\n        \n        \n                <\/a>\n\n    \n\n\n<\/div><\/div>\n<\/section><\/div>","protected":false},"excerpt":{"rendered":"<p>Agricamper Italia est le r\u00e9seau italien de haltes rurales de 24 heures pour les camping-cars, fourgons am\u00e9nag\u00e9s et caravanes autonomes. Gr\u00e2ce \u00e0 une adh\u00e9sion annuelle, les voyageurs peuvent s\u00e9journer chez des fermes, domaines viticoles et producteurs ruraux dans toute l\u2019Italie et d\u00e9couvrir une mani\u00e8re plus authentique de voyager.Cette page rassemble la couverture m\u00e9diatique nationale et [&hellip;]<\/p>\n","protected":false},"author":2,"featured_media":0,"parent":0,"menu_order":0,"comment_status":"closed","ping_status":"closed","template":"","meta":{"_acf_changed":false,"_breakdance_hide_in_design_set":false,"_breakdance_tags":"","footnotes":""},"class_list":["post-1506","page","type-page","status-publish","hentry"],"acf":[],"_links":{"self":[{"href":"https:\/\/www.agricamper.com\/fr\/wp-json\/wp\/v2\/pages\/1506","targetHints":{"allow":["GET"]}}],"collection":[{"href":"https:\/\/www.agricamper.com\/fr\/wp-json\/wp\/v2\/pages"}],"about":[{"href":"https:\/\/www.agricamper.com\/fr\/wp-json\/wp\/v2\/types\/page"}],"author":[{"embeddable":true,"href":"https:\/\/www.agricamper.com\/fr\/wp-json\/wp\/v2\/users\/2"}],"replies":[{"embeddable":true,"href":"https:\/\/www.agricamper.com\/fr\/wp-json\/wp\/v2\/comments?post=1506"}],"version-history":[{"count":5,"href":"https:\/\/www.agricamper.com\/fr\/wp-json\/wp\/v2\/pages\/1506\/revisions"}],"predecessor-version":[{"id":105629,"href":"https:\/\/www.agricamper.com\/fr\/wp-json\/wp\/v2\/pages\/1506\/revisions\/105629"}],"wp:attachment":[{"href":"https:\/\/www.agricamper.com\/fr\/wp-json\/wp\/v2\/media?parent=1506"}],"curies":[{"name":"wp","href":"https:\/\/api.w.org\/{rel}","templated":true}]}}