{"id":3472,"date":"2021-02-02T14:15:40","date_gmt":"2021-02-02T13:15:40","guid":{"rendered":"http:\/\/agricamper.web02.ipgarde.net\/?page_id=3472"},"modified":"2024-01-24T15:37:45","modified_gmt":"2024-01-24T14:37:45","slug":"foreign-networks","status":"publish","type":"page","link":"https:\/\/www.agricamper.com\/en\/foreign-networks\/","title":{"rendered":"Similar networks to Agricamper abroad"},"content":{"rendered":"\n<h2 class=\"wp-block-heading\">Agricamper similar schemes in other countries<\/h2>\n\n\n\n<p>The <a href=\"https:\/\/www.fefi.eu\/\" target=\"_blank\" rel=\"noreferrer noopener\">F\u00e9d\u00e9ration Europ\u00e9enne de la Formule Invitations<\/a> (FEFI) unites ten European networks which develop the France Passion <em>Formula Invitations<\/em> in their respective countries. Founded in 1993, France Passion offers the most authentic way to visit a country in a motorhome. For more than thirty years, France Passion has based its concept on the desire to present and offer the most authentic way to discover and visit a country by motorhome. Strengthened by this spirit, France Passion decided to federate similar networks, creating a channel of communication, comparison and collaboration, together with colleagues from <a href=\"https:\/\/www.france-passion.com\/\" target=\"_blank\" rel=\"noreferrer noopener\">France<\/a>, <a href=\"https:\/\/landvergnuegen.com\/\" target=\"_blank\" rel=\"noreferrer noopener\">Germany<\/a>, <a href=\"https:\/\/www.britstops.com\/\" target=\"_blank\" rel=\"noreferrer noopener\">Great Britain &amp; Ireland<\/a>, <a href=\"https:\/\/espana-discovery.es\/\" target=\"_blank\" rel=\"noreferrer noopener\">Spain<\/a>, <a href=\"https:\/\/swissterroir.ch\/\" target=\"_blank\" rel=\"noreferrer noopener\">Switzerland<\/a>, <a href=\"https:\/\/pintrip.eu\/\" target=\"_blank\" rel=\"noreferrer noopener\">Denmark<\/a>, <a href=\"https:\/\/www.swedestops.se\/\" target=\"_blank\" rel=\"noreferrer noopener\">Sweden<\/a>, <a href=\"https:\/\/www.bauernleben.at\/\" target=\"_blank\" rel=\"noreferrer noopener\">Austria<\/a>, <a href=\"https:\/\/www.nortrip.no\/\" target=\"_blank\" rel=\"noreferrer noopener\">Norway<\/a> and <a href=\"https:\/\/www.agricamper-italia.com\/en\/product-category\/membership\/\" title=\"\">Italy<\/a>\u2026 Discover all the members in detail on the FEFI website!<\/p>\n\n\n\n<div class=\"wp-block-buttons is-content-justification-center is-layout-flex wp-container-core-buttons-is-layout-a89b3969 wp-block-buttons-is-layout-flex\">\n<div class=\"wp-block-button\"><a class=\"wp-block-button__link wp-element-button\" href=\"https:\/\/www.agricamper-italia.com\/en\/product-category\/guide-cartacee-turistiche-camper-roulotte-en\/\"><span style=\"color: rgb(55, 65, 81); font-family: S\u00f6hne, ui-sans-serif, system-ui, -apple-system, &quot;Segoe UI&quot;, Roboto, Ubuntu, Cantarell, &quot;Noto Sans&quot;, sans-serif, &quot;Helvetica Neue&quot;, Arial, &quot;Apple Color Emoji&quot;, &quot;Segoe UI Emoji&quot;, &quot;Segoe UI Symbol&quot;, &quot;Noto Color Emoji&quot;; font-weight: 400; text-align: left;\">Purchase the FEFI guides<\/span><\/a><\/div>\n<\/div>\n\n\n\n<div class=\"wp-block-columns is-layout-flex wp-container-core-columns-is-layout-28f84493 wp-block-columns-is-layout-flex\">\n<div class=\"wp-block-column is-layout-flow wp-block-column-is-layout-flow\" style=\"flex-basis:33.33%\">\n<figure class=\"wp-block-image size-full\"><img loading=\"lazy\" decoding=\"async\" width=\"367\" height=\"367\" src=\"https:\/\/www.agricamper.com\/wp-content\/uploads\/2023\/01\/LogoBlack_4x_deb2d15f-4e1e-4278-bbc5-e0351c2d4435.png\" alt=\"\" class=\"wp-image-19635\" srcset=\"https:\/\/www.agricamper.com\/wp-content\/uploads\/2023\/01\/LogoBlack_4x_deb2d15f-4e1e-4278-bbc5-e0351c2d4435.png 367w, https:\/\/www.agricamper.com\/wp-content\/uploads\/2023\/01\/LogoBlack_4x_deb2d15f-4e1e-4278-bbc5-e0351c2d4435-324x324.png 324w, https:\/\/www.agricamper.com\/wp-content\/uploads\/2023\/01\/LogoBlack_4x_deb2d15f-4e1e-4278-bbc5-e0351c2d4435-100x100.png 100w, https:\/\/www.agricamper.com\/wp-content\/uploads\/2023\/01\/LogoBlack_4x_deb2d15f-4e1e-4278-bbc5-e0351c2d4435-300x300.png 300w, https:\/\/www.agricamper.com\/wp-content\/uploads\/2023\/01\/LogoBlack_4x_deb2d15f-4e1e-4278-bbc5-e0351c2d4435-150x150.png 150w, https:\/\/www.agricamper.com\/wp-content\/uploads\/2023\/01\/LogoBlack_4x_deb2d15f-4e1e-4278-bbc5-e0351c2d4435-360x360.png 360w\" sizes=\"auto, (max-width: 367px) 100vw, 367px\" \/><\/figure>\n<\/div>\n\n\n\n<div class=\"wp-block-column is-layout-flow wp-block-column-is-layout-flow\" style=\"flex-basis:66.66%\">\n<p><strong>What is <em>Formule Invitations<\/em>?<\/strong><br>Winegrowers, farmers and artisans invite motorhome owners to stay for a night on their private properties.<br>Each producer undertakes to host campers, holders of the membership for the current year, free of charge.<br>The Formula allows authentic encounters between owners and campers, who help them discover their countries and their products.<\/p>\n\n\n\n<p><strong>What are the goals of the FEFI?<\/strong><br>FEFI&#8217;s main goal is to facilitate travel and stopovers for campers in Europe.<br>Through the FEFI networks, motorhome owners will be able to take advantage of the <em>Formule Invitations<\/em> created by France Passion to discover the hospitality and richness of European countries.<\/p>\n<\/div>\n<\/div>\n\n\n\n<div class=\"wp-block-buttons is-content-justification-center is-layout-flex wp-container-core-buttons-is-layout-a89b3969 wp-block-buttons-is-layout-flex\">\n<div class=\"wp-block-button\"><a class=\"wp-block-button__link wp-element-button\" href=\"https:\/\/www.fefi.eu\/\" target=\"_blank\" rel=\"noreferrer noopener\">FEFI website<\/a><\/div>\n<\/div>\n","protected":false},"excerpt":{"rendered":"<p>Agricamper similar schemes in other countries The F\u00e9d\u00e9ration Europ\u00e9enne de la Formule Invitations (FEFI) unites ten European networks which develop the France Passion Formula Invitations in their respective countries. Founded in 1993, France Passion offers the most authentic way to visit a country in a motorhome. For more than thirty years, France Passion has based [&hellip;]<\/p>\n","protected":false},"author":1,"featured_media":51494,"parent":0,"menu_order":0,"comment_status":"closed","ping_status":"closed","template":"","meta":{"footnotes":""},"class_list":["post-3472","page","type-page","status-publish","has-post-thumbnail","hentry"],"aioseo_notices":[],"_links":{"self":[{"href":"https:\/\/www.agricamper.com\/en\/wp-json\/wp\/v2\/pages\/3472","targetHints":{"allow":["GET"]}}],"collection":[{"href":"https:\/\/www.agricamper.com\/en\/wp-json\/wp\/v2\/pages"}],"about":[{"href":"https:\/\/www.agricamper.com\/en\/wp-json\/wp\/v2\/types\/page"}],"author":[{"embeddable":true,"href":"https:\/\/www.agricamper.com\/en\/wp-json\/wp\/v2\/users\/1"}],"replies":[{"embeddable":true,"href":"https:\/\/www.agricamper.com\/en\/wp-json\/wp\/v2\/comments?post=3472"}],"version-history":[{"count":25,"href":"https:\/\/www.agricamper.com\/en\/wp-json\/wp\/v2\/pages\/3472\/revisions"}],"predecessor-version":[{"id":37183,"href":"https:\/\/www.agricamper.com\/en\/wp-json\/wp\/v2\/pages\/3472\/revisions\/37183"}],"wp:featuredmedia":[{"embeddable":true,"href":"https:\/\/www.agricamper.com\/en\/wp-json\/wp\/v2\/media\/51494"}],"wp:attachment":[{"href":"https:\/\/www.agricamper.com\/en\/wp-json\/wp\/v2\/media?parent=3472"}],"curies":[{"name":"wp","href":"https:\/\/api.w.org\/{rel}","templated":true}]}}