{"id":2903,"date":"2021-01-05T19:23:23","date_gmt":"2021-01-05T18:23:23","guid":{"rendered":"http:\/\/agricamper.web02.ipgarde.net\/?page_id=2903"},"modified":"2023-06-28T13:42:56","modified_gmt":"2023-06-28T11:42:56","slug":"circolazione-e-sosta-dei-camper-in-italia","status":"publish","type":"page","link":"https:\/\/www.agricamper.com\/en\/circolazione-e-sosta-dei-camper-in-italia\/","title":{"rendered":"Circolazione e sosta dei camper in Italia"},"content":{"rendered":"\n\n<!--themify_builder_static--><img decoding=\"async\" src=\"https:\/\/www.agricamper-italia.com\/wp-content\/uploads\/2019\/08\/camper-4172987_640.jpg\">\n<h2>Sosta dei camper in Italia<\/h2> <p>I camper sono soggetti alla stessa disciplina prevista per gli altri veicoli.<\/p> <p>Nelle citt\u00e0 le aree destinate al parcheggio dei veicoli sono distinte da tre colori:<br \/>&#8211; <strong>le strisce blu indicano la sosta a pagamento a tempo<\/strong>, le tariffe variano per ciascun comune e sono indicate su una segnaletica verticale. E\u2019 necessario esporre sul cruscotto del veicolo la ricevuta di pagamento. Solitamente, si paga con monete o con tesserine da \u201cgrattare\u201d che si possono acquistare presso le tabaccherie e le edicole abilitate.<br \/>Nel caso di sosta o parcheggio a pagamento, <em>ai camper si applicano tariffe maggiorate del 50% rispetto a quelle praticate per le autovetture in analoghi parcheggi della zona<\/em>. Esempio 1\u20ac\/ora per un auto et 1,5\u20ac\/ora per un camper.<\/p>\n<p>&#8211; <strong>Le strisce bianche indicano la sosta gratuita<\/strong>, il tempo della sosta varia per ciascun comune e sono indicate su una segnaletica verticale. Se richiesto da apposito segnale, \u00e8 necessario esporre sul cruscotto del veicolo il disco orario con l\u2019indicazione dell\u2019ora di arrivo.<br \/>&#8211; <strong>Le strisce gialle indicano che la sosta \u00e8 riservata a determinate categorie di persone o di operatori<\/strong> (ad esempio persone con disabilit\u00e0, residenti, servizi e utilit\u00e0 del municipio) preventivamente autorizzati dal comune.<br \/>La segnaletica verticale indica orari e modalit\u00e0 di fruizione.\u00a0\u00a0<\/p> <p>La <strong>sosta dei camper<\/strong>, dove consentita, sulla sede stradale non costituisce campeggio, attendamento e simili se l&#8217;autoveicolo non poggia sul suolo salvo che con le ruote, non emette deflussi propri, salvo quelli del propulsore meccanico, e non occupa comunque la sede stradale in misura eccedente l&#8217;ingombro proprio dell&#8217;autoveicolo medesimo.<\/p> <p>\u00c8 vietato lo <strong>scarico dei residui organici e delle acque chiare e luride<\/strong> su strade ed aree pubbliche al di fuori di appositi impianti di smaltimento igienico-sanitario.<\/p> <h2>Circolazione dei camper in Italia<\/h2> <p>Chi circola in Italia con il camper deve tenere a bordo questi documenti:<br \/>&#8211; <strong>carta di circolazione<\/strong>.<br \/>&#8211; <strong>patente di guida<\/strong> di un paese UE\/EFTA che abiliti alla tipologia del veicolo che si guida. Se si possiede una patente rilasciata da uno Stato estero non comunitario \u00e8 necessario anche un permesso internazionale di guida o una traduzione giurata della patente.<br \/>&#8211; <strong>contratto di assicurazione<\/strong> stipulato in un paese UE. Prima di partire, i residenti in un paese extra UE devono verificare con la propria compagnia di assicurazione se occorre procurasi la carta verde o la polizza temporanea di frontiera.<br \/>I veicoli con targa rilasciata in un paese extra UE devono apporre un adesivo con la sigla distintiva di tale paese.<\/p> <p>E\u2019 obbligatorio tenere a bordo del camper il <strong>triangolo<\/strong> che va usato per segnalare la sosta di emergenza, mettendolo in posizione stabile ad almeno 50 metri dalla parte posteriore dell\u2019autoveicolo fermo, se lo consente la lunghezza della strada. Diversamente, va collocato nella posizione pi\u00f9 idonea per essere visto.<\/p> <p>In caso di incidente\/guasto\/discesa dal camper, fuori dai centri abitati, anche nelle piazzole di sosta e nelle corsie di emergenza, di notte o anche di giorno e comunque quando non si pu\u00f2 essere scorti a sufficiente distanza, \u00e8 obbligatorio indossare il <strong>giubbotto o le bretelle ad alta visibilit\u00e0<\/strong> (da tenere nell\u2019abitacolo del veicolo).<\/p> <p>Le<strong> cinture di sicurezza sono obbligatorie<\/strong> per il conducente e tutti i passeggeri del camper.<\/p> <h3><b>Principali norme di circolazione<\/b><\/h3> <p>La <strong>guida, in tutte le strade italiane, \u00e8 a destra<\/strong>. Il comportamento corretto prevede che il veicolo occupi la corsia libera pi\u00f9 a destra della carreggiata. La o le corsie a sinistra sono riservate al sorpasso.<\/p> <p>E\u2019 <strong>vietato transitare sulla corsia di emergenza<\/strong>, riservata ai veicoli di soccorso e alle soste di emergenza.<\/p> <p>Occorre mantenere un\u2019<strong>adeguata distanza di sicurezza tra veicoli<\/strong>, in modo da evitare, in caso di arresto, la collisione col veicolo che precede.<\/p><!--\/themify_builder_static-->","protected":false},"excerpt":{"rendered":"<p>Sosta dei camper in Italia I camper sono soggetti alla stessa disciplina prevista per gli altri veicoli. Nelle citt\u00e0 le aree destinate al parcheggio dei veicoli sono distinte da tre colori:&#8211; le strisce blu indicano la sosta a pagamento a tempo, le tariffe variano per ciascun comune e sono indicate su una segnaletica verticale. E\u2019 [&hellip;]<\/p>\n","protected":false},"author":1,"featured_media":0,"parent":0,"menu_order":0,"comment_status":"closed","ping_status":"closed","template":"","meta":{"footnotes":""},"class_list":["post-2903","page","type-page","status-publish","hentry"],"aioseo_notices":[],"_links":{"self":[{"href":"https:\/\/www.agricamper.com\/en\/wp-json\/wp\/v2\/pages\/2903","targetHints":{"allow":["GET"]}}],"collection":[{"href":"https:\/\/www.agricamper.com\/en\/wp-json\/wp\/v2\/pages"}],"about":[{"href":"https:\/\/www.agricamper.com\/en\/wp-json\/wp\/v2\/types\/page"}],"author":[{"embeddable":true,"href":"https:\/\/www.agricamper.com\/en\/wp-json\/wp\/v2\/users\/1"}],"replies":[{"embeddable":true,"href":"https:\/\/www.agricamper.com\/en\/wp-json\/wp\/v2\/comments?post=2903"}],"version-history":[{"count":5,"href":"https:\/\/www.agricamper.com\/en\/wp-json\/wp\/v2\/pages\/2903\/revisions"}],"predecessor-version":[{"id":26467,"href":"https:\/\/www.agricamper.com\/en\/wp-json\/wp\/v2\/pages\/2903\/revisions\/26467"}],"wp:attachment":[{"href":"https:\/\/www.agricamper.com\/en\/wp-json\/wp\/v2\/media?parent=2903"}],"curies":[{"name":"wp","href":"https:\/\/api.w.org\/{rel}","templated":true}]}}