{"id":74902,"date":"2026-01-16T09:15:51","date_gmt":"2026-01-16T08:15:53","guid":{"rendered":"https:\/\/www.agricamper.com\/?post_type=product&#038;p=74902"},"modified":"2026-04-17T11:37:25","modified_gmt":"2026-04-17T09:37:25","slug":"france-passion-frankreich-im-wohnmobil-stellplatzfuhrer-2026","status":"publish","type":"product","link":"https:\/\/www.agricamper.com\/de\/produkt\/france-passion-frankreich-im-wohnmobil-stellplatzfuhrer-2026\/","title":{"rendered":"France Passion &#8211; Frankreich im Wohnmobil &#8211; Stellplatzf\u00fchrer 2026"},"content":{"rendered":"<p data-start=\"70\" data-end=\"81\"><strong data-start=\"70\" data-end=\"81\">Versand<\/strong><\/p>\n<p data-start=\"83\" data-end=\"278\">Wir versenden in ganz Europa. Die Kosten variieren je nach Land und werden zum Zeitpunkt des Kaufs berechnet. F\u00fcr Details zu den Lieferzeiten besuchen Sie bitte unsere <a href=\"https:\/\/www.agricamper.com\/de\/versand-und-ruecksendungen\/\">Versand- und R\u00fcckgabeseite<\/a>.<\/p>\n<p data-start=\"280\" data-end=\"304\"><strong data-start=\"280\" data-end=\"304\">Produkteigenschaften<\/strong><\/p>\n<ul>\n<li data-start=\"306\" data-end=\"969\">Mehrsprachiger F\u00fchrer (Italienisch, Englisch, Deutsch, Niederl\u00e4ndisch und Spanisch), w\u00e4hrend die App auf Englisch, Franz\u00f6sisch und Deutsch verf\u00fcgbar ist.<\/li>\n<li data-start=\"306\" data-end=\"969\">G\u00fcltig vom 01.03.2026 bis zum 31.03.2027<\/li>\n<li data-start=\"306\" data-end=\"969\">Beinhaltet gedruckten F\u00fchrer, Mitgliedskarte (pers\u00f6nlich und fahrzeuggebunden, nicht \u00fcbertragbar), Aufkleber &amp; App f\u00fcr das Reisen in Frankreich<\/li>\n<li data-start=\"306\" data-end=\"969\">F\u00fcr selbstst\u00e4ndige Wohnmobil- und Campervan-Reisende (nicht f\u00fcr Wohnwagen geeignet)<\/li>\n<li data-start=\"306\" data-end=\"969\">24 Stunden kostenfreier\u00a0Aufenthalt auf den sch\u00f6nsten\u00a0Bauernh\u00f6fen Frankreichs<\/li>\n<li data-start=\"306\" data-end=\"969\">Genie\u00dfen Sie das Landleben, die Ruhe, die Natur und franz\u00f6sische regionale Spezialit\u00e4ten<\/li>\n<li data-start=\"306\" data-end=\"969\">Ungef\u00e4hr 2.200 gastfreundliche, l\u00e4ndliche Einrichtungen in ganz Frankreich<\/li>\n<\/ul>\n<p data-start=\"971\" data-end=\"1196\"><strong data-start=\"971\" data-end=\"992\">Wichtiger Hinweis<\/strong>: Dieses Produkt ist ein personalisiertes Gut von geringem Wert und nicht vom Widerrufsrecht ausgenommen. Es beinhaltet digitalen Inhalt, dessen Ausf\u00fchrung mit der Annahme der Verkaufsbedingungen beginnt.<\/p>\n<hr \/>\n<p data-start=\"1198\" data-end=\"1366\"><strong>France Passion<\/strong> ist ein Netzwerk aus <strong>2.200 Landwirten, Viehz\u00fcchtern, Winzern und Obst- und Gem\u00fcseproduzenten<\/strong>, die sich entschieden haben, Wohnmobilreisende zu empfangen.<\/p>\n<p data-start=\"1368\" data-end=\"1709\">Die <strong>gedruckte Version<\/strong> des <strong>France Passion<\/strong> F\u00fchrers und die <strong>digitale App<\/strong> bieten <strong>unbegrenzten Zugang<\/strong> zu diesen Stellpl\u00e4tzen das ganze Jahr \u00fcber. Sie erm\u00f6glichen es <strong>vollst\u00e4ndig autonomen Fahrzeugen<\/strong> (mit Wasser, Strom, Sanit\u00e4ranlagen usw.), sicher und <strong>kostenlos zu parken und zu \u00fcbernachten<\/strong>. <strong>Campervans<\/strong> sind unter denselben Bedingungen willkommen.<\/p>\n<p data-start=\"1711\" data-end=\"2092\"><strong>Mitglied bei France Passion zu werden kostet nur 33 Euro pro Jahr! <\/strong><\/p>\n<p data-start=\"1711\" data-end=\"2092\">Der auf die <strong>Windschutzscheibe aufzubringende Aufkleber<\/strong> mit dem laufenden Jahr er\u00f6ffnet zahlreiche Erfahrungen: <strong>Verkostungen, einzigartige Entdeckungen<\/strong> und die M\u00f6glichkeit, eine <strong>offene und leidenschaftliche landwirtschaftliche Welt<\/strong> kennenzulernen, mit der M\u00f6glichkeit, <strong>regionale Produkte zu probieren und zu kaufen<\/strong>.<\/p>\n<hr \/>\n<p data-start=\"2094\" data-end=\"2137\"><strong data-start=\"2094\" data-end=\"2136\">Details der Ausgabe 2026 \u2013 33. Ausgabe<\/strong>:<\/p>\n<ul>\n<li data-start=\"2139\" data-end=\"2411\"><strong>2.200 Gastgeber<\/strong>, darunter <strong>200 neue<\/strong>, die in den verborgensten Ecken Frankreichs entdeckt wurden<\/li>\n<li data-start=\"2139\" data-end=\"2411\"><strong>1.000 Landwirte, 800 Winzer, 400 Handwerker<\/strong> und l\u00e4ndliche Gasth\u00f6fe empfangen Reisende auf ihren Grundst\u00fccken<\/li>\n<li data-start=\"2139\" data-end=\"2411\"><strong>10.000 kostenlose Stellpl\u00e4tze<\/strong> verteilt auf <strong>91 franz\u00f6sische Departements<\/strong><\/li>\n<\/ul>\n<p data-start=\"2413\" data-end=\"2487\"><strong data-start=\"2413\" data-end=\"2486\">Voraussetzungen f\u00fcr die Nutzung dieses exklusiven Stellplatznetzwerks<\/strong>:<\/p>\n<ul>\n<li data-start=\"2489\" data-end=\"2746\">Ein vollst\u00e4ndig autonomer Wohnmobil oder Campervan (mit WC, Wasser und Abfallmanagement)<\/li>\n<li data-start=\"2489\" data-end=\"2746\">Der g\u00fcltige Stellplatzf\u00fchrer<\/li>\n<li data-start=\"2489\" data-end=\"2746\">Einhalten der \u201eGoldenen Regeln\u201c von France Passion (Gastgeber bei Ankunft begr\u00fc\u00dfen, den Standort sauber verlassen, Abreise ank\u00fcndigen usw.)<\/li>\n<\/ul>\n<hr \/>\n<p data-start=\"2748\" data-end=\"2845\"><strong data-start=\"2748\" data-end=\"2814\">J\u00e4hrliches Kit, jedes Jahr aktualisiert, nur 33\u20ac (inkl. MwSt.)<\/strong><\/p>\n<p data-start=\"2748\" data-end=\"2845\">Der Stellplatzf\u00fchrer umfasst:<\/p>\n<ul>\n<li data-start=\"2847\" data-end=\"3113\">27 regionale Karten<\/li>\n<li data-start=\"2847\" data-end=\"3113\">Anfahrtsbeschreibungen zu den Stellpl\u00e4tzen<\/li>\n<li data-start=\"2847\" data-end=\"3113\">GPS-Koordinaten<\/li>\n<li data-start=\"2847\" data-end=\"3113\">Verf\u00fcgbare Dienstleistungen in den Gastgeber<\/li>\n<li data-start=\"2847\" data-end=\"3113\">Informationen \u00fcber die Aktivit\u00e4ten der Gastgeber und ihre Produkte<\/li>\n<li data-start=\"2847\" data-end=\"3113\">Details zu Gastgeber, die Mahlzeiten anbieten<\/li>\n<li data-start=\"2847\" data-end=\"3113\">Fotos der Stellpl\u00e4tze<\/li>\n<\/ul>\n<hr \/>\n<p data-start=\"3115\" data-end=\"3299\"><strong data-start=\"3115\" data-end=\"3152\">Die mobile App von France Passion<\/strong><\/p>\n<p data-start=\"3115\" data-end=\"3299\">Eine kostenlose Erg\u00e4nzung zum F\u00fchrer und zur Website von France Passion, die einen einfachen und sofortigen GPS-Zugang zu den Stellpl\u00e4tzen bietet.<\/p>\n<hr \/>\n<p data-start=\"3301\" data-end=\"3416\"><strong data-start=\"3301\" data-end=\"3345\">Mitgliederbereich auf france-passion.com<\/strong><\/p>\n<p data-start=\"3301\" data-end=\"3416\">Eine perfekte Erg\u00e4nzung zum F\u00fchrer mit vielen zus\u00e4tzlichen Funktionen:<\/p>\n<ul>\n<li data-start=\"3418\" data-end=\"3563\">Online-Reiseplanung<\/li>\n<li data-start=\"3418\" data-end=\"3563\">Routenberechnung<\/li>\n<li data-start=\"3418\" data-end=\"3563\">Fotos und Bewertungen der Stellpl\u00e4tze<\/li>\n<li data-start=\"3418\" data-end=\"3563\">Kalender der Veranstaltungen an den Stellpl\u00e4tzen<\/li>\n<li data-start=\"3418\" data-end=\"3563\">Exklusive Vorteile&#8230;<\/li>\n<\/ul>\n<p data-start=\"3565\" data-end=\"3832\">Wie Agricamper Italia <a href=\"https:\/\/www.agricamper.com\/de\/auslandische-netzwerke\/\"><strong>ist France Passion Teil von FEFI<\/strong><\/a>, einem europ\u00e4ischen Netzwerk, das das einzigartige Erlebnis des Campings auf dem Land f\u00f6rdert. Mit France Passion reisen Sie nicht nur, sondern entdecken auch die versteckten Juwelen der franz\u00f6sischen Landschaft.<\/p>\n<p data-start=\"3834\" data-end=\"3961\"><strong>Kaufen Sie jetzt Ihren France Passion 2026 F\u00fchrer und bereiten Sie sich auf ein unvergessliches Abenteuer durch Frankreich vor!<\/strong><\/p>\n<p data-start=\"3963\" data-end=\"4254\">Bereiten Sie Ihr Wohnmobil oder Ihren Camper vor und begeben Sie sich auf ein unvergessliches Abenteuer durch Frankreich. France Passion, das franz\u00f6sische Pendant zu Agricamper, f\u00fchrt Sie durch atemberaubende Landschaften, bezaubernde Weinberge und geschichtstr\u00e4chtige St\u00e4dte.<\/p>\n<p data-start=\"4256\" data-end=\"4507\"><strong data-start=\"4256\" data-end=\"4289\">C\u00f4te d&#8217;Azur: Meer und Glamour<\/strong><\/p>\n<p data-start=\"4256\" data-end=\"4507\">Begeben Sie sich an die C\u00f4te d&#8217;Azur f\u00fcr ein glamour\u00f6ses Erlebnis. Von dem mond\u00e4nen Saint-Tropez bis zu Nizza und seiner Promenade bietet diese Region wundersch\u00f6ne Str\u00e4nde, elegante St\u00e4dte und eine lebhafte Atmosph\u00e4re.<\/p>\n<p data-start=\"4509\" data-end=\"4775\"><strong data-start=\"4509\" data-end=\"4549\">Provence: Farben und bet\u00f6rende D\u00fcfte<\/strong><\/p>\n<p data-start=\"4509\" data-end=\"4775\">Erkunden Sie die Provence mit ihren Lavendelfeldern und bunten M\u00e4rkten. Genie\u00dfen Sie die lokale K\u00fcche in einer kleinen Boulangerie und lassen Sie sich von den lebhaften Farben der D\u00f6rfer wie Gordes oder Roussillon verzaubern.<\/p>\n<p data-start=\"4777\" data-end=\"5017\"><strong data-start=\"4777\" data-end=\"4812\">Normandie: Geschichte und Natur<\/strong><\/p>\n<p data-start=\"4777\" data-end=\"5017\">Besuchen Sie die Normandie mit ihren historischen D-Day-Str\u00e4nden und dem majest\u00e4tischen Mont Saint-Michel. Erkunden Sie die wilden K\u00fcsten und kosten Sie den ber\u00fchmten Camembert-K\u00e4se direkt von der Quelle.<\/p>\n<p data-start=\"5019\" data-end=\"5282\"><strong data-start=\"5019\" data-end=\"5049\">Loiretal: M\u00e4rchenschl\u00f6sser<\/strong><\/p>\n<p data-start=\"5019\" data-end=\"5282\">Tauchen Sie ein in die Magie des Loiretals, bekannt f\u00fcr seine m\u00e4rchenhaften Schl\u00f6sser. Besuchen Sie Chambord, Chenonceau und viele andere und lassen Sie sich von diesen historischen Denkm\u00e4lern in idyllischen Landschaften verzaubern.<\/p>\n<p data-start=\"5284\" data-end=\"5548\"><strong data-start=\"5284\" data-end=\"5328\">Bordeaux: Ein Paradies f\u00fcr Weinliebhaber<\/strong><\/p>\n<p data-start=\"5284\" data-end=\"5548\">Reisen Sie in die Region Bordeaux, das Paradies der Weinliebhaber. Machen Sie eine Tour durch die Weinberge, verkosten Sie einige der besten Weine der Welt und genie\u00dfen Sie die ruhige, h\u00fcgelige Landschaft dieser Region.<\/p>\n<p data-start=\"5550\" data-end=\"5954\">Mit France Passion haben Sie die M\u00f6glichkeit, an einzigartigen Orten zu parken und die echte franz\u00f6sische Gastfreundschaft kennenzulernen. Frankreich erwartet Sie mit seinen verborgenen Sch\u00e4tzen, bereit, Ihnen unvergessliche Momente zu schenken. Starten Sie Ihre Reise im Wohnmobil oder Campervan und entdecken Sie Frankreich \u2013 ein Land, das Emotionen, Sch\u00f6nheit und Abenteuer in jedem Winkel verspricht!<\/p>\n","protected":false},"excerpt":{"rendered":"<p data-start=\"6128\" data-end=\"6702\">France Passion 2026 ist mehr als nur ein F\u00fchrer: Es ist Ihr Pass f\u00fcr ein <strong>unvergessliches Abenteuer in Frankreich<\/strong>. Ideal f\u00fcr Reisende im <strong>Wohnmobil oder Campervan<\/strong>, \u00f6ffnet dieser F\u00fchrer die T\u00fcren zu \u00fcber <strong>2.200 gastfreundlichen l\u00e4ndlichen Einrichtungen in Frankreich<\/strong>. Tauchen Sie ein in das Herz des Landlebens, <strong>genie\u00dfen Sie die Ruhe, die Natur und die k\u00f6stlichen regionalen franz\u00f6sischen Spezialit\u00e4ten<\/strong>. Neben dem gedruckten F\u00fchrer erhalten Sie eine exklusive Mitgliedskarte, einen Aufkleber und vollst\u00e4ndigen Zugang zur France Passion App, f\u00fcr ein noch reicheres Reiseerlebnis.<\/p>\n","protected":false},"featured_media":74907,"template":"","meta":[],"product_brand":[],"product_cat":[672],"product_tag":[],"class_list":{"0":"post-74902","1":"product","2":"type-product","3":"status-publish","4":"has-post-thumbnail","6":"product_cat-guide-cartacee-turistiche-camper-roulotte-de","8":"first","9":"instock","10":"taxable","11":"shipping-taxable","12":"purchasable","13":"product-type-simple"},"aioseo_notices":[],"_links":{"self":[{"href":"https:\/\/www.agricamper.com\/de\/wp-json\/wp\/v2\/product\/74902","targetHints":{"allow":["GET"]}}],"collection":[{"href":"https:\/\/www.agricamper.com\/de\/wp-json\/wp\/v2\/product"}],"about":[{"href":"https:\/\/www.agricamper.com\/de\/wp-json\/wp\/v2\/types\/product"}],"wp:featuredmedia":[{"embeddable":true,"href":"https:\/\/www.agricamper.com\/de\/wp-json\/wp\/v2\/media\/74907"}],"wp:attachment":[{"href":"https:\/\/www.agricamper.com\/de\/wp-json\/wp\/v2\/media?parent=74902"}],"wp:term":[{"taxonomy":"product_brand","embeddable":true,"href":"https:\/\/www.agricamper.com\/de\/wp-json\/wp\/v2\/product_brand?post=74902"},{"taxonomy":"product_cat","embeddable":true,"href":"https:\/\/www.agricamper.com\/de\/wp-json\/wp\/v2\/product_cat?post=74902"},{"taxonomy":"product_tag","embeddable":true,"href":"https:\/\/www.agricamper.com\/de\/wp-json\/wp\/v2\/product_tag?post=74902"}],"curies":[{"name":"wp","href":"https:\/\/api.w.org\/{rel}","templated":true}]}}