{"id":4285,"date":"2020-11-30T14:16:13","date_gmt":"2020-11-30T13:16:13","guid":{"rendered":"http:\/\/agricamper.web02.ipgarde.net\/prodotto\/guida-camper-soste-rurali-campagna\/"},"modified":"2025-01-15T18:14:24","modified_gmt":"2025-01-15T17:14:24","slug":"digitalen-stellplatzfuehrer-italien-landschaft","status":"publish","type":"product","link":"https:\/\/www.agricamper.com\/de\/produkt\/digitalen-stellplatzfuehrer-italien-landschaft\/","title":{"rendered":"J\u00c4HRLICHE Agricamper Digitaler Stellplatzf\u00fchrer in Italien"},"content":{"rendered":"<p><strong>Entdecken Sie Italien mit Agricamper: Ein einzigartiges Camping-Abenteuer f\u00fcr Wohnmobil- und Wohnwagenbesitzer<\/strong><\/p>\n<p>Stellen Sie sich vor, Sie sitzen am Steuer Ihres <strong>Wohnmobils<\/strong> oder <strong>Campervans<\/strong>, oder Sie haben Ihren <strong>Wohnwagen<\/strong> angeh\u00e4ngt, w\u00e4hrend Sie auf Stra\u00dfen fahren, die sich bis zum Horizont erstrecken, und Sie sich durch die <strong>au\u00dfergew\u00f6hnliche Landschaftsvielfalt Italiens<\/strong> wagen. <strong>Agricamper Italien<\/strong> l\u00e4dt Sie ein, das pulsierende Herz dieses magischen Landes zu entdecken, und bietet Ihnen eine Reise, die \u00fcber die \u00fcblichen touristischen Pfade hinausgeht, in einem Erlebnis, das <strong>Abenteuer<\/strong>, <strong>Kultur<\/strong> und <strong>Natur<\/strong> verbindet.<\/p>\n<p><strong>Authentische Erlebnisse mit einzigartigen Stellpl\u00e4tzen<\/strong><\/p>\n<p>Jeder <strong>Wohnmobil-Stellplatz<\/strong> mit Agricamper Italien ist eine Gelegenheit, sich voll und ganz in die <strong>zeitlose Sch\u00f6nheit Italiens<\/strong> einzutauchen: von den <strong>majest\u00e4tischen Gipfeln der Alpen und Dolomiten<\/strong>, die bei Sonnenuntergang err\u00f6ten, bis zu den <strong>sanften H\u00fcgeln der Toscana<\/strong>, \u00fcbers\u00e4t mit Weinbergen und Olivenhainen, und bis zu den <strong>funkelnden Mittelmeerk\u00fcsten<\/strong>, wo das Meer goldene Str\u00e4nde und atemberaubende Klippen umarmt. Unsere <strong>Stellpl\u00e4tze auf Bauernh\u00f6fen<\/strong> wurden ausgew\u00e4hlt, um nicht nur <strong>Komfort und Sicherheit<\/strong> zu bieten, sondern auch Zugang zu den <strong>sch\u00f6nsten Landschaften<\/strong> und <strong>\u00f6rtlichen Attraktionen<\/strong>.<\/p>\n<p><strong>Kulinarische und kulturelle Erlebnisse im Herzen des Landes<\/strong><\/p>\n<p>Doch Italien mit Agricamper ist nicht nur eine Reise durch Postkartenlandschaften. Es ist auch ein <strong>kulinarisches Abenteuer<\/strong>, das Ihnen die <strong>authentischen Aromen<\/strong> eines Landes n\u00e4her bringt, das reich an <strong>gastronomischen Traditionen<\/strong> ist. Unsere <strong>Bauernh\u00f6fe, Gasth\u00f6fe und Agricampingpl\u00e4tze<\/strong> erm\u00f6glichen es Ihnen, die <strong>Authentizit\u00e4t und Frische<\/strong> der lokalen Produkte direkt von den Bauernh\u00f6fen zu erleben, perfekt f\u00fcr diejenigen, die ein intimeres und naturverbundeneres Erlebnis suchen.<\/p>\n<p><strong>Eine nachhaltige Reise voller Komfort<\/strong><\/p>\n<p>Mit Agricamper Italien zu reisen bedeutet auch, eine <strong>Herzenswahl<\/strong> zu treffen, eine Art zu erkunden, die die <strong>Umwelt<\/strong> und die <strong>lokalen Gemeinschaften<\/strong> respektiert und einen <strong>nachhaltigen Tourismus<\/strong> bevorzugt, der einen leichten Fu\u00dfabdruck auf dem Land hinterl\u00e4sst, das uns beherbergt. Einige unserer <strong>Wohnmobil-Stellpl\u00e4tze<\/strong> sind mit allen <strong>notwendigen Einrichtungen<\/strong> ausgestattet, um w\u00e4hrend Ihres Aufenthalts <strong>Komfort<\/strong> zu gew\u00e4hrleisten, und erm\u00f6glichen es Ihnen, Italien wie nie zuvor in <strong>v\u00f6lliger Freiheit und Autonomie<\/strong> zu erleben. Wir sind eine Alternative zu traditionellen <strong>Wohnmobilparks<\/strong>.<\/p>\n","protected":false},"excerpt":{"rendered":"<p>Nach Ihrem Kauf erhalten Sie per E-Mail ein <strong>PDF-eBook<\/strong>, das eine aktualisierte Zusammenfassung der Gastgeber per 1. Januar enth\u00e4lt, welche auch von Ihrem Konto heruntergeladen werden kann. Zus\u00e4tzlich erhalten Sie kostenlosen Zugang zu unserer <strong><a href=\"https:\/\/www.agricamper-italia.com\/de\/knowledge-base-de\/wo-kann-man-die-agricamper-app-herunterladen-2\/\">mobilen App<\/a> (f\u00fcr Android und iOS)<\/strong>, die <strong>detaillierte Informationen nicht nur \u00fcber die Gastgeber<\/strong>, sondern auch \u00fcber <strong>410 kostenlose Entsorgungsstationen<\/strong> bereitstellt.<\/p>\n<ul>\n<li><strong>G\u00fcltige Mitgliedschaft f\u00fcr 12 Monate<\/strong> (ab dem Tag des Kaufs) f\u00fcr <strong>unbegrenzte und kostenlose Stellpl\u00e4tze von bis zu 24 Stunden <\/strong>bei <a href=\"https:\/\/www.agricamper-italia.com\/de\/knowledge-base-de\/wie-sind-die-hosts-innerhalb-des-kreises\/\">Agricamper-Gastgebern<\/a>.<\/li>\n<li><strong>Reserviert f\u00fcr\u00a0<a href=\"https:\/\/www.agricamper-italia.com\/de\/knowledge-base-de\/welche-arten-von-fahrzeugen-werden-akzeptiert\/\">Wohnmobile, Campervan und autark Wohnwagen<\/a><\/strong>.<\/li>\n<li>Zur Agricamper-Familie zu geh\u00f6ren, bedeutet, <strong>sich an unsere <a href=\"https:\/\/www.agricamper-italia.com\/de\/goldene-regel\/\">Goldenen Regeln<\/a><\/strong> zu halten, die essentiell sind, um allen ein qualitatives Reiseerlebnis zu garantieren.<\/li>\n<\/ul>\n<p><strong>Hinweis:<\/strong> Die Einzigartigkeit und Privatsph\u00e4re unserer Gastgeber zu wahren, ist entscheidend; es ist <strong>untersagt, Namen und Details der Gastgeber in sozialen Netzwerken oder Websites zu teilen<\/strong>.<\/p>\n","protected":false},"featured_media":55984,"template":"","meta":[],"product_brand":[],"product_cat":[59],"product_tag":[],"class_list":{"0":"post-4285","1":"product","2":"type-product","3":"status-publish","4":"has-post-thumbnail","6":"product_cat-mitgliedschaft","8":"first","9":"instock","10":"downloadable","11":"virtual","12":"taxable","13":"purchasable","14":"product-type-simple"},"aioseo_notices":[],"_links":{"self":[{"href":"https:\/\/www.agricamper.com\/de\/wp-json\/wp\/v2\/product\/4285","targetHints":{"allow":["GET"]}}],"collection":[{"href":"https:\/\/www.agricamper.com\/de\/wp-json\/wp\/v2\/product"}],"about":[{"href":"https:\/\/www.agricamper.com\/de\/wp-json\/wp\/v2\/types\/product"}],"wp:featuredmedia":[{"embeddable":true,"href":"https:\/\/www.agricamper.com\/de\/wp-json\/wp\/v2\/media\/55984"}],"wp:attachment":[{"href":"https:\/\/www.agricamper.com\/de\/wp-json\/wp\/v2\/media?parent=4285"}],"wp:term":[{"taxonomy":"product_brand","embeddable":true,"href":"https:\/\/www.agricamper.com\/de\/wp-json\/wp\/v2\/product_brand?post=4285"},{"taxonomy":"product_cat","embeddable":true,"href":"https:\/\/www.agricamper.com\/de\/wp-json\/wp\/v2\/product_cat?post=4285"},{"taxonomy":"product_tag","embeddable":true,"href":"https:\/\/www.agricamper.com\/de\/wp-json\/wp\/v2\/product_tag?post=4285"}],"curies":[{"name":"wp","href":"https:\/\/api.w.org\/{rel}","templated":true}]}}