{"id":37732,"date":"2024-01-09T11:06:38","date_gmt":"2024-01-09T10:06:38","guid":{"rendered":"https:\/\/www.agricamper-italia.com\/prodotto\/landvergnugen-germania-e-austria-in-camper-caravan-guida-digitale-delle-aree-di-sosta\/"},"modified":"2026-01-14T14:55:30","modified_gmt":"2026-01-14T13:55:30","slug":"landvergnugen-germania-e-austria-in-camper-caravan-guida-digitale-delle-aree-di-sosta","status":"publish","type":"product","link":"https:\/\/www.agricamper.com\/de\/produkt\/landvergnugen-germania-e-austria-in-camper-caravan-guida-digitale-delle-aree-di-sosta\/","title":{"rendered":"Landvergn\u00fcgen &#8211; Deutschland, \u00d6sterreich &#038; Schweiz mit dem Wohnmobil &#038; Wohnwagen &#8211; Digitaler Stellplatzf\u00fchrer"},"content":{"rendered":"<div class=\"flex-1 overflow-hidden @container\/thread\">\n<div class=\"h-full\">\n<div class=\"react-scroll-to-bottom--css-ssubc-79elbk h-full\">\n<div class=\"react-scroll-to-bottom--css-ssubc-1n7m0yu\">\n<div class=\"flex flex-col text-sm md:pb-9\">\n<article class=\"w-full scroll-mb-[var(--thread-trailing-height,150px)] text-token-text-primary focus-visible:outline-2 focus-visible:outline-offset-[-4px]\" dir=\"auto\" data-testid=\"conversation-turn-39\" data-scroll-anchor=\"true\">\n<div class=\"m-auto text-base py-[18px] px-3 md:px-4 w-full md:px-5 lg:px-4 xl:px-5\">\n<div class=\"mx-auto flex flex-1 gap-4 text-base md:gap-5 lg:gap-6 md:max-w-3xl lg:max-w-[40rem] xl:max-w-[48rem]\">\n<div class=\"group\/conversation-turn relative flex w-full min-w-0 flex-col agent-turn\">\n<div class=\"flex-col gap-1 md:gap-3\">\n<div class=\"flex max-w-full flex-col flex-grow\">\n<div class=\"min-h-8 text-message flex w-full flex-col items-end gap-2 whitespace-normal break-words text-start [.text-message+&amp;]:mt-5\" dir=\"auto\" data-message-author-role=\"assistant\" data-message-id=\"ce592615-8c56-448c-bc26-8f546d3e81f7\" data-message-model-slug=\"gpt-4o\">\n<div class=\"flex w-full flex-col gap-1 empty:hidden first:pt-[3px]\">\n<div class=\"markdown prose w-full break-words dark:prose-invert light\">\n<p><strong>Produkteigenschaften<\/strong><\/p>\n<ul>\n<li>Der App-Guide ist auf <strong>Deutsch<\/strong> verf\u00fcgbar; <strong>Piktogramme<\/strong> helfen Ihnen, die verf\u00fcgbaren Services intuitiv zu verstehen.<\/li>\n<li><strong>Mitgliedschaft g\u00fcltig f\u00fcr 12 Monate<\/strong> ab Kaufdatum.<\/li>\n<li>Enth\u00e4lt die App mit <strong>digitaler Mitgliedskarte<\/strong> und <strong>Buchungssystem<\/strong>.<\/li>\n<li>F\u00fcr Reisende mit autarken <strong>Wohnmobilen<\/strong>, <strong>Campervans<\/strong>,\u00a0<strong>Caravans <\/strong>und <strong>Dachzelten<\/strong>.<\/li>\n<li><strong>Kostenlose 24-Stunden-Stellpl\u00e4tze<\/strong> auf den sch\u00f6nsten Bauernh\u00f6fen in <strong>Deutschland<\/strong>, <strong>\u00d6sterreich<\/strong> und der <strong>Schweiz<\/strong>.<\/li>\n<li>Genie\u00dfen Sie das <strong>Landleben<\/strong>, <strong>Ruhe<\/strong>, <strong>Natur<\/strong> und <strong>regionale Spezialit\u00e4ten<\/strong> aus Deutschland, \u00d6sterreich und der Schweiz.<\/li>\n<li>Etwa <strong>2.150 gastfreundliche<\/strong>, l\u00e4ndliche Betriebe, davon <strong>1.500 in Deutschland<\/strong>, <strong>600 in \u00d6sterreich<\/strong> und <strong>50 in der Schweiz<\/strong>, mit \u00fcber <strong>4.600 verf\u00fcgbaren Stellpl\u00e4tzen<\/strong> f\u00fcr ein authentisches und komfortables Reiseerlebnis.<\/li>\n<\/ul>\n<p data-start=\"1116\" data-end=\"1136\"><strong data-start=\"1116\" data-end=\"1134\">Neuheiten 2026<\/strong><\/p>\n<ul>\n<li data-start=\"1143\" data-end=\"1788\"><strong data-start=\"1143\" data-end=\"1184\">Integrierter Gastgeber\u2013Reisenden-Chat<\/strong>, verf\u00fcgbar nach der digitalen Buchung und bis zu 7 Tage vor der Ankunft.<\/li>\n<li data-start=\"1143\" data-end=\"1788\"><strong data-start=\"1262\" data-end=\"1293\">Vereinfachte Routenplanung:<\/strong> die App zeigt passende Betriebe entlang der Route an, die sich leicht zur Reise hinzuf\u00fcgen lassen.<\/li>\n<li data-start=\"1143\" data-end=\"1788\"><strong data-start=\"1397\" data-end=\"1423\">Neue erweiterte Filter<\/strong>, um schnell die am besten geeigneten Stellpl\u00e4tze zu finden, zum Beispiel nach Fahrzeugtyp.<\/li>\n<li data-start=\"1143\" data-end=\"1788\"><strong data-start=\"1519\" data-end=\"1573\">Erg\u00e4nzend zu den Goldenen Regeln von Landvergn\u00fcgen<\/strong> enth\u00e4lt die App praktische Hinweise f\u00fcr ein respektvolles und positives Miteinander von Gastgebern und Reisenden.<\/li>\n<li data-start=\"1143\" data-end=\"1788\"><strong data-start=\"1692\" data-end=\"1712\">Neues App-Design<\/strong>, moderner und intuitiver, um die Reiseplanung noch angenehmer zu gestalten.<\/li>\n<\/ul>\n<p>Wie <strong>Agricamper<\/strong> <strong>Italia<\/strong> <strong>ist Landvergn\u00fcgen Teil der <a href=\"https:\/\/www.agricamper.com\/de\/auslandische-netzwerke\/\">FEFI<\/a><\/strong>, einem europ\u00e4ischen Netzwerk, das das einzigartige Erlebnis des Campens auf dem Land f\u00f6rdert. Mit <strong>Landvergn\u00fcgen<\/strong> reisen Sie nicht nur, sondern entdecken auch die verborgenen Sch\u00e4tze der l\u00e4ndlichen Gebiete Deutschlands, \u00d6sterreichs und der Schweiz.<\/p>\n<p><strong>Kaufen Sie jetzt Ihren digitalen Landvergn\u00fcgen-Guide<\/strong> und bereiten Sie sich auf ein unvergessliches Abenteuer durch <strong>Deutschland<\/strong>, <strong>\u00d6sterreich<\/strong> und die <strong>Schweiz<\/strong> vor!<\/p>\n<p>Entdecken Sie die Wunder <strong>\u00d6sterreichs<\/strong>, <strong>Deutschlands<\/strong> und der <strong>Schweiz<\/strong>. Bereiten Sie Ihr Fahrzeug vor und starten Sie von Italien aus in ein unvergessliches Abenteuer. Erkunden Sie <strong>\u00d6sterreich<\/strong>, <strong>Deutschland<\/strong> und die <strong>Schweiz<\/strong> mit <strong>Landvergn\u00fcgen<\/strong>, dem Pendant zu Agricamper in diesen faszinierenden L\u00e4ndern.<\/p>\n<hr \/>\n<p><strong>Schweiz: Ein Paradies aus Bergen, Seen und Kultur<\/strong><\/p>\n<p>Beginnen Sie Ihr Abenteuer im <strong>Tessin<\/strong>, der italienischsprachigen Region der Schweiz, wo sich italienische und schweizerische Kultur harmonisch vereinen. Spazieren Sie entlang der Ufer des <strong>Luganersees<\/strong>, erkunden Sie charmante kleine St\u00e4dte und genie\u00dfen Sie die lokale K\u00fcche, die mediterrane Gerichte mit alpinen Einfl\u00fcssen kombiniert. Diese Region bietet atemberaubende Ausblicke und eine Ruhe, die nur der S\u00fcden der Schweiz bieten kann.<\/p>\n<p>Reisen Sie weiter nach <strong>Genf<\/strong>, die Stadt der Vereinten Nationen, bekannt f\u00fcr ihren wundersch\u00f6nen See. Dort k\u00f6nnen Sie die <strong>ber\u00fchmte Blumenuhr<\/strong>, ein Symbol der Schweizer Pr\u00e4zision, bewundern und durch die Parks spazieren. Genf ist auch der perfekte Ausgangspunkt, um die Weinregion <strong>Lavaux<\/strong> zu erkunden, deren terrassierte Weinberge mit Blick auf den Genfersee eine au\u00dfergew\u00f6hnliche Landschaft und ein einzigartiges gastronomisches Erlebnis bieten.<\/p>\n<p>Setzen Sie Ihre Reise nach <strong>Luzern<\/strong> fort, einer malerischen Stadt am gleichnamigen See, umgeben von majest\u00e4tischen Bergen wie dem <strong>Pilatus<\/strong> und dem <strong>Rigi<\/strong>, die ideal f\u00fcr Panoramawanderungen sind. Luzern ist bekannt f\u00fcr die <strong>Kapellbr\u00fccke<\/strong>, eine \u00fcberdachte Br\u00fccke, die den Fluss Reuss \u00fcberquert, und f\u00fcr die kopfsteingepflasterten Stra\u00dfen, die von Geschichte gepr\u00e4gt sind.<\/p>\n<p>Zum Schluss fahren Sie nach <strong>Z\u00fcrich<\/strong>, der gr\u00f6\u00dften Stadt der Schweiz, die f\u00fcr ihre lebendige Kulturszene und als wichtiges Finanzzentrum bekannt ist. Spazieren Sie entlang des <strong>Z\u00fcrichsees<\/strong>, erkunden Sie die <strong>Altstadt<\/strong> mit ihren mittelalterlichen Gassen und entdecken Sie die Kunstmuseen und Galerien, die Z\u00fcrich zu einer der dynamischsten St\u00e4dte Europas machen.<\/p>\n<hr \/>\n<div class=\"flex-1 overflow-hidden @container\/thread\">\n<div class=\"h-full\">\n<div class=\"react-scroll-to-bottom--css-ssubc-79elbk h-full\">\n<div class=\"react-scroll-to-bottom--css-ssubc-1n7m0yu\">\n<div class=\"flex flex-col text-sm md:pb-9\">\n<article class=\"w-full scroll-mb-[var(--thread-trailing-height,150px)] text-token-text-primary focus-visible:outline-2 focus-visible:outline-offset-[-4px]\" dir=\"auto\" data-testid=\"conversation-turn-43\" data-scroll-anchor=\"true\">\n<div class=\"m-auto text-base py-[18px] px-3 md:px-4 w-full md:px-5 lg:px-4 xl:px-5\">\n<div class=\"mx-auto flex flex-1 gap-4 text-base md:gap-5 lg:gap-6 md:max-w-3xl lg:max-w-[40rem] xl:max-w-[48rem]\">\n<div class=\"group\/conversation-turn relative flex w-full min-w-0 flex-col agent-turn\">\n<div class=\"flex-col gap-1 md:gap-3\">\n<div class=\"flex max-w-full flex-col flex-grow\">\n<div class=\"min-h-8 text-message flex w-full flex-col items-end gap-2 whitespace-normal break-words text-start [.text-message+&amp;]:mt-5\" dir=\"auto\" data-message-author-role=\"assistant\" data-message-id=\"b92b6b08-8ff8-4788-874f-636132df3d78\" data-message-model-slug=\"gpt-4o\">\n<div class=\"flex w-full flex-col gap-1 empty:hidden first:pt-[3px]\">\n<div class=\"markdown prose w-full break-words dark:prose-invert light\">\n<p><strong>\u00d6sterreich: Ein Mosaik aus Kultur und bezaubernder Natur<\/strong><\/p>\n<p>Beginnen Sie Ihre Reise im S\u00fcden \u00d6sterreichs und erkunden Sie die Region <strong>Tirol<\/strong>, ein Paradies f\u00fcr Bergliebhaber. Hier k\u00f6nnen Sie panoramische Wanderungen unternehmen und charmante Alpend\u00f6rfer entdecken, eingebettet in unber\u00fchrte Natur. Atemberaubende Landschaften und eine ruhige Atmosph\u00e4re begleiten Sie auf Ihrem Weg.<\/p>\n<p>Setzen Sie Ihre Reise nach <strong>Salzburg<\/strong> fort, Mozarts Geburtsstadt, die Sie mit ihrer barocken Architektur und ihrem musikalischen Erbe empf\u00e4ngt. Besuchen Sie die <strong>Festung Hohensalzburg<\/strong>, die hoch \u00fcber der Stadt thront, und schlendern Sie durch die gepflasterten Gassen, die von Geschichte und Kultur durchdrungen sind. Salzburg ist auch der ideale Ausgangspunkt, um die <strong>Salzburger Alpen<\/strong> zu erkunden, ein Naturparadies f\u00fcr Wanderer und Outdoor-Enthusiasten.<\/p>\n<p>Reisen Sie weiter in die Hauptstadt <strong>Wien<\/strong>, die Sie mit ihrer kaiserlichen Eleganz verzaubern wird. Spazieren Sie entlang der Donau und besuchen Sie das majest\u00e4tische <strong>Schloss Sch\u00f6nbrunn<\/strong>, die Sommerresidenz der Kaiser. Vergessen Sie nicht, ein St\u00fcck der ber\u00fchmten <strong>Sachertorte<\/strong> in einem der traditionellen Wiener Kaffeeh\u00e4user zu genie\u00dfen, und erkunden Sie die renommierten Museen und Theater der Stadt, wie die <strong>Staatsoper<\/strong> und das <strong>Kunsthistorische Museum<\/strong>.<\/p>\n<p>Abschlie\u00dfend fahren Sie die ber\u00fchmte <strong>Gro\u00dfglockner Hochalpenstra\u00dfe<\/strong> entlang, eine der spektakul\u00e4rsten Panoramastra\u00dfen Europas. Sie f\u00fchrt durch den Nationalpark Hohe Tauern und bietet atemberaubende Ausblicke auf die Berge sowie Zugang zu Wanderwegen, die Sie zur Entdeckung der unber\u00fchrten Natur \u00d6sterreichs einladen.<\/p>\n<hr \/>\n<\/div>\n<\/div>\n<\/div>\n<\/div>\n<div class=\"mb-2 flex gap-3 empty:hidden -ml-2\">\n<div class=\"items-center justify-start rounded-xl p-1 flex\">\n<div class=\"flex-1 overflow-hidden @container\/thread\">\n<div class=\"h-full\">\n<div class=\"react-scroll-to-bottom--css-ssubc-79elbk h-full\">\n<div class=\"react-scroll-to-bottom--css-ssubc-1n7m0yu\">\n<div class=\"flex flex-col text-sm md:pb-9\">\n<article class=\"w-full scroll-mb-[var(--thread-trailing-height,150px)] text-token-text-primary focus-visible:outline-2 focus-visible:outline-offset-[-4px]\" dir=\"auto\" data-testid=\"conversation-turn-45\" data-scroll-anchor=\"true\">\n<div class=\"m-auto text-base py-[18px] px-3 md:px-4 w-full md:px-5 lg:px-4 xl:px-5\">\n<div class=\"mx-auto flex flex-1 gap-4 text-base md:gap-5 lg:gap-6 md:max-w-3xl lg:max-w-[40rem] xl:max-w-[48rem]\">\n<div class=\"group\/conversation-turn relative flex w-full min-w-0 flex-col agent-turn\">\n<div class=\"flex-col gap-1 md:gap-3\">\n<div class=\"flex max-w-full flex-col flex-grow\">\n<div class=\"min-h-8 text-message flex w-full flex-col items-end gap-2 whitespace-normal break-words text-start [.text-message+&amp;]:mt-5\" dir=\"auto\" data-message-author-role=\"assistant\" data-message-id=\"9fc4b176-d29c-44af-b827-bc55be3674f4\" data-message-model-slug=\"gpt-4o\">\n<div class=\"flex w-full flex-col gap-1 empty:hidden first:pt-[3px]\">\n<div class=\"markdown prose w-full break-words dark:prose-invert light\">\n<p><strong>Deutschland: Ein Land, das man auf vier R\u00e4dern entdecken kann<\/strong><\/p>\n<p>Beginnen Sie Ihre Reise im S\u00fcden Deutschlands und entdecken Sie die <strong>Romantische Stra\u00dfe<\/strong>, die sich von Bayern bis in den <strong>Schwarzwald<\/strong> erstreckt. Entlang dieser Route passieren Sie malerische mittelalterliche D\u00f6rfer, ber\u00fchmte Burgen wie das <strong>Schloss Neuschwanstein<\/strong> und Landschaften, die von sanften H\u00fcgeln bis zu hohen Bergen reichen und zahlreiche Erkundungsm\u00f6glichkeiten bieten.<\/p>\n<p>Setzen Sie Ihre Reise nach <strong>M\u00fcnchen<\/strong> fort, eine der ikonischsten St\u00e4dte Deutschlands. Entdecken Sie den historischen <strong>Marienplatz<\/strong> mit seinem imposanten neuer <strong>Uhrenturm<\/strong> und tauchen Sie in die lokale Tradition in den typischen <strong>Bierg\u00e4rten<\/strong> ein. Bayern ist auch bekannt f\u00fcr seine Seen, wie den<strong> Starnberger See<\/strong>, wo Sie die Ruhe der Landschaft genie\u00dfen und Wassersport betreiben k\u00f6nnen.<\/p>\n<p>Reisen Sie weiter in die <strong>Rhein<\/strong>&#8211; und <strong>Moselregionen<\/strong>, wo Sie die renommierten <strong>Weinanbaugebiete<\/strong> Deutschlands entdecken k\u00f6nnen. Halten Sie in kleinen D\u00f6rfern und lokalen Weinkellereien, um exklusive deutsche Weine zu verkosten und typische Gerichte der deutschen K\u00fcche zu genie\u00dfen.<\/p>\n<p>Zum Schluss erkunden Sie den <strong>Schwarzwald<\/strong>, eine der faszinierendsten Regionen des Landes. Fahren Sie die<strong> Schwarzwaldhochstra\u00dfe<\/strong> entlang, wo Sie unber\u00fchrte Naturlandschaften bewundern und die Tradition der Herstellung von Kuckucksuhren entdecken k\u00f6nnen. Diese Ecke Deutschlands ist perfekt f\u00fcr Naturliebhaber und diejenigen, die lokale Traditionen sch\u00e4tzen.<\/p>\n<hr \/>\n<p>Mit <strong>Landvergn\u00fcgen<\/strong> erleben Sie ein einzigartiges Abenteuer durch die <strong>Schweiz<\/strong>, <strong>\u00d6sterreich<\/strong> und <strong>Deutschland<\/strong>. Jede Etappe Ihrer Reise bietet Ihnen die M\u00f6glichkeit, atemberaubende Landschaften, authentische Traditionen und lokale Spezialit\u00e4ten zu entdecken. Sie werden an einzigartigen Orten \u00fcbernachten, die Gastfreundschaft der Einheimischen genie\u00dfen und unvergessliche Erlebnisse sammeln. Bereiten Sie sich darauf vor, die Sch\u00f6nheit von drei faszinierenden L\u00e4ndern zu erkunden \u2013 mit <strong>Landvergn\u00fcgen<\/strong> als Ihrem Begleiter f\u00fcr ein unvergleichliches Abenteuer.<\/p>\n<\/div>\n<\/div>\n<\/div>\n<\/div>\n<\/div>\n<\/div>\n<\/div>\n<\/div>\n<\/article>\n<\/div>\n<\/div>\n<\/div>\n<\/div>\n<\/div>\n<\/div>\n<\/div>\n<\/div>\n<\/div>\n<\/div>\n<\/div>\n<\/article>\n<\/div>\n<\/div>\n<\/div>\n<\/div>\n<\/div>\n<\/div>\n<\/div>\n<\/div>\n<\/div>\n<\/div>\n<\/div>\n<\/div>\n<\/div>\n<\/article>\n<\/div>\n<\/div>\n<\/div>\n<\/div>\n<\/div>\n","protected":false},"excerpt":{"rendered":"<p><strong>Landvergn\u00fcgen<\/strong>, weit mehr als ein digitaler Reisef\u00fchrer, ist Ihr Pass f\u00fcr eine unvergessliche Entdeckungsreise durch <strong>Deutschland<\/strong>, <strong>\u00d6sterreich<\/strong> und die <strong>Schweiz<\/strong>. F\u00fcr Reisende mit <strong>Wohnmobilen<\/strong>, <strong>Campervans<\/strong>, <strong>autarken Caravans <\/strong>und <strong>Dachzelten<\/strong> bietet dieser Guide Zugang zu \u00fcber <strong>2.100 l\u00e4ndlichen Gastgebern<\/strong> in den idyllischen Landschaften dieser drei L\u00e4nder, mit insgesamt <strong>4.600 Stellpl\u00e4tzen<\/strong>. Tauchen Sie ein in die Ruhe des Landlebens, entdecken Sie unber\u00fchrte Natur und genie\u00dfen Sie die regionalen K\u00f6stlichkeiten <strong>Deutschlands<\/strong>, <strong>\u00d6sterreichs<\/strong> und der <strong>Schweiz<\/strong>.<\/p>\n<p><em>Durch Nutzung dieses Affiliate-Links k\u00f6nnen Sie direkt bei Landvergn\u00fcgen einkaufen, gem\u00e4\u00df deren Allgemeinen Gesch\u00e4ftsbedingungen.<\/em><\/p>\n","protected":false},"featured_media":75427,"template":"","meta":[],"product_brand":[],"product_cat":[672],"product_tag":[],"class_list":{"0":"post-37732","1":"product","2":"type-product","3":"status-publish","4":"has-post-thumbnail","6":"product_cat-guide-cartacee-turistiche-camper-roulotte-de","8":"first","9":"instock","10":"taxable","11":"shipping-taxable","12":"product-type-external"},"aioseo_notices":[],"_links":{"self":[{"href":"https:\/\/www.agricamper.com\/de\/wp-json\/wp\/v2\/product\/37732","targetHints":{"allow":["GET"]}}],"collection":[{"href":"https:\/\/www.agricamper.com\/de\/wp-json\/wp\/v2\/product"}],"about":[{"href":"https:\/\/www.agricamper.com\/de\/wp-json\/wp\/v2\/types\/product"}],"wp:featuredmedia":[{"embeddable":true,"href":"https:\/\/www.agricamper.com\/de\/wp-json\/wp\/v2\/media\/75427"}],"wp:attachment":[{"href":"https:\/\/www.agricamper.com\/de\/wp-json\/wp\/v2\/media?parent=37732"}],"wp:term":[{"taxonomy":"product_brand","embeddable":true,"href":"https:\/\/www.agricamper.com\/de\/wp-json\/wp\/v2\/product_brand?post=37732"},{"taxonomy":"product_cat","embeddable":true,"href":"https:\/\/www.agricamper.com\/de\/wp-json\/wp\/v2\/product_cat?post=37732"},{"taxonomy":"product_tag","embeddable":true,"href":"https:\/\/www.agricamper.com\/de\/wp-json\/wp\/v2\/product_tag?post=37732"}],"curies":[{"name":"wp","href":"https:\/\/api.w.org\/{rel}","templated":true}]}}