{"id":37233,"date":"2024-01-23T13:37:56","date_gmt":"2024-01-23T12:37:56","guid":{"rendered":"https:\/\/www.agricamper-italia.com\/prodotto\/pintrip-danimarca-in-camper-caravan-guida-delle-soste-digitale\/"},"modified":"2025-01-17T09:26:23","modified_gmt":"2025-01-17T08:26:23","slug":"pintrip-danimarca-in-camper-caravan-guida-delle-soste-digitale","status":"publish","type":"product","link":"https:\/\/www.agricamper.com\/de\/produkt\/pintrip-danimarca-in-camper-caravan-guida-delle-soste-digitale\/","title":{"rendered":"Pintrip &#8211; D\u00e4nemark im Wohnmobil &#038; Wohnwagen &#8211; Digitale Stellplatzf\u00fchrer"},"content":{"rendered":"<p><strong>Produktmerkmale<\/strong><\/p>\n<ul>\n<li>Die Pintrip-App ist in D\u00e4nisch, Englisch und Deutsch verf\u00fcgbar und verwendet internationale Piktogramme und GPS-Informationen<\/li>\n<li>Mitgliedschaft g\u00fcltig f\u00fcr 12 Monate ab Kaufdatum.<\/li>\n<li>Jede Mitgliedschaft bietet 2 Zug\u00e4nge zur Pintrip-App<\/li>\n<li>F\u00fcr Reisende im Wohnmobil, Campervan, Wohnwagen und auf Dachzelten*<\/li>\n<li>Kostenlose 24-Stunden-Stopps auf D\u00e4nemarks sch\u00f6nsten Bauernh\u00f6fen<\/li>\n<li>Genie\u00dfen Sie das Landleben, die Ruhe, die Natur und die d\u00e4nischen regionalen Spezialit\u00e4ten<\/li>\n<li>Etwa 300 l\u00e4ndliche und gastfreundliche Gastgeber in ganz D\u00e4nemark<\/li>\n<\/ul>\n<p><strong>*Fahrzeuganforderungen: <\/strong><strong>Wohnwagen:<\/strong> Empfang bei etwa 130 Gastgebern \/ <strong>Dachzelte:<\/strong> Empfang bei etwa 250 Gastgebern \/ <strong>Fahrzeuge ohne Toiletten:<\/strong> Empfang bei etwa 80 Gastgebern mit Zugang zu Sanit\u00e4ranlagen.<\/p>\n<p>Wie Agricamper Italia ist auch <a href=\"https:\/\/www.agricamper-italia.com\/de\/auslandische-netzwerke\/\"><strong>Pintrip Teil von FEFI<\/strong><\/a>, einem europ\u00e4ischen Netzwerk, das das einzigartige Erlebnis des Camping auf dem Land f\u00f6rdert. Mit Pintrip reisen Sie nicht nur; Sie entdecken die versteckten Sch\u00e4tze der d\u00e4nischen Landschaft.<\/p>\n<p><strong>Bestellen Sie jetzt Ihren digitalen Pintrip-F\u00fchrer und machen Sie sich bereit f\u00fcr ein einzigartiges Abenteuer durch D\u00e4nemark!<\/strong><\/p>\n<p>D\u00e4nemark mit seiner \u00fcberraschenden Vielfalt an Landschaften und seiner reichen kulturellen Geschichte ist ein perfektes Reiseziel f\u00fcr ein Wohnmobil-, Campervan- oder Wohnwagenabenteuer. Dank Pintrip, dem d\u00e4nischen Pendant zu Agricamper, haben Sie die einzigartige Gelegenheit, die Wunder dieses Landes authentisch und komfortabel zu entdecken.<\/p>\n<p><strong>Kopenhagen: Ein Mosaik aus Farben und Kultur<\/strong><br \/>\nVerpassen Sie nicht die lebendige Hauptstadt Kopenhagen. Die Stadt ist ein wahres Mosaik aus Geschichte, Moderne, Kunst und Design. Schlendern Sie entlang der Kan\u00e4le, entdecken Sie trendige Lokale und bewundern Sie die ber\u00fchmte Kleine Meerjungfrau.<\/p>\n<p><strong>Die bezaubernden Str\u00e4nde J\u00fctlands<\/strong><br \/>\nFahren Sie zu den weiten Sandstr\u00e4nden J\u00fctlands. Hier treffen die ausgedehnten Sandk\u00fcsten auf das blaue Meer und bieten ideale Szenarien zum Entspannen oder f\u00fcr K\u00fcstenspazierg\u00e4nge.<\/p>\n<p><strong>Skagen: Wo sich zwei Meere treffen<\/strong><br \/>\nBesuchen Sie Skagen, an der \u00e4u\u00dfersten Spitze D\u00e4nemarks, wo die Begegnung der Ostsee und der Nordsee ein einzigartiges Naturspektakel schafft. Das einzigartige Licht dieses Ortes hat viele K\u00fcnstler inspiriert und bezaubert weiterhin Besucher.<\/p>\n<p><strong>Aarhus: Eine Stadt der Kunst und Kultur<\/strong><br \/>\nMachen Sie Halt in Aarhus, der Stadt der Kultur. Besuchen Sie das ARoS Aarhus Art Museum und schlendern Sie durch das Lateinviertel, das reich an Gesch\u00e4ften, Caf\u00e9s und historischer Architektur ist.<\/p>\n<p><strong>Legoland: Der Traum eines jeden Kindes<\/strong><br \/>\nLegoland, ein Paradies f\u00fcr Kinder und mehr. Es befindet sich in Billund und bietet der ganzen Familie ein magisches Erlebnis mit lebensgro\u00dfen LEGO-Bauten und lustigen Attraktionen.<\/p>\n<p>Mit Pintrip k\u00f6nnen Sie an einzigartigen und weniger bekannten Orten Halt machen, in die lokale Kultur eintauchen und unvergessliche Erlebnisse haben. Bereiten Sie Ihr Wohnmobil, Ihren Campervan oder Ihren Wohnwagen vor und machen Sie sich bereit, D\u00e4nemark wie nie zuvor zu erleben!<\/p>\n","protected":false},"excerpt":{"rendered":"<p>Erkunden Sie D\u00e4nemark mit Pintrip, dem unverzichtbaren digitalen Reisef\u00fchrer f\u00fcr <strong>Reisende im Wohnmobil, Campervan oder Wohnwagen<\/strong>. Mit <strong>\u00fcber 300 Pintrip-Gastgebern<\/strong> haben Sie Zugang zu Mikroerlebnissen und kostenlosen \u00dcbernachtungen an Orten wie Bauernh\u00f6fen, Brauereien, Molkereien, Landg\u00fctern, Gasth\u00f6fen und kleinen privaten Museen.<\/p>\n<p><em>Durch Nutzung dieses Affiliate-Links k\u00f6nnen Sie direkt bei Pintrip einkaufen, gem\u00e4\u00df deren Allgemeinen Gesch\u00e4ftsbedingungen.<\/em><\/p>\n","protected":false},"featured_media":54552,"template":"","meta":[],"product_brand":[],"product_cat":[672],"product_tag":[],"class_list":{"0":"post-37233","1":"product","2":"type-product","3":"status-publish","4":"has-post-thumbnail","6":"product_cat-guide-cartacee-turistiche-camper-roulotte-de","8":"first","9":"instock","10":"taxable","11":"shipping-taxable","12":"product-type-external"},"aioseo_notices":[],"_links":{"self":[{"href":"https:\/\/www.agricamper.com\/de\/wp-json\/wp\/v2\/product\/37233","targetHints":{"allow":["GET"]}}],"collection":[{"href":"https:\/\/www.agricamper.com\/de\/wp-json\/wp\/v2\/product"}],"about":[{"href":"https:\/\/www.agricamper.com\/de\/wp-json\/wp\/v2\/types\/product"}],"wp:featuredmedia":[{"embeddable":true,"href":"https:\/\/www.agricamper.com\/de\/wp-json\/wp\/v2\/media\/54552"}],"wp:attachment":[{"href":"https:\/\/www.agricamper.com\/de\/wp-json\/wp\/v2\/media?parent=37233"}],"wp:term":[{"taxonomy":"product_brand","embeddable":true,"href":"https:\/\/www.agricamper.com\/de\/wp-json\/wp\/v2\/product_brand?post=37233"},{"taxonomy":"product_cat","embeddable":true,"href":"https:\/\/www.agricamper.com\/de\/wp-json\/wp\/v2\/product_cat?post=37233"},{"taxonomy":"product_tag","embeddable":true,"href":"https:\/\/www.agricamper.com\/de\/wp-json\/wp\/v2\/product_tag?post=37233"}],"curies":[{"name":"wp","href":"https:\/\/api.w.org\/{rel}","templated":true}]}}