{"id":2630,"date":"2026-04-03T12:39:01","date_gmt":"2026-04-03T10:39:01","guid":{"rendered":"https:\/\/www.agricamper.com\/produit\/nortrip-motorhome-stopover-guide-for-norway\/"},"modified":"2026-04-03T13:10:06","modified_gmt":"2026-04-03T13:10:06","slug":"nortrip-stellplatzfuehrer-fuer-wohnmobile-in-norwegen","status":"publish","type":"product","link":"https:\/\/www.agricamper.com\/de\/produkt\/nortrip-stellplatzfuehrer-fuer-wohnmobile-in-norwegen\/","title":{"rendered":"Nortrip \u2013 Stellplatzf\u00fchrer f\u00fcr Wohnmobile in Norwegen"},"content":{"rendered":"<p><\/p>\n<ul>\n<li>Zugang zu \u00fcber 200 gastfreundlichen l\u00e4ndlichen Gastgebern in ganz Norwegen mit nur einer digitalen Mitgliedschaft<\/li>\n<li>F\u00fcr Wohnmobile, Campervans, Wohnwagen und Dachzelte, die authentische Erlebnisse in norwegischer Landschaft und an den Fjorden suchen<\/li>\n<\/ul>\n","protected":false},"excerpt":{"rendered":"<p>Zugang zu \u00fcber 200 gastfreundlichen l\u00e4ndlichen Gastgebern in ganz Norwegen mit nur einer digitalen Mitgliedschaft F\u00fcr Wohnmobile, Campervans, Wohnwagen und Dachzelte, die authentische Erlebnisse in norwegischer Landschaft und an den Fjorden suchen<\/p>\n","protected":false},"featured_media":1138,"template":"","meta":{"_acf_changed":false},"product_brand":[],"product_cat":[276,285],"product_tag":[],"class_list":{"0":"post-2630","1":"product","2":"type-product","3":"status-publish","4":"has-post-thumbnail","6":"product_cat-guide-soste-europa-fefi","9":"first","10":"instock","11":"product-type-external"},"acf":[],"_links":{"self":[{"href":"https:\/\/www.agricamper.com\/de\/wp-json\/wp\/v2\/product\/2630","targetHints":{"allow":["GET"]}}],"collection":[{"href":"https:\/\/www.agricamper.com\/de\/wp-json\/wp\/v2\/product"}],"about":[{"href":"https:\/\/www.agricamper.com\/de\/wp-json\/wp\/v2\/types\/product"}],"wp:featuredmedia":[{"embeddable":true,"href":"https:\/\/www.agricamper.com\/de\/wp-json\/wp\/v2\/media\/1138"}],"wp:attachment":[{"href":"https:\/\/www.agricamper.com\/de\/wp-json\/wp\/v2\/media?parent=2630"}],"wp:term":[{"taxonomy":"product_brand","embeddable":true,"href":"https:\/\/www.agricamper.com\/de\/wp-json\/wp\/v2\/product_brand?post=2630"},{"taxonomy":"product_cat","embeddable":true,"href":"https:\/\/www.agricamper.com\/de\/wp-json\/wp\/v2\/product_cat?post=2630"},{"taxonomy":"product_tag","embeddable":true,"href":"https:\/\/www.agricamper.com\/de\/wp-json\/wp\/v2\/product_tag?post=2630"}],"curies":[{"name":"wp","href":"https:\/\/api.w.org\/{rel}","templated":true}]}}