{"id":2574,"date":"2026-03-05T08:56:44","date_gmt":"2026-03-05T07:56:44","guid":{"rendered":"https:\/\/www.agricamper.com\/produit\/brit-stops-motorhome-stopover-guide-for-united-kingdom-ireland\/"},"modified":"2026-04-03T11:29:39","modified_gmt":"2026-04-03T11:29:39","slug":"brit-stops-stellplatzfuehrer-fuer-wohnmobile-in-grossbritannien-und-irland","status":"publish","type":"product","link":"https:\/\/www.agricamper.com\/de\/produkt\/brit-stops-stellplatzfuehrer-fuer-wohnmobile-in-grossbritannien-und-irland\/","title":{"rendered":"Brit Stops \u2013 Stellplatzf\u00fchrer f\u00fcr Wohnmobile in Gro\u00dfbritannien und Irland"},"content":{"rendered":"<p>&nbsp;<\/p>\n<ul>\n<li>Zugang zu \u00fcber 1.500 gastfreundlichen Landstandorten und Pubs in Gro\u00dfbritannien und Irland.<\/li>\n<li>Digitale 12\u2011Monats\u2011Mitgliedschaft mit vollem Zugang zur Brit Stops App und Website.<\/li>\n<\/ul>\n","protected":false},"excerpt":{"rendered":"<p>&nbsp; Zugang zu \u00fcber 1.500 gastfreundlichen Landstandorten und Pubs in Gro\u00dfbritannien und Irland. Digitale 12\u2011Monats\u2011Mitgliedschaft mit vollem Zugang zur Brit Stops App und Website.<\/p>\n","protected":false},"featured_media":1155,"template":"","meta":{"_acf_changed":false},"product_brand":[],"product_cat":[276,285],"product_tag":[],"class_list":{"0":"post-2574","1":"product","2":"type-product","3":"status-publish","4":"has-post-thumbnail","6":"product_cat-guide-soste-europa-fefi","9":"first","10":"instock","11":"sale","12":"taxable","13":"shipping-taxable","14":"product-type-external"},"acf":[],"_links":{"self":[{"href":"https:\/\/www.agricamper.com\/de\/wp-json\/wp\/v2\/product\/2574","targetHints":{"allow":["GET"]}}],"collection":[{"href":"https:\/\/www.agricamper.com\/de\/wp-json\/wp\/v2\/product"}],"about":[{"href":"https:\/\/www.agricamper.com\/de\/wp-json\/wp\/v2\/types\/product"}],"wp:featuredmedia":[{"embeddable":true,"href":"https:\/\/www.agricamper.com\/de\/wp-json\/wp\/v2\/media\/1155"}],"wp:attachment":[{"href":"https:\/\/www.agricamper.com\/de\/wp-json\/wp\/v2\/media?parent=2574"}],"wp:term":[{"taxonomy":"product_brand","embeddable":true,"href":"https:\/\/www.agricamper.com\/de\/wp-json\/wp\/v2\/product_brand?post=2574"},{"taxonomy":"product_cat","embeddable":true,"href":"https:\/\/www.agricamper.com\/de\/wp-json\/wp\/v2\/product_cat?post=2574"},{"taxonomy":"product_tag","embeddable":true,"href":"https:\/\/www.agricamper.com\/de\/wp-json\/wp\/v2\/product_tag?post=2574"}],"curies":[{"name":"wp","href":"https:\/\/api.w.org\/{rel}","templated":true}]}}