{"id":1209,"date":"2026-03-05T08:40:47","date_gmt":"2026-03-05T07:40:47","guid":{"rendered":"https:\/\/www.agricamper.com\/produit\/pintrip\/"},"modified":"2026-04-03T11:16:52","modified_gmt":"2026-04-03T11:16:52","slug":"pintrip-stellplatzfuehrer-fuer-wohnmobile-in-daenemark","status":"publish","type":"product","link":"https:\/\/www.agricamper.com\/de\/produkt\/pintrip-stellplatzfuehrer-fuer-wohnmobile-in-daenemark\/","title":{"rendered":"Pintrip \u2013 Stellplatzf\u00fchrer f\u00fcr Wohnmobile in D\u00e4nemark"},"content":{"rendered":"<p><\/br><\/p>\n<ul>\n<li>Zugang zu rund 300 Gastgebern in ganz D\u00e4nemark mit einer digitalen Mitgliedschaft.<\/li>\n<li>F\u00fcr Wohnmobile, Campervans, Wohnwagen und Dachzelte, die das d\u00e4nische Landleben erleben m\u00f6chten.<\/li>\n<\/ul>\n","protected":false},"excerpt":{"rendered":"<p>Zugang zu rund 300 Gastgebern in ganz D\u00e4nemark mit einer digitalen Mitgliedschaft. F\u00fcr Wohnmobile, Campervans, Wohnwagen und Dachzelte, die das d\u00e4nische Landleben erleben m\u00f6chten.<\/p>\n","protected":false},"featured_media":1141,"template":"","meta":{"_acf_changed":false},"product_brand":[],"product_cat":[276,285],"product_tag":[],"class_list":{"0":"post-1209","1":"product","2":"type-product","3":"status-publish","4":"has-post-thumbnail","6":"product_cat-guide-soste-europa-fefi","9":"first","10":"instock","11":"product-type-external"},"acf":[],"_links":{"self":[{"href":"https:\/\/www.agricamper.com\/de\/wp-json\/wp\/v2\/product\/1209","targetHints":{"allow":["GET"]}}],"collection":[{"href":"https:\/\/www.agricamper.com\/de\/wp-json\/wp\/v2\/product"}],"about":[{"href":"https:\/\/www.agricamper.com\/de\/wp-json\/wp\/v2\/types\/product"}],"wp:featuredmedia":[{"embeddable":true,"href":"https:\/\/www.agricamper.com\/de\/wp-json\/wp\/v2\/media\/1141"}],"wp:attachment":[{"href":"https:\/\/www.agricamper.com\/de\/wp-json\/wp\/v2\/media?parent=1209"}],"wp:term":[{"taxonomy":"product_brand","embeddable":true,"href":"https:\/\/www.agricamper.com\/de\/wp-json\/wp\/v2\/product_brand?post=1209"},{"taxonomy":"product_cat","embeddable":true,"href":"https:\/\/www.agricamper.com\/de\/wp-json\/wp\/v2\/product_cat?post=1209"},{"taxonomy":"product_tag","embeddable":true,"href":"https:\/\/www.agricamper.com\/de\/wp-json\/wp\/v2\/product_tag?post=1209"}],"curies":[{"name":"wp","href":"https:\/\/api.w.org\/{rel}","templated":true}]}}