{"id":1205,"date":"2026-03-05T09:01:54","date_gmt":"2026-03-05T09:01:54","guid":{"rendered":"https:\/\/www.agricamper.com\/produit\/landvergnugen\/"},"modified":"2026-04-29T14:49:50","modified_gmt":"2026-04-29T12:49:50","slug":"landvergnuegen-stellplatzfuehrer-fuer-wohnmobile-in-deutschland-oesterreich-schweiz","status":"publish","type":"product","link":"https:\/\/www.agricamper.com\/de\/produkt\/landvergnuegen-stellplatzfuehrer-fuer-wohnmobile-in-deutschland-oesterreich-schweiz\/","title":{"rendered":"Landvergn\u00fcgen \u2013 Stellplatzf\u00fchrer f\u00fcr Wohnmobile in Deutschland, \u00d6sterreich, Schweiz"},"content":{"rendered":"<p>&nbsp;<\/p>\n<ul>\n<li>Zugang zu \u00fcber 2.100 l\u00e4ndlichen Gastgebern und mehr als 4.900 Stellpl\u00e4tzen im Bauernhofstil in Deutschland, \u00d6sterreich und der Schweiz.<\/li>\n<li>F\u00fcr Wohnmobile, Campervans, autarke Wohnwagen und Dachzelte, die echte \u00dcbernachtungen auf dem Land suchen.<\/li>\n<\/ul>\n","protected":false},"excerpt":{"rendered":"<p>&nbsp; Zugang zu \u00fcber 2.100 l\u00e4ndlichen Gastgebern und mehr als 4.900 Stellpl\u00e4tzen im Bauernhofstil in Deutschland, \u00d6sterreich und der Schweiz. F\u00fcr Wohnmobile, Campervans, autarke Wohnwagen und Dachzelte, die echte \u00dcbernachtungen auf dem Land suchen.<\/p>\n","protected":false},"featured_media":1156,"template":"","meta":{"_acf_changed":false},"product_brand":[],"product_cat":[285],"product_tag":[],"class_list":{"0":"post-1205","1":"product","2":"type-product","3":"status-publish","4":"has-post-thumbnail","6":"product_cat-guide-soste-europa-fefi","8":"first","9":"instock","10":"product-type-external"},"acf":[],"_links":{"self":[{"href":"https:\/\/www.agricamper.com\/de\/wp-json\/wp\/v2\/product\/1205","targetHints":{"allow":["GET"]}}],"collection":[{"href":"https:\/\/www.agricamper.com\/de\/wp-json\/wp\/v2\/product"}],"about":[{"href":"https:\/\/www.agricamper.com\/de\/wp-json\/wp\/v2\/types\/product"}],"wp:featuredmedia":[{"embeddable":true,"href":"https:\/\/www.agricamper.com\/de\/wp-json\/wp\/v2\/media\/1156"}],"wp:attachment":[{"href":"https:\/\/www.agricamper.com\/de\/wp-json\/wp\/v2\/media?parent=1205"}],"wp:term":[{"taxonomy":"product_brand","embeddable":true,"href":"https:\/\/www.agricamper.com\/de\/wp-json\/wp\/v2\/product_brand?post=1205"},{"taxonomy":"product_cat","embeddable":true,"href":"https:\/\/www.agricamper.com\/de\/wp-json\/wp\/v2\/product_cat?post=1205"},{"taxonomy":"product_tag","embeddable":true,"href":"https:\/\/www.agricamper.com\/de\/wp-json\/wp\/v2\/product_tag?post=1205"}],"curies":[{"name":"wp","href":"https:\/\/api.w.org\/{rel}","templated":true}]}}