{"id":1185,"date":"2026-03-05T09:00:45","date_gmt":"2026-03-05T08:00:45","guid":{"rendered":"https:\/\/www.agricamper.com\/produit\/nortrip\/"},"modified":"2026-04-03T13:24:18","modified_gmt":"2026-04-03T13:24:18","slug":"nortrip-stellplatzfuehrer-fuer-wohnmobile-in-schweden","status":"publish","type":"product","link":"https:\/\/www.agricamper.com\/de\/produkt\/nortrip-stellplatzfuehrer-fuer-wohnmobile-in-schweden\/","title":{"rendered":"Nortrip \u2013 Stellplatzf\u00fchrer f\u00fcr Wohnmobile in Schweden"},"content":{"rendered":"<p>&nbsp;<\/p>\n<ul>\n<li>Zugang zu \u00fcber 100 gastfreundlichen l\u00e4ndlichen Gastgebern in ganz Schweden mit nur einer digitalen Mitgliedschaft<\/li>\n<li>F\u00fcr Wohnmobile, Campervans, Wohnwagen und Dachzelte, die authentische Erlebnisse in der schwedischen Natur und auf dem Land suchen<\/li>\n<\/ul>\n","protected":false},"excerpt":{"rendered":"<p>&nbsp; Zugang zu \u00fcber 100 gastfreundlichen l\u00e4ndlichen Gastgebern in ganz Schweden mit nur einer digitalen Mitgliedschaft F\u00fcr Wohnmobile, Campervans, Wohnwagen und Dachzelte, die authentische Erlebnisse in der schwedischen Natur und auf dem Land suchen<\/p>\n","protected":false},"featured_media":1866,"template":"","meta":{"_acf_changed":false},"product_brand":[],"product_cat":[276,285],"product_tag":[],"class_list":{"0":"post-1185","1":"product","2":"type-product","3":"status-publish","4":"has-post-thumbnail","6":"product_cat-guide-soste-europa-fefi","9":"first","10":"instock","11":"product-type-external"},"acf":[],"_links":{"self":[{"href":"https:\/\/www.agricamper.com\/de\/wp-json\/wp\/v2\/product\/1185","targetHints":{"allow":["GET"]}}],"collection":[{"href":"https:\/\/www.agricamper.com\/de\/wp-json\/wp\/v2\/product"}],"about":[{"href":"https:\/\/www.agricamper.com\/de\/wp-json\/wp\/v2\/types\/product"}],"wp:featuredmedia":[{"embeddable":true,"href":"https:\/\/www.agricamper.com\/de\/wp-json\/wp\/v2\/media\/1866"}],"wp:attachment":[{"href":"https:\/\/www.agricamper.com\/de\/wp-json\/wp\/v2\/media?parent=1185"}],"wp:term":[{"taxonomy":"product_brand","embeddable":true,"href":"https:\/\/www.agricamper.com\/de\/wp-json\/wp\/v2\/product_brand?post=1185"},{"taxonomy":"product_cat","embeddable":true,"href":"https:\/\/www.agricamper.com\/de\/wp-json\/wp\/v2\/product_cat?post=1185"},{"taxonomy":"product_tag","embeddable":true,"href":"https:\/\/www.agricamper.com\/de\/wp-json\/wp\/v2\/product_tag?post=1185"}],"curies":[{"name":"wp","href":"https:\/\/api.w.org\/{rel}","templated":true}]}}