{"id":1181,"date":"2026-03-05T09:03:37","date_gmt":"2026-03-05T09:03:37","guid":{"rendered":"https:\/\/www.agricamper.com\/produit\/france-passion\/"},"modified":"2026-04-29T14:47:29","modified_gmt":"2026-04-29T12:47:29","slug":"france-passion-2026-stellplatzfuehrer-fuer-wohnmobile-in-frankreich","status":"publish","type":"product","link":"https:\/\/www.agricamper.com\/de\/produkt\/france-passion-2026-stellplatzfuehrer-fuer-wohnmobile-in-frankreich\/","title":{"rendered":"France Passion 2026 \u2013 Stellplatzf\u00fchrer f\u00fcr Wohnmobile in Frankreich"},"content":{"rendered":"<p>&nbsp;<\/p>\n<ul>\n<li>Kostenlose 24-Stunden-Aufenthalte bei mehr als 2.200 Bauernh\u00f6fen, Weing\u00fctern und l\u00e4ndlichen Gastgebern in ganz Frankreich.<\/li>\n<li>Komplettes France Passion 2026 Set: gedruckter Stellplatzf\u00fchrer, pers\u00f6nliche Mitgliedskarte, Jahresvignette und App.<\/li>\n<\/ul>\n","protected":false},"excerpt":{"rendered":"<p>&nbsp; Kostenlose 24-Stunden-Aufenthalte bei mehr als 2.200 Bauernh\u00f6fen, Weing\u00fctern und l\u00e4ndlichen Gastgebern in ganz Frankreich. Komplettes France Passion 2026 Set: gedruckter Stellplatzf\u00fchrer, pers\u00f6nliche Mitgliedskarte, Jahresvignette und App.<\/p>\n","protected":false},"featured_media":765,"template":"","meta":{"_acf_changed":false},"product_brand":[],"product_cat":[285],"product_tag":[],"class_list":{"0":"post-1181","1":"product","2":"type-product","3":"status-publish","4":"has-post-thumbnail","6":"product_cat-guide-soste-europa-fefi","8":"first","9":"instock","10":"taxable","11":"shipping-taxable","12":"purchasable","13":"product-type-simple"},"acf":[],"_links":{"self":[{"href":"https:\/\/www.agricamper.com\/de\/wp-json\/wp\/v2\/product\/1181","targetHints":{"allow":["GET"]}}],"collection":[{"href":"https:\/\/www.agricamper.com\/de\/wp-json\/wp\/v2\/product"}],"about":[{"href":"https:\/\/www.agricamper.com\/de\/wp-json\/wp\/v2\/types\/product"}],"wp:featuredmedia":[{"embeddable":true,"href":"https:\/\/www.agricamper.com\/de\/wp-json\/wp\/v2\/media\/765"}],"wp:attachment":[{"href":"https:\/\/www.agricamper.com\/de\/wp-json\/wp\/v2\/media?parent=1181"}],"wp:term":[{"taxonomy":"product_brand","embeddable":true,"href":"https:\/\/www.agricamper.com\/de\/wp-json\/wp\/v2\/product_brand?post=1181"},{"taxonomy":"product_cat","embeddable":true,"href":"https:\/\/www.agricamper.com\/de\/wp-json\/wp\/v2\/product_cat?post=1181"},{"taxonomy":"product_tag","embeddable":true,"href":"https:\/\/www.agricamper.com\/de\/wp-json\/wp\/v2\/product_tag?post=1181"}],"curies":[{"name":"wp","href":"https:\/\/api.w.org\/{rel}","templated":true}]}}