{"id":912,"date":"2026-02-25T10:56:26","date_gmt":"2026-02-25T10:56:26","guid":{"rendered":"https:\/\/www.agricamper.com\/qui-sommes-nous\/"},"modified":"2026-04-20T13:19:14","modified_gmt":"2026-04-20T13:19:14","slug":"uber-agricamper-italia","status":"publish","type":"page","link":"https:\/\/www.agricamper.com\/de\/uber-agricamper-italia\/","title":{"rendered":"\u00dcber Agricamper Italia"},"content":{"rendered":"<div class='breakdance'><section class=\"bde-section-912-100 bde-section\">\n  \n  \n\t\n\n\n\n<div class=\"section-container\"><div class=\"bde-rich-text-912-101 bde-rich-text breakdance-rich-text-styles\">\n<p><strong>Agricamper Italia<\/strong> ist das erste italienische Netzwerk kostenloser 24-Stunden-Stellpl\u00e4tze auf Bauernh\u00f6fen f\u00fcr Mitglieder, die mit autarken Wohnmobilen, Campervans und Wohnwagen unterwegs sind.<\/p><p>Wir bringen unabh\u00e4ngige Reisende mit Bauernh\u00f6fen, Weing\u00fctern und landwirtschaftlichen Betrieben in ganz Italien zusammen, damit jede \u00dcbernachtung zu einem authentischen, regionalen und nachhaltigen Reiseerlebnis wird.<\/p><h2>Wer wir sind<\/h2><p>Agricamper Italia wurde 2020 von Pauline Nava gegr\u00fcndet, einer franz\u00f6sischen Unternehmerin, die sich in Italien verliebt hat und das Reisen mit Wohnmobil und Wohnwagen einfacher, authentischer und n\u00e4her am Landleben machen wollte.<\/p><p>Inspiriert vom Hof-Stellplatzmodell, das 1992 von France Passion entwickelt und sp\u00e4ter in weiteren europ\u00e4ischen L\u00e4ndern aufgegriffen wurde, ist Agricamper Italia zu einem landesweiten Netzwerk herangewachsen, das Reisenden hilft, das l\u00e4ndliche Italien zu entdecken und gleichzeitig regionale Produzenten zu unterst\u00fctzen.<\/p><h2>Was Agricamper Italia bietet<\/h2><p>Mit einer Jahresmitgliedschaft, einem digitalen Guide (E-Book) und der App finden Reisende Gastgeber in ganz Italien und k\u00f6nnen einen kostenlosen 24\u2011Stunden\u2011Stellplatz nach dem anderen nutzen \u2013 unkompliziert, sicher und transparent.<\/p><p>Das Netzwerk ist f\u00fcr autarke Fahrzeuge konzipiert, also Wohnmobile, Campervans und Wohnwagen, die so ausgestattet sind, dass sie unabh\u00e4ngig und r\u00fccksichtsvoll reisen und stehen k\u00f6nnen.<\/p><h2>Was unser Modell besonders macht<\/h2><p>Agricamper Italia ist kein Campingplatz und kein klassischer Stellplatz. Es ist ein Netzwerk l\u00e4ndlicher Stellm\u00f6glichkeiten, das auf einem einfachen und respektvollen Austausch basiert: Die Gastgeber stellen einen Platz zur Verf\u00fcgung, und die Reisenden werden eingeladen, die lokalen Produkte kennenzulernen und zu kaufen.<\/p><p>So f\u00f6rdern wir eine pers\u00f6nlichere Art des Reisens, die Bauernh\u00f6fe, Weing\u00fcter und kleine Produzenten unterst\u00fctzt und den Reisenden eine tiefere Art bietet, Italien zu erleben.<\/p><h2>Unsere Mission<\/h2><p>Unsere Mission ist es, das Reisen mit Wohnmobil oder Wohnwagen durch ganz Italien zu erleichtern \u2013 verantwortungsvoll, unabh\u00e4ngig und eng mit der Natur und den Regionen verbunden.<\/p><ul><li>Wir machen l\u00e4ndliche Stellpl\u00e4tze leichter auffindbar \u2013 dank einer klaren Mitgliedschaft und einer intuitiven App.<\/li><li>Wir r\u00fccken Landwirte, Winzer und Produzenten in den Vordergrund, die ihre Arbeit, ihre Produkte und ihre Geschichten teilen m\u00f6chten.<\/li><li>Wir f\u00f6rdern respektvolles Reisen durch klare Regeln, die sowohl Reisende als auch Gastgeber sch\u00fctzen.<\/li><\/ul><h2>Ein europ\u00e4isches Netzwerk<\/h2><p>Agricamper Italia ist Mitglied der FEFI, der <a href=\"https:\/\/www.fefi.eu\/\" target=\"_blank\" rel=\"noopener\">F\u00e9d\u00e9ration Europ\u00e9enne de la Formule Invitations<\/a>, die Hof-Stellplatznetzwerke in ganz Europa vereint.<\/p><p>Zu diesem europ\u00e4ischen Netzwerk geh\u00f6ren bekannte Partner wie France Passion, Landvergn\u00fcgen, Brit Stops, Nortrip, Pintrip und Espa\u00f1a Discovery \u2013 alle mit demselben Geist des unabh\u00e4ngigen und respektvollen Reisens auf dem Land.<\/p><h2>Das Team hinter Agricamper Italia<\/h2><p>Hinter Agricamper Italia steht ein engagiertes Team mit Sitz in Lecco, das sich t\u00e4glich um die Betreuung der Gastgeber, den Kundensupport, die digitale Entwicklung und die Kommunikation k\u00fcmmert.<\/p><p>Unser Ziel ist einfach: Jeder Stopp mit Agricamper soll f\u00fcr Gastgeber und Reisende eine positive Erfahrung sein.<\/p>\n<\/div><\/div>\n<\/section><\/div>","protected":false},"excerpt":{"rendered":"<p>Agricamper Italia ist das erste italienische Netzwerk kostenloser 24-Stunden-Stellpl\u00e4tze auf Bauernh\u00f6fen f\u00fcr Mitglieder, die mit autarken Wohnmobilen, Campervans und Wohnwagen unterwegs sind.Wir bringen unabh\u00e4ngige Reisende mit Bauernh\u00f6fen, Weing\u00fctern und landwirtschaftlichen Betrieben in ganz Italien zusammen, damit jede \u00dcbernachtung zu einem authentischen, regionalen und nachhaltigen Reiseerlebnis wird.Wer wir sindAgricamper Italia wurde 2020 von Pauline Nava gegr\u00fcndet, [&hellip;]<\/p>\n","protected":false},"author":1,"featured_media":0,"parent":0,"menu_order":0,"comment_status":"closed","ping_status":"closed","template":"","meta":{"_acf_changed":false,"_breakdance_hide_in_design_set":false,"_breakdance_tags":"","footnotes":""},"class_list":["post-912","page","type-page","status-publish","hentry"],"acf":[],"_links":{"self":[{"href":"https:\/\/www.agricamper.com\/de\/wp-json\/wp\/v2\/pages\/912","targetHints":{"allow":["GET"]}}],"collection":[{"href":"https:\/\/www.agricamper.com\/de\/wp-json\/wp\/v2\/pages"}],"about":[{"href":"https:\/\/www.agricamper.com\/de\/wp-json\/wp\/v2\/types\/page"}],"author":[{"embeddable":true,"href":"https:\/\/www.agricamper.com\/de\/wp-json\/wp\/v2\/users\/1"}],"replies":[{"embeddable":true,"href":"https:\/\/www.agricamper.com\/de\/wp-json\/wp\/v2\/comments?post=912"}],"version-history":[{"count":6,"href":"https:\/\/www.agricamper.com\/de\/wp-json\/wp\/v2\/pages\/912\/revisions"}],"predecessor-version":[{"id":105583,"href":"https:\/\/www.agricamper.com\/de\/wp-json\/wp\/v2\/pages\/912\/revisions\/105583"}],"wp:attachment":[{"href":"https:\/\/www.agricamper.com\/de\/wp-json\/wp\/v2\/media?parent=912"}],"curies":[{"name":"wp","href":"https:\/\/api.w.org\/{rel}","templated":true}]}}