{"id":900,"date":"2026-02-25T11:02:25","date_gmt":"2026-02-25T11:02:25","guid":{"rendered":"https:\/\/www.agricamper.com\/politique-de-cookies\/"},"modified":"2026-04-02T12:12:51","modified_gmt":"2026-04-02T12:12:51","slug":"cookie-richtlinie","status":"publish","type":"page","link":"https:\/\/www.agricamper.com\/de\/cookie-richtlinie\/","title":{"rendered":"Cookie-Richtlinie"},"content":{"rendered":"<div class='breakdance'><section class=\"bde-section-900-100 bde-section\">\n  \n  \n\t\n\n\n\n<div class=\"section-container\"><div class=\"bde-rich-text-900-101 bde-rich-text breakdance-rich-text-styles\">\n<h2>1. Informationen zu dieser Cookie-Richtlinie<\/h2><p>Dieser Abschnitt enth\u00e4lt Informationen \u00fcber die Cookie-Richtlinie der Website von Agricamper, die Eigentum der Agricamper s.r.l. ist, in Bezug auf die Verwendung von Cookies durch die Nutzer.<\/p><p>Dieses Dokument ist Bestandteil der Datenschutzerkl\u00e4rung der Website, abrufbar unter <a href=\"https:\/\/www.agricamper.com\/privacy-policy\/\" target=\"_blank\" rel=\"noopener noreferrer\">https:\/\/www.agricamper.com\/privacy-policy\/<\/a>, sowie der dort enthaltenen Informationen f\u00fcr betroffene Personen gem\u00e4\u00df der Datenschutz-Grundverordnung (EU) 2016\/679, dem italienischen Datenschutzgesetz (GvD 196\/2003 in der jeweils geltenden Fassung) und den \u201eLeitlinien zu Cookies und anderen Tracking-Technologien \u2013 10. Juni 2021\u201c, Amtsblatt Nr. 163 vom 9. Juli 2021.<\/p><p>Diese Informationen beziehen sich ausschlie\u00dflich auf die auf der Website und in der App von Agricamper verwendeten Cookies und gelten nicht f\u00fcr Cookies, die auf externen Websites eingesetzt werden, die ggf. \u00fcber Links auf dieser Website erreichbar sind.<\/p><p>Die Cookie-Richtlinie kann regelm\u00e4\u00dfig aktualisiert werden. Wir empfehlen Ihnen daher, dieses Dokument bei jedem Zugriff auf die Website zu konsultieren, um korrekt dar\u00fcber informiert zu sein, wie und zu welchen Zwecken Cookies verwendet werden.<\/p><h2>2. Verantwortlicher<\/h2><p>Verantwortlicher ist die nat\u00fcrliche oder juristische Person, Beh\u00f6rde, Einrichtung oder andere Stelle, die allein oder gemeinsam mit anderen \u00fcber die Zwecke und Mittel der Verarbeitung personenbezogener Daten entscheidet und zugleich f\u00fcr die Datensicherheit verantwortlich ist.<\/p><p>F\u00fcr diese Website ist Verantwortlicher Agricamper s.r.l. F\u00fcr Ausk\u00fcnfte oder zur Aus\u00fcbung Ihrer Rechte k\u00f6nnen Sie uns \u00fcber das auf dieser Website zur Verf\u00fcgung stehende <a href=\"https:\/\/www.agricamper.com\/de\/kontact\/\" rel=\"noopener noreferrer\">Kontaktformular<\/a> erreichen.<\/p><h2>3. Cookies<\/h2><p>Die Verwendung von Cookies erfolgt im Einklang mit den geltenden europ\u00e4ischen und nationalen Vorschriften, einschlie\u00dflich der Vorschriften zum Datenschutz in der elektronischen Kommunikation (Richtlinie 2002\/58\/EG in der Fassung der Richtlinie 2009\/136\/EG) sowie den Entscheidungen und Leitlinien der italienischen Datenschutzaufsichtsbeh\u00f6rde, insbesondere den \u201eLeitlinien zu Cookies und anderen Tracking-Technologien\u201c vom 10. Juni 2021, Nr. 231.<\/p><h2>4. Arten von Cookies<\/h2><p>Die Website von Agricamper verwendet Cookies, um die Navigation f\u00fcr die Nutzer einfacher und intuitiver zu gestalten. Cookies sind kurze Textzeichenfolgen, die dazu dienen, bestimmte Informationen zu speichern, die den Nutzer, seine Pr\u00e4ferenzen oder das Ger\u00e4t betreffen k\u00f6nnen, mit dem auf das Internet zugegriffen wird (Computer, Tablet oder Mobiltelefon). Sie werden haupts\u00e4chlich verwendet, um die Funktionsweise der Website an die Erwartungen des Nutzers anzupassen, eine pers\u00f6nlichere Nutzung zu erm\u00f6glichen und zuvor getroffene Entscheidungen zu speichern.<\/p><p>Ein Cookie besteht aus einer kleinen Datenmenge, die von einem Webserver an den Browser des Nutzers \u00fcbertragen wird, und kann nur von dem Server gelesen werden, der die \u00dcbertragung vorgenommen hat. Es handelt sich nicht um ausf\u00fchrbaren Code und es werden keine Viren \u00fcbertragen.<\/p><p>Cookies speichern keine personenbezogenen Daten, mit denen der Nutzer direkt identifiziert werden k\u00f6nnte; etwaige Identifikationsdaten werden nicht in Cookies gespeichert. Sie k\u00f6nnen \u2013 wenn Sie dies w\u00fcnschen \u2013 das Speichern einzelner oder aller Cookies verhindern. In diesem Fall kann allerdings die Nutzung der Website und der angebotenen Dienste beeintr\u00e4chtigt sein. Wenn Sie Ihre Cookie-Einstellungen nicht \u00e4ndern m\u00f6chten, k\u00f6nnen Sie einfach weiter auf der Website surfen.<\/p><p>Auf dieser Website k\u00f6nnen \u2013 einzeln oder in Kombination \u2013 die folgenden Arten von Cookies verwendet werden, eingeteilt entsprechend den Hinweisen der Datenschutzaufsicht und den auf europ\u00e4ischer Ebene (ehemalige Artikel\u201129\u2011Gruppe \/ EDSA) ver\u00f6ffentlichten Stellungnahmen:<\/p><ul><li><strong>Sitzungscookies<\/strong>: Sie werden nicht dauerhaft auf dem Rechner des Nutzers gespeichert und beim Schlie\u00dfen des Browsers gel\u00f6scht. Sie sind auf die \u00dcbermittlung von Sitzungskennungen beschr\u00e4nkt, die f\u00fcr eine sichere und effiziente Navigation erforderlich sind, und vermeiden den Einsatz von Techniken, die die Privatsph\u00e4re der Nutzer gef\u00e4hrden k\u00f6nnten.<\/li><li><strong>Dauerhafte Cookies<\/strong>: Sie bleiben auf der Festplatte des Computers gespeichert, bis sie ablaufen oder vom Nutzer\/Besucher gel\u00f6scht werden. Mithilfe dauerhafter Cookies k\u00f6nnen Besucher, die auf die Website zugreifen (oder andere Nutzer desselben Computers), bei sp\u00e4teren Besuchen wiedererkannt werden. Nutzer k\u00f6nnen ihren Browser so einstellen, dass alle Cookies akzeptiert oder abgelehnt werden oder dass bei jedem Cookie eine Warnung angezeigt wird, sodass sie entscheiden k\u00f6nnen, ob sie ihn akzeptieren m\u00f6chten oder nicht. Es ist au\u00dferdem m\u00f6glich, die Standardeinstellung zu \u00e4ndern und Cookies zu deaktivieren (d. h. dauerhaft zu blockieren), indem das h\u00f6chste Schutzniveau gew\u00e4hlt wird.<\/li><li><strong>Technische Cookies<\/strong>: Sie werden zu Zwecken wie der Authentifizierung, der Nutzung multimedialer Inhalte (z. B. eines Videoplayers) oder der Speicherung der gew\u00e4hlten Browsersprache eingesetzt. F\u00fcr diese Cookies ist in der Regel keine vorherige informierte Einwilligung des Nutzers erforderlich. Zu dieser Kategorie z\u00e4hlen auch Cookies, die ausschlie\u00dflich zur statistischen Auswertung der Zugriffe\/ Besuche der Website verwendet werden, sofern sie nur f\u00fcr aggregierte Statistiken eingesetzt werden.<\/li><li><strong>Profilierungs- und Marketing-Cookies<\/strong>: Diese d\u00fcrfen auf den Ger\u00e4ten der Nutzer nur eingesetzt werden, nachdem diese ordnungsgem\u00e4\u00df informiert wurden und eine g\u00fcltige Einwilligung (Opt\u2011in) erteilt haben. Sie lassen sich je nach Funktion wie folgt einteilen:<ul><li><strong>a) Analytics-Cookies<\/strong>: Cookies, die zum Sammeln und Analysieren statistischer Informationen \u00fcber Zugriffe\/Besuche der Website verwendet werden. In einigen F\u00e4llen k\u00f6nnen sie \u2013 in Verbindung mit anderen Informationen wie Zugangsdaten zu gesch\u00fctzten Bereichen (E\u2011Mail-Adresse und Passwort) \u2013 zur Profilbildung (pers\u00f6nliche Gewohnheiten, besuchte Websites, heruntergeladene Inhalte, Art der Interaktionen usw.) eingesetzt werden.<\/li><li><strong>b) Widget-Cookies<\/strong>: Hierzu geh\u00f6ren alle grafischen Benutzeroberfl\u00e4chenkomponenten, die die Interaktion mit Anwendungen erleichtern, wie etwa Social\u2011Media\u2011Buttons und -Widgets (z. B. Facebook, Twitter).<\/li><li><strong>c) Werbe-Cookies<\/strong>: Cookies, die zur Ausspielung von Werbung innerhalb einer Website verwendet werden (z. B. Cookies von Google oder Tradedoubler).<\/li><\/ul><\/li><\/ul><h2>5. Technische Cookies<\/h2><p>Technische Cookies werden ausschlie\u00dflich eingesetzt, um die \u00dcbertragung einer Nachricht \u00fcber ein elektronisches Kommunikationsnetz durchzuf\u00fchren oder, soweit unbedingt erforderlich, um einen vom Nutzer ausdr\u00fccklich gew\u00fcnschten Dienst der Informationsgesellschaft zu erbringen (Art. 122 Abs. 1 des italienischen Datenschutzgesetzes).<\/p><p>F\u00fcr technische Cookies ist keine vorherige Einwilligung des Nutzers erforderlich. Sie werden eingesetzt, um die Funktionsf\u00e4higkeit der Website sicherzustellen und\/oder dem Nutzer einen Dienst oder eine Funktion zur Verf\u00fcgung zu stellen, die er ausdr\u00fccklich angefordert hat. Diese Cookies gew\u00e4hrleisten daher die normale Navigation und Nutzung der Website, erm\u00f6glichen die Speicherung von Nutzerpr\u00e4ferenzen und optimieren die Nutzung. Die Website verwendet technische Cookies eigener Herkunft (First\u2011Party) und von Drittanbietern.<\/p><p>Zu den auf der Website verwendeten oder potenziell verwendeten technischen Cookies geh\u00f6ren insbesondere:<\/p><ul><li><strong>\u201eUser\u2011Input\u201c-Cookies<\/strong>: Sitzungscookies, die verwendet werden, um die von Nutzern in Online\u2011Formulare eingegebenen Daten zu speichern (z. B. w\u00e4hrend des Kaufprozesses zur Erfassung von Versand- oder Rechnungsdaten) oder \u2013 wie im Fall eines Warenkorbs \u2013 um die ausgew\u00e4hlten und hinzugef\u00fcgten Artikel zu speichern.<\/li><li><strong>Authentifizierungs-Cookies<\/strong>: Cookies, die zur Identifizierung des Nutzers nach dem Login verwendet werden und ihm den authentifizierten Zugang zu Inhalten und\/oder Funktionen erm\u00f6glichen, f\u00fcr die eine Anmeldung erforderlich ist (z. B. K\u00e4ufe, Zugriff auf den pers\u00f6nlichen Bereich).<\/li><li><strong>Weitere Funktions-Cookies<\/strong>: Cookies, die bestimmte Funktionen der Website erm\u00f6glichen und die vom Nutzer gew\u00e4hlten Anzeigeeinstellungen der Seiten speichern.<\/li><li><strong>\u201eCookie\u2011Einwilligungs\u201c-Cookies<\/strong>: Cookies, die die Einwilligung des Nutzers zur Installation von Profilierungs-Cookies auf Grundlage einer der im Banner\/ Kurztext beschriebenen Handlungen speichern, den wiederkehrenden Nutzer wiedererkennen, um die erneute Einholung der Einwilligung zu vermeiden, und eine Dauer von bis zu 12 Monaten haben.<\/li><\/ul><h2>6. Cookies von Drittanbietern<\/h2><p>Nach ihrer Herkunft werden Cookies in solche unterteilt, die vom besuchten Websitebetreiber direkt an den Browser gesendet werden (First\u2011Party-Cookies), und solche, die vom Ger\u00e4t des Nutzers durch Dritte (Third\u2011Party-Cookies) \u00fcber andere Websites als die besuchte Website gesetzt werden.<\/p><p>Dauerhafte Cookies sind h\u00e4ufig Cookies von Drittanbietern. Die meisten Cookies von Drittanbietern sind Tracking\u2011Cookies, mit denen das Online\u2011Verhalten erfasst, die Interessen der Nutzer ermittelt und die Werbung entsprechend personalisiert wird.<\/p><h2>7. Analytics-Cookies<\/h2><p>Analytics-Cookies werden eingesetzt, um statistische Informationen \u2013 aggregiert oder nicht \u2013 \u00fcber die Anzahl der Nutzer zu sammeln, die auf einen Dienst zugreifen.<\/p><p>Die von Agricamper verwendeten Analytics-Cookies sind Drittanbieter-Cookies, da sie von Dritten und nicht direkt vom Betreiber gesetzt werden und somit nicht unmittelbar von Agricamper installiert werden.<\/p><p>Zu den Plattformen, die diese Cookies setzen, geh\u00f6rt insbesondere:<\/p><p>Google Analytics<br \/>Datenschutzerkl\u00e4rung: <a href=\"https:\/\/policies.google.com\/privacy\" target=\"_blank\" rel=\"noopener noreferrer\">https:\/\/policies.google.com\/privacy<\/a><br \/>Opt\u2011out: <a href=\"https:\/\/www.google.com\/settings\/ads\/onweb\/optout\" target=\"_blank\" rel=\"noopener noreferrer\">https:\/\/www.google.com\/settings\/ads\/onweb\/optout<\/a><\/p><p>Drittanbieter-Analytics-Cookies werden ohne vorherige Einwilligung des Nutzers nur dann gesetzt, wenn sie so konfiguriert sind, dass ihre Eingriffsintensit\u00e4t reduziert wird, z. B. durch Anonymisierung der IP\u2011Adresse, sodass der Drittanbieter keinen Zugriff auf nicht aggregierte Analysedaten auf IP\u2011Adressebene hat.<\/p><p>Der Nutzer kann die Installation von Analytics-Cookies jederzeit blockieren, ohne dass dies die M\u00f6glichkeit beeintr\u00e4chtigt, die Website zu besuchen oder die Dienste von Agricamper zu nutzen. Einzelheiten hierzu ergeben sich aus den Cookie\u2011Hinweisen der Drittanbieter, auf die \u00fcber die oben genannten Links zugegriffen werden kann.<\/p><h2>8. Profilierungs-Cookies<\/h2><p>Profilierungs-Cookies werden verwendet, um Nutzerprofile zu erstellen und Werbebotschaften zu versenden, die den beim Surfen im Internet ge\u00e4u\u00dferten Pr\u00e4ferenzen entsprechen.<\/p><p>Durch Profilierungs-Cookies wird ein Profil des Nutzers auf der Grundlage der im Rahmen der Online\u2011Navigation ge\u00e4u\u00dferten Vorlieben und Interessen erstellt, damit die eingeblendete Werbung besser auf seine Interessen zugeschnitten ist.<\/p><p>Werden solche Cookies eingesetzt, ist die ausdr\u00fcckliche Einwilligung des Nutzers erforderlich, die beim erstmaligen Aufruf der Website \u00fcber das Cookie\u2011Banner eingeholt wird.<\/p><p>In diesem Zusammenhang finden Artikel 22 der Verordnung (EU) 2016\/679, Artikel 122 des italienischen Datenschutzgesetzes sowie die Entscheidung Nr. 231 vom 10. Juni 2021 der Datenschutzaufsichtsbeh\u00f6rde Anwendung.<\/p><h2>9. Deaktivierung von Cookies<\/h2><p>Bei Ihrem ersten Besuch auf unserer Website k\u00f6nnen Sie alle Cookies akzeptieren, indem Sie auf die Schaltfl\u00e4che \u201eOK\u201c, auf die Schaltfl\u00e4che \u201eX\u201c (Schlie\u00dfen) im Banner oder auf ein beliebiges Element der Seite au\u00dferhalb des Banners klicken.<\/p><p>Bei sp\u00e4teren Besuchen \u2013 oder jederzeit \u2013 k\u00f6nnen Sie \u00fcber den Link \u201eCookie Policy\u201c im Fu\u00dfbereich der Startseite auf diese Cookie-Richtlinie zugreifen und Ihre Einwilligung zur Installation von Cookies verweigern.<\/p><p>Sie k\u00f6nnen Cookies auch \u00fcber die Einstellungen Ihres Browsers deaktivieren. Die meisten Browser sind standardm\u00e4\u00dfig so eingestellt, dass sie Cookies automatisch akzeptieren. Sie k\u00f6nnen jedoch w\u00e4hlen, keine Cookies zu erhalten, insbesondere wenn ein Drittanbieter keinen geeigneten Opt\u2011out\u2011Mechanismus bietet, indem Sie in die Browsereinstellungen gehen und die Verwendung von Cookies deaktivieren. Weitere Informationen finden Sie unter:<\/p><ul><li>Microsoft Edge \/ Internet Explorer:<br \/><a href=\"https:\/\/support.microsoft.com\/windows\/delete-and-manage-cookies\" target=\"_blank\" rel=\"noopener noreferrer\">https:\/\/support.microsoft.com\/windows\/delete-and-manage-cookies<\/a><\/li><li>Google Chrome:<br \/><a href=\"https:\/\/support.google.com\/chrome\/answer\/95647\" target=\"_blank\" rel=\"noopener noreferrer\">https:\/\/support.google.com\/chrome\/answer\/95647<\/a><\/li><li>Mozilla Firefox:<br \/><a href=\"https:\/\/support.mozilla.org\/kb\/cookies\" target=\"_blank\" rel=\"noopener noreferrer\">https:\/\/support.mozilla.org\/kb\/cookies<\/a><\/li><li>Apple Safari:<br \/><a href=\"https:\/\/support.apple.com\/guide\/safari\/manage-cookies-and-website-data\" target=\"_blank\" rel=\"noopener noreferrer\">https:\/\/support.apple.com\/guide\/safari\/manage-cookies-and-website-data<\/a><\/li><li>Opera:<br \/><a href=\"https:\/\/help.opera.com\/en\/latest\/web-preferences\/#cookies\" target=\"_blank\" rel=\"noopener noreferrer\">https:\/\/help.opera.com\/en\/latest\/web-preferences\/#cookies<\/a><\/li><\/ul><p>Falls Ihr Browser nicht in dieser Liste enthalten ist, konsultieren Sie bitte die entsprechende Cookie-Dokumentation des Browsers. Wenn Sie ein mobiles Ger\u00e4t verwenden, schlagen Sie bitte im Benutzerhandbuch nach.<\/p><p>Nachdem Sie Cookies \u00fcber Ihre Browsereinstellungen deaktiviert haben, sollten Sie auch bereits gespeicherte Cookies l\u00f6schen.<\/p><p>Drittanbieter-Cookies k\u00f6nnen zudem \u00fcber die von den jeweiligen Drittanbietern bereitgestellten Mechanismen deaktiviert werden, wie in der Rubrik \u201eCookies von Drittanbietern\u201c beschrieben.<\/p><p>Um zu pr\u00fcfen, welche Cookies auf Ihrem Ger\u00e4t gespeichert sind, und sie einzeln zu deaktivieren, k\u00f6nnen Sie die Website <a href=\"http:\/\/www.youronlinechoices.com\/\" target=\"_blank\" rel=\"noopener noreferrer\">www.youronlinechoices.com<\/a> aufrufen.<br \/>Im Bereich \u201eIhre Wahlm\u00f6glichkeiten\u201c k\u00f6nnen Sie insbesondere:<\/p><ul><li>die Liste der Drittunternehmen einsehen, die Cookies auf unserer Website setzen,<\/li><li>pr\u00fcfen, ob ein Cookie aktiv ist (Status) und das Einverst\u00e4ndnis selektiv verwalten (On\/Off),<\/li><li>\u00fcber bereitgestellte Links detaillierte Informationen zu jedem Unternehmen sowie zu dessen Datenschutz- und Cookie-Richtlinien abrufen.<\/li><\/ul><h2>10. Interaktion mit sozialen Netzwerken<\/h2><p>Diese Website verwendet au\u00dferdem Plugins und\/oder Schaltfl\u00e4chen f\u00fcr soziale Netzwerke, um das Teilen von Inhalten auf Ihren bevorzugten Plattformen zu erleichtern. Diese Plugins sind so programmiert, dass beim Laden der Seite keine Cookies gesetzt werden, um die Privatsph\u00e4re der Nutzer zu sch\u00fctzen. Cookies k\u00f6nnen, sofern dies von den sozialen Netzwerken vorgesehen ist, erst dann gesetzt werden, wenn der Nutzer den jeweiligen Plugin\u2011Dienst freiwillig nutzt. Bitte beachten Sie, dass Sie, wenn Sie w\u00e4hrend der Navigation bei einem sozialen Netzwerk eingeloggt sind, bei der Registrierung auf diesem Netzwerk bereits in die Verwendung von Cookies \u00fcber diese Website eingewilligt haben.<\/p><p>Diese Dienste erm\u00f6glichen die Interaktion mit sozialen Netzwerken oder anderen externen Plattformen direkt \u00fcber die Seiten von Agricamper.<\/p><p>Interaktionen und die von Agricamper erfassten Informationen unterliegen den von Ihnen f\u00fcr jedes soziale Netzwerk gew\u00e4hlten Datenschutzeinstellungen. Wenn ein Dienst zur Interaktion mit sozialen Netzwerken installiert ist, ist es m\u00f6glich, dass dieser Dienst auch dann Verkehrsdaten der Seiten sammelt, auf denen er eingebunden ist, wenn der Nutzer den Dienst nicht aktiv nutzt.<\/p><p>Beispiele hierf\u00fcr sind:<\/p><ul><li>LinkedIn\u2011Schaltfl\u00e4chen und \u2011Widgets (LinkedIn Corporation) \u2013 Erhobene personenbezogene Daten: Cookies und Nutzungsdaten \u2013 Ort der Verarbeitung: USA \u2013 Datenschutzerkl\u00e4rung:<br \/><a href=\"https:\/\/www.linkedin.com\/legal\/privacy-policy\" target=\"_blank\" rel=\"noopener noreferrer\">https:\/\/www.linkedin.com\/legal\/privacy-policy<\/a><\/li><li>Facebook\u2011\u201eGef\u00e4llt mir\u201c-Schaltfl\u00e4che und soziale Widgets (Meta Platforms, Inc.) \u2013 Erhobene personenbezogene Daten: Cookies und Nutzungsdaten \u2013 Ort der Verarbeitung: USA \u2013 Datenschutzerkl\u00e4rung:<br \/><a href=\"https:\/\/www.facebook.com\/privacy\/explanation\" target=\"_blank\" rel=\"noopener noreferrer\">https:\/\/www.facebook.com\/privacy\/explanation<\/a><\/li><li>Twitter\u2011\u201eTweet\u201c-Schaltfl\u00e4che und soziale Widgets (Twitter, Inc.) \u2013 Erhobene personenbezogene Daten: Cookies und Nutzungsdaten \u2013 Ort der Verarbeitung: USA \u2013 Datenschutzerkl\u00e4rung:<br \/><a href=\"https:\/\/twitter.com\/privacy\" target=\"_blank\" rel=\"noopener noreferrer\">https:\/\/twitter.com\/privacy<\/a><\/li><li>Pinterest\u2011\u201ePin it\u201c-Schaltfl\u00e4che und soziale Widgets (Pinterest Inc.) \u2013 Erhobene personenbezogene Daten: Cookies und Nutzungsdaten \u2013 Ort der Verarbeitung: USA \u2013 Datenschutzerkl\u00e4rung:<br \/><a href=\"https:\/\/policy.pinterest.com\/privacy-policy\" target=\"_blank\" rel=\"noopener noreferrer\">https:\/\/policy.pinterest.com\/privacy-policy<\/a><\/li><li>Instagram\u2011Schaltfl\u00e4chen und soziale Widgets (Instagram, Inc.) \u2013 Erhobene personenbezogene Daten: Cookies und Nutzungsdaten \u2013 Ort der Verarbeitung: USA \u2013 Datenschutzerkl\u00e4rung:<br \/><a href=\"https:\/\/help.instagram.com\/519522125107875\" target=\"_blank\" rel=\"noopener noreferrer\">https:\/\/help.instagram.com\/519522125107875<\/a><\/li><\/ul><h2>11. Ihre Rechte<\/h2><p>Gem\u00e4\u00df der DSGVO und der anwendbaren Vorschriften haben Sie in Bezug auf die Verarbeitung Ihrer personenbezogenen Daten das Recht, vom Verantwortlichen Folgendes zu verlangen:<\/p><ul><li><strong>Auskunft<\/strong>: Best\u00e4tigung dar\u00fcber, ob Sie betreffende personenbezogene Daten verarbeitet werden oder nicht, sowie weitere Informationen \u00fcber diese Verarbeitung.<\/li><li><strong>Berichtigung<\/strong>: die Berichtigung unrichtiger oder die Vervollst\u00e4ndigung unvollst\u00e4ndiger Daten.<\/li><li><strong>L\u00f6schung<\/strong>: die L\u00f6schung Ihrer Daten, wenn sie f\u00fcr die Zwecke, f\u00fcr die sie erhoben wurden, nicht mehr erforderlich sind, wenn Sie Ihre Einwilligung widerrufen oder Widerspruch einlegen, wenn die Verarbeitung unrechtm\u00e4\u00dfig ist oder wenn die L\u00f6schung gesetzlich vorgeschrieben ist, einschlie\u00dflich Daten \u00fcber Minderj\u00e4hrige, die unter Versto\u00df gegen die geltenden Vorschriften verarbeitet wurden.<\/li><li><strong>Einschr\u00e4nkung<\/strong>: die Einschr\u00e4nkung der Verarbeitung auf die blo\u00dfe Speicherung, unter Ausschluss anderer Verarbeitungsvorg\u00e4nge, f\u00fcr den Zeitraum, der zur \u00dcberpr\u00fcfung der Richtigkeit der Daten erforderlich ist, im Falle unrechtm\u00e4\u00dfiger Verarbeitung, wenn Sie die L\u00f6schung ablehnen, wenn Sie die Daten zur Geltendmachung, Aus\u00fcbung oder Verteidigung von Rechtsanspr\u00fcchen ben\u00f6tigen oder w\u00e4hrend der Pr\u00fcfung eines von Ihnen eingelegten Widerspruchs.<\/li><li><strong>Widerruf der Einwilligung<\/strong>: den Widerruf Ihrer Einwilligung jederzeit, sofern die Verarbeitung auf Ihrer Einwilligung beruht. Der Widerruf ber\u00fchrt nicht die Rechtm\u00e4\u00dfigkeit der vor dem Widerruf erfolgten Verarbeitung.<\/li><\/ul><p>Sie k\u00f6nnen diese Rechte jederzeit aus\u00fcben, indem Sie Agricamper s.r.l. \u00fcber das auf dieser Website verf\u00fcgbare <a href=\"https:\/\/www.agricamper.com\/de\/kontact\/\" rel=\"noopener noreferrer\">Kontaktformular<\/a> kontaktieren.<\/p><p>Sie haben au\u00dferdem das Recht, bei der italienischen Datenschutzaufsichtsbeh\u00f6rde (\u201eGarante per la Protezione dei Dati Personali\u201c) oder \u2013 wenn Sie im Vereinigten K\u00f6nigreich ans\u00e4ssig sind \u2013 beim Information Commissioner\u2019s Office (ICO) Beschwerde einzulegen, wenn Sie der Auffassung sind, dass Ihre Rechte durch Agricamper und\/oder einen Dritten verletzt wurden oder wenn Sie mit der Antwort auf Ihre Anfragen nicht zufrieden sind.<\/p><p>Diese Cookie-Richtlinie wurde zuletzt am 16.01.2025 aktualisiert.<\/p>\n<\/div><\/div>\n<\/section><\/div>","protected":false},"excerpt":{"rendered":"<p>1. Informationen zu dieser Cookie-RichtlinieDieser Abschnitt enth\u00e4lt Informationen \u00fcber die Cookie-Richtlinie der Website von Agricamper, die Eigentum der Agricamper s.r.l. ist, in Bezug auf die Verwendung von Cookies durch die Nutzer.Dieses Dokument ist Bestandteil der Datenschutzerkl\u00e4rung der Website, abrufbar unter https:\/\/www.agricamper.com\/privacy-policy\/, sowie der dort enthaltenen Informationen f\u00fcr betroffene Personen gem\u00e4\u00df der Datenschutz-Grundverordnung (EU) 2016\/679, dem [&hellip;]<\/p>\n","protected":false},"author":1,"featured_media":0,"parent":0,"menu_order":0,"comment_status":"closed","ping_status":"closed","template":"","meta":{"_acf_changed":false,"_breakdance_hide_in_design_set":false,"_breakdance_tags":"","footnotes":""},"class_list":["post-900","page","type-page","status-publish","hentry"],"acf":[],"_links":{"self":[{"href":"https:\/\/www.agricamper.com\/de\/wp-json\/wp\/v2\/pages\/900","targetHints":{"allow":["GET"]}}],"collection":[{"href":"https:\/\/www.agricamper.com\/de\/wp-json\/wp\/v2\/pages"}],"about":[{"href":"https:\/\/www.agricamper.com\/de\/wp-json\/wp\/v2\/types\/page"}],"author":[{"embeddable":true,"href":"https:\/\/www.agricamper.com\/de\/wp-json\/wp\/v2\/users\/1"}],"replies":[{"embeddable":true,"href":"https:\/\/www.agricamper.com\/de\/wp-json\/wp\/v2\/comments?post=900"}],"version-history":[{"count":6,"href":"https:\/\/www.agricamper.com\/de\/wp-json\/wp\/v2\/pages\/900\/revisions"}],"predecessor-version":[{"id":2108,"href":"https:\/\/www.agricamper.com\/de\/wp-json\/wp\/v2\/pages\/900\/revisions\/2108"}],"wp:attachment":[{"href":"https:\/\/www.agricamper.com\/de\/wp-json\/wp\/v2\/media?parent=900"}],"curies":[{"name":"wp","href":"https:\/\/api.w.org\/{rel}","templated":true}]}}