{"id":880,"date":"2026-02-23T16:46:47","date_gmt":"2026-02-23T16:46:47","guid":{"rendered":"https:\/\/www.agricamper.com\/le-voyage-autrement\/"},"modified":"2026-04-20T13:15:20","modified_gmt":"2026-04-20T13:15:20","slug":"anders-reisen","status":"publish","type":"page","link":"https:\/\/www.agricamper.com\/de\/anders-reisen\/","title":{"rendered":"Anders reisen"},"content":{"rendered":"<div class='breakdance'><section class=\"bde-section-880-117 bde-section bde-preset-880dfed4-3873-4d47-944e-9165c4d43470\">\n  \n  \n\t\n\n\n\n<div class=\"section-container\"><div class=\"bde-columns-880-118 bde-columns bde-preset-e46cef46-c7a3-4c82-9484-24796e59893b\"><div class=\"bde-column-880-119 bde-column\" data-entrance=\"slideLeft\">\n  \n  \n\t\n\n\n\n<img decoding=\"async\" class=\"bde-image2-880-120 bde-image2\" src=\"https:\/\/www.agricamper.com\/wp-content\/uploads\/2026\/04\/agricamper-camper-caravan-01.jpg\" alt=\"Italien authentisch entdecken\" loading=\"lazy\" srcset=\"https:\/\/www.agricamper.com\/wp-content\/uploads\/2026\/04\/agricamper-camper-caravan-01.jpg 934w, https:\/\/www.agricamper.com\/wp-content\/uploads\/2026\/04\/agricamper-camper-caravan-01-300x257.jpg 300w, https:\/\/www.agricamper.com\/wp-content\/uploads\/2026\/04\/agricamper-camper-caravan-01-768x658.jpg 768w, https:\/\/www.agricamper.com\/wp-content\/uploads\/2026\/04\/agricamper-camper-caravan-01-600x514.jpg 600w\" sizes=\"(max-width: 934px) 100vw, 934px\">\n<\/div><div class=\"bde-column-880-121 bde-column\" data-entrance=\"slideRight\">\n  \n  \n\t\n\n\n\n<h2 class=\"bde-heading-880-127 bde-heading\">\nItalien authentisch entdecken\n<\/h2><div class=\"bde-rich-text-880-122 bde-rich-text breakdance-rich-text-styles\">\n<p>Reise mit deinem Wohnmobil, Campervan oder autarken Wohnwagen und entdecke Italien auf eine neue Art.<\/p><p>Mit Agricamper Italia \u00fcbernachtest du an ruhigen, naturnahen Orten wie Bauernh\u00f6fen, Weing\u00fctern und l\u00e4ndlichen Anwesen \u2013 n\u00e4her an Kultur und Landschaft.<\/p>\n<\/div>\n<\/div><\/div><\/div>\n<\/section><section class=\"bde-section-880-124 bde-section bde-preset-880dfed4-3873-4d47-944e-9165c4d43470\">\n  \n  \n\t\n\n\n\n<div class=\"section-container\"><div class=\"bde-columns-880-125 bde-columns\"><div class=\"bde-column-880-126 bde-column bde-preset-9e84af6e-29b2-4f14-8372-1d5c2ead57cc\" data-entrance=\"slideLeft\">\n  \n  \n\t\n\n\n\n<h2 class=\"bde-heading-880-131 bde-heading\">\nEin anderer Stellplatz\n<\/h2><div class=\"bde-rich-text-880-128 bde-rich-text breakdance-rich-text-styles\">\n<p>Hier ist ein Halt mehr als nur ein Platz f\u00fcr die Nacht.<br \/>Du \u00fcbernachtest auf privatem Gel\u00e4nde bei Landwirten und lokalen Produzenten, in ruhiger und gro\u00dfz\u00fcgiger Umgebung.<br \/>Eine pers\u00f6nlichere und entspanntere Art zu reisen \u2013 direkt verbunden mit der Natur.<\/p>\n<\/div>\n<\/div><div class=\"bde-column-880-129 bde-column\" data-entrance=\"slideRight\">\n  \n  \n\t\n\n\n\n<img decoding=\"async\" class=\"bde-image2-880-130 bde-image2\" src=\"https:\/\/www.agricamper.com\/wp-content\/uploads\/2026\/04\/agricamper-camper-caravan-03.jpg\" alt=\"Ein anderer Stellplatz\" loading=\"lazy\" srcset=\"https:\/\/www.agricamper.com\/wp-content\/uploads\/2026\/04\/agricamper-camper-caravan-03.jpg 1072w, https:\/\/www.agricamper.com\/wp-content\/uploads\/2026\/04\/agricamper-camper-caravan-03-300x224.jpg 300w, https:\/\/www.agricamper.com\/wp-content\/uploads\/2026\/04\/agricamper-camper-caravan-03-1024x764.jpg 1024w, https:\/\/www.agricamper.com\/wp-content\/uploads\/2026\/04\/agricamper-camper-caravan-03-768x573.jpg 768w, https:\/\/www.agricamper.com\/wp-content\/uploads\/2026\/04\/agricamper-camper-caravan-03-600x448.jpg 600w\" sizes=\"(max-width: 1072px) 100vw, 1072px\">\n<\/div><\/div><\/div>\n<\/section><section class=\"bde-section-880-110 bde-section bde-preset-880dfed4-3873-4d47-944e-9165c4d43470\">\n  \n  \n\t\n\n\n\n<div class=\"section-container\"><div class=\"bde-columns-880-111 bde-columns bde-preset-e46cef46-c7a3-4c82-9484-24796e59893b\"><div class=\"bde-column-880-112 bde-column\" data-entrance=\"slideLeft\">\n  \n  \n\t\n\n\n\n<img decoding=\"async\" class=\"bde-image2-880-113 bde-image2\" src=\"https:\/\/www.agricamper.com\/wp-content\/uploads\/2026\/04\/agricamper-camper-caravan-02-1.webp\" alt=\"Mehr als nur \u00fcbernachten\" loading=\"lazy\" srcset=\"https:\/\/www.agricamper.com\/wp-content\/uploads\/2026\/04\/agricamper-camper-caravan-02-1.webp 400w, https:\/\/www.agricamper.com\/wp-content\/uploads\/2026\/04\/agricamper-camper-caravan-02-1-300x300.webp 300w, https:\/\/www.agricamper.com\/wp-content\/uploads\/2026\/04\/agricamper-camper-caravan-02-1-150x150.webp 150w\" sizes=\"(max-width: 400px) 100vw, 400px\">\n<\/div><div class=\"bde-column-880-114 bde-column\" data-entrance=\"slideRight\">\n  \n  \n\t\n\n\n\n<h2 class=\"bde-heading-880-132 bde-heading\">\nMehr als nur \u00fcbernachten\n<\/h2><div class=\"bde-rich-text-880-115 bde-rich-text breakdance-rich-text-styles\">\n<p>Jeder Stopp wird Teil deiner Reise.<br \/>Du lernst den Gastgeber kennen, entdeckst seine Arbeit und kannst \u2013 wenn du m\u00f6chtest \u2013 regionale Produkte oder Erlebnisse kaufen, von Wein bis zu lokalen Spezialit\u00e4ten.<br \/>Eine einfache und authentische Art, Italien zu erleben und gleichzeitig l\u00e4ndliche Betriebe zu unterst\u00fctzen.<\/p>\n<\/div>\n<\/div><\/div><\/div>\n<\/section><section class=\"bde-section-880-147 bde-section bde-preset-880dfed4-3873-4d47-944e-9165c4d43470\">\n  \n  \n\t\n\n\n\n<div class=\"section-container\"><div class=\"bde-columns-880-148 bde-columns\"><div class=\"bde-column-880-149 bde-column bde-preset-9e84af6e-29b2-4f14-8372-1d5c2ead57cc\" data-entrance=\"slideLeft\">\n  \n  \n\t\n\n\n\n<h2 class=\"bde-heading-880-150 bde-heading\">\nEinfach, flexibel, zuverl\u00e4ssig\n<\/h2><div class=\"bde-rich-text-880-151 bde-rich-text breakdance-rich-text-styles\">\n<p>Du reist in deinem eigenen Tempo durch ein Netzwerk von hunderten Standorten in ganz Italien.<br \/>Du sendest deine Anfrage \u00fcber die App und erh\u00e4ltst eine Best\u00e4tigung vom Gastgeber \u2013 so wei\u00dft du immer, dass du willkommen bist.<br \/>Mit einer einzigen Mitgliedschaft (\u20ac39,90\/Jahr) erh\u00e4ltst du Zugang zu einzigartigen Orten.<\/p>\n<\/div>\n<\/div><div class=\"bde-column-880-152 bde-column\" data-entrance=\"slideRight\">\n  \n  \n\t\n\n\n\n<img decoding=\"async\" class=\"bde-image2-880-153 bde-image2\" src=\"https:\/\/www.agricamper.com\/wp-content\/uploads\/2026\/04\/agricamper-camper-caravan-04.jpg\" alt=\"Einfach, flexibel, zuverl\u00e4ssig\" loading=\"lazy\" srcset=\"https:\/\/www.agricamper.com\/wp-content\/uploads\/2026\/04\/agricamper-camper-caravan-04.jpg 1200w, https:\/\/www.agricamper.com\/wp-content\/uploads\/2026\/04\/agricamper-camper-caravan-04-300x200.jpg 300w, https:\/\/www.agricamper.com\/wp-content\/uploads\/2026\/04\/agricamper-camper-caravan-04-1024x683.jpg 1024w, https:\/\/www.agricamper.com\/wp-content\/uploads\/2026\/04\/agricamper-camper-caravan-04-768x512.jpg 768w, https:\/\/www.agricamper.com\/wp-content\/uploads\/2026\/04\/agricamper-camper-caravan-04-600x400.jpg 600w\" sizes=\"(max-width: 1200px) 100vw, 1200px\">\n<\/div><\/div><\/div>\n<\/section><\/div>","protected":false},"excerpt":{"rendered":"<p>Italien authentisch entdecken Reise mit deinem Wohnmobil, Campervan oder autarken Wohnwagen und entdecke Italien auf eine neue Art.Mit Agricamper Italia \u00fcbernachtest du an ruhigen, naturnahen Orten wie Bauernh\u00f6fen, Weing\u00fctern und l\u00e4ndlichen Anwesen \u2013 n\u00e4her an Kultur und Landschaft. Ein anderer Stellplatz Hier ist ein Halt mehr als nur ein Platz f\u00fcr die Nacht.Du \u00fcbernachtest auf [&hellip;]<\/p>\n","protected":false},"author":1,"featured_media":0,"parent":0,"menu_order":0,"comment_status":"closed","ping_status":"closed","template":"","meta":{"_acf_changed":false,"_breakdance_hide_in_design_set":false,"_breakdance_tags":"","footnotes":""},"class_list":["post-880","page","type-page","status-publish","hentry"],"acf":[],"_links":{"self":[{"href":"https:\/\/www.agricamper.com\/de\/wp-json\/wp\/v2\/pages\/880","targetHints":{"allow":["GET"]}}],"collection":[{"href":"https:\/\/www.agricamper.com\/de\/wp-json\/wp\/v2\/pages"}],"about":[{"href":"https:\/\/www.agricamper.com\/de\/wp-json\/wp\/v2\/types\/page"}],"author":[{"embeddable":true,"href":"https:\/\/www.agricamper.com\/de\/wp-json\/wp\/v2\/users\/1"}],"replies":[{"embeddable":true,"href":"https:\/\/www.agricamper.com\/de\/wp-json\/wp\/v2\/comments?post=880"}],"version-history":[{"count":12,"href":"https:\/\/www.agricamper.com\/de\/wp-json\/wp\/v2\/pages\/880\/revisions"}],"predecessor-version":[{"id":105581,"href":"https:\/\/www.agricamper.com\/de\/wp-json\/wp\/v2\/pages\/880\/revisions\/105581"}],"wp:attachment":[{"href":"https:\/\/www.agricamper.com\/de\/wp-json\/wp\/v2\/media?parent=880"}],"curies":[{"name":"wp","href":"https:\/\/api.w.org\/{rel}","templated":true}]}}