{"id":876,"date":"2026-02-23T16:55:32","date_gmt":"2026-02-23T16:55:32","guid":{"rendered":"https:\/\/www.agricamper.com\/devenir-accueillant\/"},"modified":"2026-04-07T09:00:18","modified_gmt":"2026-04-07T09:00:18","slug":"gastgeber-werden","status":"publish","type":"page","link":"https:\/\/www.agricamper.com\/de\/gastgeber-werden\/","title":{"rendered":"Wohnmobilg\u00e4ste empfangen und Ihre Produkte vermarkten"},"content":{"rendered":"<div class='breakdance'><section class=\"bde-section-876-104 bde-section\">\n  \n  \n\t\n\n\n\n<div class=\"section-container\"><div class=\"bde-columns-876-105 bde-columns bde-preset-e46cef46-c7a3-4c82-9484-24796e59893b\"><div class=\"bde-column-876-106 bde-column\" data-entrance=\"slideLeft\">\n  \n  \n\t\n\n\n\n<img decoding=\"async\" class=\"bde-image2-876-107 bde-image2\" src=\"https:\/\/www.agricamper.com\/wp-content\/uploads\/2026\/02\/devenir-accueillant.jpg\" alt=\"Devenez accueillant Agricamper\" loading=\"lazy\" srcset=\"https:\/\/www.agricamper.com\/wp-content\/uploads\/2026\/02\/devenir-accueillant.jpg 2048w, https:\/\/www.agricamper.com\/wp-content\/uploads\/2026\/02\/devenir-accueillant-300x200.jpg 300w, https:\/\/www.agricamper.com\/wp-content\/uploads\/2026\/02\/devenir-accueillant-1024x683.jpg 1024w, https:\/\/www.agricamper.com\/wp-content\/uploads\/2026\/02\/devenir-accueillant-768x512.jpg 768w, https:\/\/www.agricamper.com\/wp-content\/uploads\/2026\/02\/devenir-accueillant-1536x1025.jpg 1536w, https:\/\/www.agricamper.com\/wp-content\/uploads\/2026\/02\/devenir-accueillant-18x12.jpg 18w, https:\/\/www.agricamper.com\/wp-content\/uploads\/2026\/02\/devenir-accueillant-600x400.jpg 600w\" sizes=\"(max-width: 2048px) 100vw, 2048px\">\n<\/div><div class=\"bde-column-876-108 bde-column\" data-entrance=\"slideRight\">\n  \n  \n\t\n\n\n\n<div class=\"bde-rich-text-876-109 bde-rich-text breakdance-rich-text-styles\">\n<p>Agricamper verbindet landwirtschaftliche Betriebe und l\u00e4ndliche Realit\u00e4ten in Italien mit unabh\u00e4ngigen Campern, die einen kostenlosen 24-Stunden-Stellplatz in der Natur suchen. Du stellst einen Stellplatz zur Verf\u00fcgung \u2013 sie entdecken deinen Hof, kaufen deine Produkte und erleben echte Authentizit\u00e4t.<\/p><h2>Warum Gastgeber werden<\/h2><ul><li>Kostenlose Anmeldung, keine Provisionen.<\/li><li>Mehr Direktverk\u00e4ufe und Sichtbarkeit bei tausenden Campern.<\/li><li>Du entscheidest selbst, wann du G\u00e4ste empf\u00e4ngst \u2013 flexibel nach deinem Arbeitsrhythmus.<\/li><\/ul>\n<\/div><div class=\"bde-button-876-110 bde-button\">\n    \n                                    \n    \n    \n    \n    \n            \n                    \n            \n            \n\n    \n    \n    \n    \n    \n    <a class=\"breakdance-link button-atom button-atom--primary bde-button__button\" href=\"https:\/\/struttura.agricamper.com\/\" target=\"_blank\" data-type=\"url\"  >\n\n    \n        <span class=\"button-atom__text\">Kostenlos anmelden<\/span>\n\n        \n        \n                <\/a>\n\n    \n\n\n<\/div>\n<\/div><\/div><\/div>\n<\/section><section class=\"bde-section-876-111 bde-section\">\n  \n  \n\t\n\n\n\n<div class=\"section-container\"><div class=\"bde-columns-876-112 bde-columns bde-preset-e46cef46-c7a3-4c82-9484-24796e59893b\"><div class=\"bde-column-876-113 bde-column\" data-entrance=\"slideLeft\">\n  \n  \n\t\n\n\n\n<h2 class=\"bde-heading-876-114 bde-heading\">\nSo funktioniert es\n<\/h2><div class=\"bde-rich-text-876-115 bde-rich-text breakdance-rich-text-styles\">\n<p>\u00a0<\/p><p>Du kannst 1 bis 5 Camper f\u00fcr bis zu 24 Stunden kostenlos auf deinem Gel\u00e4nde aufnehmen. Die \u00dcbernachtung ist gratis, aber du kannst deine Produkte verkaufen sowie Verkostungen, Mahlzeiten oder Hof-Erlebnisse anbieten.<br \/>\u00a0<br \/><strong>Was du anbietest<\/strong><\/p><ul><li>Einen sicheren, m\u00f6glichst ebenen Stellplatz f\u00fcr 1\u20135 Fahrzeuge.<\/li><li>Eine einfache Gastfreundschaft; zus\u00e4tzliche Services nur, wenn vorhanden.<\/li><\/ul><p><strong>Was Camper erhalten<\/strong><\/p><ul><li>Eine ruhige 24-Stunden-Pause mitten in der Natur.<\/li><li>Die M\u00f6glichkeit, deinen Betrieb kennenzulernen und regionale Produkte zu kaufen.<\/li><\/ul>\n<\/div>\n<\/div><div class=\"bde-column-876-116 bde-column\" data-entrance=\"slideRight\">\n  \n  \n\t\n\n\n\n<img decoding=\"async\" class=\"bde-image2-876-117 bde-image2\" src=\"https:\/\/www.agricamper.com\/wp-content\/uploads\/2026\/03\/23-scaled.jpg\" alt=\"23\" loading=\"lazy\" srcset=\"https:\/\/www.agricamper.com\/wp-content\/uploads\/2026\/03\/23-scaled.jpg 2560w, https:\/\/www.agricamper.com\/wp-content\/uploads\/2026\/03\/23-300x200.jpg 300w, https:\/\/www.agricamper.com\/wp-content\/uploads\/2026\/03\/23-1024x683.jpg 1024w, https:\/\/www.agricamper.com\/wp-content\/uploads\/2026\/03\/23-768x512.jpg 768w, https:\/\/www.agricamper.com\/wp-content\/uploads\/2026\/03\/23-1536x1024.jpg 1536w, https:\/\/www.agricamper.com\/wp-content\/uploads\/2026\/03\/23-2048x1366.jpg 2048w, https:\/\/www.agricamper.com\/wp-content\/uploads\/2026\/03\/23-600x400.jpg 600w\" sizes=\"(max-width: 2560px) 100vw, 2560px\">\n<\/div><\/div><\/div>\n<\/section><section class=\"bde-section-876-118 bde-section\">\n  \n  \n\t\n\n\n\n<div class=\"section-container\"><div class=\"bde-columns-876-119 bde-columns bde-preset-e46cef46-c7a3-4c82-9484-24796e59893b\"><div class=\"bde-column-876-120 bde-column\" data-entrance=\"slideLeft\">\n  \n  \n\t\n\n\n\n<img decoding=\"async\" class=\"bde-image2-876-121 bde-image2\" src=\"https:\/\/www.agricamper.com\/wp-content\/uploads\/2026\/03\/27-1.jpeg\" alt=\"27 (1)\" loading=\"lazy\" srcset=\"https:\/\/www.agricamper.com\/wp-content\/uploads\/2026\/03\/27-1.jpeg 1560w, https:\/\/www.agricamper.com\/wp-content\/uploads\/2026\/03\/27-1-225x300.jpeg 225w, https:\/\/www.agricamper.com\/wp-content\/uploads\/2026\/03\/27-1-768x1024.jpeg 768w, https:\/\/www.agricamper.com\/wp-content\/uploads\/2026\/03\/27-1-1152x1536.jpeg 1152w, https:\/\/www.agricamper.com\/wp-content\/uploads\/2026\/03\/27-1-1536x2048.jpeg 1536w, https:\/\/www.agricamper.com\/wp-content\/uploads\/2026\/03\/27-1-600x800.jpeg 600w\" sizes=\"(max-width: 1560px) 100vw, 1560px\">\n<\/div><div class=\"bde-column-876-122 bde-column\" data-entrance=\"slideRight\">\n  \n  \n\t\n\n\n\n<h2 class=\"bde-heading-876-123 bde-heading\">\nWer Gastgeber werden kann\n<\/h2><div class=\"bde-rich-text-876-124 bde-rich-text breakdance-rich-text-styles\">\n<p>Landwirtschaftliche Betriebe, Bauernh\u00f6fe, Agriturismi, Familienh\u00f6fe, Viehzuchtbetriebe, Weing\u00fcter, \u00d6lm\u00fchlen, K\u00e4sereien, Imker, kleine Lebensmittelproduzenten, Lehrbauernh\u00f6fe, Reitbetriebe und Agricampeggi.<\/p><h3>So meldest du dich an<\/h3><ol><li>Erstelle dein Konto auf <a href=\"https:\/\/struttura.agricamper.com\/benvenuto\" target=\"_blank\" rel=\"noopener\">struttura.agricamper.com<\/a>.<\/li><li>F\u00fclle dein Betriebsprofil aus und ver\u00f6ffentliche es.<\/li><li>Nach Freigabe bist du innerhalb von 72 Stunden in der digitalen \u00dcbersicht und in der App sichtbar.<\/li><\/ol>\n<\/div>\n<\/div><\/div><\/div>\n<\/section><section class=\"bde-section-876-125 bde-section\">\n  \n  \n\t\n\n\n\n<div class=\"section-container\"><div class=\"bde-rich-text-876-126 bde-rich-text breakdance-rich-text-styles\">\n<h2>H\u00e4ufige Fragen<\/h2><p><strong>Kann ich f\u00fcr den Stellplatz Geld verlangen?<\/strong><br \/>Nein. Der Aufenthalt (max. 24 Stunden, bis zu 5 Fahrzeuge) muss kostenlos bleiben. Nur Campingpl\u00e4tze und offizielle Stellpl\u00e4tze d\u00fcrfen Geb\u00fchren verlangen.<\/p><p><strong>Was habe ich davon?<\/strong><br \/>Du erh\u00e4ltst interessierte Besucher, die lokale Produkte sch\u00e4tzen. Das bringt dir Direktverk\u00e4ufe, mehr Bekanntheit und neue Kontakte \u2013 oft auch internationale G\u00e4ste.<\/p><p><strong>Darf ich einen Mindestkauf verlangen?<\/strong><br \/>Nein. Ein Mindestumsatz ist nicht erlaubt. K\u00e4ufe sind freiwillig, werden aber als Zeichen der Wertsch\u00e4tzung sehr gesch\u00e4tzt.<\/p><p><strong>Muss ich Camping-Services anbieten?<\/strong><br \/>Nein. Ein sicherer Stellplatz reicht aus. Falls du Wasser, Strom oder WC hast, kannst du diese optional anbieten \u2013 kostenlos oder im Zusammenhang mit Produktk\u00e4ufen.<\/p><p><strong>Ist Agricamper f\u00fcr meinen Betrieb kostenpflichtig?<\/strong><br \/>Nein. Anmeldung und Pr\u00e4senz sind komplett kostenlos \u2013 keine Abos, keine Provisionen.<\/p>\n<\/div><\/div>\n<\/section><section class=\"bde-section-876-127 bde-section\">\n  \n  \n\t\n\n\n\n<div class=\"section-container\"><div class=\"bde-columns-876-128 bde-columns\"><div class=\"bde-column-876-129 bde-column\">\n  \n  \n\t\n\n\n\n<div class=\"bde-rich-text-876-130 bde-rich-text breakdance-rich-text-styles\">\n<h2>Fragen vor der Anmeldung?<\/h2><p>Kontaktiere uns telefonisch oder per WhatsApp, wenn du vor der Anmeldung Fragen hast:<\/p><p><strong>Telefon und WhatsApp f\u00fcr landwirtschaftliche Betriebe und l\u00e4ndliche H\u00f6fe:<\/strong><\/p><p><a href=\"tel:+393756889342\">Ruf an: +39 375 688 9342<\/a><br \/><a href=\"https:\/\/wa.me\/393756889342\">Schreib uns auf WhatsApp<\/a><\/p><p><strong>\u00d6ffnungszeiten<\/strong><br \/>Montag\u2013Donnerstag: 08:30\u201312:30 \/ 13:00\u201317:00<br \/>Freitag: 08:30\u201312:30 \/ 13:00\u201316:00<br \/>An Feiertagen in Italien geschlossen<\/p>\n<\/div>\n<\/div><div class=\"bde-column-876-131 bde-column\">\n  \n  \n\t\n\n\n\n<div class=\"bde-form-builder-876-147 bde-form-builder bde-preset-a0754477-4f3e-4c0c-a1d6-71eaa6bea378\">\n\n<form id=\"contact-form147\" class=\"breakdance-form breakdance-form--vertical\" data-options=\"{&quot;slug&quot;:&quot;custom&quot;,&quot;name&quot;:&quot;Contact Form&quot;,&quot;ajaxUrl&quot;:&quot;https:\\\/\\\/www.agricamper.com\\\/wp-admin\\\/admin-ajax.php&quot;,&quot;clearOnSuccess&quot;:true,&quot;hideOnSuccess&quot;:true,&quot;successMessage&quot;:&quot;Deine Nachricht wurde erfolgreich gesendet&quot;,&quot;errorMessage&quot;:&quot;Es ist ein Fehler aufgetreten&quot;,&quot;redirect&quot;:false,&quot;redirectUrl&quot;:&quot;&quot;,&quot;customJavaScript&quot;:&quot;&quot;,&quot;recaptcha&quot;:{&quot;key&quot;:&quot;6LfJei8qAAAAAAHi5y3JQmnRjT0HgnRhon7myWtt&quot;,&quot;enabled&quot;:true},&quot;honeypot_enabled&quot;:false,&quot;popupsOnSuccess&quot;:[],&quot;popupsOnError&quot;:[]}\" data-steps=\"0\" >\n  \n  \n  \n<div class=\"breakdance-form-field breakdance-form-field--select\" >\n    \n    \n            <label class=\"breakdance-form-field__label\" for=\"vousetes\">\n            Ich bin<span class=\"breakdance-form-field__required\">*<\/span>\n        <\/label>\n    \n    <select\n    class=\"breakdance-form-field__input\"\n    id=\"vousetes\"\n    name=\"fields[vousetes]\"\n    required\n    \n        >\n      <option value=\"\">...<\/option>\n          <option value=\"Ein Betrieb \/ Landwirtschaftlicher Betrieb\" >Ein Betrieb \/ Landwirtschaftlicher Betrieb<\/option>\n        <option value=\"Sonstiges\" >Sonstiges<\/option>\n  <\/select>\n\n\n    \n    \n<\/div>\n\n\n<div class=\"breakdance-form-field breakdance-form-field--text\" >\n    \n    \n            <label class=\"breakdance-form-field__label\" for=\"nom\">\n            Vorname<span class=\"breakdance-form-field__required\">*<\/span>\n        <\/label>\n    \n    <input\n    class=\"breakdance-form-field__input\"\n    id=\"nom\"\n    aria-describedby=\"nom\"\n    type=\"text\"\n    name=\"fields[nom]\"\n    placeholder=\"Intitul\u00e9\"\n    value=\"\"\n                \n        \n        \n    required\n    \n    \n    \n>\n\n\n    \n    \n<\/div>\n\n\n<div class=\"breakdance-form-field breakdance-form-field--text\" >\n    \n    \n            <label class=\"breakdance-form-field__label\" for=\"prenom\">\n            Nachname<span class=\"breakdance-form-field__required\">*<\/span>\n        <\/label>\n    \n    <input\n    class=\"breakdance-form-field__input\"\n    id=\"prenom\"\n    aria-describedby=\"prenom\"\n    type=\"text\"\n    name=\"fields[prenom]\"\n    placeholder=\"Intitul\u00e9\"\n    value=\"\"\n                \n        \n        \n    required\n    \n    \n    \n>\n\n\n    \n    \n<\/div>\n\n\n<div class=\"breakdance-form-field breakdance-form-field--text\" >\n    \n    \n            <label class=\"breakdance-form-field__label\" for=\"ijqtpb\">\n            Name des Betriebs\n        <\/label>\n    \n    <input\n    class=\"breakdance-form-field__input\"\n    id=\"ijqtpb\"\n    aria-describedby=\"ijqtpb\"\n    type=\"text\"\n    name=\"fields[ijqtpb]\"\n    placeholder=\"\"\n    value=\"\"\n                \n        \n        \n    \n    \n    \n    \n>\n\n\n    \n    \n<\/div>\n\n\n<div class=\"breakdance-form-field breakdance-form-field--email\" >\n    \n    \n            <label class=\"breakdance-form-field__label\" for=\"email\">\n            E-Mail<span class=\"breakdance-form-field__required\">*<\/span>\n        <\/label>\n    \n    <input\n    class=\"breakdance-form-field__input\"\n    id=\"email\"\n    aria-describedby=\"email\"\n    type=\"email\"\n    name=\"fields[email]\"\n    placeholder=\"Intitul\u00e9\"\n    value=\"\"\n                \n        \n        \n    required\n    \n    \n    \n>\n\n\n    \n    \n<\/div>\n\n\n<div class=\"breakdance-form-field breakdance-form-field--tel\" >\n    \n    \n            <label class=\"breakdance-form-field__label\" for=\"fenavn\">\n            Telefon\n        <\/label>\n    \n    <input\n    class=\"breakdance-form-field__input\"\n    id=\"fenavn\"\n    aria-describedby=\"fenavn\"\n    type=\"tel\"\n    name=\"fields[fenavn]\"\n    placeholder=\"\"\n    value=\"\"\n                \n        \n        \n    \n    \n    \n    \n>\n\n\n    \n    \n<\/div>\n\n\n<div class=\"breakdance-form-field breakdance-form-field--textarea\" >\n    \n    \n            <label class=\"breakdance-form-field__label\" for=\"message\">\n            Nachricht<span class=\"breakdance-form-field__required\">*<\/span>\n        <\/label>\n    \n    <textarea\n    class=\"breakdance-form-field__input\"\n    id=\"message\"\n    aria-describedby=\"message\"\n    type=\"textarea\"\n    name=\"fields[message]\"\n        rows=\"5\"\n        placeholder=\"Intitul\u00e9\"\n    required\n    >\n<\/textarea>\n\n\n    \n    \n<\/div>\n\n\n<div class=\"breakdance-form-field breakdance-form-field--checkbox\" >\n    \n    \n    \n    <fieldset role=\"group\"\n    aria-label=\"DSGVO-Einwilligung\"\n    >\n       <legend class=\"breakdance-form-field__label\">DSGVO-Einwilligung<span class=\"breakdance-form-field__required\">*<\/span><\/legend>\n          <div class=\"breakdance-form-checkbox\">\n          <input\n              type=\"checkbox\"\n              name=\"fields[rgpd]\"\n              value=\"Wir verwenden deine Daten ausschlie\u00dflich, um auf deine Anfrage zu antworten.\"\n              id=\"rgpd-1\"\n              \n                        >\n          <label class=\"breakdance-form-checkbox__text\" for=\"rgpd-1\">Wir verwenden deine Daten ausschlie\u00dflich, um auf deine Anfrage zu antworten.<\/label>\n      <\/div>\n  <\/fieldset>\n\n\n\n    \n    \n<\/div>\n\n\n  \n\n<div class=\"breakdance-form-field breakdance-form-footer\">\n    \n    \n                                    \n    \n    \n    \n    \n            \n            <button type=\"submit\" class=\"button-atom button-atom--primary breakdance-form-button breakdance-form-button__submit\"  >\n    \n        <span class=\"button-atom__text\">Senden<\/span>\n\n        \n        \n            <\/button>\n    \n    <input type=\"hidden\" name=\"form_id\" value=\"147\">\n    <input type=\"hidden\" name=\"post_id\" value=\"876\">\n<\/div>\n\n  \n<\/form>\n\n\n<\/div>\n<\/div><\/div><\/div>\n<\/section><section class=\"bde-section-876-133 bde-section\">\n  \n  \n\t\n\n\n\n<div class=\"section-container\"><div class=\"bde-columns-876-134 bde-columns bde-preset-e46cef46-c7a3-4c82-9484-24796e59893b\"><div class=\"bde-column-876-135 bde-column\" data-entrance=\"slideLeft\">\n  \n  \n\t\n\n\n\n<img decoding=\"async\" class=\"bde-image2-876-136 bde-image2\" src=\"https:\/\/www.agricamper.com\/wp-content\/uploads\/2026\/04\/agricamper-camper-caravan-02.webp\" alt=\"More than a place to sleep\" loading=\"lazy\" srcset=\"https:\/\/www.agricamper.com\/wp-content\/uploads\/2026\/04\/agricamper-camper-caravan-02.webp 400w, https:\/\/www.agricamper.com\/wp-content\/uploads\/2026\/04\/agricamper-camper-caravan-02-300x300.webp 300w, https:\/\/www.agricamper.com\/wp-content\/uploads\/2026\/04\/agricamper-camper-caravan-02-150x150.webp 150w\" sizes=\"(max-width: 400px) 100vw, 400px\">\n<\/div><div class=\"bde-column-876-137 bde-column\" data-entrance=\"slideRight\">\n  \n  \n\t\n\n\n\n<h2 class=\"bde-heading-876-138 bde-heading\">\nWas unsere Gastgeber sagen\n<\/h2><div class=\"bde-rich-text-876-139 bde-rich-text breakdance-rich-text-styles\">\n<p><strong>Asti, Piemont<\/strong> \u2013 Agriturismo #8060: \u00abUnsere Teilnahme hat es uns erm\u00f6glicht, natur- und ruheliebenden Campern ein wirklich authentisches Erlebnis zu bieten.\u00bb<\/p><p><strong>Arezzo, Toskana<\/strong> \u2013 Agriturismo #9823: \u00abNeben dem h\u00f6heren Verkauf unserer regionalen Produkte hat uns die Agricamper-Gastfreundschaft neue Kontakte und Freundschaften gebracht.\u00bb<\/p><p><strong>Ragusa, Sizilien<\/strong> \u2013 Agriturismo #7180: \u00abWir bieten unseren G\u00e4sten ein Eintauchen in die lokale Kultur mit Verkostungen und Aktivit\u00e4ten in der Natur. Agricamper hat uns geholfen, auch international bekannter zu werden.\u00bb<\/p>\n<\/div>\n<\/div><\/div><\/div>\n<\/section><section class=\"bde-section-876-140 bde-section\">\n  \n  \n\t\n\n\n\n<div class=\"section-container\"><div class=\"bde-columns-876-141 bde-columns bde-preset-e46cef46-c7a3-4c82-9484-24796e59893b\"><div class=\"bde-column-876-142 bde-column\" data-entrance=\"slideLeft\">\n  \n  \n\t\n\n\n\n<h2 class=\"bde-heading-876-143 bde-heading\">\nPartnerschaften\n<\/h2><div class=\"bde-rich-text-876-144 bde-rich-text breakdance-rich-text-styles\">\n<p>Agricamper arbeitet mit wichtigen italienischen Verb\u00e4nden zusammen, darunter Campagna Amica, FIVI, Movimento Turismo del Vino, Unionbirrai und weitere. Diese Partnerschaften st\u00e4rken die Glaubw\u00fcrdigkeit und erh\u00f6hen deine Sichtbarkeit.<\/p><p><strong>Werde Teil eines Netzwerks, das den l\u00e4ndlichen Raum st\u00e4rkt<\/strong><br \/>Als Agricamper-Gastgeber unterst\u00fctzt du nachhaltigen, authentischen Tourismus und schaffst gleichzeitig neue Einkommensm\u00f6glichkeiten f\u00fcr deinen Betrieb. Du beh\u00e4ltst immer die Kontrolle \u00fcber Zeiten, Bedingungen und verf\u00fcgbare Pl\u00e4tze.<\/p>\n<\/div>\n<\/div><div class=\"bde-column-876-145 bde-column\" data-entrance=\"slideRight\">\n  \n  \n\t\n\n\n\n<img decoding=\"async\" class=\"bde-image2-876-146 bde-image2\" src=\"https:\/\/www.agricamper.com\/wp-content\/uploads\/2026\/03\/3.jpeg\" alt=\"3\" loading=\"lazy\" srcset=\"https:\/\/www.agricamper.com\/wp-content\/uploads\/2026\/03\/3.jpeg 2048w, https:\/\/www.agricamper.com\/wp-content\/uploads\/2026\/03\/3-300x225.jpeg 300w, https:\/\/www.agricamper.com\/wp-content\/uploads\/2026\/03\/3-1024x768.jpeg 1024w, https:\/\/www.agricamper.com\/wp-content\/uploads\/2026\/03\/3-768x576.jpeg 768w, https:\/\/www.agricamper.com\/wp-content\/uploads\/2026\/03\/3-1536x1152.jpeg 1536w, https:\/\/www.agricamper.com\/wp-content\/uploads\/2026\/03\/3-600x450.jpeg 600w\" sizes=\"(max-width: 2048px) 100vw, 2048px\">\n<\/div><\/div><\/div>\n<\/section><\/div>","protected":false},"excerpt":{"rendered":"<p>Agricamper verbindet landwirtschaftliche Betriebe und l\u00e4ndliche Realit\u00e4ten in Italien mit unabh\u00e4ngigen Campern, die einen kostenlosen 24-Stunden-Stellplatz in der Natur suchen. Du stellst einen Stellplatz zur Verf\u00fcgung \u2013 sie entdecken deinen Hof, kaufen deine Produkte und erleben echte Authentizit\u00e4t.Warum Gastgeber werdenKostenlose Anmeldung, keine Provisionen.Mehr Direktverk\u00e4ufe und Sichtbarkeit bei tausenden Campern.Du entscheidest selbst, wann du G\u00e4ste empf\u00e4ngst [&hellip;]<\/p>\n","protected":false},"author":1,"featured_media":0,"parent":0,"menu_order":0,"comment_status":"closed","ping_status":"closed","template":"","meta":{"_acf_changed":false,"_breakdance_hide_in_design_set":false,"_breakdance_tags":"","footnotes":""},"class_list":["post-876","page","type-page","status-publish","hentry"],"acf":[],"_links":{"self":[{"href":"https:\/\/www.agricamper.com\/de\/wp-json\/wp\/v2\/pages\/876","targetHints":{"allow":["GET"]}}],"collection":[{"href":"https:\/\/www.agricamper.com\/de\/wp-json\/wp\/v2\/pages"}],"about":[{"href":"https:\/\/www.agricamper.com\/de\/wp-json\/wp\/v2\/types\/page"}],"author":[{"embeddable":true,"href":"https:\/\/www.agricamper.com\/de\/wp-json\/wp\/v2\/users\/1"}],"replies":[{"embeddable":true,"href":"https:\/\/www.agricamper.com\/de\/wp-json\/wp\/v2\/comments?post=876"}],"version-history":[{"count":15,"href":"https:\/\/www.agricamper.com\/de\/wp-json\/wp\/v2\/pages\/876\/revisions"}],"predecessor-version":[{"id":3112,"href":"https:\/\/www.agricamper.com\/de\/wp-json\/wp\/v2\/pages\/876\/revisions\/3112"}],"wp:attachment":[{"href":"https:\/\/www.agricamper.com\/de\/wp-json\/wp\/v2\/media?parent=876"}],"curies":[{"name":"wp","href":"https:\/\/api.w.org\/{rel}","templated":true}]}}