{"id":859,"date":"2026-02-23T16:56:05","date_gmt":"2026-02-23T16:56:05","guid":{"rendered":"https:\/\/www.agricamper.com\/sabonner\/"},"modified":"2026-04-20T13:04:06","modified_gmt":"2026-04-20T13:04:06","slug":"mitgliedschaften-fuer-bauernhof-stellplaetze","status":"publish","type":"page","link":"https:\/\/www.agricamper.com\/de\/mitgliedschaften-fuer-bauernhof-stellplaetze\/","title":{"rendered":"Mitgliedschaften f\u00fcr Bauernhof\u2011Stellpl\u00e4tze"},"content":{"rendered":"<div class='breakdance'><section class=\"bde-section-859-100 bde-section\">\n  \n  \n\t\n\n\n\n<div class=\"section-container\"><div class=\"bde-wooproductslist-859-101 bde-wooproductslist breakdance-woocommerce\" data-entrance=\"slideUp\"><div class=\"woocommerce\"><ul class=\"products\">\n<li class=\"product type-product post-1227 status-publish first instock product_cat-adesione-agricamper-italia has-post-thumbnail downloadable virtual taxable purchasable product-type-subscription\" >\n\t<a href=\"https:\/\/www.agricamper.com\/de\/produkt\/agricamper-italia-stellplatzfuehrer-fuer-wohnmobile-in-italien\/\" class=\"woocommerce-LoopProduct-link woocommerce-loop-product__link\"><div class=\"custom-area custom-area-1\"><div class='breakdance'><img decoding=\"async\" class=\"bde-image2-496-107-1227 bde-image2 bde-image2-496-107\" src=\"https:\/\/www.agricamper.com\/wp-content\/uploads\/2026\/03\/abonnement-it.jpg\" alt=\"Abonnement Agricamper\" loading=\"lazy\" srcset=\"https:\/\/www.agricamper.com\/wp-content\/uploads\/2026\/03\/abonnement-it.jpg 1600w, https:\/\/www.agricamper.com\/wp-content\/uploads\/2026\/03\/abonnement-it-600x450.jpg 600w, https:\/\/www.agricamper.com\/wp-content\/uploads\/2026\/03\/abonnement-it-300x225.jpg 300w, https:\/\/www.agricamper.com\/wp-content\/uploads\/2026\/03\/abonnement-it-1024x768.jpg 1024w, https:\/\/www.agricamper.com\/wp-content\/uploads\/2026\/03\/abonnement-it-768x576.jpg 768w, https:\/\/www.agricamper.com\/wp-content\/uploads\/2026\/03\/abonnement-it-1536x1152.jpg 1536w\" sizes=\"(max-width: 1600px) 100vw, 1600px\"><div class=\"bde-div-496-108-1227 bde-div produit-contenu bde-div-496-108\">\n  \n  \n\t\n\n\n\n<div class=\"bde-div-496-106-1227 bde-div bde-div-496-106\">\n  \n  \n\t\n\n\n\n<h2 class=\"bde-heading-496-104-1227 bde-heading bde-heading-496-104\">\nAgricamper Italia \u2013 Stellplatzf\u00fchrer f\u00fcr Wohnmobile in Italien\n<\/h2><div class=\"bde-text-496-105-1227 bde-text bde-text-496-105\">\n<span class=\"woocommerce-Price-amount amount\"><bdi>39,90&nbsp;<span class=\"woocommerce-Price-currencySymbol\">&euro;<\/span><\/bdi><\/span> <span class=\"subscription-details\"> \/ Jahr<\/span>\n<\/div><div class=\"bde-rich-text-496-102-1227 bde-rich-text bde-rich-text-496-102 breakdance-rich-text-styles\">\n<ul>\r\n  <li>Unbegrenzte kostenlose 24\u2011Stunden\u2011Stopps auf Bauernh\u00f6fen in ganz Italien<\/li>\r\n  <li>12 Monate Zugang zum kompletten digitalen Stellplatz\u2011Guide und zur App<\/li>\r\n  <li>Nur f\u00fcr autarke Wohnmobile, Campervans und Wohnwagen-Gespanne<\/li>\r\n<\/ul>\n<\/div>\n<\/div>\n<\/div><\/div><\/div><\/a><div class=\"bde-woo-product-footer\"><\/div><span class=\"gtm4wp_productdata\" style=\"display:none; visibility:hidden;\" data-gtm4wp_product_data=\"{&quot;internal_id&quot;:1227,&quot;item_id&quot;:1227,&quot;item_name&quot;:&quot;Agricamper Italia \\u2013 Stellplatzf\\u00fchrer f\\u00fcr Wohnmobile in Italien&quot;,&quot;sku&quot;:1227,&quot;price&quot;:39.9,&quot;stocklevel&quot;:null,&quot;stockstatus&quot;:&quot;instock&quot;,&quot;google_business_vertical&quot;:&quot;retail&quot;,&quot;item_category&quot;:&quot;Adesione Agricamper Italia&quot;,&quot;id&quot;:1227,&quot;productlink&quot;:&quot;https:\\\/\\\/www.agricamper.com\\\/de\\\/produkt\\\/agricamper-italia-stellplatzfuehrer-fuer-wohnmobile-in-italien\\\/&quot;,&quot;item_list_name&quot;:&quot;General Product List&quot;,&quot;index&quot;:1,&quot;product_type&quot;:&quot;subscription&quot;,&quot;item_brand&quot;:&quot;&quot;}\"><\/span><\/li>\n<li class=\"product type-product post-1217 status-publish instock product_cat-carte-regalo-agricamper-italia has-post-thumbnail sale taxable shipping-taxable purchasable product-type-variable\" >\n\t<a href=\"https:\/\/www.agricamper.com\/de\/produkt\/agricamper-geschenkkarte-wohnmobil-uebernachtungen-in-italien\/\" class=\"woocommerce-LoopProduct-link woocommerce-loop-product__link\"><div class=\"custom-area custom-area-1\"><div class='breakdance'><img decoding=\"async\" class=\"bde-image2-496-107-1217 bde-image2 bde-image2-496-107\" src=\"https:\/\/www.agricamper.com\/wp-content\/uploads\/2026\/04\/carte-cadeau-de-2.jpg\" loading=\"lazy\" srcset=\"https:\/\/www.agricamper.com\/wp-content\/uploads\/2026\/04\/carte-cadeau-de-2.jpg 1600w, https:\/\/www.agricamper.com\/wp-content\/uploads\/2026\/04\/carte-cadeau-de-2-300x225.jpg 300w, https:\/\/www.agricamper.com\/wp-content\/uploads\/2026\/04\/carte-cadeau-de-2-1024x768.jpg 1024w, https:\/\/www.agricamper.com\/wp-content\/uploads\/2026\/04\/carte-cadeau-de-2-768x576.jpg 768w, https:\/\/www.agricamper.com\/wp-content\/uploads\/2026\/04\/carte-cadeau-de-2-1536x1152.jpg 1536w, https:\/\/www.agricamper.com\/wp-content\/uploads\/2026\/04\/carte-cadeau-de-2-600x450.jpg 600w\" sizes=\"(max-width: 1600px) 100vw, 1600px\"><div class=\"bde-div-496-108-1217 bde-div produit-contenu bde-div-496-108\">\n  \n  \n\t\n\n\n\n<div class=\"bde-div-496-106-1217 bde-div bde-div-496-106\">\n  \n  \n\t\n\n\n\n<h2 class=\"bde-heading-496-104-1217 bde-heading bde-heading-496-104\">\nAgricamper-Geschenkkarte \u2013 Wohnmobil-\u00dcbernachtungen in Italien\n<\/h2><div class=\"bde-text-496-105-1217 bde-text bde-text-496-105\">\n<span class=\"woocommerce-Price-amount amount\" aria-hidden=\"true\"><bdi>39,90&nbsp;<span class=\"woocommerce-Price-currencySymbol\">&euro;<\/span><\/bdi><\/span> <span aria-hidden=\"true\"> \u2013 <\/span> <span class=\"woocommerce-Price-amount amount\" aria-hidden=\"true\"><bdi>99,90&nbsp;<span class=\"woocommerce-Price-currencySymbol\">&euro;<\/span><\/bdi><\/span><span class=\"screen-reader-text\">Preisspanne: 39,90&nbsp;&euro; bis 99,90&nbsp;&euro;<\/span>\n<\/div><div class=\"bde-rich-text-496-102-1217 bde-rich-text bde-rich-text-496-102 breakdance-rich-text-styles\">\n<ul>\r\n \t<li>Digitale Geschenkkarte f\u00fcr eine Agricamper Italia Mitgliedschaft (1, 2 oder 3 Jahre)<\/li>\r\n \t<li>Kostenlose 24-Stunden-Aufenthalte auf hunderten Bauernh\u00f6fen und Weing\u00fctern in ganz Italien<\/li>\r\n \t<li>G\u00fcltig f\u00fcr autarke Wohnmobile, Campervans und Wohnwagen<\/li>\r\n<\/ul>\n<\/div>\n<\/div>\n<\/div><\/div><\/div><\/a><div class=\"bde-woo-product-footer\"><\/div><span class=\"gtm4wp_productdata\" style=\"display:none; visibility:hidden;\" data-gtm4wp_product_data=\"{&quot;internal_id&quot;:1217,&quot;item_id&quot;:1217,&quot;item_name&quot;:&quot;Agricamper-Geschenkkarte \\u2013 Wohnmobil-\\u00dcbernachtungen in Italien&quot;,&quot;sku&quot;:1217,&quot;price&quot;:39.9,&quot;stocklevel&quot;:null,&quot;stockstatus&quot;:&quot;instock&quot;,&quot;google_business_vertical&quot;:&quot;retail&quot;,&quot;item_category&quot;:&quot;Carte regalo Agricamper Italia&quot;,&quot;id&quot;:1217,&quot;productlink&quot;:&quot;https:\\\/\\\/www.agricamper.com\\\/de\\\/produkt\\\/agricamper-geschenkkarte-wohnmobil-uebernachtungen-in-italien\\\/&quot;,&quot;item_list_name&quot;:&quot;General Product List&quot;,&quot;index&quot;:2,&quot;product_type&quot;:&quot;variable&quot;,&quot;item_brand&quot;:&quot;&quot;}\"><\/span><\/li>\n<\/ul>\n<\/div>\r\n<\/div><\/div>\n<\/section><section class=\"bde-section-859-102 bde-section sectionPhoto\" data-entrance=\"slideLeft\">\n  \n  \n\t\n\n\n\n<div class=\"section-container\"><div class=\"bde-div-859-107 bde-div\">\n  \n  \n\t\n\n\n\n<div class=\"bde-text-859-103 bde-text\">\nBauernhof\u2011Stellpl\u00e4tze in Europa\n<\/div><div class=\"bde-text-859-104 bde-text\">\n<br>Entdecke das FEFI\u2011Netzwerk mit Stellpl\u00e4tzen auf Bauernh\u00f6fen in Frankreich, Spanien, Italien, der Schweiz, \u00d6sterreich, Deutschland, Gro\u00dfbritannien, Irland, D\u00e4nemark, Schweden und Norwegen f\u00fcr Reisen mit Wohnmobil und Caravan.\n<\/div><div class=\"bde-button-859-105 bde-button\">\n    \n                                    \n    \n    \n    \n    \n            \n                    \n            \n            \n\n    \n    \n    \n    \n    \n    <a class=\"breakdance-link button-atom button-atom--primary bde-button__button\" href=\"https:\/\/www.agricamper.com\/de\/kostenlose-stellplaetze-auf-bauernhoefen-in-europa\/\" target=\"_self\" data-type=\"url\"  >\n\n    \n        <span class=\"button-atom__text\">Entdecke FEFI\u2011Mitgliedschaften<\/span>\n\n        \n        \n                <\/a>\n\n    \n\n\n<\/div>\n<\/div><img decoding=\"async\" class=\"bde-image2-859-106 bde-image2\" src=\"https:\/\/www.agricamper.com\/wp-content\/uploads\/2026\/02\/module.jpg\" alt=\"Voyager en Italie et en Europe\" loading=\"lazy\" srcset=\"https:\/\/www.agricamper.com\/wp-content\/uploads\/2026\/02\/module.jpg 2048w, https:\/\/www.agricamper.com\/wp-content\/uploads\/2026\/02\/module-300x156.jpg 300w, https:\/\/www.agricamper.com\/wp-content\/uploads\/2026\/02\/module-1024x533.jpg 1024w, https:\/\/www.agricamper.com\/wp-content\/uploads\/2026\/02\/module-768x400.jpg 768w, https:\/\/www.agricamper.com\/wp-content\/uploads\/2026\/02\/module-1536x800.jpg 1536w, https:\/\/www.agricamper.com\/wp-content\/uploads\/2026\/02\/module-18x9.jpg 18w, https:\/\/www.agricamper.com\/wp-content\/uploads\/2026\/02\/module-600x312.jpg 600w\" sizes=\"(max-width: 2048px) 100vw, 2048px\"><\/div>\n<\/section><\/div>","protected":false},"excerpt":{"rendered":"","protected":false},"author":1,"featured_media":0,"parent":0,"menu_order":0,"comment_status":"closed","ping_status":"closed","template":"","meta":{"_acf_changed":false,"_breakdance_hide_in_design_set":false,"_breakdance_tags":"","footnotes":""},"class_list":["post-859","page","type-page","status-publish","hentry"],"acf":[],"_links":{"self":[{"href":"https:\/\/www.agricamper.com\/de\/wp-json\/wp\/v2\/pages\/859","targetHints":{"allow":["GET"]}}],"collection":[{"href":"https:\/\/www.agricamper.com\/de\/wp-json\/wp\/v2\/pages"}],"about":[{"href":"https:\/\/www.agricamper.com\/de\/wp-json\/wp\/v2\/types\/page"}],"author":[{"embeddable":true,"href":"https:\/\/www.agricamper.com\/de\/wp-json\/wp\/v2\/users\/1"}],"replies":[{"embeddable":true,"href":"https:\/\/www.agricamper.com\/de\/wp-json\/wp\/v2\/comments?post=859"}],"version-history":[{"count":11,"href":"https:\/\/www.agricamper.com\/de\/wp-json\/wp\/v2\/pages\/859\/revisions"}],"predecessor-version":[{"id":105579,"href":"https:\/\/www.agricamper.com\/de\/wp-json\/wp\/v2\/pages\/859\/revisions\/105579"}],"wp:attachment":[{"href":"https:\/\/www.agricamper.com\/de\/wp-json\/wp\/v2\/media?parent=859"}],"curies":[{"name":"wp","href":"https:\/\/api.w.org\/{rel}","templated":true}]}}