{"id":3474,"date":"2021-02-02T14:16:33","date_gmt":"2021-02-02T13:16:33","guid":{"rendered":"http:\/\/agricamper.web02.ipgarde.net\/?page_id=3474"},"modified":"2024-01-24T15:46:50","modified_gmt":"2024-01-24T14:46:50","slug":"auslandische-netzwerke","status":"publish","type":"page","link":"https:\/\/www.agricamper.com\/de\/auslandische-netzwerke\/","title":{"rendered":"Ausl\u00e4ndische Netzwerke"},"content":{"rendered":"\n<h2 class=\"wp-block-heading\">Gibt es in anderen L\u00e4ndern \u00e4hnliche Netze wie das von Agricamper?<\/h2>\n\n\n\n<p>Die\u00a0<a href=\"https:\/\/www.fefi.eu\/\" target=\"_blank\" rel=\"noreferrer noopener\">F\u00e9d\u00e9ration Europ\u00e9enne de la Formule Invitations<\/a>\u00a0(FEFI) vereint 10 europ\u00e4ische Netzwerke, die die France Passion Formula Invitations in ihren jeweiligen L\u00e4ndern entwickeln. France Passion wurde 1993 als Konzept entwickelt und bietet die authentischste Art, ein Land in einem Wohnmobil zu besuchen. France Passion hat beschlossen, \u00e4hnliche Netzwerke zu f\u00f6derieren, ihre jeweiligen Erfahrungen auszutauschen und mit Kollegen aus\u00a0<a href=\"https:\/\/www.france-passion.com\/\" target=\"_blank\" rel=\"noreferrer noopener\">Frankreich<\/a>,\u00a0<a href=\"https:\/\/landvergnuegen.com\/\" target=\"_blank\" rel=\"noreferrer noopener\">Deutschland<\/a>,\u00a0<a href=\"https:\/\/www.britstops.com\/\" target=\"_blank\" rel=\"noreferrer noopener\">Gro\u00dfbritannien &amp; Irland<\/a>,\u00a0<a href=\"https:\/\/espana-discovery.es\/\" target=\"_blank\" rel=\"noreferrer noopener\">Spanien<\/a>,\u00a0<a href=\"https:\/\/swissterroir.ch\/\" target=\"_blank\" rel=\"noreferrer noopener\">der schweiz<\/a>,\u00a0<a href=\"https:\/\/pintrip.eu\/\" target=\"_blank\" rel=\"noreferrer noopener\">D\u00e4nemark<\/a>,\u00a0<a href=\"https:\/\/www.swedestops.se\/\" target=\"_blank\" rel=\"noreferrer noopener\">Schweden<\/a>,\u00a0<a href=\"https:\/\/www.bauernleben.at\/\" target=\"_blank\" rel=\"noreferrer noopener\">\u00d6sterreich<\/a>,\u00a0<a href=\"https:\/\/www.nortrip.no\/\" target=\"_blank\" rel=\"noreferrer noopener\">Norwegen<\/a>\u00a0und <a href=\"https:\/\/www.agricamper-italia.com\/de\/produkt-kategorie\/mitgliedschaft\/\" title=\"\">Italien<\/a> zusammenzuarbeiten\u2026 Entdecken Sie alle Mitglieder im Detail auf der FEFI-Website!<\/p>\n\n\n\n<div class=\"wp-block-buttons is-content-justification-center is-layout-flex wp-container-core-buttons-is-layout-a89b3969 wp-block-buttons-is-layout-flex\">\n<div class=\"wp-block-button\"><a class=\"wp-block-button__link wp-element-button\" href=\"https:\/\/www.agricamper-italia.com\/de\/produkt-kategorie\/guide-cartacee-turistiche-camper-roulotte-de\/\">Kaufe die FEFI-Reisef\u00fchrer<\/a><\/div>\n<\/div>\n\n\n\n<div class=\"wp-block-columns is-layout-flex wp-container-core-columns-is-layout-28f84493 wp-block-columns-is-layout-flex\">\n<div class=\"wp-block-column is-layout-flow wp-block-column-is-layout-flow\" style=\"flex-basis:33.33%\">\n<figure class=\"wp-block-image size-full\"><img loading=\"lazy\" decoding=\"async\" width=\"367\" height=\"367\" src=\"https:\/\/www.agricamper.com\/wp-content\/uploads\/2023\/01\/LogoBlack_4x_deb2d15f-4e1e-4278-bbc5-e0351c2d4435.png\" alt=\"\" class=\"wp-image-19637\" srcset=\"https:\/\/www.agricamper.com\/wp-content\/uploads\/2023\/01\/LogoBlack_4x_deb2d15f-4e1e-4278-bbc5-e0351c2d4435.png 367w, https:\/\/www.agricamper.com\/wp-content\/uploads\/2023\/01\/LogoBlack_4x_deb2d15f-4e1e-4278-bbc5-e0351c2d4435-324x324.png 324w, https:\/\/www.agricamper.com\/wp-content\/uploads\/2023\/01\/LogoBlack_4x_deb2d15f-4e1e-4278-bbc5-e0351c2d4435-100x100.png 100w, https:\/\/www.agricamper.com\/wp-content\/uploads\/2023\/01\/LogoBlack_4x_deb2d15f-4e1e-4278-bbc5-e0351c2d4435-300x300.png 300w, https:\/\/www.agricamper.com\/wp-content\/uploads\/2023\/01\/LogoBlack_4x_deb2d15f-4e1e-4278-bbc5-e0351c2d4435-150x150.png 150w, https:\/\/www.agricamper.com\/wp-content\/uploads\/2023\/01\/LogoBlack_4x_deb2d15f-4e1e-4278-bbc5-e0351c2d4435-360x360.png 360w\" sizes=\"auto, (max-width: 367px) 100vw, 367px\" \/><\/figure>\n<\/div>\n\n\n\n<div class=\"wp-block-column is-layout-flow wp-block-column-is-layout-flow\" style=\"flex-basis:66.66%\">\n<p><strong>Was ist&nbsp;<em>Formule Invitations<\/em>?<br><\/strong>Winzer, Landwirte und Handwerker laden Reisemobilisten zu einer \u00dcbernachtung auf ihrem Privatgrundst\u00fcck ein.<br>Jeder Produzent verpflichtet sich, Camper, Inhaber der Mitgliedschaft f\u00fcr das laufende Jahr, kostenlos aufzunehmen.<br>Die Formel erm\u00f6glicht authentische Begegnungen zwischen Eigent\u00fcmern und Campern, die ihnen helfen, ihre Terroirs und ihre Produkte zu entdecken.<\/p>\n\n\n\n<p><strong>Was sind die Ziele des FEFI?<br><\/strong>Das Hauptziel von FEFI ist es, Campern in Europa Reisen und Zwischenstopps zu erleichtern. \u00dcber die FEFI-Netzwerke k\u00f6nnen Wohnmobilbesitzer die von France Passion erstellten&nbsp;<em>Formule Invitations<\/em>&nbsp;nutzen, um die Gastfreundschaft und den Reichtum der europ\u00e4ischen Terroirs zu entdecken.<\/p>\n<\/div>\n<\/div>\n\n\n\n<div class=\"wp-block-buttons is-content-justification-center is-layout-flex wp-container-core-buttons-is-layout-a89b3969 wp-block-buttons-is-layout-flex\">\n<div class=\"wp-block-button\"><a class=\"wp-block-button__link wp-element-button\" href=\"https:\/\/www.fefi.eu\/\">FEFI-Website<\/a><\/div>\n<\/div>\n","protected":false},"excerpt":{"rendered":"<p>Gibt es in anderen L\u00e4ndern \u00e4hnliche Netze wie das von Agricamper? Die\u00a0F\u00e9d\u00e9ration Europ\u00e9enne de la Formule Invitations\u00a0(FEFI) vereint 10 europ\u00e4ische Netzwerke, die die France Passion Formula Invitations in ihren jeweiligen L\u00e4ndern entwickeln. France Passion wurde 1993 als Konzept entwickelt und bietet die authentischste Art, ein Land in einem Wohnmobil zu besuchen. France Passion hat beschlossen, [&hellip;]<\/p>\n","protected":false},"author":1,"featured_media":51496,"parent":0,"menu_order":0,"comment_status":"closed","ping_status":"closed","template":"","meta":{"footnotes":""},"class_list":["post-3474","page","type-page","status-publish","has-post-thumbnail","hentry"],"aioseo_notices":[],"_links":{"self":[{"href":"https:\/\/www.agricamper.com\/de\/wp-json\/wp\/v2\/pages\/3474","targetHints":{"allow":["GET"]}}],"collection":[{"href":"https:\/\/www.agricamper.com\/de\/wp-json\/wp\/v2\/pages"}],"about":[{"href":"https:\/\/www.agricamper.com\/de\/wp-json\/wp\/v2\/types\/page"}],"author":[{"embeddable":true,"href":"https:\/\/www.agricamper.com\/de\/wp-json\/wp\/v2\/users\/1"}],"replies":[{"embeddable":true,"href":"https:\/\/www.agricamper.com\/de\/wp-json\/wp\/v2\/comments?post=3474"}],"version-history":[{"count":18,"href":"https:\/\/www.agricamper.com\/de\/wp-json\/wp\/v2\/pages\/3474\/revisions"}],"predecessor-version":[{"id":37188,"href":"https:\/\/www.agricamper.com\/de\/wp-json\/wp\/v2\/pages\/3474\/revisions\/37188"}],"wp:featuredmedia":[{"embeddable":true,"href":"https:\/\/www.agricamper.com\/de\/wp-json\/wp\/v2\/media\/51496"}],"wp:attachment":[{"href":"https:\/\/www.agricamper.com\/de\/wp-json\/wp\/v2\/media?parent=3474"}],"curies":[{"name":"wp","href":"https:\/\/api.w.org\/{rel}","templated":true}]}}