{"id":1902,"date":"2026-02-23T16:55:48","date_gmt":"2026-02-23T16:55:48","guid":{"rendered":"https:\/\/www.agricamper.com\/try-the-agricamper-app\/"},"modified":"2026-04-17T07:22:25","modified_gmt":"2026-04-17T07:22:25","slug":"app-testen","status":"publish","type":"page","link":"https:\/\/www.agricamper.com\/de\/app-testen\/","title":{"rendered":"App testen"},"content":{"rendered":"<div class='breakdance'><section class=\"bde-section-1902-100 bde-section bde-preset-880dfed4-3873-4d47-944e-9165c4d43470\">\n  \n  \n\t\n\n\n\n<div class=\"section-container\"><div class=\"bde-rich-text-1902-101 bde-rich-text breakdance-rich-text-styles\">\n<p>Bevor du Mitglied wirst, kannst du die kostenlose Demoversion der Agricamper Italia App nutzen, um zu sehen, wie sie funktioniert. So bekommst du einen Eindruck von den wichtigsten Funktionen f\u00fcr Reisen mit Wohnmobil, Campervan und Caravan in Italien, ganz ohne Verpflichtung.<\/p><h2>Alle App\u2011Funktionen<\/h2><ul><li><strong>Interaktive Karte:<\/strong> entdecke Italien und w\u00e4hle Gastgeber nach Standort<\/li><li><strong>GPS-Ortung:<\/strong> sieh dir schnell Gastgeber in deiner N\u00e4he an<\/li><li><strong>Erweiterte Filter:<\/strong> filtere nach Region, Aktivit\u00e4ten, Produkten, Services, Fahrzeugl\u00e4nge, Buchungsart sowie familien- und hundefreundlichen H\u00f6fen<\/li><li><strong>Gastgeberprofil:<\/strong> sieh dir die wichtigsten Infos zu jedem Gastgeber an, inklusive Fotos und Bewertungen unserer Mitglieder<\/li><li><strong>Tipps vor Ort:<\/strong> entdecke interessante Orte in der Umgebung, zum Beispiel Aussichtspunkte, Kulturst\u00e4tten und kulinarische Veranstaltungen<\/li><li><strong>Favoriten:<\/strong> plane deine Route Tag f\u00fcr Tag mit deinen gemerkten Stopps<\/li><li><strong>Buchung und Navigation:<\/strong> Sende deine Buchungsanfragen mit wenigen Klicks und \u00f6ffne die Strecke in deiner gewohnten Navigations\u2011App<\/li><li><strong>Digitale Mitgliedskarte:<\/strong> jederzeit in der App verf\u00fcgbar<\/li><\/ul>\n<\/div><\/div>\n<\/section><section class=\"bde-section-1902-120 bde-section\" data-entrance=\"slideUp\">\n  \n  \n\t\n\n\n\n<div class=\"section-container\"><div class=\"bde-columns-1902-121 bde-columns\"><div class=\"bde-column-1902-122 bde-column\">\n  \n  \n\t\n\n\n\n<div class=\"bde-div-1902-123 bde-div\">\n  \n  \n\t\n\n\n\n<h2 class=\"bde-heading-1902-124 bde-heading\">\nApp<br>entdecken\n<\/h2><div class=\"bde-text-1902-125 bde-text\">\nInteraktive Karte, detaillierte Gastgeberprofile, lokale Tipps, einfache Buchung und Entsorgungsstationen f\u00fcr Wohnmobile \u2013 alles in deiner Mitgliedschaft enthalten.<br><br>Teste die wichtigsten Funktionen in der Demoversion, bevor du Mitglied wirst.\n<\/div>\n<\/div><div class=\"bde-div-1902-141 bde-div\">\n  \n  \n\t\n\n\n\n<div class=\"bde-button-1902-142 bde-button\">\n    \n                        \n                        \n    \n    \n    \n    \n            \n                    \n            \n            \n\n    \n    \n    \n    \n    \n    <a class=\"breakdance-link button-atom button-atom--primary bde-button__button\" href=\"https:\/\/apps.apple.com\/fr\/app\/agricamper-italia\/id1519397130\" target=\"_blank\" data-type=\"url\"  >\n\n    \n        <span class=\"button-atom__text\">App Store<\/span>\n\n        \n        \n                <\/a>\n\n    \n\n\n<\/div><div class=\"bde-button-1902-143 bde-button\">\n    \n                        \n                        \n    \n    \n    \n    \n            \n                    \n            \n            \n\n    \n    \n    \n    \n    \n    <a class=\"breakdance-link button-atom button-atom--primary bde-button__button\" href=\"https:\/\/play.google.com\/store\/apps\/details?id=com.goodbarber.agricamperital\" target=\"_blank\" data-type=\"url\"  >\n\n    \n        <span class=\"button-atom__text\">Google Play<\/span>\n\n        \n        \n                <\/a>\n\n    \n\n\n<\/div>\n<\/div>\n<\/div><div class=\"bde-column-1902-129 bde-column\">\n  \n  \n\t\n\n\n\n\n<\/div><div class=\"bde-column-1902-130 bde-column\">\n  \n  \n\t\n\n\n\n<div class=\"bde-advancedslider-1902-131 bde-advancedslider\">\n<div class=\"breakdance-swiper-wrapper\" data-swiper-id=\"131\">\n  <div class=\"swiper\">\n    <div class=\"swiper-wrapper\">\n      <div class=\"bde-advancedslide-1902-132 bde-advancedslide swiper-slide\"><div class=\"advanced-slider__slide\">\r\n  <img decoding=\"async\" class=\"bde-image2-1902-133 bde-image2\" src=\"https:\/\/www.agricamper.com\/wp-content\/uploads\/2026\/04\/host-de.png\" alt=\"host-de\" loading=\"lazy\" srcset=\"https:\/\/www.agricamper.com\/wp-content\/uploads\/2026\/04\/host-de.png 468w, https:\/\/www.agricamper.com\/wp-content\/uploads\/2026\/04\/host-de-259x300.png 259w\" sizes=\"(max-width: 468px) 100vw, 468px\">\r\n<\/div><\/div><div class=\"bde-advancedslide-1902-134 bde-advancedslide swiper-slide\"><div class=\"advanced-slider__slide\">\r\n  <img decoding=\"async\" class=\"bde-image2-1902-135 bde-image2\" src=\"https:\/\/www.agricamper.com\/wp-content\/uploads\/2026\/04\/mappa-en-1.png\" loading=\"lazy\" srcset=\"https:\/\/www.agricamper.com\/wp-content\/uploads\/2026\/04\/mappa-en-1.png 468w, https:\/\/www.agricamper.com\/wp-content\/uploads\/2026\/04\/mappa-en-1-259x300.png 259w\" sizes=\"(max-width: 468px) 100vw, 468px\">\r\n<\/div><\/div><div class=\"bde-advancedslide-1902-136 bde-advancedslide swiper-slide\"><div class=\"advanced-slider__slide\">\r\n  <img decoding=\"async\" class=\"bde-image2-1902-137 bde-image2\" src=\"https:\/\/www.agricamper.com\/wp-content\/uploads\/2026\/04\/prenotazione-en.png\" alt=\"prenotazione-en\" loading=\"lazy\" srcset=\"https:\/\/www.agricamper.com\/wp-content\/uploads\/2026\/04\/prenotazione-en.png 468w, https:\/\/www.agricamper.com\/wp-content\/uploads\/2026\/04\/prenotazione-en-259x300.png 259w\" sizes=\"(max-width: 468px) 100vw, 468px\">\r\n<\/div><\/div>\n    <\/div>\n  <\/div>\n\n      \n            <div class=\"swiper-pagination\"><\/div>\n    \n<\/div>\n\n<\/div>\n<\/div><\/div><\/div>\n<\/section><\/div>","protected":false},"excerpt":{"rendered":"<p>Bevor du Mitglied wirst, kannst du die kostenlose Demoversion der Agricamper Italia App nutzen, um zu sehen, wie sie funktioniert. So bekommst du einen Eindruck von den wichtigsten Funktionen f\u00fcr Reisen mit Wohnmobil, Campervan und Caravan in Italien, ganz ohne Verpflichtung.Alle App\u2011FunktionenInteraktive Karte: entdecke Italien und w\u00e4hle Gastgeber nach StandortGPS-Ortung: sieh dir schnell Gastgeber in [&hellip;]<\/p>\n","protected":false},"author":1,"featured_media":0,"parent":0,"menu_order":0,"comment_status":"closed","ping_status":"closed","template":"","meta":{"_acf_changed":false,"_breakdance_hide_in_design_set":false,"_breakdance_tags":"","footnotes":""},"class_list":["post-1902","page","type-page","status-publish","hentry"],"acf":[],"_links":{"self":[{"href":"https:\/\/www.agricamper.com\/de\/wp-json\/wp\/v2\/pages\/1902","targetHints":{"allow":["GET"]}}],"collection":[{"href":"https:\/\/www.agricamper.com\/de\/wp-json\/wp\/v2\/pages"}],"about":[{"href":"https:\/\/www.agricamper.com\/de\/wp-json\/wp\/v2\/types\/page"}],"author":[{"embeddable":true,"href":"https:\/\/www.agricamper.com\/de\/wp-json\/wp\/v2\/users\/1"}],"replies":[{"embeddable":true,"href":"https:\/\/www.agricamper.com\/de\/wp-json\/wp\/v2\/comments?post=1902"}],"version-history":[{"count":13,"href":"https:\/\/www.agricamper.com\/de\/wp-json\/wp\/v2\/pages\/1902\/revisions"}],"predecessor-version":[{"id":78816,"href":"https:\/\/www.agricamper.com\/de\/wp-json\/wp\/v2\/pages\/1902\/revisions\/78816"}],"wp:attachment":[{"href":"https:\/\/www.agricamper.com\/de\/wp-json\/wp\/v2\/media?parent=1902"}],"curies":[{"name":"wp","href":"https:\/\/api.w.org\/{rel}","templated":true}]}}