{"id":1886,"date":"2026-03-23T14:00:13","date_gmt":"2026-03-23T14:00:13","guid":{"rendered":"https:\/\/www.agricamper.com\/how-agricamper-italia-works\/"},"modified":"2026-04-20T13:16:20","modified_gmt":"2026-04-20T13:16:20","slug":"so-funktionierts","status":"publish","type":"page","link":"https:\/\/www.agricamper.com\/de\/so-funktionierts\/","title":{"rendered":"So funktioniert\u2019s"},"content":{"rendered":"<div class='breakdance'><section class=\"bde-section-1886-102 bde-section bde-preset-880dfed4-3873-4d47-944e-9165c4d43470\">\n  \n  \n\t\n\n\n\n<div class=\"section-container\"><div class=\"bde-columns-1886-103 bde-columns bde-preset-e46cef46-c7a3-4c82-9484-24796e59893b\"><div class=\"bde-column-1886-104 bde-column\" data-entrance=\"slideLeft\">\n  \n  \n\t\n\n\n\n<img decoding=\"async\" class=\"bde-image2-1886-105 bde-image2\" src=\"https:\/\/www.agricamper.com\/wp-content\/uploads\/2026\/03\/27-1.jpeg\" alt=\"Reisen Sie mit einem guten Gef\u00fchl\" loading=\"lazy\" srcset=\"https:\/\/www.agricamper.com\/wp-content\/uploads\/2026\/03\/27-1.jpeg 1560w, https:\/\/www.agricamper.com\/wp-content\/uploads\/2026\/03\/27-1-225x300.jpeg 225w, https:\/\/www.agricamper.com\/wp-content\/uploads\/2026\/03\/27-1-768x1024.jpeg 768w, https:\/\/www.agricamper.com\/wp-content\/uploads\/2026\/03\/27-1-1152x1536.jpeg 1152w, https:\/\/www.agricamper.com\/wp-content\/uploads\/2026\/03\/27-1-1536x2048.jpeg 1536w, https:\/\/www.agricamper.com\/wp-content\/uploads\/2026\/03\/27-1-600x800.jpeg 600w\" sizes=\"(max-width: 1560px) 100vw, 1560px\">\n<\/div><div class=\"bde-column-1886-106 bde-column\" data-entrance=\"slideRight\">\n  \n  \n\t\n\n\n\n<h2 class=\"bde-heading-1886-107 bde-heading\">\nReisen Sie mit einem guten Gef\u00fchl\n<\/h2><div class=\"bde-rich-text-1886-108 bde-rich-text breakdance-rich-text-styles\">\nMit Agricamper Italia wird das Reisen mit Wohnmobil, Campervan oder autarker Caravan ganz einfach: eine einzige Mitgliedschaft mit E\u2011Book und App sowie ein Netzwerk l\u00e4ndlicher Stellpl\u00e4tze in ganz Italien.\n<\/div>\n<\/div><\/div><\/div>\n<\/section><section class=\"bde-section-1886-109 bde-section bde-preset-880dfed4-3873-4d47-944e-9165c4d43470\">\n  \n  \n\t\n\n\n\n<div class=\"section-container\"><div class=\"bde-columns-1886-110 bde-columns\"><div class=\"bde-column-1886-111 bde-column\" data-entrance=\"slideLeft\">\n  \n  \n\t\n\n\n\n<h2 class=\"bde-heading-1886-112 bde-heading\">\nMitmachen und einloggen\n<\/h2><div class=\"bde-rich-text-1886-113 bde-rich-text breakdance-rich-text-styles\">\n<p><br \/>You buy your annual membership on the website with your email and password.<br \/>After payment, you receive the ebook by email and you can download the Agricamper Italia app and log in.<\/p>\n<\/div>\n<\/div><div class=\"bde-column-1886-114 bde-column\" data-entrance=\"slideRight\">\n  \n  \n\t\n\n\n\n<img decoding=\"async\" class=\"bde-image2-1886-115 bde-image2\" src=\"https:\/\/www.agricamper.com\/wp-content\/uploads\/2026\/02\/devenir-accueillant.jpg\" alt=\"Mitmachen und einloggen\" loading=\"lazy\" srcset=\"https:\/\/www.agricamper.com\/wp-content\/uploads\/2026\/02\/devenir-accueillant.jpg 2048w, https:\/\/www.agricamper.com\/wp-content\/uploads\/2026\/02\/devenir-accueillant-600x400.jpg 600w, https:\/\/www.agricamper.com\/wp-content\/uploads\/2026\/02\/devenir-accueillant-300x200.jpg 300w, https:\/\/www.agricamper.com\/wp-content\/uploads\/2026\/02\/devenir-accueillant-1024x683.jpg 1024w, https:\/\/www.agricamper.com\/wp-content\/uploads\/2026\/02\/devenir-accueillant-768x512.jpg 768w, https:\/\/www.agricamper.com\/wp-content\/uploads\/2026\/02\/devenir-accueillant-1536x1025.jpg 1536w, https:\/\/www.agricamper.com\/wp-content\/uploads\/2026\/02\/devenir-accueillant-18x12.jpg 18w\" sizes=\"(max-width: 2048px) 100vw, 2048px\">\n<\/div><\/div><\/div>\n<\/section><section class=\"bde-section-1886-116 bde-section bde-preset-880dfed4-3873-4d47-944e-9165c4d43470\">\n  \n  \n\t\n\n\n\n<div class=\"section-container\"><div class=\"bde-columns-1886-117 bde-columns bde-preset-e46cef46-c7a3-4c82-9484-24796e59893b\"><div class=\"bde-column-1886-118 bde-column\" data-entrance=\"slideLeft\">\n  \n  \n\t\n\n\n\n<img decoding=\"async\" class=\"bde-image2-1886-119 bde-image2\" src=\"https:\/\/www.agricamper.com\/wp-content\/uploads\/2026\/04\/agricamper-camper-caravan-05.jpg\" alt=\"W\u00e4hlen Sie Ihren n\u00e4chsten Stopp\" loading=\"lazy\" srcset=\"https:\/\/www.agricamper.com\/wp-content\/uploads\/2026\/04\/agricamper-camper-caravan-05.jpg 1423w, https:\/\/www.agricamper.com\/wp-content\/uploads\/2026\/04\/agricamper-camper-caravan-05-300x169.jpg 300w, https:\/\/www.agricamper.com\/wp-content\/uploads\/2026\/04\/agricamper-camper-caravan-05-1024x576.jpg 1024w, https:\/\/www.agricamper.com\/wp-content\/uploads\/2026\/04\/agricamper-camper-caravan-05-768x432.jpg 768w, https:\/\/www.agricamper.com\/wp-content\/uploads\/2026\/04\/agricamper-camper-caravan-05-600x337.jpg 600w\" sizes=\"(max-width: 1423px) 100vw, 1423px\">\n<\/div><div class=\"bde-column-1886-120 bde-column\" data-entrance=\"slideRight\">\n  \n  \n\t\n\n\n\n<h2 class=\"bde-heading-1886-121 bde-heading\">\nW\u00e4hlen Sie Ihren n\u00e4chsten Stopp\n<\/h2><div class=\"bde-rich-text-1886-122 bde-rich-text breakdance-rich-text-styles\">\nIn der App entdecken Sie Bauernh\u00f6fe, Weing\u00fcter und l\u00e4ndliche Anwesen in ganz Italien.\nSie lesen die Profile der Gastgeber, nutzen Filter und Bewertungen, pr\u00fcfen Fotos und praktische Informationen und w\u00e4hlen die Stellpl\u00e4tze, die am besten zu Ihrer Route passen.\n<\/div>\n<\/div><\/div><\/div>\n<\/section><section class=\"bde-section-1886-123 bde-section bde-preset-880dfed4-3873-4d47-944e-9165c4d43470\">\n  \n  \n\t\n\n\n\n<div class=\"section-container\"><div class=\"bde-columns-1886-124 bde-columns\"><div class=\"bde-column-1886-125 bde-column\" data-entrance=\"slideLeft\">\n  \n  \n\t\n\n\n\n<h2 class=\"bde-heading-1886-126 bde-heading\">\nAnfrage senden, Best\u00e4tigung abwarten\n<\/h2><div class=\"bde-rich-text-1886-127 bde-rich-text breakdance-rich-text-styles\">\nWenn Sie den perfekten Stellplatz gefunden haben, senden Sie Ihre Buchungsanfrage direkt \u00fcber die App.\nAnschlie\u00dfend warten Sie auf die Best\u00e4tigung des Gastgebers und wissen so, dass Sie bei Ihrer Ankunft willkommen sind.\n<\/div>\n<\/div><div class=\"bde-column-1886-128 bde-column\" data-entrance=\"slideRight\">\n  \n  \n\t\n\n\n\n<img decoding=\"async\" class=\"bde-image2-1886-129 bde-image2\" src=\"https:\/\/www.agricamper.com\/wp-content\/uploads\/2026\/04\/agricamper-camper-caravan-02-1.webp\" alt=\"Anfrage senden, Best\u00e4tigung abwarten\" loading=\"lazy\" srcset=\"https:\/\/www.agricamper.com\/wp-content\/uploads\/2026\/04\/agricamper-camper-caravan-02-1.webp 400w, https:\/\/www.agricamper.com\/wp-content\/uploads\/2026\/04\/agricamper-camper-caravan-02-1-300x300.webp 300w, https:\/\/www.agricamper.com\/wp-content\/uploads\/2026\/04\/agricamper-camper-caravan-02-1-150x150.webp 150w\" sizes=\"(max-width: 400px) 100vw, 400px\">\n<\/div><\/div><\/div>\n<\/section><section class=\"bde-section-1886-130 bde-section bde-preset-880dfed4-3873-4d47-944e-9165c4d43470\">\n  \n  \n\t\n\n\n\n<div class=\"section-container\"><div class=\"bde-columns-1886-131 bde-columns bde-preset-e46cef46-c7a3-4c82-9484-24796e59893b\"><div class=\"bde-column-1886-132 bde-column\" data-entrance=\"slideLeft\">\n  \n  \n\t\n\n\n\n<img decoding=\"async\" class=\"bde-image2-1886-133 bde-image2\" src=\"https:\/\/www.agricamper.com\/wp-content\/uploads\/2026\/04\/agricamper-camper-caravan-07.jpeg\" alt=\"Genie\u00dfen Sie einen ruhigen 24\u2011Stunden\u2011Stopp\" loading=\"lazy\" srcset=\"https:\/\/www.agricamper.com\/wp-content\/uploads\/2026\/04\/agricamper-camper-caravan-07.jpeg 800w, https:\/\/www.agricamper.com\/wp-content\/uploads\/2026\/04\/agricamper-camper-caravan-07-225x300.jpeg 225w, https:\/\/www.agricamper.com\/wp-content\/uploads\/2026\/04\/agricamper-camper-caravan-07-768x1023.jpeg 768w, https:\/\/www.agricamper.com\/wp-content\/uploads\/2026\/04\/agricamper-camper-caravan-07-600x800.jpeg 600w\" sizes=\"(max-width: 800px) 100vw, 800px\">\n<\/div><div class=\"bde-column-1886-134 bde-column\" data-entrance=\"slideRight\">\n  \n  \n\t\n\n\n\n<h2 class=\"bde-heading-1886-135 bde-heading\">\nGenie\u00dfen Sie einen ruhigen 24\u2011Stunden\u2011Stopp\n<\/h2><div class=\"bde-rich-text-1886-136 bde-rich-text breakdance-rich-text-styles\">\nSie stehen mit Ihrem autarken Fahrzeug bis zu 24 Stunden auf privatem, l\u00e4ndlichem Grund \u2013 ruhig und naturnah. Das ist eine einfache, entspannte Art zu reisen, nah an authentischen Landschaften und den Menschen vor Ort.\n<\/div>\n<\/div><\/div><\/div>\n<\/section><section class=\"bde-section-1886-137 bde-section bde-preset-880dfed4-3873-4d47-944e-9165c4d43470\">\n  \n  \n\t\n\n\n\n<div class=\"section-container\"><div class=\"bde-columns-1886-138 bde-columns\"><div class=\"bde-column-1886-139 bde-column\" data-entrance=\"slideLeft\">\n  \n  \n\t\n\n\n\n<h2 class=\"bde-heading-1886-140 bde-heading\">\nGastgeber kennenlernen, regional unterst\u00fctzen\n<\/h2><div class=\"bde-rich-text-1886-141 bde-rich-text breakdance-rich-text-styles\">\nW\u00e4hrend Ihres Aufenthalts treffen Sie Landwirte und lokale Erzeuger und erhalten einen Einblick in ihre Arbeit.\nDie Ersparnisse im Vergleich zu einem Campingplatz oder Wohnmobilstellplatz erm\u00f6glichen es Ihnen, sich mit leckeren regionalen Produkten etwas zu g\u00f6nnen und Ihren Gastgeber direkt zu unterst\u00fctzen.\n<\/div>\n<\/div><div class=\"bde-column-1886-142 bde-column\" data-entrance=\"slideRight\">\n  \n  \n\t\n\n\n\n<img decoding=\"async\" class=\"bde-image2-1886-143 bde-image2\" src=\"https:\/\/www.agricamper.com\/wp-content\/uploads\/2026\/04\/agricamper-camper-caravan-06.jpeg\" alt=\"Gastgeber kennenlernen, regional unterst\u00fctzen\" loading=\"lazy\" srcset=\"https:\/\/www.agricamper.com\/wp-content\/uploads\/2026\/04\/agricamper-camper-caravan-06.jpeg 1200w, https:\/\/www.agricamper.com\/wp-content\/uploads\/2026\/04\/agricamper-camper-caravan-06-300x200.jpeg 300w, https:\/\/www.agricamper.com\/wp-content\/uploads\/2026\/04\/agricamper-camper-caravan-06-1024x683.jpeg 1024w, https:\/\/www.agricamper.com\/wp-content\/uploads\/2026\/04\/agricamper-camper-caravan-06-768x512.jpeg 768w, https:\/\/www.agricamper.com\/wp-content\/uploads\/2026\/04\/agricamper-camper-caravan-06-600x400.jpeg 600w\" sizes=\"(max-width: 1200px) 100vw, 1200px\">\n<\/div><\/div><\/div>\n<\/section><\/div>","protected":false},"excerpt":{"rendered":"<p>Reisen Sie mit einem guten Gef\u00fchl Mit Agricamper Italia wird das Reisen mit Wohnmobil, Campervan oder autarker Caravan ganz einfach: eine einzige Mitgliedschaft mit E\u2011Book und App sowie ein Netzwerk l\u00e4ndlicher Stellpl\u00e4tze in ganz Italien. Mitmachen und einloggen You buy your annual membership on the website with your email and password.After payment, you receive the [&hellip;]<\/p>\n","protected":false},"author":2,"featured_media":0,"parent":0,"menu_order":0,"comment_status":"closed","ping_status":"closed","template":"","meta":{"_acf_changed":false,"_breakdance_hide_in_design_set":false,"_breakdance_tags":"","footnotes":""},"class_list":["post-1886","page","type-page","status-publish","hentry"],"acf":[],"_links":{"self":[{"href":"https:\/\/www.agricamper.com\/de\/wp-json\/wp\/v2\/pages\/1886","targetHints":{"allow":["GET"]}}],"collection":[{"href":"https:\/\/www.agricamper.com\/de\/wp-json\/wp\/v2\/pages"}],"about":[{"href":"https:\/\/www.agricamper.com\/de\/wp-json\/wp\/v2\/types\/page"}],"author":[{"embeddable":true,"href":"https:\/\/www.agricamper.com\/de\/wp-json\/wp\/v2\/users\/2"}],"replies":[{"embeddable":true,"href":"https:\/\/www.agricamper.com\/de\/wp-json\/wp\/v2\/comments?post=1886"}],"version-history":[{"count":12,"href":"https:\/\/www.agricamper.com\/de\/wp-json\/wp\/v2\/pages\/1886\/revisions"}],"predecessor-version":[{"id":105582,"href":"https:\/\/www.agricamper.com\/de\/wp-json\/wp\/v2\/pages\/1886\/revisions\/105582"}],"wp:attachment":[{"href":"https:\/\/www.agricamper.com\/de\/wp-json\/wp\/v2\/media?parent=1886"}],"curies":[{"name":"wp","href":"https:\/\/api.w.org\/{rel}","templated":true}]}}